{"id":10740,"date":"2025-09-17T13:08:02","date_gmt":"2025-09-17T16:08:02","guid":{"rendered":"https:\/\/www.mtgsc.com.br\/?page_id=10740"},"modified":"2025-10-03T11:35:06","modified_gmt":"2025-10-03T14:35:06","slug":"tema-proposto-pelo-mtg-sc-para-2025","status":"publish","type":"page","link":"https:\/\/www.mtgsc.com.br\/en\/tema-proposto-pelo-mtg-sc-para-2025\/","title":{"rendered":"Tema proposto pelo MTG\/SC para 2025"},"content":{"rendered":"<h2>\n\t\t\tTema proposto pelo MTG\/SC para 2025: &#8220;Ga\u00fachos somos todos n\u00f3s!&#8221;\t<\/h2>\n\t<p>A inclus\u00e3o de pessoas de diferentes etnias e com defici\u00eancia no movimento tradicionalista ga\u00facho \u00e9 fundamental para que essa cultura, rica e representativa do povo sul-rio-grandense, se mantenha viva, democr\u00e1tica e conectada com a sociedade atual.<\/p>\n<p>O tradicionalismo, ao valorizar os costumes, a m\u00fasica, a dan\u00e7a e a hist\u00f3ria do Rio Grande do Sul, deve tamb\u00e9m refletir a diversidade presente em sua popula\u00e7\u00e3o, promovendo um ambiente acolhedor e acess\u00edvel para todos.<\/p>\n<p>Incluir diferentes vozes e experi\u00eancias n\u00e3o apenas fortalece a identidade cultural, mas tamb\u00e9m combate preconceitos, amplia horizontes e reafirma que a tradi\u00e7\u00e3o pode e deve caminhar lado a lado com o respeito, a equidade e a valoriza\u00e7\u00e3o da dignidade humana.<\/p>\n<p>A quest\u00e3o foi levada a vota\u00e7\u00e3o no Congresso e Conven\u00e7\u00e3o Extraordin\u00e1rios em Dezembro de 2024, por meio de mo\u00e7\u00e3o proposta por Jucilene Telles Bertoldi, do CTG Sentimento e Tradi\u00e7\u00e3o de Blumenau, 1\u00aa Prenda Veterana da 8\u00aa RT.<\/p>\n\t\t\t\t<img decoding=\"async\" src=\"https:\/\/www.mtgsc.com.br\/wp-content\/uploads\/2025\/09\/tema-prendado-mtg-sc-2025-inclusao-1.jpg\" alt=\"tema-prendado-mtg-sc-2025-inclusao\" itemprop=\"image\" height=\"1350\" width=\"1080\" title=\"tema-prendado-mtg-sc-2025-inclusao\" onerror=\"this.style.display='none'\" loading=\"lazy\" \/>\n\t\t\t\t\t\t                        <a href=\"https:\/\/www.mtgsc.com.br\/wp-content\/uploads\/2025\/09\/image1.png\" title=\"\" data-effect=\"mfp-newspaper\">\n\t\t\t\t\t\t\t\t<img decoding=\"async\" src=\"https:\/\/www.mtgsc.com.br\/wp-content\/uploads\/2025\/09\/image1-500x293.png\"\/>                            \n\t\t\t\t\t\t\t                        <\/a>\n\t\t\t\t\t\t                        <a href=\"https:\/\/www.mtgsc.com.br\/wp-content\/uploads\/2025\/09\/image2.png\" title=\"\" data-effect=\"mfp-newspaper\">\n\t\t\t\t\t\t\t\t<img decoding=\"async\" src=\"https:\/\/www.mtgsc.com.br\/wp-content\/uploads\/2025\/09\/image2-500x333.png\"\/>                            \n\t\t\t\t\t\t\t                        <\/a>\n\t\t\t\t\t\t                        <a href=\"https:\/\/www.mtgsc.com.br\/wp-content\/uploads\/2025\/09\/image4.png\" title=\"\" data-effect=\"mfp-newspaper\">\n\t\t\t\t\t\t\t\t<img decoding=\"async\" src=\"https:\/\/www.mtgsc.com.br\/wp-content\/uploads\/2025\/09\/image4-487x500.png\"\/>                            \n\t\t\t\t\t\t\t                        <\/a>\n\t\t\t\t\t\t                        <a href=\"https:\/\/www.mtgsc.com.br\/wp-content\/uploads\/2025\/09\/image6.png\" title=\"\" data-effect=\"mfp-newspaper\">\n\t\t\t\t\t\t\t\t<img decoding=\"async\" src=\"https:\/\/www.mtgsc.com.br\/wp-content\/uploads\/2025\/09\/image6.png\"\/>                            \n\t\t\t\t\t\t\t                        <\/a>\n\t\t\t\t\t\t                        <a href=\"https:\/\/www.mtgsc.com.br\/wp-content\/uploads\/2025\/09\/image7.png\" title=\"\" data-effect=\"mfp-newspaper\">\n\t\t\t\t\t\t\t\t<img decoding=\"async\" src=\"https:\/\/www.mtgsc.com.br\/wp-content\/uploads\/2025\/09\/image7-500x500.png\"\/>                            \n\t\t\t\t\t\t\t                        <\/a>\n\t\t\t\t\t\t                        <a href=\"https:\/\/www.mtgsc.com.br\/wp-content\/uploads\/2025\/09\/image9.png\" title=\"\" data-effect=\"mfp-newspaper\">\n\t\t\t\t\t\t\t\t<img decoding=\"async\" src=\"https:\/\/www.mtgsc.com.br\/wp-content\/uploads\/2025\/09\/image9-316x500.png\"\/>                            \n\t\t\t\t\t\t\t                        <\/a>\n\t\t\t\t\t\t                        <a href=\"https:\/\/www.mtgsc.com.br\/wp-content\/uploads\/2025\/09\/image8-e1758125718131.png\" title=\"\" data-effect=\"mfp-newspaper\">\n\t\t\t\t\t\t\t\t<img decoding=\"async\" src=\"https:\/\/www.mtgsc.com.br\/wp-content\/uploads\/2025\/09\/image8-e1758125718131-500x374.png\"\/>                            \n\t\t\t\t\t\t\t                        <\/a>\n\t\t\t\t\t\t                        <a href=\"https:\/\/www.mtgsc.com.br\/wp-content\/uploads\/2025\/05\/botom-mtg-sc-deficiencias-invisiveis-e1747936198675.jpg\" title=\"\" data-effect=\"mfp-newspaper\">\n\t\t\t\t\t\t\t\t<img decoding=\"async\" src=\"https:\/\/www.mtgsc.com.br\/wp-content\/uploads\/2025\/05\/botom-mtg-sc-deficiencias-invisiveis-e1747936198675-500x419.jpg\"\/>                            \n\t\t\t\t\t\t\t                        <\/a>\n\t\t\t\t            <!--njba-gallery-wrapper-->\n        <!--njba-gallery-body-->\n    <!--njba-gallery-main-->\n\t\t\t\t\t\t<img width=\"400\" height=\"237\" src=\"https:\/\/www.mtgsc.com.br\/wp-content\/uploads\/2025\/05\/como-solicitar-botom-inclusao-mtg-sc.jpg\" alt=\"\" decoding=\"async\" loading=\"lazy\" srcset=\"https:\/\/www.mtgsc.com.br\/wp-content\/uploads\/2025\/05\/como-solicitar-botom-inclusao-mtg-sc.jpg 400w, https:\/\/www.mtgsc.com.br\/wp-content\/uploads\/2025\/05\/como-solicitar-botom-inclusao-mtg-sc-150x89.jpg 150w\" sizes=\"auto, (max-width: 400px) 100vw, 400px\" \/>\n\t\t\t\t\t\t\t\t\t\t\t\n\t\t\t\t\t<a href=\"https:\/\/www.mtgsc.com.br\/en\/mtg-sc-lanca-botom-de-girassol-em-respeito-e-inclusao-as-deficiencias-invisiveis\/\">\n\t\t\t\t\t\t<h2>MTG\/SC lan\u00e7a botom de girassol em respeito e inclus\u00e3o \u00e0s defici\u00eancias invis\u00edveis<\/h2>\n\t\t\t\t\t<\/a>\n\t\t\t\t\t\t\t\t\t\t\t<p>Mais do que um acess\u00f3rio, o botom representa empatia, compreens\u00e3o e respeito no ambiente cultural dos CTGs e entidades tradicionalistas, reafirmando o compromisso do MTG\/SC com a inclus\u00e3o e o bem-estar de todos os seus integrantes.<\/p>\n\t\t\t\t\t\t\t\t\t\t\t<a href=\"https:\/\/www.mtgsc.com.br\/en\/mtg-sc-lanca-botom-de-girassol-em-respeito-e-inclusao-as-deficiencias-invisiveis\/\">\n\t\t\t\t\t\t\tSaiba mais&#8230;\t\t\t\t\t\t<\/a>","protected":false},"excerpt":{"rendered":"<p>Tema proposto pelo MTG\/SC para 2025: \u201cGa\u00fachos somos todos n\u00f3s!\u201d<br \/>\nA inclus\u00e3o de pessoas de diferentes etnias e com defici\u00eancia no movimento tradicionalista ga\u00facho \u00e9 fundamental para que essa cultura, rica e representativa do povo sul-rio-grandense, se mantenha viva, democr\u00e1tica e conectada com a sociedade atual.<\/p>","protected":false},"author":4,"featured_media":10797,"parent":0,"menu_order":0,"comment_status":"closed","ping_status":"closed","template":"","meta":{"footnotes":""},"class_list":["post-10740","page","type-page","status-publish","has-post-thumbnail","hentry"],"yoast_head":"<!-- This site is optimized with the Yoast SEO plugin v27.5 - https:\/\/yoast.com\/product\/yoast-seo-wordpress\/ -->\n<title>Tema proposto pelo MTG\/SC para 2025 - MTG\/SC - Movimento Tradicionalista Ga\u00facho do Estado de Santa Catarina<\/title>\n<meta name=\"description\" content=\"Tema proposto pelo MTG\/SC para 2025: \u201cGa\u00fachos somos todos n\u00f3s!\u201d A inclus\u00e3o de pessoas de diferentes etnias e com defici\u00eancia no movimento tradicionalista ga\u00facho \u00e9 fundamental para que essa cultura, rica e representativa do povo sul-rio-grandense, se mantenha viva, democr\u00e1tica e conectada com a sociedade atual.\" \/>\n<meta name=\"robots\" content=\"index, follow, max-snippet:-1, max-image-preview:large, max-video-preview:-1\" \/>\n<link rel=\"canonical\" href=\"https:\/\/www.mtgsc.com.br\/en\/tema-proposto-pelo-mtg-sc-para-2025\/\" \/>\n<meta property=\"og:locale\" content=\"en_US\" \/>\n<meta property=\"og:type\" content=\"article\" \/>\n<meta property=\"og:title\" content=\"Tema proposto pelo MTG\/SC para 2025 - MTG\/SC - Movimento Tradicionalista Ga\u00facho do Estado de Santa Catarina\" \/>\n<meta property=\"og:description\" content=\"Tema proposto pelo MTG\/SC para 2025: \u201cGa\u00fachos somos todos n\u00f3s!\u201d A inclus\u00e3o de pessoas de diferentes etnias e com defici\u00eancia no movimento tradicionalista ga\u00facho \u00e9 fundamental para que essa cultura, rica e representativa do povo sul-rio-grandense, se mantenha viva, democr\u00e1tica e conectada com a sociedade atual.\" \/>\n<meta property=\"og:url\" content=\"https:\/\/www.mtgsc.com.br\/en\/tema-proposto-pelo-mtg-sc-para-2025\/\" \/>\n<meta property=\"og:site_name\" content=\"MTG\/SC - Movimento Tradicionalista Ga\u00facho do Estado de Santa Catarina\" \/>\n<meta property=\"article:publisher\" content=\"https:\/\/www.facebook.com\/MTGSC\" \/>\n<meta property=\"article:modified_time\" content=\"2025-10-03T14:35:06+00:00\" \/>\n<meta property=\"og:image\" content=\"https:\/\/www.mtgsc.com.br\/wp-content\/uploads\/2025\/09\/tema-prendado-mtg-sc-2025-inclusao-1.jpg\" \/>\n\t<meta property=\"og:image:width\" content=\"1080\" \/>\n\t<meta property=\"og:image:height\" content=\"1350\" \/>\n\t<meta property=\"og:image:type\" content=\"image\/jpeg\" \/>\n<meta name=\"twitter:card\" content=\"summary_large_image\" \/>\n<meta name=\"twitter:label1\" content=\"Est. reading time\" \/>\n\t<meta name=\"twitter:data1\" content=\"1 minute\" \/>\n<script type=\"application\/ld+json\" class=\"yoast-schema-graph\">{\"@context\":\"https:\\\/\\\/schema.org\",\"@graph\":[{\"@type\":\"WebPage\",\"@id\":\"https:\\\/\\\/www.mtgsc.com.br\\\/tema-proposto-pelo-mtg-sc-para-2025\\\/\",\"url\":\"https:\\\/\\\/www.mtgsc.com.br\\\/tema-proposto-pelo-mtg-sc-para-2025\\\/\",\"name\":\"Tema proposto pelo MTG\\\/SC para 2025 - MTG\\\/SC - Movimento Tradicionalista Ga\u00facho do Estado de Santa Catarina\",\"isPartOf\":{\"@id\":\"https:\\\/\\\/www.mtgsc.com.br\\\/#website\"},\"primaryImageOfPage\":{\"@id\":\"https:\\\/\\\/www.mtgsc.com.br\\\/tema-proposto-pelo-mtg-sc-para-2025\\\/#primaryimage\"},\"image\":{\"@id\":\"https:\\\/\\\/www.mtgsc.com.br\\\/tema-proposto-pelo-mtg-sc-para-2025\\\/#primaryimage\"},\"thumbnailUrl\":\"https:\\\/\\\/www.mtgsc.com.br\\\/wp-content\\\/uploads\\\/2025\\\/09\\\/tema-prendado-mtg-sc-2025-inclusao-1.jpg\",\"datePublished\":\"2025-09-17T16:08:02+00:00\",\"dateModified\":\"2025-10-03T14:35:06+00:00\",\"description\":\"Tema proposto pelo MTG\\\/SC para 2025: \u201cGa\u00fachos somos todos n\u00f3s!\u201d A inclus\u00e3o de pessoas de diferentes etnias e com defici\u00eancia no movimento tradicionalista ga\u00facho \u00e9 fundamental para que essa cultura, rica e representativa do povo sul-rio-grandense, se mantenha viva, democr\u00e1tica e conectada com a sociedade atual.\",\"breadcrumb\":{\"@id\":\"https:\\\/\\\/www.mtgsc.com.br\\\/tema-proposto-pelo-mtg-sc-para-2025\\\/#breadcrumb\"},\"inLanguage\":\"en-US\",\"potentialAction\":[{\"@type\":\"ReadAction\",\"target\":[\"https:\\\/\\\/www.mtgsc.com.br\\\/tema-proposto-pelo-mtg-sc-para-2025\\\/\"]}]},{\"@type\":\"ImageObject\",\"inLanguage\":\"en-US\",\"@id\":\"https:\\\/\\\/www.mtgsc.com.br\\\/tema-proposto-pelo-mtg-sc-para-2025\\\/#primaryimage\",\"url\":\"https:\\\/\\\/www.mtgsc.com.br\\\/wp-content\\\/uploads\\\/2025\\\/09\\\/tema-prendado-mtg-sc-2025-inclusao-1.jpg\",\"contentUrl\":\"https:\\\/\\\/www.mtgsc.com.br\\\/wp-content\\\/uploads\\\/2025\\\/09\\\/tema-prendado-mtg-sc-2025-inclusao-1.jpg\",\"width\":1080,\"height\":1350},{\"@type\":\"BreadcrumbList\",\"@id\":\"https:\\\/\\\/www.mtgsc.com.br\\\/tema-proposto-pelo-mtg-sc-para-2025\\\/#breadcrumb\",\"itemListElement\":[{\"@type\":\"ListItem\",\"position\":1,\"name\":\"In\u00edcio\",\"item\":\"https:\\\/\\\/www.mtgsc.com.br\\\/\"},{\"@type\":\"ListItem\",\"position\":2,\"name\":\"Tema proposto pelo MTG\\\/SC para 2025\"}]},{\"@type\":\"WebSite\",\"@id\":\"https:\\\/\\\/www.mtgsc.com.br\\\/#website\",\"url\":\"https:\\\/\\\/www.mtgsc.com.br\\\/\",\"name\":\"MTG\\\/SC 50 ANOS\",\"description\":\"Honrar a Hist\u00f3ria e Construir o Futuro\",\"publisher\":{\"@id\":\"https:\\\/\\\/www.mtgsc.com.br\\\/#organization\"},\"potentialAction\":[{\"@type\":\"SearchAction\",\"target\":{\"@type\":\"EntryPoint\",\"urlTemplate\":\"https:\\\/\\\/www.mtgsc.com.br\\\/?s={search_term_string}\"},\"query-input\":{\"@type\":\"PropertyValueSpecification\",\"valueRequired\":true,\"valueName\":\"search_term_string\"}}],\"inLanguage\":\"en-US\"},{\"@type\":\"Organization\",\"@id\":\"https:\\\/\\\/www.mtgsc.com.br\\\/#organization\",\"name\":\"MTG\\\/SC - Movimento Tradicionalista Ga\u00facho de Santa Catarina\",\"alternateName\":\"Movimento Tradicionalista Ga\u00facho de Santa Catarina\",\"url\":\"https:\\\/\\\/www.mtgsc.com.br\\\/\",\"logo\":{\"@type\":\"ImageObject\",\"inLanguage\":\"en-US\",\"@id\":\"https:\\\/\\\/www.mtgsc.com.br\\\/#\\\/schema\\\/logo\\\/image\\\/\",\"url\":\"https:\\\/\\\/www.mtgsc.com.br\\\/wp-content\\\/uploads\\\/2022\\\/03\\\/logo-2018-header-light.png\",\"contentUrl\":\"https:\\\/\\\/www.mtgsc.com.br\\\/wp-content\\\/uploads\\\/2022\\\/03\\\/logo-2018-header-light.png\",\"width\":169,\"height\":150,\"caption\":\"MTG\\\/SC - Movimento Tradicionalista Ga\u00facho de Santa Catarina\"},\"image\":{\"@id\":\"https:\\\/\\\/www.mtgsc.com.br\\\/#\\\/schema\\\/logo\\\/image\\\/\"},\"sameAs\":[\"https:\\\/\\\/www.facebook.com\\\/MTGSC\",\"https:\\\/\\\/www.instagram.com\\\/mtgsc\\\/\"]}]}<\/script>\n<!-- \/ Yoast SEO plugin. -->","yoast_head_json":{"title":"Tema proposto pelo MTG\/SC para 2025 - MTG\/SC - Movimento Tradicionalista Ga\u00facho do Estado de Santa Catarina","description":"Tema proposto pelo MTG\/SC para 2025: \u201cGa\u00fachos somos todos n\u00f3s!\u201d A inclus\u00e3o de pessoas de diferentes etnias e com defici\u00eancia no movimento tradicionalista ga\u00facho \u00e9 fundamental para que essa cultura, rica e representativa do povo sul-rio-grandense, se mantenha viva, democr\u00e1tica e conectada com a sociedade atual.","robots":{"index":"index","follow":"follow","max-snippet":"max-snippet:-1","max-image-preview":"max-image-preview:large","max-video-preview":"max-video-preview:-1"},"canonical":"https:\/\/www.mtgsc.com.br\/en\/tema-proposto-pelo-mtg-sc-para-2025\/","og_locale":"en_US","og_type":"article","og_title":"Tema proposto pelo MTG\/SC para 2025 - MTG\/SC - Movimento Tradicionalista Ga\u00facho do Estado de Santa Catarina","og_description":"Tema proposto pelo MTG\/SC para 2025: \u201cGa\u00fachos somos todos n\u00f3s!\u201d A inclus\u00e3o de pessoas de diferentes etnias e com defici\u00eancia no movimento tradicionalista ga\u00facho \u00e9 fundamental para que essa cultura, rica e representativa do povo sul-rio-grandense, se mantenha viva, democr\u00e1tica e conectada com a sociedade atual.","og_url":"https:\/\/www.mtgsc.com.br\/en\/tema-proposto-pelo-mtg-sc-para-2025\/","og_site_name":"MTG\/SC - Movimento Tradicionalista Ga\u00facho do Estado de Santa Catarina","article_publisher":"https:\/\/www.facebook.com\/MTGSC","article_modified_time":"2025-10-03T14:35:06+00:00","og_image":[{"width":1080,"height":1350,"url":"https:\/\/www.mtgsc.com.br\/wp-content\/uploads\/2025\/09\/tema-prendado-mtg-sc-2025-inclusao-1.jpg","type":"image\/jpeg"}],"twitter_card":"summary_large_image","twitter_misc":{"Est. reading time":"1 minute"},"schema":{"@context":"https:\/\/schema.org","@graph":[{"@type":"WebPage","@id":"https:\/\/www.mtgsc.com.br\/tema-proposto-pelo-mtg-sc-para-2025\/","url":"https:\/\/www.mtgsc.com.br\/tema-proposto-pelo-mtg-sc-para-2025\/","name":"Tema proposto pelo MTG\/SC para 2025 - MTG\/SC - Movimento Tradicionalista Ga\u00facho do Estado de Santa Catarina","isPartOf":{"@id":"https:\/\/www.mtgsc.com.br\/#website"},"primaryImageOfPage":{"@id":"https:\/\/www.mtgsc.com.br\/tema-proposto-pelo-mtg-sc-para-2025\/#primaryimage"},"image":{"@id":"https:\/\/www.mtgsc.com.br\/tema-proposto-pelo-mtg-sc-para-2025\/#primaryimage"},"thumbnailUrl":"https:\/\/www.mtgsc.com.br\/wp-content\/uploads\/2025\/09\/tema-prendado-mtg-sc-2025-inclusao-1.jpg","datePublished":"2025-09-17T16:08:02+00:00","dateModified":"2025-10-03T14:35:06+00:00","description":"Tema proposto pelo MTG\/SC para 2025: \u201cGa\u00fachos somos todos n\u00f3s!\u201d A inclus\u00e3o de pessoas de diferentes etnias e com defici\u00eancia no movimento tradicionalista ga\u00facho \u00e9 fundamental para que essa cultura, rica e representativa do povo sul-rio-grandense, se mantenha viva, democr\u00e1tica e conectada com a sociedade atual.","breadcrumb":{"@id":"https:\/\/www.mtgsc.com.br\/tema-proposto-pelo-mtg-sc-para-2025\/#breadcrumb"},"inLanguage":"en-US","potentialAction":[{"@type":"ReadAction","target":["https:\/\/www.mtgsc.com.br\/tema-proposto-pelo-mtg-sc-para-2025\/"]}]},{"@type":"ImageObject","inLanguage":"en-US","@id":"https:\/\/www.mtgsc.com.br\/tema-proposto-pelo-mtg-sc-para-2025\/#primaryimage","url":"https:\/\/www.mtgsc.com.br\/wp-content\/uploads\/2025\/09\/tema-prendado-mtg-sc-2025-inclusao-1.jpg","contentUrl":"https:\/\/www.mtgsc.com.br\/wp-content\/uploads\/2025\/09\/tema-prendado-mtg-sc-2025-inclusao-1.jpg","width":1080,"height":1350},{"@type":"BreadcrumbList","@id":"https:\/\/www.mtgsc.com.br\/tema-proposto-pelo-mtg-sc-para-2025\/#breadcrumb","itemListElement":[{"@type":"ListItem","position":1,"name":"In\u00edcio","item":"https:\/\/www.mtgsc.com.br\/"},{"@type":"ListItem","position":2,"name":"Tema proposto pelo MTG\/SC para 2025"}]},{"@type":"WebSite","@id":"https:\/\/www.mtgsc.com.br\/#website","url":"https:\/\/www.mtgsc.com.br\/","name":"MTG\/SC 50 ANOS","description":"Honrar a Hist\u00f3ria e Construir o Futuro","publisher":{"@id":"https:\/\/www.mtgsc.com.br\/#organization"},"potentialAction":[{"@type":"SearchAction","target":{"@type":"EntryPoint","urlTemplate":"https:\/\/www.mtgsc.com.br\/?s={search_term_string}"},"query-input":{"@type":"PropertyValueSpecification","valueRequired":true,"valueName":"search_term_string"}}],"inLanguage":"en-US"},{"@type":"Organization","@id":"https:\/\/www.mtgsc.com.br\/#organization","name":"MTG\/SC - Movimento Tradicionalista Ga\u00facho de Santa Catarina","alternateName":"Movimento Tradicionalista Ga\u00facho de Santa Catarina","url":"https:\/\/www.mtgsc.com.br\/","logo":{"@type":"ImageObject","inLanguage":"en-US","@id":"https:\/\/www.mtgsc.com.br\/#\/schema\/logo\/image\/","url":"https:\/\/www.mtgsc.com.br\/wp-content\/uploads\/2022\/03\/logo-2018-header-light.png","contentUrl":"https:\/\/www.mtgsc.com.br\/wp-content\/uploads\/2022\/03\/logo-2018-header-light.png","width":169,"height":150,"caption":"MTG\/SC - Movimento Tradicionalista Ga\u00facho de Santa Catarina"},"image":{"@id":"https:\/\/www.mtgsc.com.br\/#\/schema\/logo\/image\/"},"sameAs":["https:\/\/www.facebook.com\/MTGSC","https:\/\/www.instagram.com\/mtgsc\/"]}]}},"_links":{"self":[{"href":"https:\/\/www.mtgsc.com.br\/en\/wp-json\/wp\/v2\/pages\/10740","targetHints":{"allow":["GET"]}}],"collection":[{"href":"https:\/\/www.mtgsc.com.br\/en\/wp-json\/wp\/v2\/pages"}],"about":[{"href":"https:\/\/www.mtgsc.com.br\/en\/wp-json\/wp\/v2\/types\/page"}],"author":[{"embeddable":true,"href":"https:\/\/www.mtgsc.com.br\/en\/wp-json\/wp\/v2\/users\/4"}],"replies":[{"embeddable":true,"href":"https:\/\/www.mtgsc.com.br\/en\/wp-json\/wp\/v2\/comments?post=10740"}],"version-history":[{"count":11,"href":"https:\/\/www.mtgsc.com.br\/en\/wp-json\/wp\/v2\/pages\/10740\/revisions"}],"predecessor-version":[{"id":10914,"href":"https:\/\/www.mtgsc.com.br\/en\/wp-json\/wp\/v2\/pages\/10740\/revisions\/10914"}],"wp:featuredmedia":[{"embeddable":true,"href":"https:\/\/www.mtgsc.com.br\/en\/wp-json\/wp\/v2\/media\/10797"}],"wp:attachment":[{"href":"https:\/\/www.mtgsc.com.br\/en\/wp-json\/wp\/v2\/media?parent=10740"}],"curies":[{"name":"wp","href":"https:\/\/api.w.org\/{rel}","templated":true}]}}