{"id":10833,"date":"2025-09-26T09:40:34","date_gmt":"2025-09-26T12:40:34","guid":{"rendered":"https:\/\/www.mtgsc.com.br\/?page_id=10833"},"modified":"2025-09-26T09:55:52","modified_gmt":"2025-09-26T12:55:52","slug":"editais-2025","status":"publish","type":"page","link":"https:\/\/www.mtgsc.com.br\/en\/editais-2025\/","title":{"rendered":"Editais 2025"},"content":{"rendered":"<p><strong>Editais de Convoca\u00e7\u00e3o<\/strong><\/p>\n<p>O MOVIMENTO TRADICIONALISTA GA\u00daCHO DO ESTADO DE SANTA CATARINA &#8211; MTG\/SC, CONVOCA todos os patr\u00f5es ou Capatazes, dos CTGs e\/ou Entidades Afins, filiados \u00e0 esta entidade Tradicionalista, em conson\u00e2ncia com o estabelecido no Estatuto Social e Regulamentos do MTG\/SC, para participarem dos processos de elei\u00e7\u00e3o de Coordenadores Campeiros, Vice-Coordenadores Campeiros, Coordenadores Art\u00edsticos e Vice-Coordenadores Art\u00edsticos e Conselheiros &#8211; Gest\u00e3o 2026\/2029.<\/p>\n<p>Conforme previsto no art. 34 do Estatuto Social do MTG\/SC, aplicado por analogia, para concorrer aos cargos de Coordenadores, Vice-Coordenadores e Conselheiros, o associado de Centros de Tradi\u00e7\u00f5es Ga\u00fachas e\/ou Entidades Afins efetivos de todas as regi\u00f5es tradicionalistas dever\u00e3o estar dentro dos dispositivos enumerados nos Editais abaixo:<\/p>\n\t\t\t\t\t\t<img width=\"500\" height=\"440\" src=\"https:\/\/www.mtgsc.com.br\/wp-content\/uploads\/2025\/09\/1-500x440.png\" alt=\"\" decoding=\"async\" loading=\"lazy\" srcset=\"https:\/\/www.mtgsc.com.br\/wp-content\/uploads\/2025\/09\/1-500x440.png 500w, https:\/\/www.mtgsc.com.br\/wp-content\/uploads\/2025\/09\/1-1024x900.png 1024w, https:\/\/www.mtgsc.com.br\/wp-content\/uploads\/2025\/09\/1-150x132.png 150w, https:\/\/www.mtgsc.com.br\/wp-content\/uploads\/2025\/09\/1-768x675.png 768w, https:\/\/www.mtgsc.com.br\/wp-content\/uploads\/2025\/09\/1-1536x1350.png 1536w, https:\/\/www.mtgsc.com.br\/wp-content\/uploads\/2025\/09\/1.png 1854w\" sizes=\"auto, (max-width: 500px) 100vw, 500px\" \/>\n\t\t\t\t\t\t\t\t\t\t\t<ul>\n\t\t\t\t\t\t\t\t\t\t\t\t\t\t\t<li>\n\t\t\t\t\t\t\t\t\t<i aria-hidden=\"true\"> <\/i>\n\t\t\t\t\t\t\t\t\tsetembro 26, 2025\t\t\t\t\t\t\t\t<\/li>\n\t\t\t\t\t\t\t\t\t\t\t\t\t\t\t\t\t\t\t\t\t\t<li>\n\t\t\t\t\t\t\t\t\t<i aria-hidden=\"true\"> <\/i>\n\t\t\t\t\t\t\t\t\t<a href=\"https:\/\/www.mtgsc.com.br\/en\/publicacoes\/editais\/2025\/\" rel=\"category tag\">2025<\/a>,<a href=\"https:\/\/www.mtgsc.com.br\/en\/publicacoes\/editais\/\" rel=\"category tag\">Editais<\/a>,<a href=\"https:\/\/www.mtgsc.com.br\/en\/publicacoes\/\" rel=\"category tag\">Publica\u00e7\u00f5es<\/a>\n\t\t\t\t\t\t\t\t<\/li>\n\t\t\t\t\t\t\t\t\t\t\t\t\t\t\t\t\t\t\t\t<\/ul>\n\t\t\t\t\t<a href=\"https:\/\/www.mtgsc.com.br\/en\/edital-003-2025\/\">\n\t\t\t\t\t\t<h2>Edital 003\/2025<\/h2>\n\t\t\t\t\t<\/a>\n\t\t\t\t\t\t\t\t\t\t\t<p>EDITAL 003\/2025 O MOVIMENTO TRADICIONALISTA GA\u00daCHO DO ESTADO DE&#8230;<\/p>\n\t\t\t\t\t\t<img width=\"500\" height=\"440\" src=\"https:\/\/www.mtgsc.com.br\/wp-content\/uploads\/2025\/09\/14-500x440.png\" alt=\"\" decoding=\"async\" loading=\"lazy\" srcset=\"https:\/\/www.mtgsc.com.br\/wp-content\/uploads\/2025\/09\/14-500x440.png 500w, https:\/\/www.mtgsc.com.br\/wp-content\/uploads\/2025\/09\/14-1024x900.png 1024w, https:\/\/www.mtgsc.com.br\/wp-content\/uploads\/2025\/09\/14-150x132.png 150w, https:\/\/www.mtgsc.com.br\/wp-content\/uploads\/2025\/09\/14-768x675.png 768w, https:\/\/www.mtgsc.com.br\/wp-content\/uploads\/2025\/09\/14-1536x1350.png 1536w, https:\/\/www.mtgsc.com.br\/wp-content\/uploads\/2025\/09\/14.png 1854w\" sizes=\"auto, (max-width: 500px) 100vw, 500px\" \/>\n\t\t\t\t\t\t\t\t\t\t\t<ul>\n\t\t\t\t\t\t\t\t\t\t\t\t\t\t\t<li>\n\t\t\t\t\t\t\t\t\t<i aria-hidden=\"true\"> <\/i>\n\t\t\t\t\t\t\t\t\tsetembro 26, 2025\t\t\t\t\t\t\t\t<\/li>\n\t\t\t\t\t\t\t\t\t\t\t\t\t\t\t\t\t\t\t\t\t\t<li>\n\t\t\t\t\t\t\t\t\t<i aria-hidden=\"true\"> <\/i>\n\t\t\t\t\t\t\t\t\t<a href=\"https:\/\/www.mtgsc.com.br\/en\/publicacoes\/editais\/2025\/\" rel=\"category tag\">2025<\/a>,<a href=\"https:\/\/www.mtgsc.com.br\/en\/publicacoes\/editais\/\" rel=\"category tag\">Editais<\/a>,<a href=\"https:\/\/www.mtgsc.com.br\/en\/publicacoes\/\" rel=\"category tag\">Publica\u00e7\u00f5es<\/a>\n\t\t\t\t\t\t\t\t<\/li>\n\t\t\t\t\t\t\t\t\t\t\t\t\t\t\t\t\t\t\t\t<\/ul>\n\t\t\t\t\t<a href=\"https:\/\/www.mtgsc.com.br\/en\/edital-001-2025\/\">\n\t\t\t\t\t\t<h2>Edital 001\/2025<\/h2>\n\t\t\t\t\t<\/a>\n\t\t\t\t\t\t\t\t\t\t\t<p>EDITAL 001\/2025 O MOVIMENTO TRADICIONALISTA GA\u00daCHO DO ESTADO DE&#8230;<\/p>\n\t\t\t\t\t\t<img width=\"500\" height=\"440\" src=\"https:\/\/www.mtgsc.com.br\/wp-content\/uploads\/2025\/09\/3-500x440.png\" alt=\"\" decoding=\"async\" loading=\"lazy\" srcset=\"https:\/\/www.mtgsc.com.br\/wp-content\/uploads\/2025\/09\/3-500x440.png 500w, https:\/\/www.mtgsc.com.br\/wp-content\/uploads\/2025\/09\/3-1024x900.png 1024w, https:\/\/www.mtgsc.com.br\/wp-content\/uploads\/2025\/09\/3-150x132.png 150w, https:\/\/www.mtgsc.com.br\/wp-content\/uploads\/2025\/09\/3-768x675.png 768w, https:\/\/www.mtgsc.com.br\/wp-content\/uploads\/2025\/09\/3-1536x1350.png 1536w, https:\/\/www.mtgsc.com.br\/wp-content\/uploads\/2025\/09\/3.png 1854w\" sizes=\"auto, (max-width: 500px) 100vw, 500px\" \/>\n\t\t\t\t\t\t\t\t\t\t\t<ul>\n\t\t\t\t\t\t\t\t\t\t\t\t\t\t\t<li>\n\t\t\t\t\t\t\t\t\t<i aria-hidden=\"true\"> <\/i>\n\t\t\t\t\t\t\t\t\tsetembro 26, 2025\t\t\t\t\t\t\t\t<\/li>\n\t\t\t\t\t\t\t\t\t\t\t\t\t\t\t\t\t\t\t\t\t\t<li>\n\t\t\t\t\t\t\t\t\t<i aria-hidden=\"true\"> <\/i>\n\t\t\t\t\t\t\t\t\t<a href=\"https:\/\/www.mtgsc.com.br\/en\/publicacoes\/editais\/2025\/\" rel=\"category tag\">2025<\/a>,<a href=\"https:\/\/www.mtgsc.com.br\/en\/publicacoes\/editais\/\" rel=\"category tag\">Editais<\/a>,<a href=\"https:\/\/www.mtgsc.com.br\/en\/publicacoes\/\" rel=\"category tag\">Publica\u00e7\u00f5es<\/a>\n\t\t\t\t\t\t\t\t<\/li>\n\t\t\t\t\t\t\t\t\t\t\t\t\t\t\t\t\t\t\t\t<\/ul>\n\t\t\t\t\t<a href=\"https:\/\/www.mtgsc.com.br\/en\/edital-002-2025\/\">\n\t\t\t\t\t\t<h2>Edital 002\/2025<\/h2>\n\t\t\t\t\t<\/a>\n\t\t\t\t\t\t\t\t\t\t\t<p>EDITAL 002\/2025 O MOVIMENTO TRADICIONALISTA GA\u00daCHO DO ESTADO DE&#8230;<\/p>","protected":false},"excerpt":{"rendered":"<p>Editais de Convoca\u00e7\u00e3o O MOVIMENTO TRADICIONALISTA GA\u00daCHO DO ESTADO DE SANTA CATARINA &#8211; MTG\/SC, CONVOCA todos os patr\u00f5es ou Capatazes, dos CTGs e\/ou Entidades Afins,&hellip;<\/p>","protected":false},"author":4,"featured_media":0,"parent":0,"menu_order":0,"comment_status":"closed","ping_status":"closed","template":"","meta":{"footnotes":""},"class_list":["post-10833","page","type-page","status-publish","hentry"],"yoast_head":"<!-- This site is optimized with the Yoast SEO plugin v27.4 - https:\/\/yoast.com\/product\/yoast-seo-wordpress\/ -->\n<title>Editais 2025 - MTG\/SC - Movimento Tradicionalista Ga\u00facho do Estado de Santa Catarina<\/title>\n<meta name=\"robots\" content=\"index, follow, max-snippet:-1, max-image-preview:large, max-video-preview:-1\" \/>\n<link rel=\"canonical\" href=\"https:\/\/www.mtgsc.com.br\/en\/editais-2025\/\" \/>\n<meta property=\"og:locale\" content=\"en_US\" \/>\n<meta property=\"og:type\" content=\"article\" \/>\n<meta property=\"og:title\" content=\"Editais 2025 - MTG\/SC - Movimento Tradicionalista Ga\u00facho do Estado de Santa Catarina\" \/>\n<meta property=\"og:description\" content=\"Editais de Convoca\u00e7\u00e3o O MOVIMENTO TRADICIONALISTA GA\u00daCHO DO ESTADO DE SANTA CATARINA &#8211; MTG\/SC, CONVOCA todos os patr\u00f5es ou Capatazes, dos CTGs e\/ou Entidades Afins,&hellip;\" \/>\n<meta property=\"og:url\" content=\"https:\/\/www.mtgsc.com.br\/en\/editais-2025\/\" \/>\n<meta property=\"og:site_name\" content=\"MTG\/SC - Movimento Tradicionalista Ga\u00facho do Estado de Santa Catarina\" \/>\n<meta property=\"article:publisher\" content=\"https:\/\/www.facebook.com\/MTGSC\" \/>\n<meta property=\"article:modified_time\" content=\"2025-09-26T12:55:52+00:00\" \/>\n<meta property=\"og:image\" content=\"https:\/\/www.mtgsc.com.br\/wp-content\/uploads\/2025\/09\/1-500x440.png\" \/>\n<meta name=\"twitter:card\" content=\"summary_large_image\" \/>\n<meta name=\"twitter:label1\" content=\"Est. reading time\" \/>\n\t<meta name=\"twitter:data1\" content=\"1 minute\" \/>\n<script type=\"application\/ld+json\" class=\"yoast-schema-graph\">{\"@context\":\"https:\\\/\\\/schema.org\",\"@graph\":[{\"@type\":\"WebPage\",\"@id\":\"https:\\\/\\\/www.mtgsc.com.br\\\/editais-2025\\\/\",\"url\":\"https:\\\/\\\/www.mtgsc.com.br\\\/editais-2025\\\/\",\"name\":\"Editais 2025 - MTG\\\/SC - Movimento Tradicionalista Ga\u00facho do Estado de Santa Catarina\",\"isPartOf\":{\"@id\":\"https:\\\/\\\/www.mtgsc.com.br\\\/#website\"},\"primaryImageOfPage\":{\"@id\":\"https:\\\/\\\/www.mtgsc.com.br\\\/editais-2025\\\/#primaryimage\"},\"image\":{\"@id\":\"https:\\\/\\\/www.mtgsc.com.br\\\/editais-2025\\\/#primaryimage\"},\"thumbnailUrl\":\"https:\\\/\\\/www.mtgsc.com.br\\\/wp-content\\\/uploads\\\/2025\\\/09\\\/1-500x440.png\",\"datePublished\":\"2025-09-26T12:40:34+00:00\",\"dateModified\":\"2025-09-26T12:55:52+00:00\",\"breadcrumb\":{\"@id\":\"https:\\\/\\\/www.mtgsc.com.br\\\/editais-2025\\\/#breadcrumb\"},\"inLanguage\":\"en-US\",\"potentialAction\":[{\"@type\":\"ReadAction\",\"target\":[\"https:\\\/\\\/www.mtgsc.com.br\\\/editais-2025\\\/\"]}]},{\"@type\":\"ImageObject\",\"inLanguage\":\"en-US\",\"@id\":\"https:\\\/\\\/www.mtgsc.com.br\\\/editais-2025\\\/#primaryimage\",\"url\":\"https:\\\/\\\/www.mtgsc.com.br\\\/wp-content\\\/uploads\\\/2025\\\/09\\\/1-500x440.png\",\"contentUrl\":\"https:\\\/\\\/www.mtgsc.com.br\\\/wp-content\\\/uploads\\\/2025\\\/09\\\/1-500x440.png\"},{\"@type\":\"BreadcrumbList\",\"@id\":\"https:\\\/\\\/www.mtgsc.com.br\\\/editais-2025\\\/#breadcrumb\",\"itemListElement\":[{\"@type\":\"ListItem\",\"position\":1,\"name\":\"In\u00edcio\",\"item\":\"https:\\\/\\\/www.mtgsc.com.br\\\/\"},{\"@type\":\"ListItem\",\"position\":2,\"name\":\"Editais 2025\"}]},{\"@type\":\"WebSite\",\"@id\":\"https:\\\/\\\/www.mtgsc.com.br\\\/#website\",\"url\":\"https:\\\/\\\/www.mtgsc.com.br\\\/\",\"name\":\"MTG\\\/SC 50 ANOS\",\"description\":\"Honrar a Hist\u00f3ria e Construir o Futuro\",\"publisher\":{\"@id\":\"https:\\\/\\\/www.mtgsc.com.br\\\/#organization\"},\"potentialAction\":[{\"@type\":\"SearchAction\",\"target\":{\"@type\":\"EntryPoint\",\"urlTemplate\":\"https:\\\/\\\/www.mtgsc.com.br\\\/?s={search_term_string}\"},\"query-input\":{\"@type\":\"PropertyValueSpecification\",\"valueRequired\":true,\"valueName\":\"search_term_string\"}}],\"inLanguage\":\"en-US\"},{\"@type\":\"Organization\",\"@id\":\"https:\\\/\\\/www.mtgsc.com.br\\\/#organization\",\"name\":\"MTG\\\/SC - Movimento Tradicionalista Ga\u00facho de Santa Catarina\",\"alternateName\":\"Movimento Tradicionalista Ga\u00facho de Santa Catarina\",\"url\":\"https:\\\/\\\/www.mtgsc.com.br\\\/\",\"logo\":{\"@type\":\"ImageObject\",\"inLanguage\":\"en-US\",\"@id\":\"https:\\\/\\\/www.mtgsc.com.br\\\/#\\\/schema\\\/logo\\\/image\\\/\",\"url\":\"https:\\\/\\\/www.mtgsc.com.br\\\/wp-content\\\/uploads\\\/2022\\\/03\\\/logo-2018-header-light.png\",\"contentUrl\":\"https:\\\/\\\/www.mtgsc.com.br\\\/wp-content\\\/uploads\\\/2022\\\/03\\\/logo-2018-header-light.png\",\"width\":169,\"height\":150,\"caption\":\"MTG\\\/SC - Movimento Tradicionalista Ga\u00facho de Santa Catarina\"},\"image\":{\"@id\":\"https:\\\/\\\/www.mtgsc.com.br\\\/#\\\/schema\\\/logo\\\/image\\\/\"},\"sameAs\":[\"https:\\\/\\\/www.facebook.com\\\/MTGSC\",\"https:\\\/\\\/www.instagram.com\\\/mtgsc\\\/\"]}]}<\/script>\n<!-- \/ Yoast SEO plugin. -->","yoast_head_json":{"title":"Editais 2025 - MTG\/SC - Movimento Tradicionalista Ga\u00facho do Estado de Santa Catarina","robots":{"index":"index","follow":"follow","max-snippet":"max-snippet:-1","max-image-preview":"max-image-preview:large","max-video-preview":"max-video-preview:-1"},"canonical":"https:\/\/www.mtgsc.com.br\/en\/editais-2025\/","og_locale":"en_US","og_type":"article","og_title":"Editais 2025 - MTG\/SC - Movimento Tradicionalista Ga\u00facho do Estado de Santa Catarina","og_description":"Editais de Convoca\u00e7\u00e3o O MOVIMENTO TRADICIONALISTA GA\u00daCHO DO ESTADO DE SANTA CATARINA &#8211; MTG\/SC, CONVOCA todos os patr\u00f5es ou Capatazes, dos CTGs e\/ou Entidades Afins,&hellip;","og_url":"https:\/\/www.mtgsc.com.br\/en\/editais-2025\/","og_site_name":"MTG\/SC - Movimento Tradicionalista Ga\u00facho do Estado de Santa Catarina","article_publisher":"https:\/\/www.facebook.com\/MTGSC","article_modified_time":"2025-09-26T12:55:52+00:00","og_image":[{"url":"https:\/\/www.mtgsc.com.br\/wp-content\/uploads\/2025\/09\/1-500x440.png","type":"","width":"","height":""}],"twitter_card":"summary_large_image","twitter_misc":{"Est. reading time":"1 minute"},"schema":{"@context":"https:\/\/schema.org","@graph":[{"@type":"WebPage","@id":"https:\/\/www.mtgsc.com.br\/editais-2025\/","url":"https:\/\/www.mtgsc.com.br\/editais-2025\/","name":"Editais 2025 - MTG\/SC - Movimento Tradicionalista Ga\u00facho do Estado de Santa Catarina","isPartOf":{"@id":"https:\/\/www.mtgsc.com.br\/#website"},"primaryImageOfPage":{"@id":"https:\/\/www.mtgsc.com.br\/editais-2025\/#primaryimage"},"image":{"@id":"https:\/\/www.mtgsc.com.br\/editais-2025\/#primaryimage"},"thumbnailUrl":"https:\/\/www.mtgsc.com.br\/wp-content\/uploads\/2025\/09\/1-500x440.png","datePublished":"2025-09-26T12:40:34+00:00","dateModified":"2025-09-26T12:55:52+00:00","breadcrumb":{"@id":"https:\/\/www.mtgsc.com.br\/editais-2025\/#breadcrumb"},"inLanguage":"en-US","potentialAction":[{"@type":"ReadAction","target":["https:\/\/www.mtgsc.com.br\/editais-2025\/"]}]},{"@type":"ImageObject","inLanguage":"en-US","@id":"https:\/\/www.mtgsc.com.br\/editais-2025\/#primaryimage","url":"https:\/\/www.mtgsc.com.br\/wp-content\/uploads\/2025\/09\/1-500x440.png","contentUrl":"https:\/\/www.mtgsc.com.br\/wp-content\/uploads\/2025\/09\/1-500x440.png"},{"@type":"BreadcrumbList","@id":"https:\/\/www.mtgsc.com.br\/editais-2025\/#breadcrumb","itemListElement":[{"@type":"ListItem","position":1,"name":"In\u00edcio","item":"https:\/\/www.mtgsc.com.br\/"},{"@type":"ListItem","position":2,"name":"Editais 2025"}]},{"@type":"WebSite","@id":"https:\/\/www.mtgsc.com.br\/#website","url":"https:\/\/www.mtgsc.com.br\/","name":"MTG\/SC 50 ANOS","description":"Honrar a Hist\u00f3ria e Construir o Futuro","publisher":{"@id":"https:\/\/www.mtgsc.com.br\/#organization"},"potentialAction":[{"@type":"SearchAction","target":{"@type":"EntryPoint","urlTemplate":"https:\/\/www.mtgsc.com.br\/?s={search_term_string}"},"query-input":{"@type":"PropertyValueSpecification","valueRequired":true,"valueName":"search_term_string"}}],"inLanguage":"en-US"},{"@type":"Organization","@id":"https:\/\/www.mtgsc.com.br\/#organization","name":"MTG\/SC - Movimento Tradicionalista Ga\u00facho de Santa Catarina","alternateName":"Movimento Tradicionalista Ga\u00facho de Santa Catarina","url":"https:\/\/www.mtgsc.com.br\/","logo":{"@type":"ImageObject","inLanguage":"en-US","@id":"https:\/\/www.mtgsc.com.br\/#\/schema\/logo\/image\/","url":"https:\/\/www.mtgsc.com.br\/wp-content\/uploads\/2022\/03\/logo-2018-header-light.png","contentUrl":"https:\/\/www.mtgsc.com.br\/wp-content\/uploads\/2022\/03\/logo-2018-header-light.png","width":169,"height":150,"caption":"MTG\/SC - Movimento Tradicionalista Ga\u00facho de Santa Catarina"},"image":{"@id":"https:\/\/www.mtgsc.com.br\/#\/schema\/logo\/image\/"},"sameAs":["https:\/\/www.facebook.com\/MTGSC","https:\/\/www.instagram.com\/mtgsc\/"]}]}},"_links":{"self":[{"href":"https:\/\/www.mtgsc.com.br\/en\/wp-json\/wp\/v2\/pages\/10833","targetHints":{"allow":["GET"]}}],"collection":[{"href":"https:\/\/www.mtgsc.com.br\/en\/wp-json\/wp\/v2\/pages"}],"about":[{"href":"https:\/\/www.mtgsc.com.br\/en\/wp-json\/wp\/v2\/types\/page"}],"author":[{"embeddable":true,"href":"https:\/\/www.mtgsc.com.br\/en\/wp-json\/wp\/v2\/users\/4"}],"replies":[{"embeddable":true,"href":"https:\/\/www.mtgsc.com.br\/en\/wp-json\/wp\/v2\/comments?post=10833"}],"version-history":[{"count":3,"href":"https:\/\/www.mtgsc.com.br\/en\/wp-json\/wp\/v2\/pages\/10833\/revisions"}],"predecessor-version":[{"id":10838,"href":"https:\/\/www.mtgsc.com.br\/en\/wp-json\/wp\/v2\/pages\/10833\/revisions\/10838"}],"wp:attachment":[{"href":"https:\/\/www.mtgsc.com.br\/en\/wp-json\/wp\/v2\/media?parent=10833"}],"curies":[{"name":"wp","href":"https:\/\/api.w.org\/{rel}","templated":true}]}}