{"id":11197,"date":"2026-01-20T21:27:08","date_gmt":"2026-01-21T00:27:08","guid":{"rendered":"https:\/\/www.mtgsc.com.br\/?page_id=11197"},"modified":"2026-04-14T21:37:17","modified_gmt":"2026-04-15T00:37:17","slug":"diretoria-2026-2029","status":"publish","type":"page","link":"https:\/\/www.mtgsc.com.br\/en\/diretoria-2026-2029\/","title":{"rendered":"Diretoria &#8211; Exerc\u00edcio 2026\/2029"},"content":{"rendered":"<h2>\n\t\t\tConhe\u00e7a quem s\u00e3o os membros da Diretoria do MTG\/SC para o exerc\u00edcio 2026\/2029\t<\/h2>\n\t<p>A nova gest\u00e3o, encabe\u00e7ada pelo Presidente Davi Francisco Prazeres Junior, assume com o lema <em>&#8220;Honrar a Hist\u00f3ria e Construir o Futuro&#8221;<\/em>, sempre com a miss\u00e3o de seguir &#8220;peleando&#8221; pelos interesses dos tradicionalistas e inovando na gest\u00e3o dos nossos eventos e projetos.<\/p>\n<figure itemscope itemtype=\"https:\/\/schema.org\/ImageObject\">\n\t\t\t\t<img decoding=\"async\" src=\"https:\/\/www.mtgsc.com.br\/wp-content\/uploads\/2026\/04\/Davi-Francisco-Prazeres-Junior.jpg\" alt=\"Davi-Francisco-Prazeres-Junior\" height=\"500\" width=\"500\" title=\"Davi-Francisco-Prazeres-Junior\" onerror=\"this.style.display='none'\" loading=\"lazy\" \/>\n\t<\/figure>\n\t<p><strong>Davi Francisco Prazeres Junior<\/strong><\/p>\n<p>Presidente<\/p>\n<figure itemscope itemtype=\"https:\/\/schema.org\/ImageObject\">\n\t\t\t\t<img decoding=\"async\" src=\"https:\/\/www.mtgsc.com.br\/wp-content\/uploads\/2026\/04\/Alison-Jose-Soares.jpg\" alt=\"Alison-Jos\u00e9-Soares\" height=\"500\" width=\"500\" title=\"Alison-Jos\u00e9-Soares\" onerror=\"this.style.display='none'\" loading=\"lazy\" \/>\n\t<\/figure>\n\t<p><strong>Alison Jos\u00e9 Soares<\/strong><\/p>\n<p>Vice-Presidente<\/p>\n<figure itemscope itemtype=\"https:\/\/schema.org\/ImageObject\">\n\t\t\t\t<img decoding=\"async\" src=\"https:\/\/www.mtgsc.com.br\/wp-content\/uploads\/2024\/02\/hernalda-mussio-e1706797151545.jpeg\" alt=\"hernalda-mussio\" height=\"310\" width=\"320\" title=\"hernalda-mussio\" onerror=\"this.style.display='none'\" loading=\"lazy\" \/>\n\t<\/figure>\n\t<p><strong>Hernalda Mussio<\/strong><\/p>\n<p>Vice-Presidente<\/p>\n<figure itemscope itemtype=\"https:\/\/schema.org\/ImageObject\">\n\t\t\t\t<img decoding=\"async\" src=\"https:\/\/www.mtgsc.com.br\/wp-content\/uploads\/2026\/04\/Valdinei-Campigoto.jpg\" alt=\"Valdinei-Campigoto\" height=\"500\" width=\"500\" title=\"Valdinei-Campigoto\" onerror=\"this.style.display='none'\" loading=\"lazy\" \/>\n\t<\/figure>\n\t<p><strong>Valdinei Campigoto<\/strong><\/p>\n<p>Diretor Administrativo<\/p>\n<figure itemscope itemtype=\"https:\/\/schema.org\/ImageObject\">\n\t\t\t\t<img decoding=\"async\" src=\"https:\/\/www.mtgsc.com.br\/wp-content\/uploads\/2022\/12\/Jean-Carlo-Wiggers.jpg\" alt=\"Jean-Carlo-Wiggers\" height=\"424\" width=\"448\" title=\"Jean-Carlo-Wiggers\" onerror=\"this.style.display='none'\" loading=\"lazy\" \/>\n\t<\/figure>\n\t<p><strong>Jean Carlos Wiggers<\/strong><\/p>\n<p>Vice-Diretor Administrativo<\/p>\n<figure itemscope itemtype=\"https:\/\/schema.org\/ImageObject\">\n\t\t\t\t<img decoding=\"async\" src=\"https:\/\/www.mtgsc.com.br\/wp-content\/uploads\/2022\/03\/Silhueta-cinza.png\" alt=\"Silhueta-cinza\" height=\"284\" width=\"300\" title=\"Silhueta-cinza\" onerror=\"this.style.display='none'\" loading=\"lazy\" \/>\n\t<\/figure>\n\t<p><strong>Gen\u00e9sio Primo Borguezan<\/strong><\/p>\n<p>Diretor Financeiro<\/p>\n<figure itemscope itemtype=\"https:\/\/schema.org\/ImageObject\">\n\t\t\t\t<img decoding=\"async\" src=\"https:\/\/www.mtgsc.com.br\/wp-content\/uploads\/2026\/04\/Ramon-Nicolodi.jpg\" alt=\"Ramon-Nicolodi\" height=\"500\" width=\"500\" title=\"Ramon-Nicolodi\" onerror=\"this.style.display='none'\" loading=\"lazy\" \/>\n\t<\/figure>\n\t<p><strong>Ramon Nicolodi<\/strong><\/p>\n<p>Vice-Diretor Financeiro<\/p>\n<figure itemscope itemtype=\"https:\/\/schema.org\/ImageObject\">\n\t\t\t\t<img decoding=\"async\" src=\"https:\/\/www.mtgsc.com.br\/wp-content\/uploads\/2022\/11\/alex-sander-godinho-correa.jpg\" alt=\"alex-sander-godinho-correa\" height=\"400\" width=\"400\" title=\"alex-sander-godinho-correa\" onerror=\"this.style.display='none'\" loading=\"lazy\" \/>\n\t<\/figure>\n\t<p><strong>Alex Sander Godinho Corr\u00eaa<\/strong><\/p>\n<p>Diretor Campeiro<\/p>\n<figure itemscope itemtype=\"https:\/\/schema.org\/ImageObject\">\n\t\t\t\t<img decoding=\"async\" src=\"https:\/\/www.mtgsc.com.br\/wp-content\/uploads\/2022\/03\/Silhueta-cinza.png\" alt=\"Silhueta-cinza\" height=\"284\" width=\"300\" title=\"Silhueta-cinza\" onerror=\"this.style.display='none'\" loading=\"lazy\" \/>\n\t<\/figure>\n\t<p><strong>Renato Mendes<\/strong><\/p>\n<p>Vice-Diretor Campeiro<\/p>\n<figure itemscope itemtype=\"https:\/\/schema.org\/ImageObject\">\n\t\t\t\t<img decoding=\"async\" src=\"https:\/\/www.mtgsc.com.br\/wp-content\/uploads\/2022\/07\/eduardo-de-sa.jpg\" alt=\"eduardo-de-sa\" height=\"284\" width=\"300\" title=\"eduardo-de-sa\" onerror=\"this.style.display='none'\" loading=\"lazy\" \/>\n\t<\/figure>\n\t<p><strong>Eduardo Jos\u00e9 de S\u00e1<\/strong><\/p>\n<p>Diretor Art\u00edstico<\/p>\n<figure itemscope itemtype=\"https:\/\/schema.org\/ImageObject\">\n\t\t\t\t<img decoding=\"async\" src=\"https:\/\/www.mtgsc.com.br\/wp-content\/uploads\/2022\/11\/jeferson-de-quadros-moreira.jpg\" alt=\"jeferson-de-quadros-moreira\" height=\"400\" width=\"400\" title=\"jeferson-de-quadros-moreira\" onerror=\"this.style.display='none'\" loading=\"lazy\" \/>\n\t<\/figure>\n\t<p><strong>Jeferson de Quadros Moreira<\/strong><\/p>\n<p>Vice-Diretor Art\u00edstico<\/p>\n<figure itemscope itemtype=\"https:\/\/schema.org\/ImageObject\">\n\t\t\t\t<img decoding=\"async\" src=\"https:\/\/www.mtgsc.com.br\/wp-content\/uploads\/2026\/04\/suzana-xavier.jpg\" alt=\"suzana-xavier\" height=\"500\" width=\"500\" title=\"suzana-xavier\" onerror=\"this.style.display='none'\" loading=\"lazy\" \/>\n\t<\/figure>\n\t<p><strong>Suzana Terezinha Son\u00e1glio Xavier<\/strong><\/p>\n<p>Diretora Cultural<\/p>\n<figure itemscope itemtype=\"https:\/\/schema.org\/ImageObject\">\n\t\t\t\t<img decoding=\"async\" src=\"https:\/\/www.mtgsc.com.br\/wp-content\/uploads\/2026\/04\/Talita-Conti-Soprana.jpg\" alt=\"Talita-Conti-Soprana\" height=\"500\" width=\"500\" title=\"Talita-Conti-Soprana\" onerror=\"this.style.display='none'\" loading=\"lazy\" \/>\n\t<\/figure>\n\t<p><strong>Talita Conti Soprana<\/strong><\/p>\n<p>Vice-Diretora Cultural<\/p>\n<figure itemscope itemtype=\"https:\/\/schema.org\/ImageObject\">\n\t\t\t\t<img decoding=\"async\" src=\"https:\/\/www.mtgsc.com.br\/wp-content\/uploads\/2026\/04\/Jonas-Souza-Pereira.jpg\" alt=\"Jonas-Souza-Pereira\" height=\"500\" width=\"500\" title=\"Jonas-Souza-Pereira\" onerror=\"this.style.display='none'\" loading=\"lazy\" \/>\n\t<\/figure>\n\t<p><strong>Jonas Souza Pereira<\/strong><\/p>\n<p>Diretor de Patrim\u00f4nio<\/p>\n<figure itemscope itemtype=\"https:\/\/schema.org\/ImageObject\">\n\t\t\t\t<img decoding=\"async\" src=\"https:\/\/www.mtgsc.com.br\/wp-content\/uploads\/2026\/04\/Mario-Cesar-Souza-Neto.jpg\" alt=\"Mario-Cesar-Souza-Neto\" height=\"500\" width=\"500\" title=\"Mario-Cesar-Souza-Neto\" onerror=\"this.style.display='none'\" loading=\"lazy\" \/>\n\t<\/figure>\n\t<p><strong>Mario Cesar Souza Neto<\/strong><\/p>\n<p>Vice-Diretora de Patrim\u00f4nio<\/p>\n<figure itemscope itemtype=\"https:\/\/schema.org\/ImageObject\">\n\t\t\t\t<img decoding=\"async\" src=\"https:\/\/www.mtgsc.com.br\/wp-content\/uploads\/2022\/11\/cesar-augusto-furtado.jpg\" alt=\"cesar-augusto-furtado\" height=\"400\" width=\"400\" title=\"cesar-augusto-furtado\" onerror=\"this.style.display='none'\" loading=\"lazy\" \/>\n\t<\/figure>\n\t<p><strong>Cesar Augusto Furtado<\/strong><\/p>\n<p>Diretor de Jogos Tradicionalistas<\/p>\n<figure itemscope itemtype=\"https:\/\/schema.org\/ImageObject\">\n\t\t\t\t<img decoding=\"async\" src=\"https:\/\/www.mtgsc.com.br\/wp-content\/uploads\/2026\/04\/Marionei-de-Souza.jpg\" alt=\"Marionei-de-Souza\" height=\"500\" width=\"500\" title=\"Marionei-de-Souza\" onerror=\"this.style.display='none'\" loading=\"lazy\" \/>\n\t<\/figure>\n\t<p><strong>\u00a0Marionei de Souza<\/strong><\/p>\n<p>Vice-Diretor de Jogos Tradicionalistas<\/p>\n<figure itemscope itemtype=\"https:\/\/schema.org\/ImageObject\">\n\t\t\t\t<img decoding=\"async\" src=\"https:\/\/www.mtgsc.com.br\/wp-content\/uploads\/2022\/12\/Joao-Maria-Teles-de-Souza.jpg\" alt=\"Jo\u00e3o-Maria-Teles-de-Souza\" height=\"424\" width=\"448\" title=\"Jo\u00e3o-Maria-Teles-de-Souza\" onerror=\"this.style.display='none'\" loading=\"lazy\" \/>\n\t<\/figure>\n\t<p><strong>Jo\u00e3o Maria Teles de Souza<\/strong><\/p>\n<p>Diretora de Eventos, Marketing e Projetos<\/p>\n<figure itemscope itemtype=\"https:\/\/schema.org\/ImageObject\">\n\t\t\t\t<img decoding=\"async\" src=\"https:\/\/www.mtgsc.com.br\/wp-content\/uploads\/2026\/04\/ronaldo-jose-dos-santos.jpg\" alt=\"ronaldo-jose-dos-santos\" height=\"500\" width=\"500\" title=\"ronaldo-jose-dos-santos\" onerror=\"this.style.display='none'\" loading=\"lazy\" \/>\n\t<\/figure>\n\t<p><strong>Ronaldo Jos\u00e9 dos Santos<\/strong><\/p>\n<p>Vice-Diretor de Eventos, Marketing e Projetos<\/p>\n<figure itemscope itemtype=\"https:\/\/schema.org\/ImageObject\">\n\t\t\t\t<img decoding=\"async\" src=\"https:\/\/www.mtgsc.com.br\/wp-content\/uploads\/2022\/03\/Silhueta-cinza.png\" alt=\"Silhueta-cinza\" height=\"284\" width=\"300\" title=\"Silhueta-cinza\" onerror=\"this.style.display='none'\" loading=\"lazy\" \/>\n\t<\/figure>\n\t<p><strong>Leonardo Pinheiro Folster<\/strong><\/p>\n<p>Diretor do Departamento Sanit\u00e1rio<\/p>\n<figure itemscope itemtype=\"https:\/\/schema.org\/ImageObject\">\n\t\t\t\t<img decoding=\"async\" src=\"https:\/\/www.mtgsc.com.br\/wp-content\/uploads\/2026\/04\/Diego-da-Silva.jpg\" alt=\"Diego-da-Silva\" height=\"500\" width=\"500\" title=\"Diego-da-Silva\" onerror=\"this.style.display='none'\" loading=\"lazy\" \/>\n\t<\/figure>\n\t<p><strong>Diego da Silva<\/strong><\/p>\n<p>Vice-Diretor do Departamento Sanit\u00e1rio<\/p>\n<figure itemscope itemtype=\"https:\/\/schema.org\/ImageObject\">\n\t\t\t\t<img decoding=\"async\" src=\"https:\/\/www.mtgsc.com.br\/wp-content\/uploads\/2026\/04\/isocley-.jpg\" alt=\"isocley-\" height=\"500\" width=\"500\" title=\"isocley-\" onerror=\"this.style.display='none'\" loading=\"lazy\" \/>\n\t<\/figure>\n\t<p><strong>Isocley Bossi<\/strong><\/p>\n<p>Diretor Jur\u00eddico<\/p>\n<figure itemscope itemtype=\"https:\/\/schema.org\/ImageObject\">\n\t\t\t\t<img decoding=\"async\" src=\"https:\/\/www.mtgsc.com.br\/wp-content\/uploads\/2026\/04\/Ellen-Cristina-Wiggers.jpg\" alt=\"Ellen-Cristina-Wiggers\" height=\"500\" width=\"500\" title=\"Ellen-Cristina-Wiggers\" onerror=\"this.style.display='none'\" loading=\"lazy\" \/>\n\t<\/figure>\n\t<p><strong>Ellen Cristina Wiggers<\/strong><\/p>\n<p>Vice-Diretora Jur\u00eddica<\/p>\n<figure itemscope itemtype=\"https:\/\/schema.org\/ImageObject\">\n\t\t\t\t<img decoding=\"async\" src=\"https:\/\/www.mtgsc.com.br\/wp-content\/uploads\/2026\/04\/Paulo-Roberto-Figueira-Xavier.jpg\" alt=\"Paulo-Roberto-Figueira-Xavier\" height=\"500\" width=\"500\" title=\"Paulo-Roberto-Figueira-Xavier\" onerror=\"this.style.display='none'\" loading=\"lazy\" \/>\n\t<\/figure>\n\t<p><strong>Paulo Roberto Figueira Xavier<\/strong><\/p>\n<p>2\u00ba Vice-Diretor Jur\u00eddico<\/p>\n<figure itemscope itemtype=\"https:\/\/schema.org\/ImageObject\">\n\t\t\t\t<img decoding=\"async\" src=\"https:\/\/www.mtgsc.com.br\/wp-content\/uploads\/2025\/11\/WhatsApp-Image-2025-11-26-at-15.30.37-1.jpeg\" alt=\"WhatsApp Image 2025-11-26 at 15.30.37\" height=\"960\" width=\"1280\" title=\"WhatsApp Image 2025-11-26 at 15.30.37\" onerror=\"this.style.display='none'\" loading=\"lazy\" \/>\n\t<\/figure>","protected":false},"excerpt":{"rendered":"<p>Conhe\u00e7a quem s\u00e3o os membros da Diretoria do MTG\/SC para o exerc\u00edcio 2026\/2029 A nova gest\u00e3o, encabe\u00e7ada pelo Presidente Davi Francisco Prazeres Junior, assume com&hellip;<\/p>","protected":false},"author":4,"featured_media":3806,"parent":0,"menu_order":0,"comment_status":"closed","ping_status":"closed","template":"","meta":{"footnotes":""},"class_list":["post-11197","page","type-page","status-publish","has-post-thumbnail","hentry"],"yoast_head":"<!-- This site is optimized with the Yoast SEO plugin v27.4 - https:\/\/yoast.com\/product\/yoast-seo-wordpress\/ -->\n<title>Diretoria - Exerc\u00edcio 2026\/2029 - MTG\/SC - Movimento Tradicionalista Ga\u00facho do Estado de Santa Catarina<\/title>\n<meta name=\"description\" content=\"Conhe\u00e7a os membros da Diretoria do MTG\/SC para o Exerc\u00edcio 2026\/2029\" \/>\n<meta name=\"robots\" content=\"index, follow, max-snippet:-1, max-image-preview:large, max-video-preview:-1\" \/>\n<link rel=\"canonical\" href=\"https:\/\/www.mtgsc.com.br\/en\/diretoria-2026-2029\/\" \/>\n<meta property=\"og:locale\" content=\"en_US\" \/>\n<meta property=\"og:type\" content=\"article\" \/>\n<meta property=\"og:title\" content=\"Diretoria - Exerc\u00edcio 2026\/2029 - MTG\/SC - Movimento Tradicionalista Ga\u00facho do Estado de Santa Catarina\" \/>\n<meta property=\"og:description\" content=\"Conhe\u00e7a os membros da Diretoria do MTG\/SC para o Exerc\u00edcio 2026\/2029\" \/>\n<meta property=\"og:url\" content=\"https:\/\/www.mtgsc.com.br\/en\/diretoria-2026-2029\/\" \/>\n<meta property=\"og:site_name\" content=\"MTG\/SC - Movimento Tradicionalista Ga\u00facho do Estado de Santa Catarina\" \/>\n<meta property=\"article:publisher\" content=\"https:\/\/www.facebook.com\/MTGSC\" \/>\n<meta property=\"article:modified_time\" content=\"2026-04-15T00:37:17+00:00\" \/>\n<meta property=\"og:image\" content=\"https:\/\/www.mtgsc.com.br\/wp-content\/uploads\/2024\/02\/diretoria-thumb.jpg\" \/>\n\t<meta property=\"og:image:width\" content=\"644\" \/>\n\t<meta property=\"og:image:height\" content=\"644\" \/>\n\t<meta property=\"og:image:type\" content=\"image\/jpeg\" \/>\n<meta name=\"twitter:card\" content=\"summary_large_image\" \/>\n<meta name=\"twitter:image\" content=\"https:\/\/www.mtgsc.com.br\/wp-content\/uploads\/2024\/02\/diretoria-thumb.jpg\" \/>\n<meta name=\"twitter:label1\" content=\"Est. reading time\" \/>\n\t<meta name=\"twitter:data1\" content=\"1 minute\" \/>\n<script type=\"application\/ld+json\" class=\"yoast-schema-graph\">{\"@context\":\"https:\\\/\\\/schema.org\",\"@graph\":[{\"@type\":\"WebPage\",\"@id\":\"https:\\\/\\\/www.mtgsc.com.br\\\/diretoria-2026-2029\\\/\",\"url\":\"https:\\\/\\\/www.mtgsc.com.br\\\/diretoria-2026-2029\\\/\",\"name\":\"Diretoria - Exerc\u00edcio 2026\\\/2029 - MTG\\\/SC - Movimento Tradicionalista Ga\u00facho do Estado de Santa Catarina\",\"isPartOf\":{\"@id\":\"https:\\\/\\\/www.mtgsc.com.br\\\/#website\"},\"primaryImageOfPage\":{\"@id\":\"https:\\\/\\\/www.mtgsc.com.br\\\/diretoria-2026-2029\\\/#primaryimage\"},\"image\":{\"@id\":\"https:\\\/\\\/www.mtgsc.com.br\\\/diretoria-2026-2029\\\/#primaryimage\"},\"thumbnailUrl\":\"https:\\\/\\\/www.mtgsc.com.br\\\/wp-content\\\/uploads\\\/2022\\\/03\\\/logo-2018-header-light.png\",\"datePublished\":\"2026-01-21T00:27:08+00:00\",\"dateModified\":\"2026-04-15T00:37:17+00:00\",\"description\":\"Conhe\u00e7a os membros da Diretoria do MTG\\\/SC para o Exerc\u00edcio 2026\\\/2029\",\"breadcrumb\":{\"@id\":\"https:\\\/\\\/www.mtgsc.com.br\\\/diretoria-2026-2029\\\/#breadcrumb\"},\"inLanguage\":\"en-US\",\"potentialAction\":[{\"@type\":\"ReadAction\",\"target\":[\"https:\\\/\\\/www.mtgsc.com.br\\\/diretoria-2026-2029\\\/\"]}]},{\"@type\":\"ImageObject\",\"inLanguage\":\"en-US\",\"@id\":\"https:\\\/\\\/www.mtgsc.com.br\\\/diretoria-2026-2029\\\/#primaryimage\",\"url\":\"https:\\\/\\\/www.mtgsc.com.br\\\/wp-content\\\/uploads\\\/2022\\\/03\\\/logo-2018-header-light.png\",\"contentUrl\":\"https:\\\/\\\/www.mtgsc.com.br\\\/wp-content\\\/uploads\\\/2022\\\/03\\\/logo-2018-header-light.png\",\"width\":169,\"height\":150},{\"@type\":\"BreadcrumbList\",\"@id\":\"https:\\\/\\\/www.mtgsc.com.br\\\/diretoria-2026-2029\\\/#breadcrumb\",\"itemListElement\":[{\"@type\":\"ListItem\",\"position\":1,\"name\":\"In\u00edcio\",\"item\":\"https:\\\/\\\/www.mtgsc.com.br\\\/\"},{\"@type\":\"ListItem\",\"position\":2,\"name\":\"Diretoria &#8211; Exerc\u00edcio 2026\\\/2029\"}]},{\"@type\":\"WebSite\",\"@id\":\"https:\\\/\\\/www.mtgsc.com.br\\\/#website\",\"url\":\"https:\\\/\\\/www.mtgsc.com.br\\\/\",\"name\":\"MTG\\\/SC 50 ANOS\",\"description\":\"Honrar a Hist\u00f3ria e Construir o Futuro\",\"publisher\":{\"@id\":\"https:\\\/\\\/www.mtgsc.com.br\\\/#organization\"},\"potentialAction\":[{\"@type\":\"SearchAction\",\"target\":{\"@type\":\"EntryPoint\",\"urlTemplate\":\"https:\\\/\\\/www.mtgsc.com.br\\\/?s={search_term_string}\"},\"query-input\":{\"@type\":\"PropertyValueSpecification\",\"valueRequired\":true,\"valueName\":\"search_term_string\"}}],\"inLanguage\":\"en-US\"},{\"@type\":\"Organization\",\"@id\":\"https:\\\/\\\/www.mtgsc.com.br\\\/#organization\",\"name\":\"MTG\\\/SC - Movimento Tradicionalista Ga\u00facho de Santa Catarina\",\"alternateName\":\"Movimento Tradicionalista Ga\u00facho de Santa Catarina\",\"url\":\"https:\\\/\\\/www.mtgsc.com.br\\\/\",\"logo\":{\"@type\":\"ImageObject\",\"inLanguage\":\"en-US\",\"@id\":\"https:\\\/\\\/www.mtgsc.com.br\\\/#\\\/schema\\\/logo\\\/image\\\/\",\"url\":\"https:\\\/\\\/www.mtgsc.com.br\\\/wp-content\\\/uploads\\\/2022\\\/03\\\/logo-2018-header-light.png\",\"contentUrl\":\"https:\\\/\\\/www.mtgsc.com.br\\\/wp-content\\\/uploads\\\/2022\\\/03\\\/logo-2018-header-light.png\",\"width\":169,\"height\":150,\"caption\":\"MTG\\\/SC - Movimento Tradicionalista Ga\u00facho de Santa Catarina\"},\"image\":{\"@id\":\"https:\\\/\\\/www.mtgsc.com.br\\\/#\\\/schema\\\/logo\\\/image\\\/\"},\"sameAs\":[\"https:\\\/\\\/www.facebook.com\\\/MTGSC\",\"https:\\\/\\\/www.instagram.com\\\/mtgsc\\\/\"]}]}<\/script>\n<!-- \/ Yoast SEO plugin. -->","yoast_head_json":{"title":"Diretoria - Exerc\u00edcio 2026\/2029 - MTG\/SC - Movimento Tradicionalista Ga\u00facho do Estado de Santa Catarina","description":"Conhe\u00e7a os membros da Diretoria do MTG\/SC para o Exerc\u00edcio 2026\/2029","robots":{"index":"index","follow":"follow","max-snippet":"max-snippet:-1","max-image-preview":"max-image-preview:large","max-video-preview":"max-video-preview:-1"},"canonical":"https:\/\/www.mtgsc.com.br\/en\/diretoria-2026-2029\/","og_locale":"en_US","og_type":"article","og_title":"Diretoria - Exerc\u00edcio 2026\/2029 - MTG\/SC - Movimento Tradicionalista Ga\u00facho do Estado de Santa Catarina","og_description":"Conhe\u00e7a os membros da Diretoria do MTG\/SC para o Exerc\u00edcio 2026\/2029","og_url":"https:\/\/www.mtgsc.com.br\/en\/diretoria-2026-2029\/","og_site_name":"MTG\/SC - Movimento Tradicionalista Ga\u00facho do Estado de Santa Catarina","article_publisher":"https:\/\/www.facebook.com\/MTGSC","article_modified_time":"2026-04-15T00:37:17+00:00","og_image":[{"width":644,"height":644,"url":"https:\/\/www.mtgsc.com.br\/wp-content\/uploads\/2024\/02\/diretoria-thumb.jpg","type":"image\/jpeg"}],"twitter_card":"summary_large_image","twitter_image":"https:\/\/www.mtgsc.com.br\/wp-content\/uploads\/2024\/02\/diretoria-thumb.jpg","twitter_misc":{"Est. reading time":"1 minute"},"schema":{"@context":"https:\/\/schema.org","@graph":[{"@type":"WebPage","@id":"https:\/\/www.mtgsc.com.br\/diretoria-2026-2029\/","url":"https:\/\/www.mtgsc.com.br\/diretoria-2026-2029\/","name":"Diretoria - Exerc\u00edcio 2026\/2029 - MTG\/SC - Movimento Tradicionalista Ga\u00facho do Estado de Santa Catarina","isPartOf":{"@id":"https:\/\/www.mtgsc.com.br\/#website"},"primaryImageOfPage":{"@id":"https:\/\/www.mtgsc.com.br\/diretoria-2026-2029\/#primaryimage"},"image":{"@id":"https:\/\/www.mtgsc.com.br\/diretoria-2026-2029\/#primaryimage"},"thumbnailUrl":"https:\/\/www.mtgsc.com.br\/wp-content\/uploads\/2022\/03\/logo-2018-header-light.png","datePublished":"2026-01-21T00:27:08+00:00","dateModified":"2026-04-15T00:37:17+00:00","description":"Conhe\u00e7a os membros da Diretoria do MTG\/SC para o Exerc\u00edcio 2026\/2029","breadcrumb":{"@id":"https:\/\/www.mtgsc.com.br\/diretoria-2026-2029\/#breadcrumb"},"inLanguage":"en-US","potentialAction":[{"@type":"ReadAction","target":["https:\/\/www.mtgsc.com.br\/diretoria-2026-2029\/"]}]},{"@type":"ImageObject","inLanguage":"en-US","@id":"https:\/\/www.mtgsc.com.br\/diretoria-2026-2029\/#primaryimage","url":"https:\/\/www.mtgsc.com.br\/wp-content\/uploads\/2022\/03\/logo-2018-header-light.png","contentUrl":"https:\/\/www.mtgsc.com.br\/wp-content\/uploads\/2022\/03\/logo-2018-header-light.png","width":169,"height":150},{"@type":"BreadcrumbList","@id":"https:\/\/www.mtgsc.com.br\/diretoria-2026-2029\/#breadcrumb","itemListElement":[{"@type":"ListItem","position":1,"name":"In\u00edcio","item":"https:\/\/www.mtgsc.com.br\/"},{"@type":"ListItem","position":2,"name":"Diretoria &#8211; Exerc\u00edcio 2026\/2029"}]},{"@type":"WebSite","@id":"https:\/\/www.mtgsc.com.br\/#website","url":"https:\/\/www.mtgsc.com.br\/","name":"MTG\/SC 50 ANOS","description":"Honrar a Hist\u00f3ria e Construir o Futuro","publisher":{"@id":"https:\/\/www.mtgsc.com.br\/#organization"},"potentialAction":[{"@type":"SearchAction","target":{"@type":"EntryPoint","urlTemplate":"https:\/\/www.mtgsc.com.br\/?s={search_term_string}"},"query-input":{"@type":"PropertyValueSpecification","valueRequired":true,"valueName":"search_term_string"}}],"inLanguage":"en-US"},{"@type":"Organization","@id":"https:\/\/www.mtgsc.com.br\/#organization","name":"MTG\/SC - Movimento Tradicionalista Ga\u00facho de Santa Catarina","alternateName":"Movimento Tradicionalista Ga\u00facho de Santa Catarina","url":"https:\/\/www.mtgsc.com.br\/","logo":{"@type":"ImageObject","inLanguage":"en-US","@id":"https:\/\/www.mtgsc.com.br\/#\/schema\/logo\/image\/","url":"https:\/\/www.mtgsc.com.br\/wp-content\/uploads\/2022\/03\/logo-2018-header-light.png","contentUrl":"https:\/\/www.mtgsc.com.br\/wp-content\/uploads\/2022\/03\/logo-2018-header-light.png","width":169,"height":150,"caption":"MTG\/SC - Movimento Tradicionalista Ga\u00facho de Santa Catarina"},"image":{"@id":"https:\/\/www.mtgsc.com.br\/#\/schema\/logo\/image\/"},"sameAs":["https:\/\/www.facebook.com\/MTGSC","https:\/\/www.instagram.com\/mtgsc\/"]}]}},"_links":{"self":[{"href":"https:\/\/www.mtgsc.com.br\/en\/wp-json\/wp\/v2\/pages\/11197","targetHints":{"allow":["GET"]}}],"collection":[{"href":"https:\/\/www.mtgsc.com.br\/en\/wp-json\/wp\/v2\/pages"}],"about":[{"href":"https:\/\/www.mtgsc.com.br\/en\/wp-json\/wp\/v2\/types\/page"}],"author":[{"embeddable":true,"href":"https:\/\/www.mtgsc.com.br\/en\/wp-json\/wp\/v2\/users\/4"}],"replies":[{"embeddable":true,"href":"https:\/\/www.mtgsc.com.br\/en\/wp-json\/wp\/v2\/comments?post=11197"}],"version-history":[{"count":8,"href":"https:\/\/www.mtgsc.com.br\/en\/wp-json\/wp\/v2\/pages\/11197\/revisions"}],"predecessor-version":[{"id":11744,"href":"https:\/\/www.mtgsc.com.br\/en\/wp-json\/wp\/v2\/pages\/11197\/revisions\/11744"}],"wp:featuredmedia":[{"embeddable":true,"href":"https:\/\/www.mtgsc.com.br\/en\/wp-json\/wp\/v2\/media\/3806"}],"wp:attachment":[{"href":"https:\/\/www.mtgsc.com.br\/en\/wp-json\/wp\/v2\/media?parent=11197"}],"curies":[{"name":"wp","href":"https:\/\/api.w.org\/{rel}","templated":true}]}}