{"id":11670,"date":"2026-04-07T14:54:11","date_gmt":"2026-04-07T17:54:11","guid":{"rendered":"https:\/\/www.mtgsc.com.br\/?page_id=11670"},"modified":"2026-04-16T09:40:45","modified_gmt":"2026-04-16T12:40:45","slug":"concurso-de-prendas-e-peoes-barriga-verde-2026","status":"publish","type":"page","link":"https:\/\/www.mtgsc.com.br\/en\/concurso-de-prendas-e-peoes-barriga-verde-2026\/","title":{"rendered":"Concurso Estadual de Prendas e Pe\u00f5es Barriga Verde | 2026"},"content":{"rendered":"<figure itemscope itemtype=\"https:\/\/schema.org\/ImageObject\">\n\t\t\t\t<img decoding=\"async\" src=\"https:\/\/www.mtgsc.com.br\/wp-content\/uploads\/2026\/04\/prendas-peoes-2026-.png\" alt=\"prendas-peoes-2026-\" height=\"156\" width=\"800\" title=\"prendas-peoes-2026-\" onerror=\"this.style.display='none'\" loading=\"lazy\" \/>\n\t<\/figure>\n<figure itemscope itemtype=\"https:\/\/schema.org\/ImageObject\">\n\t\t\t\t<img decoding=\"async\" src=\"https:\/\/www.mtgsc.com.br\/wp-content\/uploads\/2026\/04\/centro-concurso-de-prendas-e-peoes-barriga-verde.png\" alt=\"centro-concurso-de-prendas-e-peoes-barriga-verde\" height=\"531\" width=\"600\" title=\"centro-concurso-de-prendas-e-peoes-barriga-verde\" onerror=\"this.style.display='none'\" loading=\"lazy\" \/>\n\t<\/figure>\n\t<p>CRONOGRAMA:<\/p>\n<ul>\n<li>Per\u00edodo para inscri\u00e7\u00e3o: 01 a 13\/04\/2026<\/li>\n<li>Data do evento: 01 e 02 de Maio de 2026<\/li>\n<li>Local: Sede Social do MTG\/SC<br \/>\n&#8211; Av. Juscelino Kubitscheck, 1700 &#8211; Lages\/SC;<\/li>\n<\/ul>\n<h4>\n\t\t\t&#8211; Links \u00fateis\t<\/h4>\n<h2>\n\t\t\tPROGRAMA\u00c7\u00c3O COMPLETA\t<\/h2>\n\t<img decoding=\"async\" role=\"img\" draggable=\"false\" src=\"https:\/\/s.w.org\/images\/core\/emoji\/17.0.2\/svg\/1f559.svg\" alt=\"\ud83d\udd59\" \/> <strong data-start=\"167\" data-end=\"176\">10h00<\/strong> &#8211; Libera\u00e7\u00e3o para entrega das pastas e organiza\u00e7\u00e3o das mesas de culin\u00e1ria e artesanato\n<img decoding=\"async\" role=\"img\" draggable=\"false\" src=\"https:\/\/s.w.org\/images\/core\/emoji\/17.0.2\/svg\/1f550.svg\" alt=\"\ud83d\udd50\" \/> <strong data-start=\"269\" data-end=\"286\">13h00 &#8211; 13h30<\/strong> &#8211; Recep\u00e7\u00e3o dos candidatos e \u00faltimo prazo para entrega das pastas\n<img decoding=\"async\" role=\"img\" draggable=\"false\" src=\"https:\/\/s.w.org\/images\/core\/emoji\/17.0.2\/svg\/1f399.svg\" alt=\"\ud83c\udf99\ufe0f\" \/> <strong data-start=\"359\" data-end=\"368\">13h30<\/strong> &#8211; Cerimonial de Abertura Oficial do Concurso de Prendas e Pe\u00f5es\n<img decoding=\"async\" role=\"img\" draggable=\"false\" src=\"https:\/\/s.w.org\/images\/core\/emoji\/17.0.2\/svg\/1f4dd.svg\" alt=\"\ud83d\udcdd\" \/> <strong data-start=\"439\" data-end=\"456\">14h00 &#8211; 16h30<\/strong> &#8211; Prova Escrita\n<img decoding=\"async\" role=\"img\" draggable=\"false\" src=\"https:\/\/s.w.org\/images\/core\/emoji\/17.0.2\/svg\/2615.svg\" alt=\"\u2615\" \/> <strong data-start=\"478\" data-end=\"487\">16h30<\/strong> &#8211; Caf\u00e9 da tarde\n<img decoding=\"async\" role=\"img\" draggable=\"false\" src=\"https:\/\/s.w.org\/images\/core\/emoji\/17.0.2\/svg\/1f373.svg\" alt=\"\ud83c\udf73\" \/> <strong data-start=\"509\" data-end=\"518\">17h00<\/strong> &#8211; In\u00edcio das provas de Culin\u00e1ria e Artesanato\n<img decoding=\"async\" role=\"img\" draggable=\"false\" src=\"https:\/\/s.w.org\/images\/core\/emoji\/17.0.2\/svg\/1f37d.svg\" alt=\"\ud83c\udf7d\ufe0f\" \/> <strong data-start=\"572\" data-end=\"581\">20h30<\/strong> &#8211; Jantar\n\t<img decoding=\"async\" role=\"img\" draggable=\"false\" src=\"https:\/\/s.w.org\/images\/core\/emoji\/17.0.2\/svg\/2615.svg\" alt=\"\u2615\" \/> <strong data-start=\"129\" data-end=\"146\">07h00 &#8211; 08h00<\/strong> &#8211; Caf\u00e9 da manh\u00e3\n<img decoding=\"async\" role=\"img\" draggable=\"false\" src=\"https:\/\/s.w.org\/images\/core\/emoji\/17.0.2\/svg\/1f6b6-200d-2642-fe0f.svg\" alt=\"\ud83d\udeb6\u200d\u2642\ufe0f\" \/> <strong data-start=\"172\" data-end=\"181\">08h00<\/strong> &#8211; Sa\u00edda dos Pe\u00f5es (Xiru, Mirim e Juvenil) para o local das provas campeiras\n\ud83c\udfa4 <strong data-start=\"264\" data-end=\"273\">08h30<\/strong> &#8211; In\u00edcio das provas Oral\/Art\u00edsticas das Prendas e Provas Campeiras dos Pe\u00f5es (Fazenda)\n<img decoding=\"async\" role=\"img\" draggable=\"false\" src=\"https:\/\/s.w.org\/images\/core\/emoji\/17.0.2\/svg\/1f37d.svg\" alt=\"\ud83c\udf7d\ufe0f\" \/> <strong data-start=\"368\" data-end=\"377\">12h00<\/strong> &#8211; Almo\u00e7o\n<img decoding=\"async\" role=\"img\" draggable=\"false\" src=\"https:\/\/s.w.org\/images\/core\/emoji\/17.0.2\/svg\/1f501.svg\" alt=\"\ud83d\udd01\" \/> <strong data-start=\"393\" data-end=\"402\">13h30<\/strong> &#8211; Retorno das atividades\n<img decoding=\"async\" role=\"img\" draggable=\"false\" src=\"https:\/\/s.w.org\/images\/core\/emoji\/17.0.2\/svg\/1f6b6-200d-2642-fe0f.svg\" alt=\"\ud83d\udeb6\u200d\u2642\ufe0f\" \/> <strong data-start=\"437\" data-end=\"446\">13h30<\/strong> &#8211; Sa\u00edda dos Pe\u00f5es (Adulto e Veterano) para o local das provas campeiras\n<img decoding=\"async\" role=\"img\" draggable=\"false\" src=\"https:\/\/s.w.org\/images\/core\/emoji\/17.0.2\/svg\/2615.svg\" alt=\"\u2615\" \/> <strong data-start=\"524\" data-end=\"533\">16h30<\/strong> &#8211; Caf\u00e9 da tarde\n<img decoding=\"async\" role=\"img\" draggable=\"false\" src=\"https:\/\/s.w.org\/images\/core\/emoji\/17.0.2\/svg\/1f3c6.svg\" alt=\"\ud83c\udfc6\" \/> <strong data-start=\"555\" data-end=\"564\">20h00<\/strong> &#8211; Cerimonial de Despedida da Gest\u00e3o de Prendas e Pe\u00f5es 2024\/2026 e Entrega de Premia\u00e7\u00e3o\n<h2>\n\t\t\tConhe\u00e7a o Prendado e os Pe\u00f5es Barriga-Verde | 2024-2026\t<\/h2>\n\t<strong>PRENDA MIRIM<\/strong><br \/>\n&#8211; 1\u00aa Prenda Mirim &#8211; Martina Catarina Sordi Dalla Costa &#8211; 17\u00aa RT<br \/>\n&#8211; 2\u00aa prenda mirim &#8211; Larissa de Almeida Pessi Dias &#8211; 6\u00aa RT<br \/>\n&#8211; 3\u00aa Prenda Mirim &#8211; Isabella Baggio &#8211; 13\u00aa RT\n<strong>PRENDA JUVENIL<\/strong><br \/>\n&#8211; 1\u00aa Prenda Juvenil &#8211; Luiza de Oliveira &#8211; 12\u00aa RT<br \/>\n&#8211; 2\u00aa Prenda Juvenil- Sofia Kuhn &#8211; 13\u00aa Rt<br \/>\n&#8211; 3\u00aa Prenda Juvenil- Larissa Sacardo &#8211; 13\u00aa RT\n<strong>PRENDA ADULTA<\/strong><br \/>\n&#8211; 1\u00aa Prenda Adulta &#8211; Gabrieli Justen &#8211; 13\u00aa RT<br \/>\n&#8211; 2\u00aa Prenda Adulta &#8211; Yasmin Salini Sagais &#8211; 17\u00aa RT<br \/>\n&#8211; 3\u00aa Prenda Adulta &#8211; Francieli Pizzi &#8211; 12\u00aa RT\n<strong>PRENDA VETERANA<\/strong><br \/>\n&#8211; 1\u00aa Prenda Veterana &#8211; Vanessa Villanova Kuhnen &#8211; 7\u00aa RT<br \/>\n&#8211; 2\u00aa Prenda Veterana &#8211; Jeana Sanielly Miskievicz &#8211; 9\u00aa RT<br \/>\n&#8211; 3\u00aa Prenda Veterana &#8211; Cristina Antunes de Oliveira &#8211; 6\u00aa RT\n<strong>PRENDA XIR\u00da<\/strong><br \/>\n&#8211; 1\u00aa Prenda Xir\u00fa &#8211; Geni Ribeiro Viana &#8211; 1\u00aa RT<br \/>\n&#8211; 2\u00aa Prenda Xir\u00fa &#8211; Marines Andres &#8211; 13\u00aa RT\n\t<strong>PE\u00c3O BARRIGA-VERDE MIRIM<\/strong><br \/>\n&#8211; 1\u00b0 Pe\u00e3o Barriga-Verde Mirim &#8211; Arthur Castilhos Ramos Senem &#8211; 1\u00aa RT<br \/>\n&#8211; 2\u00b0 Pe\u00e3o Barriga-Verde Mirim &#8211; Davi Dalpiaz &#8211; 13\u00aa RT<br \/>\n&#8211; 3\u00b0 Pe\u00e3o Barriga-Verde Mirim &#8211; Miguel Luiz de Oliveira &#8211; 12\u00aa RT\n<strong>PE\u00c3O BARRIGA-VERDE JUVENIL<\/strong><br \/>\n&#8211; 1\u00b0 Pe\u00e3o Barriga-Verde Juvenil &#8211; Marco Antonio &#8211; 13\u00aa RT<br \/>\n&#8211; 2\u00b0 Pe\u00e3o Barriga-Verde Juvenil &#8211; Kauan Boell Cerbaro &#8211; 1\u00aa RT\n<strong>PE\u00c3O BARRIGA-VERDE ADULTO<\/strong><br \/>\n&#8211; 1\u00ba Pe\u00e3o Barriga-Verde Adulto &#8211; Wesler Nery Rodrigues &#8211; 1\u00aa RT<br \/>\n&#8211; 2\u00ba Pe\u00e3o Barriga-Verde Adulto &#8211; Daniel de Oliveira Freitas &#8211; 12\u00aa RT<br \/>\n&#8211; 3\u00ba Pe\u00e3o Barriga-Verde Adulto &#8211; Jo\u00e3o V\u00edtor Salambaia de Almeida -12\u00aa RT\n<strong>PE\u00c3O BARRIGA-VERDE VETERANO<\/strong><br \/>\n&#8211; 1\u00b0 Pe\u00e3o Barriga-Verde Veterano &#8211; Daniel Cutinski Maria &#8211; 6\u00aa RT<br \/>\n&#8211; 2\u00b0 Pe\u00e3o Barriga-Verde Veterano &#8211; Josenio Cerbaro &#8211; 1\u00aa RT\n\t<iframe src=\"https:\/\/www.google.com\/maps\/embed?pb=!1m14!1m8!1m3!1d14120.251873602158!2d-50.3193199!3d-27.7770339!3m2!1i1024!2i768!4f13.1!3m3!1m2!1s0x94e019692de01df7%3A0xf27b6ebc69761b22!2sMTG%2FSC%20Sede%20Social!5e0!3m2!1spt-BR!2sbr!4v1706800336386!5m2!1spt-BR!2sbr\" width=\"600\" height=\"450\" allowfullscreen=\"\" loading=\"lazy\" referrerpolicy=\"no-referrer-when-downgrade\"><\/iframe>\n<h2>\n\t\t\tLocaliza\u00e7\u00e3o\t<\/h2>\n\t<p><strong>SEDE SOCIAL MTG\/SC<\/strong><\/p>\nAv. Juscelino Kubitscheck de Oliveira, 1700<br \/>\nBairro Restinga Seca &#8211; Lages &#8211; SC<br \/>\nCEP: 88520-000\n\t\t\t<a href=\"https:\/\/goo.gl\/maps\/ZdDB45hqzfQrtvnw8\"  target=\"_blank\" rel=\"noopener\">\n\t\t\t\t\t\t\tLink do Google Maps\n\t\t\t<\/a>","protected":false},"excerpt":{"rendered":"<p>CRONOGRAMA: Per\u00edodo para inscri\u00e7\u00e3o: 01 a 13\/04\/2026 Data do evento: 01 e 02 de Maio de 2026 Local: Sede Social do MTG\/SC &#8211; Av. Juscelino&hellip;<\/p>","protected":false},"author":4,"featured_media":11665,"parent":0,"menu_order":0,"comment_status":"closed","ping_status":"closed","template":"","meta":{"footnotes":""},"class_list":["post-11670","page","type-page","status-publish","has-post-thumbnail","hentry"],"yoast_head":"<!-- This site is optimized with the Yoast SEO plugin v27.4 - https:\/\/yoast.com\/product\/yoast-seo-wordpress\/ -->\n<title>Concurso Estadual de Prendas e Pe\u00f5es Barriga Verde | 2026 - MTG\/SC - Movimento Tradicionalista Ga\u00facho do Estado de Santa Catarina<\/title>\n<meta name=\"robots\" content=\"index, follow, max-snippet:-1, max-image-preview:large, max-video-preview:-1\" \/>\n<link rel=\"canonical\" href=\"https:\/\/www.mtgsc.com.br\/en\/concurso-de-prendas-e-peoes-barriga-verde-2026\/\" \/>\n<meta property=\"og:locale\" content=\"en_US\" \/>\n<meta property=\"og:type\" content=\"article\" \/>\n<meta property=\"og:title\" content=\"Concurso Estadual de Prendas e Pe\u00f5es Barriga Verde | 2026 - MTG\/SC - Movimento Tradicionalista Ga\u00facho do Estado de Santa Catarina\" \/>\n<meta property=\"og:description\" content=\"CRONOGRAMA: Per\u00edodo para inscri\u00e7\u00e3o: 01 a 13\/04\/2026 Data do evento: 01 e 02 de Maio de 2026 Local: Sede Social do MTG\/SC &#8211; Av. Juscelino&hellip;\" \/>\n<meta property=\"og:url\" content=\"https:\/\/www.mtgsc.com.br\/en\/concurso-de-prendas-e-peoes-barriga-verde-2026\/\" \/>\n<meta property=\"og:site_name\" content=\"MTG\/SC - Movimento Tradicionalista Ga\u00facho do Estado de Santa Catarina\" \/>\n<meta property=\"article:publisher\" content=\"https:\/\/www.facebook.com\/MTGSC\" \/>\n<meta property=\"article:modified_time\" content=\"2026-04-16T12:40:45+00:00\" \/>\n<meta property=\"og:image\" content=\"https:\/\/www.mtgsc.com.br\/wp-content\/uploads\/2026\/04\/prendas-e-peos-barriga-verde-2026.jpg\" \/>\n\t<meta property=\"og:image:width\" content=\"400\" \/>\n\t<meta property=\"og:image:height\" content=\"354\" \/>\n\t<meta property=\"og:image:type\" content=\"image\/jpeg\" \/>\n<meta name=\"twitter:card\" content=\"summary_large_image\" \/>\n<meta name=\"twitter:label1\" content=\"Est. reading time\" \/>\n\t<meta name=\"twitter:data1\" content=\"1 minute\" \/>\n<script type=\"application\/ld+json\" class=\"yoast-schema-graph\">{\"@context\":\"https:\\\/\\\/schema.org\",\"@graph\":[{\"@type\":\"WebPage\",\"@id\":\"https:\\\/\\\/www.mtgsc.com.br\\\/concurso-de-prendas-e-peoes-barriga-verde-2026\\\/\",\"url\":\"https:\\\/\\\/www.mtgsc.com.br\\\/concurso-de-prendas-e-peoes-barriga-verde-2026\\\/\",\"name\":\"Concurso Estadual de Prendas e Pe\u00f5es Barriga Verde | 2026 - MTG\\\/SC - Movimento Tradicionalista Ga\u00facho do Estado de Santa Catarina\",\"isPartOf\":{\"@id\":\"https:\\\/\\\/www.mtgsc.com.br\\\/#website\"},\"primaryImageOfPage\":{\"@id\":\"https:\\\/\\\/www.mtgsc.com.br\\\/concurso-de-prendas-e-peoes-barriga-verde-2026\\\/#primaryimage\"},\"image\":{\"@id\":\"https:\\\/\\\/www.mtgsc.com.br\\\/concurso-de-prendas-e-peoes-barriga-verde-2026\\\/#primaryimage\"},\"thumbnailUrl\":\"https:\\\/\\\/www.mtgsc.com.br\\\/wp-content\\\/uploads\\\/2026\\\/04\\\/prendas-e-peos-barriga-verde-2026.jpg\",\"datePublished\":\"2026-04-07T17:54:11+00:00\",\"dateModified\":\"2026-04-16T12:40:45+00:00\",\"breadcrumb\":{\"@id\":\"https:\\\/\\\/www.mtgsc.com.br\\\/concurso-de-prendas-e-peoes-barriga-verde-2026\\\/#breadcrumb\"},\"inLanguage\":\"en-US\",\"potentialAction\":[{\"@type\":\"ReadAction\",\"target\":[\"https:\\\/\\\/www.mtgsc.com.br\\\/concurso-de-prendas-e-peoes-barriga-verde-2026\\\/\"]}]},{\"@type\":\"ImageObject\",\"inLanguage\":\"en-US\",\"@id\":\"https:\\\/\\\/www.mtgsc.com.br\\\/concurso-de-prendas-e-peoes-barriga-verde-2026\\\/#primaryimage\",\"url\":\"https:\\\/\\\/www.mtgsc.com.br\\\/wp-content\\\/uploads\\\/2026\\\/04\\\/prendas-e-peos-barriga-verde-2026.jpg\",\"contentUrl\":\"https:\\\/\\\/www.mtgsc.com.br\\\/wp-content\\\/uploads\\\/2026\\\/04\\\/prendas-e-peos-barriga-verde-2026.jpg\",\"width\":400,\"height\":354},{\"@type\":\"BreadcrumbList\",\"@id\":\"https:\\\/\\\/www.mtgsc.com.br\\\/concurso-de-prendas-e-peoes-barriga-verde-2026\\\/#breadcrumb\",\"itemListElement\":[{\"@type\":\"ListItem\",\"position\":1,\"name\":\"In\u00edcio\",\"item\":\"https:\\\/\\\/www.mtgsc.com.br\\\/\"},{\"@type\":\"ListItem\",\"position\":2,\"name\":\"Concurso Estadual de Prendas e Pe\u00f5es Barriga Verde | 2026\"}]},{\"@type\":\"WebSite\",\"@id\":\"https:\\\/\\\/www.mtgsc.com.br\\\/#website\",\"url\":\"https:\\\/\\\/www.mtgsc.com.br\\\/\",\"name\":\"MTG\\\/SC 50 ANOS\",\"description\":\"Honrar a Hist\u00f3ria e Construir o Futuro\",\"publisher\":{\"@id\":\"https:\\\/\\\/www.mtgsc.com.br\\\/#organization\"},\"potentialAction\":[{\"@type\":\"SearchAction\",\"target\":{\"@type\":\"EntryPoint\",\"urlTemplate\":\"https:\\\/\\\/www.mtgsc.com.br\\\/?s={search_term_string}\"},\"query-input\":{\"@type\":\"PropertyValueSpecification\",\"valueRequired\":true,\"valueName\":\"search_term_string\"}}],\"inLanguage\":\"en-US\"},{\"@type\":\"Organization\",\"@id\":\"https:\\\/\\\/www.mtgsc.com.br\\\/#organization\",\"name\":\"MTG\\\/SC - Movimento Tradicionalista Ga\u00facho de Santa Catarina\",\"alternateName\":\"Movimento Tradicionalista Ga\u00facho de Santa Catarina\",\"url\":\"https:\\\/\\\/www.mtgsc.com.br\\\/\",\"logo\":{\"@type\":\"ImageObject\",\"inLanguage\":\"en-US\",\"@id\":\"https:\\\/\\\/www.mtgsc.com.br\\\/#\\\/schema\\\/logo\\\/image\\\/\",\"url\":\"https:\\\/\\\/www.mtgsc.com.br\\\/wp-content\\\/uploads\\\/2022\\\/03\\\/logo-2018-header-light.png\",\"contentUrl\":\"https:\\\/\\\/www.mtgsc.com.br\\\/wp-content\\\/uploads\\\/2022\\\/03\\\/logo-2018-header-light.png\",\"width\":169,\"height\":150,\"caption\":\"MTG\\\/SC - Movimento Tradicionalista Ga\u00facho de Santa Catarina\"},\"image\":{\"@id\":\"https:\\\/\\\/www.mtgsc.com.br\\\/#\\\/schema\\\/logo\\\/image\\\/\"},\"sameAs\":[\"https:\\\/\\\/www.facebook.com\\\/MTGSC\",\"https:\\\/\\\/www.instagram.com\\\/mtgsc\\\/\"]}]}<\/script>\n<!-- \/ Yoast SEO plugin. -->","yoast_head_json":{"title":"Concurso Estadual de Prendas e Pe\u00f5es Barriga Verde | 2026 - MTG\/SC - Movimento Tradicionalista Ga\u00facho do Estado de Santa Catarina","robots":{"index":"index","follow":"follow","max-snippet":"max-snippet:-1","max-image-preview":"max-image-preview:large","max-video-preview":"max-video-preview:-1"},"canonical":"https:\/\/www.mtgsc.com.br\/en\/concurso-de-prendas-e-peoes-barriga-verde-2026\/","og_locale":"en_US","og_type":"article","og_title":"Concurso Estadual de Prendas e Pe\u00f5es Barriga Verde | 2026 - MTG\/SC - Movimento Tradicionalista Ga\u00facho do Estado de Santa Catarina","og_description":"CRONOGRAMA: Per\u00edodo para inscri\u00e7\u00e3o: 01 a 13\/04\/2026 Data do evento: 01 e 02 de Maio de 2026 Local: Sede Social do MTG\/SC &#8211; Av. Juscelino&hellip;","og_url":"https:\/\/www.mtgsc.com.br\/en\/concurso-de-prendas-e-peoes-barriga-verde-2026\/","og_site_name":"MTG\/SC - Movimento Tradicionalista Ga\u00facho do Estado de Santa Catarina","article_publisher":"https:\/\/www.facebook.com\/MTGSC","article_modified_time":"2026-04-16T12:40:45+00:00","og_image":[{"width":400,"height":354,"url":"https:\/\/www.mtgsc.com.br\/wp-content\/uploads\/2026\/04\/prendas-e-peos-barriga-verde-2026.jpg","type":"image\/jpeg"}],"twitter_card":"summary_large_image","twitter_misc":{"Est. reading time":"1 minute"},"schema":{"@context":"https:\/\/schema.org","@graph":[{"@type":"WebPage","@id":"https:\/\/www.mtgsc.com.br\/concurso-de-prendas-e-peoes-barriga-verde-2026\/","url":"https:\/\/www.mtgsc.com.br\/concurso-de-prendas-e-peoes-barriga-verde-2026\/","name":"Concurso Estadual de Prendas e Pe\u00f5es Barriga Verde | 2026 - MTG\/SC - Movimento Tradicionalista Ga\u00facho do Estado de Santa Catarina","isPartOf":{"@id":"https:\/\/www.mtgsc.com.br\/#website"},"primaryImageOfPage":{"@id":"https:\/\/www.mtgsc.com.br\/concurso-de-prendas-e-peoes-barriga-verde-2026\/#primaryimage"},"image":{"@id":"https:\/\/www.mtgsc.com.br\/concurso-de-prendas-e-peoes-barriga-verde-2026\/#primaryimage"},"thumbnailUrl":"https:\/\/www.mtgsc.com.br\/wp-content\/uploads\/2026\/04\/prendas-e-peos-barriga-verde-2026.jpg","datePublished":"2026-04-07T17:54:11+00:00","dateModified":"2026-04-16T12:40:45+00:00","breadcrumb":{"@id":"https:\/\/www.mtgsc.com.br\/concurso-de-prendas-e-peoes-barriga-verde-2026\/#breadcrumb"},"inLanguage":"en-US","potentialAction":[{"@type":"ReadAction","target":["https:\/\/www.mtgsc.com.br\/concurso-de-prendas-e-peoes-barriga-verde-2026\/"]}]},{"@type":"ImageObject","inLanguage":"en-US","@id":"https:\/\/www.mtgsc.com.br\/concurso-de-prendas-e-peoes-barriga-verde-2026\/#primaryimage","url":"https:\/\/www.mtgsc.com.br\/wp-content\/uploads\/2026\/04\/prendas-e-peos-barriga-verde-2026.jpg","contentUrl":"https:\/\/www.mtgsc.com.br\/wp-content\/uploads\/2026\/04\/prendas-e-peos-barriga-verde-2026.jpg","width":400,"height":354},{"@type":"BreadcrumbList","@id":"https:\/\/www.mtgsc.com.br\/concurso-de-prendas-e-peoes-barriga-verde-2026\/#breadcrumb","itemListElement":[{"@type":"ListItem","position":1,"name":"In\u00edcio","item":"https:\/\/www.mtgsc.com.br\/"},{"@type":"ListItem","position":2,"name":"Concurso Estadual de Prendas e Pe\u00f5es Barriga Verde | 2026"}]},{"@type":"WebSite","@id":"https:\/\/www.mtgsc.com.br\/#website","url":"https:\/\/www.mtgsc.com.br\/","name":"MTG\/SC 50 ANOS","description":"Honrar a Hist\u00f3ria e Construir o Futuro","publisher":{"@id":"https:\/\/www.mtgsc.com.br\/#organization"},"potentialAction":[{"@type":"SearchAction","target":{"@type":"EntryPoint","urlTemplate":"https:\/\/www.mtgsc.com.br\/?s={search_term_string}"},"query-input":{"@type":"PropertyValueSpecification","valueRequired":true,"valueName":"search_term_string"}}],"inLanguage":"en-US"},{"@type":"Organization","@id":"https:\/\/www.mtgsc.com.br\/#organization","name":"MTG\/SC - Movimento Tradicionalista Ga\u00facho de Santa Catarina","alternateName":"Movimento Tradicionalista Ga\u00facho de Santa Catarina","url":"https:\/\/www.mtgsc.com.br\/","logo":{"@type":"ImageObject","inLanguage":"en-US","@id":"https:\/\/www.mtgsc.com.br\/#\/schema\/logo\/image\/","url":"https:\/\/www.mtgsc.com.br\/wp-content\/uploads\/2022\/03\/logo-2018-header-light.png","contentUrl":"https:\/\/www.mtgsc.com.br\/wp-content\/uploads\/2022\/03\/logo-2018-header-light.png","width":169,"height":150,"caption":"MTG\/SC - Movimento Tradicionalista Ga\u00facho de Santa Catarina"},"image":{"@id":"https:\/\/www.mtgsc.com.br\/#\/schema\/logo\/image\/"},"sameAs":["https:\/\/www.facebook.com\/MTGSC","https:\/\/www.instagram.com\/mtgsc\/"]}]}},"_links":{"self":[{"href":"https:\/\/www.mtgsc.com.br\/en\/wp-json\/wp\/v2\/pages\/11670","targetHints":{"allow":["GET"]}}],"collection":[{"href":"https:\/\/www.mtgsc.com.br\/en\/wp-json\/wp\/v2\/pages"}],"about":[{"href":"https:\/\/www.mtgsc.com.br\/en\/wp-json\/wp\/v2\/types\/page"}],"author":[{"embeddable":true,"href":"https:\/\/www.mtgsc.com.br\/en\/wp-json\/wp\/v2\/users\/4"}],"replies":[{"embeddable":true,"href":"https:\/\/www.mtgsc.com.br\/en\/wp-json\/wp\/v2\/comments?post=11670"}],"version-history":[{"count":5,"href":"https:\/\/www.mtgsc.com.br\/en\/wp-json\/wp\/v2\/pages\/11670\/revisions"}],"predecessor-version":[{"id":11760,"href":"https:\/\/www.mtgsc.com.br\/en\/wp-json\/wp\/v2\/pages\/11670\/revisions\/11760"}],"wp:featuredmedia":[{"embeddable":true,"href":"https:\/\/www.mtgsc.com.br\/en\/wp-json\/wp\/v2\/media\/11665"}],"wp:attachment":[{"href":"https:\/\/www.mtgsc.com.br\/en\/wp-json\/wp\/v2\/media?parent=11670"}],"curies":[{"name":"wp","href":"https:\/\/api.w.org\/{rel}","templated":true}]}}