{"id":3728,"date":"2022-03-15T14:48:51","date_gmt":"2022-03-15T17:48:51","guid":{"rendered":"https:\/\/www.mtgsc.com.br\/?page_id=3728"},"modified":"2024-03-13T10:01:51","modified_gmt":"2024-03-13T13:01:51","slug":"eventos-artisticos","status":"publish","type":"page","link":"https:\/\/www.mtgsc.com.br\/en\/eventos-artisticos\/","title":{"rendered":"Eventos Art\u00edsticos"},"content":{"rendered":"<!=========Events list Template 2.6.2=========><div id=\"ect-events-list-content\"><div id=\"list-wrp\" class=\"ect-list-wrapper artisticos\"><div id=\"event-11481\" class=\"ect-list-post style-1 ect-simple-event future\"><div class=\"ect-list-post-left\">\n\t\t\t\t<div class=\"ect-list-img\" style=\"background-image:url(&#039;https:\/\/www.mtgsc.com.br\/wp-content\/uploads\/2025\/10\/cfor-online.png&#039;);background-size:cover;\"><a href=\"https:\/\/www.mtgsc.com.br\/en\/evento\/cfor-modulo-1-edicao-online\/\" alt=\"CFOR | M\u00f3dulo 1 &#8211; Edi\u00e7\u00e3o Online\" rel=\"bookmark\"><div class=\"ect-list-date\"><div class=\"ect-date-area default-schedule\"><span class=\"ev-day\">15<\/span>\n\t\t\t\t\t<span class=\"ev-mo\">April<\/span>\n\t\t\t\t\t<span class=\"ev-yr\">2026<\/span><\/div><\/div><\/a><\/div><\/div><!-- left-post close --><div class=\"ect-list-post-right\">\n\t\t\t\t<div class=\"ect-list-post-right-table\"><div class=\"ect-list-description\" style=\"width:100%;\"><h2 class=\"ect-list-title\"><a class=\"ect-event-url\" href=\"https:\/\/www.mtgsc.com.br\/en\/evento\/cfor-modulo-1-edicao-online\/\" rel=\"bookmark\">CFOR | M\u00f3dulo 1 &#8211; Edi\u00e7\u00e3o Online<\/a><\/h2><!-- Event Content --><div class=\"ect-event-content\"><p>Curso de Forma\u00e7\u00e3o Tradicionalista do MTG\/SC - M\u00f3dulo I - N\u00edvel B\u00e1sico Dias 15 e 16 de Abril | Via internet Fa\u00e7a sua inscri\u00e7\u00e3o, clique&hellip;<\/p>\n<\/div><!-- Event Ticket Price Info -->\n                 <div class=\"ect-rate-area\">\n                 <span class=\"ect-icon\"><i class=\"ect-icon-ticket\"><\/i><\/span>\n                 <span class=\"ect-rate\">R$50<\/span>\n                 <\/div><a href=\"https:\/\/www.mtgsc.com.br\/en\/evento\/cfor-modulo-1-edicao-online\/\" class=\"ect-events-read-more\" rel=\"bookmark\">\u00bb Ver detalhes do evento<\/a><\/div><\/div><\/div><!-- right-wrapper close --><\/div><!-- event-loop-end --><div id=\"event-11610\" class=\"ect-list-post style-1 ect-simple-event future\"><div class=\"ect-list-post-left\">\n\t\t\t\t<div class=\"ect-list-img\" style=\"background-image:url(&#039;https:\/\/www.mtgsc.com.br\/wp-content\/uploads\/2022\/03\/eventos-thumb-1.jpg&#039;);background-size:cover;\"><a href=\"https:\/\/www.mtgsc.com.br\/en\/evento\/1a-etapa-do-festival-gaucho-do-litoral-fegasc\/\" alt=\"1\u00aa ETAPA DO FESTIVAL GA\u00daCHO DO LITORAL &#8211; FEGASC\" rel=\"bookmark\"><div class=\"ect-list-date\"><div class=\"ect-date-area default-schedule\"><span class=\"ev-day\">25<\/span>\n\t\t\t\t\t<span class=\"ev-mo\">April<\/span>\n\t\t\t\t\t<span class=\"ev-yr\">2026<\/span><\/div><\/div><\/a><\/div><\/div><!-- left-post close --><div class=\"ect-list-post-right\">\n\t\t\t\t<div class=\"ect-list-post-right-table\"><div class=\"ect-list-description\" style=\"width:100%;\"><h2 class=\"ect-list-title\"><a class=\"ect-event-url\" href=\"https:\/\/www.mtgsc.com.br\/en\/evento\/1a-etapa-do-festival-gaucho-do-litoral-fegasc\/\" rel=\"bookmark\">1\u00aa ETAPA DO FESTIVAL GA\u00daCHO DO LITORAL &#8211; FEGASC<\/a><\/h2><!-- Event Content --><div class=\"ect-event-content\"><p>Vem a\u00ed a 1\u00aa Etapa do FEGASC Terceira Edi\u00e7\u00e3o 2026 Dias 25 e 26 de abril 2026 Local: Parque Municipal do Agricultor de Itaja\u00ed-SC Realiza\u00e7\u00e3o:&hellip;<\/p>\n<\/div><a href=\"https:\/\/www.mtgsc.com.br\/en\/evento\/1a-etapa-do-festival-gaucho-do-litoral-fegasc\/\" class=\"ect-events-read-more\" rel=\"bookmark\">\u00bb Ver detalhes do evento<\/a><\/div><\/div><\/div><!-- right-wrapper close --><\/div><!-- event-loop-end --><div id=\"event-11681\" class=\"ect-list-post style-1 ect-simple-event future\"><div class=\"ect-list-post-left\">\n\t\t\t\t<div class=\"ect-list-img\" style=\"background-image:url(&#039;https:\/\/www.mtgsc.com.br\/wp-content\/uploads\/2026\/04\/FACPS-ETAPA-CAMPOS-NOVOS-BANNER-585x1024.jpeg&#039;);background-size:cover;\"><a href=\"https:\/\/www.mtgsc.com.br\/en\/evento\/1a-etapa-do-festival-de-arte-e-cultura-planalto-serra\/\" alt=\"1\u00aa ETAPA DO FESTIVAL DE ARTE E CULTURA PLANALTO SERRA\" rel=\"bookmark\"><div class=\"ect-list-date\"><div class=\"ect-date-area default-schedule\"><span class=\"ev-day\">26<\/span>\n\t\t\t\t\t<span class=\"ev-mo\">April<\/span>\n\t\t\t\t\t<span class=\"ev-yr\">2026<\/span><\/div><\/div><\/a><\/div><\/div><!-- left-post close --><div class=\"ect-list-post-right\">\n\t\t\t\t<div class=\"ect-list-post-right-table\"><div class=\"ect-list-description\" style=\"width:100%;\"><h2 class=\"ect-list-title\"><a class=\"ect-event-url\" href=\"https:\/\/www.mtgsc.com.br\/en\/evento\/1a-etapa-do-festival-de-arte-e-cultura-planalto-serra\/\" rel=\"bookmark\">1\u00aa ETAPA DO FESTIVAL DE ARTE E CULTURA PLANALTO SERRA<\/a><\/h2><!-- Event Content --><div class=\"ect-event-content\"><p>Acontecer\u00e1 no dia 26 de abril de 2026, no municipio de Campos Novos a 1\u00aa Etapa do Festival de Arte e Cultura Planalto Serra -&hellip;<\/p>\n<\/div><a href=\"https:\/\/www.mtgsc.com.br\/en\/evento\/1a-etapa-do-festival-de-arte-e-cultura-planalto-serra\/\" class=\"ect-events-read-more\" rel=\"bookmark\">\u00bb Ver detalhes do evento<\/a><\/div><\/div><\/div><!-- right-wrapper close --><\/div><!-- event-loop-end --><div id=\"event-11227\" class=\"ect-list-post style-1 ect-simple-event future\"><div class=\"ect-list-post-left\">\n\t\t\t\t<div class=\"ect-list-img\" style=\"background-image:url(&#039;https:\/\/www.mtgsc.com.br\/wp-content\/uploads\/2022\/03\/eventos-thumb-1.jpg&#039;);background-size:cover;\"><a href=\"https:\/\/www.mtgsc.com.br\/en\/evento\/concurso-estadual-de-prendas-e-peoes\/\" alt=\"Concurso Estadual de Prendas e Pe\u00f5es\" rel=\"bookmark\"><div class=\"ect-list-date\"><div class=\"ect-date-area default-schedule\"><span class=\"ev-day\">01<\/span>\n\t\t\t\t\t<span class=\"ev-mo\">May<\/span>\n\t\t\t\t\t<span class=\"ev-yr\">2026<\/span><\/div><\/div><\/a><\/div><\/div><!-- left-post close --><div class=\"ect-list-post-right\">\n\t\t\t\t<div class=\"ect-list-post-right-table\"><div class=\"ect-list-description\" style=\"width:100%;\"><h2 class=\"ect-list-title\"><a class=\"ect-event-url\" href=\"https:\/\/www.mtgsc.com.br\/en\/evento\/concurso-estadual-de-prendas-e-peoes\/\" rel=\"bookmark\">Concurso Estadual de Prendas e Pe\u00f5es<\/a><\/h2><!-- Event Content --><div class=\"ect-event-content\"><p>Concurso Estadual de Prendas e Pe\u00f5es 01 e 02 de maio de 2026<\/p>\n<\/div><a href=\"https:\/\/www.mtgsc.com.br\/en\/evento\/concurso-estadual-de-prendas-e-peoes\/\" class=\"ect-events-read-more\" rel=\"bookmark\">\u00bb Ver detalhes do evento<\/a><\/div><\/div><\/div><!-- right-wrapper close --><\/div><!-- event-loop-end --><div id=\"event-11694\" class=\"ect-list-post style-1 ect-simple-event future\"><div class=\"ect-list-post-left\">\n\t\t\t\t<div class=\"ect-list-img\" style=\"background-image:url(&#039;https:\/\/www.mtgsc.com.br\/wp-content\/uploads\/2026\/04\/FACPS-GERAL-1024x1024.jpeg&#039;);background-size:cover;\"><a href=\"https:\/\/www.mtgsc.com.br\/en\/evento\/2a-etapa-do-festival-de-arte-e-cultura-planalto-serra\/\" alt=\"2\u00aa ETAPA DO FESTIVAL DE ARTE E CULTURA PLANALTO SERRA\" rel=\"bookmark\"><div class=\"ect-list-date\"><div class=\"ect-date-area default-schedule\"><span class=\"ev-day\">06<\/span>\n\t\t\t\t\t<span class=\"ev-mo\">June<\/span>\n\t\t\t\t\t<span class=\"ev-yr\">2026<\/span><\/div><\/div><\/a><\/div><\/div><!-- left-post close --><div class=\"ect-list-post-right\">\n\t\t\t\t<div class=\"ect-list-post-right-table\"><div class=\"ect-list-description\" style=\"width:100%;\"><h2 class=\"ect-list-title\"><a class=\"ect-event-url\" href=\"https:\/\/www.mtgsc.com.br\/en\/evento\/2a-etapa-do-festival-de-arte-e-cultura-planalto-serra\/\" rel=\"bookmark\">2\u00aa ETAPA DO FESTIVAL DE ARTE E CULTURA PLANALTO SERRA<\/a><\/h2><!-- Event Content --><div class=\"ect-event-content\"><p>Acontecer\u00e1 nos dia 06 e 07 de junho de 2026, no municipio de Lages, juntamente com a 36\u00aa Festa Nacional do Pinh\u00e3o o a 2\u00aa&hellip;<\/p>\n<\/div><a href=\"https:\/\/www.mtgsc.com.br\/en\/evento\/2a-etapa-do-festival-de-arte-e-cultura-planalto-serra\/\" class=\"ect-events-read-more\" rel=\"bookmark\">\u00bb Ver detalhes do evento<\/a><\/div><\/div><\/div><!-- right-wrapper close --><\/div><!-- event-loop-end --><div id=\"event-11128\" class=\"ect-list-post style-1 ect-simple-event future\"><div class=\"ect-list-post-left\">\n\t\t\t\t<div class=\"ect-list-img\" style=\"background-image:url(&#039;https:\/\/www.mtgsc.com.br\/wp-content\/uploads\/2025\/12\/7-rodeio-abdon-batista-768x1024.jpg&#039;);background-size:cover;\"><a href=\"https:\/\/www.mtgsc.com.br\/en\/evento\/7o-rodeio-artistico-e-cultural-nacional-de-abdon-batista\/\" alt=\"7\u00ba Rodeio Art\u00edstico e Cultural Nacional de Abdon Batista\" rel=\"bookmark\"><div class=\"ect-list-date\"><div class=\"ect-date-area default-schedule\"><span class=\"ev-day\">13<\/span>\n\t\t\t\t\t<span class=\"ev-mo\">June<\/span>\n\t\t\t\t\t<span class=\"ev-yr\">2026<\/span><\/div><\/div><\/a><\/div><\/div><!-- left-post close --><div class=\"ect-list-post-right\">\n\t\t\t\t<div class=\"ect-list-post-right-table\"><div class=\"ect-list-description\" style=\"width:100%;\"><h2 class=\"ect-list-title\"><a class=\"ect-event-url\" href=\"https:\/\/www.mtgsc.com.br\/en\/evento\/7o-rodeio-artistico-e-cultural-nacional-de-abdon-batista\/\" rel=\"bookmark\">7\u00ba Rodeio Art\u00edstico e Cultural Nacional de Abdon Batista<\/a><\/h2><!-- Event Content --><div class=\"ect-event-content\"><p>Vem a\u00ed o 7\u00ba Rodeio Art\u00edstico e Cultural Nacional de Abdon Batista!<\/p>\n<\/div><a href=\"https:\/\/www.mtgsc.com.br\/en\/evento\/7o-rodeio-artistico-e-cultural-nacional-de-abdon-batista\/\" class=\"ect-events-read-more\" rel=\"bookmark\">\u00bb Ver detalhes do evento<\/a><\/div><\/div><\/div><!-- right-wrapper close --><\/div><!-- event-loop-end --><div id=\"event-11716\" class=\"ect-list-post style-1 ect-simple-event future\"><div class=\"ect-list-post-left\">\n\t\t\t\t<div class=\"ect-list-img\" style=\"background-image:url(&#039;https:\/\/www.mtgsc.com.br\/wp-content\/uploads\/2026\/02\/encontro-dancas-tradicionais-gauchas-chapeco-sc-8-1-1024x768.jpeg&#039;);background-size:cover;\"><a href=\"https:\/\/www.mtgsc.com.br\/en\/evento\/oficina-dancas-de-salao\/\" alt=\"OFICINA &#8220;DAN\u00c7AS DE SAL\u00c3O&#8221;\" rel=\"bookmark\"><div class=\"ect-list-date\"><div class=\"ect-date-area default-schedule\"><span class=\"ev-day\">27<\/span>\n\t\t\t\t\t<span class=\"ev-mo\">June<\/span>\n\t\t\t\t\t<span class=\"ev-yr\">2026<\/span><\/div><\/div><\/a><\/div><\/div><!-- left-post close --><div class=\"ect-list-post-right\">\n\t\t\t\t<div class=\"ect-list-post-right-table\"><div class=\"ect-list-description\" style=\"width:100%;\"><h2 class=\"ect-list-title\"><a class=\"ect-event-url\" href=\"https:\/\/www.mtgsc.com.br\/en\/evento\/oficina-dancas-de-salao\/\" rel=\"bookmark\">OFICINA &#8220;DAN\u00c7AS DE SAL\u00c3O&#8221;<\/a><\/h2><!-- Event Content --><div class=\"ect-event-content\"><p>Nos dias 27 e 28 de junho de 2026, a partir das 09h00, acontecer\u00e1 na sede social do MTG\/SC, a oficina \"Dan\u00e7as de Sal\u00e3o\". Curso&hellip;<\/p>\n<\/div><a href=\"https:\/\/www.mtgsc.com.br\/en\/evento\/oficina-dancas-de-salao\/\" class=\"ect-events-read-more\" rel=\"bookmark\">\u00bb Ver detalhes do evento<\/a><\/div><\/div><\/div><!-- right-wrapper close --><\/div><!-- event-loop-end --><div id=\"event-11722\" class=\"ect-list-post style-1 ect-simple-event future\"><div class=\"ect-list-post-left\">\n\t\t\t\t<div class=\"ect-list-img\" style=\"background-image:url(&#039;https:\/\/www.mtgsc.com.br\/wp-content\/uploads\/2022\/03\/eventos-thumb-1.jpg&#039;);background-size:cover;\"><a href=\"https:\/\/www.mtgsc.com.br\/en\/evento\/2a-etapa-curso-dancas-tradicionais-e-curso-das-dancas-do-livro-passos-compassos\/\" alt=\"2\u00aa ETAPA CURSO &#8220;DAN\u00c7AS TRADICIONAIS E CURSO DAS DAN\u00c7AS DO LIVRO PASSOS &amp; COMPASSOS\" rel=\"bookmark\"><div class=\"ect-list-date\"><div class=\"ect-date-area default-schedule\"><span class=\"ev-day\">25<\/span>\n\t\t\t\t\t<span class=\"ev-mo\">July<\/span>\n\t\t\t\t\t<span class=\"ev-yr\">2026<\/span><\/div><\/div><\/a><\/div><\/div><!-- left-post close --><div class=\"ect-list-post-right\">\n\t\t\t\t<div class=\"ect-list-post-right-table\"><div class=\"ect-list-description\" style=\"width:100%;\"><h2 class=\"ect-list-title\"><a class=\"ect-event-url\" href=\"https:\/\/www.mtgsc.com.br\/en\/evento\/2a-etapa-curso-dancas-tradicionais-e-curso-das-dancas-do-livro-passos-compassos\/\" rel=\"bookmark\">2\u00aa ETAPA CURSO &#8220;DAN\u00c7AS TRADICIONAIS E CURSO DAS DAN\u00c7AS DO LIVRO PASSOS &amp; COMPASSOS<\/a><\/h2><!-- Event Content --><div class=\"ect-event-content\"><p>Acontecer\u00e1 nos dias 25 e 26 de julho, a 2\u00aa ETAPA CURSO \"DAN\u00c7AS TRADICIONAIS E CURSO DAS DAN\u00c7AS DO LIVRO PASSOS &amp; COMPASSOS, na UNIPLAC,&hellip;<\/p>\n<\/div><a href=\"https:\/\/www.mtgsc.com.br\/en\/evento\/2a-etapa-curso-dancas-tradicionais-e-curso-das-dancas-do-livro-passos-compassos\/\" class=\"ect-events-read-more\" rel=\"bookmark\">\u00bb Ver detalhes do evento<\/a><\/div><\/div><\/div><!-- right-wrapper close --><\/div><!-- event-loop-end --><div id=\"event-11205\" class=\"ect-list-post style-1 ect-simple-event future\"><div class=\"ect-list-post-left\">\n\t\t\t\t<div class=\"ect-list-img\" style=\"background-image:url(&#039;https:\/\/www.mtgsc.com.br\/wp-content\/uploads\/2026\/01\/VEM-AI-XXVI-fecart-lages-768x1024.jpg&#039;);background-size:cover;\"><a href=\"https:\/\/www.mtgsc.com.br\/en\/evento\/xxvi-fecart-festival-catarinense-de-arte-e-tradicao\/\" alt=\"XXVI FECART &#8211; Festival Catarinense de Arte e Tradi\u00e7\u00e3o\" rel=\"bookmark\"><div class=\"ect-list-date\"><div class=\"ect-date-area default-schedule\"><span class=\"ev-day\">05<\/span>\n\t\t\t\t\t<span class=\"ev-mo\">September<\/span>\n\t\t\t\t\t<span class=\"ev-yr\">2026<\/span><\/div><\/div><\/a><\/div><\/div><!-- left-post close --><div class=\"ect-list-post-right\">\n\t\t\t\t<div class=\"ect-list-post-right-table\"><div class=\"ect-list-description\" style=\"width:100%;\"><h2 class=\"ect-list-title\"><a class=\"ect-event-url\" href=\"https:\/\/www.mtgsc.com.br\/en\/evento\/xxvi-fecart-festival-catarinense-de-arte-e-tradicao\/\" rel=\"bookmark\">XXVI FECART &#8211; Festival Catarinense de Arte e Tradi\u00e7\u00e3o<\/a><\/h2><!-- Event Content --><div class=\"ect-event-content\"><\/div><a href=\"https:\/\/www.mtgsc.com.br\/en\/evento\/xxvi-fecart-festival-catarinense-de-arte-e-tradicao\/\" class=\"ect-events-read-more\" rel=\"bookmark\">\u00bb Ver detalhes do evento<\/a><\/div><\/div><\/div><!-- right-wrapper close --><\/div><!-- event-loop-end --><div id=\"event-11698\" class=\"ect-list-post style-1 ect-simple-event future\"><div class=\"ect-list-post-left\">\n\t\t\t\t<div class=\"ect-list-img\" style=\"background-image:url(&#039;https:\/\/www.mtgsc.com.br\/wp-content\/uploads\/2026\/04\/FACPS-GERAL-1024x1024.jpeg&#039;);background-size:cover;\"><a href=\"https:\/\/www.mtgsc.com.br\/en\/evento\/3a-etapa-do-festival-de-arte-e-cultura-planalto-serra\/\" alt=\"3\u00aa ETAPA DO FESTIVAL DE ARTE E CULTURA PLANALTO SERRA\" rel=\"bookmark\"><div class=\"ect-list-date\"><div class=\"ect-date-area default-schedule\"><span class=\"ev-day\">08<\/span>\n\t\t\t\t\t<span class=\"ev-mo\">November<\/span>\n\t\t\t\t\t<span class=\"ev-yr\">2026<\/span><\/div><\/div><\/a><\/div><\/div><!-- left-post close --><div class=\"ect-list-post-right\">\n\t\t\t\t<div class=\"ect-list-post-right-table\"><div class=\"ect-list-description\" style=\"width:100%;\"><h2 class=\"ect-list-title\"><a class=\"ect-event-url\" href=\"https:\/\/www.mtgsc.com.br\/en\/evento\/3a-etapa-do-festival-de-arte-e-cultura-planalto-serra\/\" rel=\"bookmark\">3\u00aa ETAPA DO FESTIVAL DE ARTE E CULTURA PLANALTO SERRA<\/a><\/h2><!-- Event Content --><div class=\"ect-event-content\"><p>Acontecer\u00e1 no dia 08 de novembro, a 3\u00aa ETAPA DO FESTIVAL DE ARTE E CULTURA PLANALTO SERRA, Munic\u00edpio de Ca\u00e7ador, Prefeitura Municipal \u2013 GRUPO DE&hellip;<\/p>\n<\/div><a href=\"https:\/\/www.mtgsc.com.br\/en\/evento\/3a-etapa-do-festival-de-arte-e-cultura-planalto-serra\/\" class=\"ect-events-read-more\" rel=\"bookmark\">\u00bb Ver detalhes do evento<\/a><\/div><\/div><\/div><!-- right-wrapper close --><\/div><!-- event-loop-end --><div id=\"event-11706\" class=\"ect-list-post style-1 ect-simple-event future\"><div class=\"ect-list-post-left\">\n\t\t\t\t<div class=\"ect-list-img\" style=\"background-image:url(&#039;https:\/\/www.mtgsc.com.br\/wp-content\/uploads\/2026\/04\/FACPS-GERAL-1024x1024.jpeg&#039;);background-size:cover;\"><a href=\"https:\/\/www.mtgsc.com.br\/en\/evento\/4a-etapa-do-festival-de-arte-e-cultura-planalto-serra\/\" alt=\"4\u00aa ETAPA DO FESTIVAL DE ARTE E CULTURA PLANALTO SERRA\" rel=\"bookmark\"><div class=\"ect-list-date\"><div class=\"ect-date-area default-schedule\"><span class=\"ev-day\">29<\/span>\n\t\t\t\t\t<span class=\"ev-mo\">November<\/span>\n\t\t\t\t\t<span class=\"ev-yr\">2026<\/span><\/div><\/div><\/a><\/div><\/div><!-- left-post close --><div class=\"ect-list-post-right\">\n\t\t\t\t<div class=\"ect-list-post-right-table\"><div class=\"ect-list-description\" style=\"width:100%;\"><h2 class=\"ect-list-title\"><a class=\"ect-event-url\" href=\"https:\/\/www.mtgsc.com.br\/en\/evento\/4a-etapa-do-festival-de-arte-e-cultura-planalto-serra\/\" rel=\"bookmark\">4\u00aa ETAPA DO FESTIVAL DE ARTE E CULTURA PLANALTO SERRA<\/a><\/h2><!-- Event Content --><div class=\"ect-event-content\"><p>4\u00ba Etapa dia 29 de novembro, Munic\u00edpio de S\u00e3o Joaquim, Prefeitura Municipal \u00a0\u2013 CTG Minuano Catarinense; EM BREVE MAIORES INFORMA\u00c7\u00d5ES<\/p>\n<\/div><a href=\"https:\/\/www.mtgsc.com.br\/en\/evento\/4a-etapa-do-festival-de-arte-e-cultura-planalto-serra\/\" class=\"ect-events-read-more\" rel=\"bookmark\">\u00bb Ver detalhes do evento<\/a><\/div><\/div><\/div><!-- right-wrapper close --><\/div><!-- event-loop-end --><\/div><\/div>","protected":false},"excerpt":{"rendered":"<p>4\u00ba Etapa dia 29 de novembro, Munic\u00edpio de S\u00e3o Joaquim, Prefeitura Municipal \u00a0\u2013 CTG Minuano Catarinense; EM BREVE MAIORES INFORMA\u00c7\u00d5ES<\/p>","protected":false},"author":4,"featured_media":0,"parent":0,"menu_order":0,"comment_status":"closed","ping_status":"closed","template":"","meta":{"footnotes":""},"class_list":["post-3728","page","type-page","status-publish","hentry","cat_2a-rt","cat_artisticos"],"yoast_head":"<!-- This site is optimized with the Yoast SEO plugin v27.4 - https:\/\/yoast.com\/product\/yoast-seo-wordpress\/ -->\n<title>Eventos Art\u00edsticos - MTG\/SC - Movimento Tradicionalista Ga\u00facho do Estado de Santa Catarina<\/title>\n<meta name=\"robots\" content=\"index, follow, max-snippet:-1, max-image-preview:large, max-video-preview:-1\" \/>\n<link rel=\"canonical\" href=\"https:\/\/www.mtgsc.com.br\/en\/eventos-artisticos\/\" \/>\n<meta property=\"og:locale\" content=\"en_US\" \/>\n<meta property=\"og:type\" content=\"article\" \/>\n<meta property=\"og:title\" content=\"Eventos Art\u00edsticos - MTG\/SC - Movimento Tradicionalista Ga\u00facho do Estado de Santa Catarina\" \/>\n<meta property=\"og:url\" content=\"https:\/\/www.mtgsc.com.br\/en\/eventos-artisticos\/\" \/>\n<meta property=\"og:site_name\" content=\"MTG\/SC - Movimento Tradicionalista Ga\u00facho do Estado de Santa Catarina\" \/>\n<meta property=\"article:publisher\" content=\"https:\/\/www.facebook.com\/MTGSC\" \/>\n<meta property=\"article:modified_time\" content=\"2024-03-13T13:01:51+00:00\" \/>\n<meta name=\"twitter:card\" content=\"summary_large_image\" \/>\n<script type=\"application\/ld+json\" class=\"yoast-schema-graph\">{\"@context\":\"https:\\\/\\\/schema.org\",\"@graph\":[{\"@type\":\"WebPage\",\"@id\":\"https:\\\/\\\/www.mtgsc.com.br\\\/eventos-artisticos\\\/\",\"url\":\"https:\\\/\\\/www.mtgsc.com.br\\\/eventos-artisticos\\\/\",\"name\":\"Eventos Art\u00edsticos - MTG\\\/SC - Movimento Tradicionalista Ga\u00facho do Estado de Santa Catarina\",\"isPartOf\":{\"@id\":\"https:\\\/\\\/www.mtgsc.com.br\\\/#website\"},\"datePublished\":\"2022-03-15T17:48:51+00:00\",\"dateModified\":\"2024-03-13T13:01:51+00:00\",\"breadcrumb\":{\"@id\":\"https:\\\/\\\/www.mtgsc.com.br\\\/eventos-artisticos\\\/#breadcrumb\"},\"inLanguage\":\"en-US\",\"potentialAction\":[{\"@type\":\"ReadAction\",\"target\":[\"https:\\\/\\\/www.mtgsc.com.br\\\/eventos-artisticos\\\/\"]}]},{\"@type\":\"BreadcrumbList\",\"@id\":\"https:\\\/\\\/www.mtgsc.com.br\\\/eventos-artisticos\\\/#breadcrumb\",\"itemListElement\":[{\"@type\":\"ListItem\",\"position\":1,\"name\":\"In\u00edcio\",\"item\":\"https:\\\/\\\/www.mtgsc.com.br\\\/\"},{\"@type\":\"ListItem\",\"position\":2,\"name\":\"Eventos Art\u00edsticos\"}]},{\"@type\":\"WebSite\",\"@id\":\"https:\\\/\\\/www.mtgsc.com.br\\\/#website\",\"url\":\"https:\\\/\\\/www.mtgsc.com.br\\\/\",\"name\":\"MTG\\\/SC 50 ANOS\",\"description\":\"Honrar a Hist\u00f3ria e Construir o Futuro\",\"publisher\":{\"@id\":\"https:\\\/\\\/www.mtgsc.com.br\\\/#organization\"},\"potentialAction\":[{\"@type\":\"SearchAction\",\"target\":{\"@type\":\"EntryPoint\",\"urlTemplate\":\"https:\\\/\\\/www.mtgsc.com.br\\\/?s={search_term_string}\"},\"query-input\":{\"@type\":\"PropertyValueSpecification\",\"valueRequired\":true,\"valueName\":\"search_term_string\"}}],\"inLanguage\":\"en-US\"},{\"@type\":\"Organization\",\"@id\":\"https:\\\/\\\/www.mtgsc.com.br\\\/#organization\",\"name\":\"MTG\\\/SC - Movimento Tradicionalista Ga\u00facho de Santa Catarina\",\"alternateName\":\"Movimento Tradicionalista Ga\u00facho de Santa Catarina\",\"url\":\"https:\\\/\\\/www.mtgsc.com.br\\\/\",\"logo\":{\"@type\":\"ImageObject\",\"inLanguage\":\"en-US\",\"@id\":\"https:\\\/\\\/www.mtgsc.com.br\\\/#\\\/schema\\\/logo\\\/image\\\/\",\"url\":\"https:\\\/\\\/www.mtgsc.com.br\\\/wp-content\\\/uploads\\\/2022\\\/03\\\/logo-2018-header-light.png\",\"contentUrl\":\"https:\\\/\\\/www.mtgsc.com.br\\\/wp-content\\\/uploads\\\/2022\\\/03\\\/logo-2018-header-light.png\",\"width\":169,\"height\":150,\"caption\":\"MTG\\\/SC - Movimento Tradicionalista Ga\u00facho de Santa Catarina\"},\"image\":{\"@id\":\"https:\\\/\\\/www.mtgsc.com.br\\\/#\\\/schema\\\/logo\\\/image\\\/\"},\"sameAs\":[\"https:\\\/\\\/www.facebook.com\\\/MTGSC\",\"https:\\\/\\\/www.instagram.com\\\/mtgsc\\\/\"]}]}<\/script>\n<!-- \/ Yoast SEO plugin. -->","yoast_head_json":{"title":"Eventos Art\u00edsticos - MTG\/SC - Movimento Tradicionalista Ga\u00facho do Estado de Santa Catarina","robots":{"index":"index","follow":"follow","max-snippet":"max-snippet:-1","max-image-preview":"max-image-preview:large","max-video-preview":"max-video-preview:-1"},"canonical":"https:\/\/www.mtgsc.com.br\/en\/eventos-artisticos\/","og_locale":"en_US","og_type":"article","og_title":"Eventos Art\u00edsticos - MTG\/SC - Movimento Tradicionalista Ga\u00facho do Estado de Santa Catarina","og_url":"https:\/\/www.mtgsc.com.br\/en\/eventos-artisticos\/","og_site_name":"MTG\/SC - Movimento Tradicionalista Ga\u00facho do Estado de Santa Catarina","article_publisher":"https:\/\/www.facebook.com\/MTGSC","article_modified_time":"2024-03-13T13:01:51+00:00","twitter_card":"summary_large_image","schema":{"@context":"https:\/\/schema.org","@graph":[{"@type":"WebPage","@id":"https:\/\/www.mtgsc.com.br\/eventos-artisticos\/","url":"https:\/\/www.mtgsc.com.br\/eventos-artisticos\/","name":"Eventos Art\u00edsticos - MTG\/SC - Movimento Tradicionalista Ga\u00facho do Estado de Santa Catarina","isPartOf":{"@id":"https:\/\/www.mtgsc.com.br\/#website"},"datePublished":"2022-03-15T17:48:51+00:00","dateModified":"2024-03-13T13:01:51+00:00","breadcrumb":{"@id":"https:\/\/www.mtgsc.com.br\/eventos-artisticos\/#breadcrumb"},"inLanguage":"en-US","potentialAction":[{"@type":"ReadAction","target":["https:\/\/www.mtgsc.com.br\/eventos-artisticos\/"]}]},{"@type":"BreadcrumbList","@id":"https:\/\/www.mtgsc.com.br\/eventos-artisticos\/#breadcrumb","itemListElement":[{"@type":"ListItem","position":1,"name":"In\u00edcio","item":"https:\/\/www.mtgsc.com.br\/"},{"@type":"ListItem","position":2,"name":"Eventos Art\u00edsticos"}]},{"@type":"WebSite","@id":"https:\/\/www.mtgsc.com.br\/#website","url":"https:\/\/www.mtgsc.com.br\/","name":"MTG\/SC 50 ANOS","description":"Honrar a Hist\u00f3ria e Construir o Futuro","publisher":{"@id":"https:\/\/www.mtgsc.com.br\/#organization"},"potentialAction":[{"@type":"SearchAction","target":{"@type":"EntryPoint","urlTemplate":"https:\/\/www.mtgsc.com.br\/?s={search_term_string}"},"query-input":{"@type":"PropertyValueSpecification","valueRequired":true,"valueName":"search_term_string"}}],"inLanguage":"en-US"},{"@type":"Organization","@id":"https:\/\/www.mtgsc.com.br\/#organization","name":"MTG\/SC - Movimento Tradicionalista Ga\u00facho de Santa Catarina","alternateName":"Movimento Tradicionalista Ga\u00facho de Santa Catarina","url":"https:\/\/www.mtgsc.com.br\/","logo":{"@type":"ImageObject","inLanguage":"en-US","@id":"https:\/\/www.mtgsc.com.br\/#\/schema\/logo\/image\/","url":"https:\/\/www.mtgsc.com.br\/wp-content\/uploads\/2022\/03\/logo-2018-header-light.png","contentUrl":"https:\/\/www.mtgsc.com.br\/wp-content\/uploads\/2022\/03\/logo-2018-header-light.png","width":169,"height":150,"caption":"MTG\/SC - Movimento Tradicionalista Ga\u00facho de Santa Catarina"},"image":{"@id":"https:\/\/www.mtgsc.com.br\/#\/schema\/logo\/image\/"},"sameAs":["https:\/\/www.facebook.com\/MTGSC","https:\/\/www.instagram.com\/mtgsc\/"]}]}},"_links":{"self":[{"href":"https:\/\/www.mtgsc.com.br\/en\/wp-json\/wp\/v2\/pages\/3728","targetHints":{"allow":["GET"]}}],"collection":[{"href":"https:\/\/www.mtgsc.com.br\/en\/wp-json\/wp\/v2\/pages"}],"about":[{"href":"https:\/\/www.mtgsc.com.br\/en\/wp-json\/wp\/v2\/types\/page"}],"author":[{"embeddable":true,"href":"https:\/\/www.mtgsc.com.br\/en\/wp-json\/wp\/v2\/users\/4"}],"replies":[{"embeddable":true,"href":"https:\/\/www.mtgsc.com.br\/en\/wp-json\/wp\/v2\/comments?post=3728"}],"version-history":[{"count":6,"href":"https:\/\/www.mtgsc.com.br\/en\/wp-json\/wp\/v2\/pages\/3728\/revisions"}],"predecessor-version":[{"id":8885,"href":"https:\/\/www.mtgsc.com.br\/en\/wp-json\/wp\/v2\/pages\/3728\/revisions\/8885"}],"wp:attachment":[{"href":"https:\/\/www.mtgsc.com.br\/en\/wp-json\/wp\/v2\/media?parent=3728"}],"curies":[{"name":"wp","href":"https:\/\/api.w.org\/{rel}","templated":true}]}}