{"id":43,"date":"2018-06-11T11:23:57","date_gmt":"2018-06-11T14:23:57","guid":{"rendered":"http:\/\/www.mtgsc.com.br\/?page_id=43"},"modified":"2022-08-03T16:16:01","modified_gmt":"2022-08-03T19:16:01","slug":"historia-e-memoria-gaucha-o-livro","status":"publish","type":"page","link":"https:\/\/www.mtgsc.com.br\/en\/historia-e-memoria-gaucha-o-livro\/","title":{"rendered":"Hist\u00f3ria e Mem\u00f3ria Ga\u00facha &#8211; O Livro"},"content":{"rendered":"<h1>Hist\u00f3ria e Mem\u00f3ria Ga\u00facha &#8211; O Livro<\/h1>\r\n<p><img decoding=\"async\" title=\"livro.jpg\" src=\"https:\/\/www.mtgsc.com.br\/wp-content\/uploads\/2022\/03\/livro.jpg\" alt=\"livro.jpg\" \/><\/p>\r\n<p>&nbsp;<\/p>\r\n<p>A heran\u00e7a do tradicionalismo ga\u00facho pelos pagos catarinenses \u00e9 muito forte, presente e comovente. O gurizito que d\u00e1 os seus primeiros passos na dan\u00e7a tradicionalista, a prendinha rodando a saia pelo sal\u00e3o, a cuia na roda de chimarr\u00e3o, a gineteada, a costela no braseiro do fogo de ch\u00e3o, o tiro de la\u00e7o, as bandeiras que tremulam, o narrador que anima a festa, o bochincho entoado pela gaita e o viol\u00e3o acompanhando cantigas de verso e alma. Tudo isso \u00e9 hist\u00f3ria de amor, de respeito e de orgulho pela tradi\u00e7\u00e3o.<\/p>\r\n<p>&nbsp;<\/p>\r\n<p>Esta obra, que exalta o tradicionalismo e suas ra\u00edzes, brilhantemente homenageia baluartes da cultura, relata momentos hist\u00f3ricos e dignificantes, valoriza o trabalho acad\u00eamico-cient\u00edfico, traz de volta o passado e mostra o presente na lida do campo que perdura, al\u00e9m das fronteiras, e desafia o tempo. E que tamb\u00e9m preserva a sa\u00fade e beleza dos seus animais.<\/p>\r\n<p>&nbsp;<\/p>\r\n<p>Nas p\u00e1ginas deste livro-document\u00e1rio hist\u00f3rico, o leitor conhecer\u00e1 a contribui\u00e7\u00e3o econ\u00f4mica, social e cultural da tradi\u00e7\u00e3o ga\u00facha dos rodeios, dos CTG&#8217;s, dos bailes de galp\u00e3o, em todos os cantos, entreverados com a bota e a bombacha e com as lindas prendas de todas as classes sociais. A tradi\u00e7\u00e3o que representa em Santa Catarina cerca de 250 mil pessoas diretamente e 1 milh\u00e3o indiretamente. S\u00e3o os simpatizantes e defensores da cultura.<\/p>\r\n<p>A alma da tradi\u00e7\u00e3o ga\u00facha, traduzida em versos pelos gaud\u00e9rios Nenito Sarturi, Nelcy Vargas, Cl\u00e1udio Patias, \u00e9 retrato do tempo que se espalha e enra\u00edza a for\u00e7a e a beleza do tradicionalismo, numa onda que ultrapassa fronteiras. Seus versos s\u00e3o o retrato do ga\u00facho e suas ra\u00edzes campeiras carregados na alma e no cora\u00e7\u00e3o. Deixa a marca a todos que tentam se desfazer de suas ra\u00edzes do campo e suas lidas com a fam\u00edlia e o amigo cavalo na busca de outras quer\u00eancias, imprimindo consigo as suas origens, cultura e tradi\u00e7\u00e3o que jamais se apagam.<\/p>\r\n<h2>Os autores<\/h2>\r\n<p><img decoding=\"async\" title=\"edineia\" src=\"http:\/\/www.mtgsc.com.br\/wp-content\/uploads\/2022\/03\/edineia.jpg\" alt=\"edineia\" \/><\/p>\r\n<h3>Edin\u00e9ia Pereira da Silva Betta<\/h3>\r\n<p>Doutoranda em Hist\u00f3ria pela PUCSP; Mestre em Hist\u00f3ria pela PUCRS; Especialista em Hist\u00f3ria pela UNIFEBE. Atua como Professora e Historiadora.<br \/>No Tradicionalismo Ga\u00facho, iniciou no CTG Cidade Amiga de Armaz\u00e9m, sua terra natal. Passou por outros CTG&#8217;s, como Sitio Novo, em Joinville e La\u00e7o do Bom Vaqueiro, em Brusque. <img decoding=\"async\" title=\"celivio\" src=\"http:\/\/www.mtgsc.com.br\/wp-content\/uploads\/2022\/03\/celivio.jpg\" alt=\"celivio\" \/><\/p>\r\n<h3>Cel\u00edvio Holz<\/h3>\r\n<p>Natural de General C\u00e2mara, Rio Grande do Sul. Mestre em jornalismo pela Universidade de Wisconsin, Cidade de Madison, EUA; Graduado em Agronomia pela universidade de Santa Maria &#8211; RS e atua como produtor e apresentador de programas de r\u00e1dio e televis\u00e3o.\u00a0<\/p>\r\n<p>Foi 1\u00aa Prenda do CTG La\u00e7o do Bom Vaqueiro &#8211; 2001\/2002; 1\u00aa Prenda da 8\u00aa RT &#8211; 2003\/2005; 1\u00aa Prenda do MTG\/SC &#8211; 2004\/2006 e 1\u00aa Prenda da CBTG &#8211; 2006\/2008.<br \/>Atualmente se dedica \u00e0 pesquisa, atuando principalmente na Hist\u00f3ria do Tradicionalismo Ga\u00facho.<br \/>\u00c9 autora das obras: Gauchismo no &#8220;Vale Europeu&#8221;; Pesquisa Hist\u00f3rica: ensaios, dicas e li\u00e7\u00f5es; Fragmentos da Hist\u00f3ria da Moda em Brusque. Atualmente \u00e9 Diretor da CH Produ\u00e7\u00f5es e Eventos, Florian\u00f3polis-SC.<br \/>No tradicionalismo, come\u00e7ou como dan\u00e7arino do Grupo de Arte e Cultura Ilha Xucra de Florian\u00f3polis, onde foi Patr\u00e3o em 1995\/1997. Como Primeiro Pe\u00e3o Veterano, representou a Ilha Xucra, na 7\u00aa RT e no MTG\/SC. Foi Diretor Art\u00edstico e Cultural do MTG\/SC, e membro do Grupo de Avaliadores para Concursos de Prendas e Pe\u00f5es do MTG\/SC.<br \/>Na Confedera\u00e7\u00e3o Brasileira da Tradi\u00e7\u00e3o Ga\u00facha &#8211; CBTG, foi Diretor Cultural, Vice-Presidente e Presidente. Atualmente faz parte do Conselhos de Vaqueanos da CBTG e \u00e9 Patr\u00e3o Geral do Grupo de Arte e Cultura Ilha Xucra (Gest\u00e3o 2011\/2013). <img decoding=\"async\" title=\"livro02\" src=\"http:\/\/www.mtgsc.com.br\/wp-content\/uploads\/2018\/06\/livro02.jpg\" alt=\"livro02\" \/> <img decoding=\"async\" title=\"livro03\" src=\"http:\/\/www.mtgsc.com.br\/wp-content\/uploads\/2018\/06\/livro03.jpg\" alt=\"livro03\" \/><\/p>","protected":false},"excerpt":{"rendered":"<p>Hist\u00f3ria e Mem\u00f3ria Ga\u00facha &#8211; O Livro &nbsp; A heran\u00e7a do tradicionalismo ga\u00facho pelos pagos catarinenses \u00e9 muito forte, presente e comovente. O gurizito que&hellip;<\/p>","protected":false},"author":4,"featured_media":0,"parent":0,"menu_order":0,"comment_status":"closed","ping_status":"closed","template":"","meta":{"footnotes":""},"class_list":["post-43","page","type-page","status-publish","hentry"],"yoast_head":"<!-- This site is optimized with the Yoast SEO plugin v27.4 - https:\/\/yoast.com\/product\/yoast-seo-wordpress\/ -->\n<title>Hist\u00f3ria e Mem\u00f3ria Ga\u00facha - O Livro - MTG\/SC - Movimento Tradicionalista Ga\u00facho do Estado de Santa Catarina<\/title>\n<meta name=\"robots\" content=\"index, follow, max-snippet:-1, max-image-preview:large, max-video-preview:-1\" \/>\n<link rel=\"canonical\" href=\"https:\/\/www.mtgsc.com.br\/en\/historia-e-memoria-gaucha-o-livro\/\" \/>\n<meta property=\"og:locale\" content=\"en_US\" \/>\n<meta property=\"og:type\" content=\"article\" \/>\n<meta property=\"og:title\" content=\"Hist\u00f3ria e Mem\u00f3ria Ga\u00facha - O Livro - MTG\/SC - Movimento Tradicionalista Ga\u00facho do Estado de Santa Catarina\" \/>\n<meta property=\"og:description\" content=\"Hist\u00f3ria e Mem\u00f3ria Ga\u00facha &#8211; O Livro &nbsp; A heran\u00e7a do tradicionalismo ga\u00facho pelos pagos catarinenses \u00e9 muito forte, presente e comovente. O gurizito que&hellip;\" \/>\n<meta property=\"og:url\" content=\"https:\/\/www.mtgsc.com.br\/en\/historia-e-memoria-gaucha-o-livro\/\" \/>\n<meta property=\"og:site_name\" content=\"MTG\/SC - Movimento Tradicionalista Ga\u00facho do Estado de Santa Catarina\" \/>\n<meta property=\"article:publisher\" content=\"https:\/\/www.facebook.com\/MTGSC\" \/>\n<meta property=\"article:modified_time\" content=\"2022-08-03T19:16:01+00:00\" \/>\n<meta property=\"og:image\" content=\"https:\/\/www.mtgsc.com.br\/wp-content\/uploads\/2022\/03\/livro.jpg\" \/>\n<meta name=\"twitter:card\" content=\"summary_large_image\" \/>\n<meta name=\"twitter:label1\" content=\"Est. reading time\" \/>\n\t<meta name=\"twitter:data1\" content=\"5 minutes\" \/>\n<script type=\"application\/ld+json\" class=\"yoast-schema-graph\">{\"@context\":\"https:\\\/\\\/schema.org\",\"@graph\":[{\"@type\":\"WebPage\",\"@id\":\"https:\\\/\\\/www.mtgsc.com.br\\\/historia-e-memoria-gaucha-o-livro\\\/\",\"url\":\"https:\\\/\\\/www.mtgsc.com.br\\\/historia-e-memoria-gaucha-o-livro\\\/\",\"name\":\"Hist\u00f3ria e Mem\u00f3ria Ga\u00facha - O Livro - MTG\\\/SC - Movimento Tradicionalista Ga\u00facho do Estado de Santa Catarina\",\"isPartOf\":{\"@id\":\"https:\\\/\\\/www.mtgsc.com.br\\\/#website\"},\"primaryImageOfPage\":{\"@id\":\"https:\\\/\\\/www.mtgsc.com.br\\\/historia-e-memoria-gaucha-o-livro\\\/#primaryimage\"},\"image\":{\"@id\":\"https:\\\/\\\/www.mtgsc.com.br\\\/historia-e-memoria-gaucha-o-livro\\\/#primaryimage\"},\"thumbnailUrl\":\"https:\\\/\\\/www.mtgsc.com.br\\\/wp-content\\\/uploads\\\/2022\\\/03\\\/livro.jpg\",\"datePublished\":\"2018-06-11T14:23:57+00:00\",\"dateModified\":\"2022-08-03T19:16:01+00:00\",\"breadcrumb\":{\"@id\":\"https:\\\/\\\/www.mtgsc.com.br\\\/historia-e-memoria-gaucha-o-livro\\\/#breadcrumb\"},\"inLanguage\":\"en-US\",\"potentialAction\":[{\"@type\":\"ReadAction\",\"target\":[\"https:\\\/\\\/www.mtgsc.com.br\\\/historia-e-memoria-gaucha-o-livro\\\/\"]}]},{\"@type\":\"ImageObject\",\"inLanguage\":\"en-US\",\"@id\":\"https:\\\/\\\/www.mtgsc.com.br\\\/historia-e-memoria-gaucha-o-livro\\\/#primaryimage\",\"url\":\"https:\\\/\\\/www.mtgsc.com.br\\\/wp-content\\\/uploads\\\/2022\\\/03\\\/livro.jpg\",\"contentUrl\":\"https:\\\/\\\/www.mtgsc.com.br\\\/wp-content\\\/uploads\\\/2022\\\/03\\\/livro.jpg\"},{\"@type\":\"BreadcrumbList\",\"@id\":\"https:\\\/\\\/www.mtgsc.com.br\\\/historia-e-memoria-gaucha-o-livro\\\/#breadcrumb\",\"itemListElement\":[{\"@type\":\"ListItem\",\"position\":1,\"name\":\"In\u00edcio\",\"item\":\"https:\\\/\\\/www.mtgsc.com.br\\\/\"},{\"@type\":\"ListItem\",\"position\":2,\"name\":\"Hist\u00f3ria e Mem\u00f3ria Ga\u00facha &#8211; O Livro\"}]},{\"@type\":\"WebSite\",\"@id\":\"https:\\\/\\\/www.mtgsc.com.br\\\/#website\",\"url\":\"https:\\\/\\\/www.mtgsc.com.br\\\/\",\"name\":\"MTG\\\/SC 50 ANOS\",\"description\":\"Honrar a Hist\u00f3ria e Construir o Futuro\",\"publisher\":{\"@id\":\"https:\\\/\\\/www.mtgsc.com.br\\\/#organization\"},\"potentialAction\":[{\"@type\":\"SearchAction\",\"target\":{\"@type\":\"EntryPoint\",\"urlTemplate\":\"https:\\\/\\\/www.mtgsc.com.br\\\/?s={search_term_string}\"},\"query-input\":{\"@type\":\"PropertyValueSpecification\",\"valueRequired\":true,\"valueName\":\"search_term_string\"}}],\"inLanguage\":\"en-US\"},{\"@type\":\"Organization\",\"@id\":\"https:\\\/\\\/www.mtgsc.com.br\\\/#organization\",\"name\":\"MTG\\\/SC - Movimento Tradicionalista Ga\u00facho de Santa Catarina\",\"alternateName\":\"Movimento Tradicionalista Ga\u00facho de Santa Catarina\",\"url\":\"https:\\\/\\\/www.mtgsc.com.br\\\/\",\"logo\":{\"@type\":\"ImageObject\",\"inLanguage\":\"en-US\",\"@id\":\"https:\\\/\\\/www.mtgsc.com.br\\\/#\\\/schema\\\/logo\\\/image\\\/\",\"url\":\"https:\\\/\\\/www.mtgsc.com.br\\\/wp-content\\\/uploads\\\/2022\\\/03\\\/logo-2018-header-light.png\",\"contentUrl\":\"https:\\\/\\\/www.mtgsc.com.br\\\/wp-content\\\/uploads\\\/2022\\\/03\\\/logo-2018-header-light.png\",\"width\":169,\"height\":150,\"caption\":\"MTG\\\/SC - Movimento Tradicionalista Ga\u00facho de Santa Catarina\"},\"image\":{\"@id\":\"https:\\\/\\\/www.mtgsc.com.br\\\/#\\\/schema\\\/logo\\\/image\\\/\"},\"sameAs\":[\"https:\\\/\\\/www.facebook.com\\\/MTGSC\",\"https:\\\/\\\/www.instagram.com\\\/mtgsc\\\/\"]}]}<\/script>\n<!-- \/ Yoast SEO plugin. -->","yoast_head_json":{"title":"Hist\u00f3ria e Mem\u00f3ria Ga\u00facha - O Livro - MTG\/SC - Movimento Tradicionalista Ga\u00facho do Estado de Santa Catarina","robots":{"index":"index","follow":"follow","max-snippet":"max-snippet:-1","max-image-preview":"max-image-preview:large","max-video-preview":"max-video-preview:-1"},"canonical":"https:\/\/www.mtgsc.com.br\/en\/historia-e-memoria-gaucha-o-livro\/","og_locale":"en_US","og_type":"article","og_title":"Hist\u00f3ria e Mem\u00f3ria Ga\u00facha - O Livro - MTG\/SC - Movimento Tradicionalista Ga\u00facho do Estado de Santa Catarina","og_description":"Hist\u00f3ria e Mem\u00f3ria Ga\u00facha &#8211; O Livro &nbsp; A heran\u00e7a do tradicionalismo ga\u00facho pelos pagos catarinenses \u00e9 muito forte, presente e comovente. O gurizito que&hellip;","og_url":"https:\/\/www.mtgsc.com.br\/en\/historia-e-memoria-gaucha-o-livro\/","og_site_name":"MTG\/SC - Movimento Tradicionalista Ga\u00facho do Estado de Santa Catarina","article_publisher":"https:\/\/www.facebook.com\/MTGSC","article_modified_time":"2022-08-03T19:16:01+00:00","og_image":[{"url":"https:\/\/www.mtgsc.com.br\/wp-content\/uploads\/2022\/03\/livro.jpg","type":"","width":"","height":""}],"twitter_card":"summary_large_image","twitter_misc":{"Est. reading time":"5 minutes"},"schema":{"@context":"https:\/\/schema.org","@graph":[{"@type":"WebPage","@id":"https:\/\/www.mtgsc.com.br\/historia-e-memoria-gaucha-o-livro\/","url":"https:\/\/www.mtgsc.com.br\/historia-e-memoria-gaucha-o-livro\/","name":"Hist\u00f3ria e Mem\u00f3ria Ga\u00facha - O Livro - MTG\/SC - Movimento Tradicionalista Ga\u00facho do Estado de Santa Catarina","isPartOf":{"@id":"https:\/\/www.mtgsc.com.br\/#website"},"primaryImageOfPage":{"@id":"https:\/\/www.mtgsc.com.br\/historia-e-memoria-gaucha-o-livro\/#primaryimage"},"image":{"@id":"https:\/\/www.mtgsc.com.br\/historia-e-memoria-gaucha-o-livro\/#primaryimage"},"thumbnailUrl":"https:\/\/www.mtgsc.com.br\/wp-content\/uploads\/2022\/03\/livro.jpg","datePublished":"2018-06-11T14:23:57+00:00","dateModified":"2022-08-03T19:16:01+00:00","breadcrumb":{"@id":"https:\/\/www.mtgsc.com.br\/historia-e-memoria-gaucha-o-livro\/#breadcrumb"},"inLanguage":"en-US","potentialAction":[{"@type":"ReadAction","target":["https:\/\/www.mtgsc.com.br\/historia-e-memoria-gaucha-o-livro\/"]}]},{"@type":"ImageObject","inLanguage":"en-US","@id":"https:\/\/www.mtgsc.com.br\/historia-e-memoria-gaucha-o-livro\/#primaryimage","url":"https:\/\/www.mtgsc.com.br\/wp-content\/uploads\/2022\/03\/livro.jpg","contentUrl":"https:\/\/www.mtgsc.com.br\/wp-content\/uploads\/2022\/03\/livro.jpg"},{"@type":"BreadcrumbList","@id":"https:\/\/www.mtgsc.com.br\/historia-e-memoria-gaucha-o-livro\/#breadcrumb","itemListElement":[{"@type":"ListItem","position":1,"name":"In\u00edcio","item":"https:\/\/www.mtgsc.com.br\/"},{"@type":"ListItem","position":2,"name":"Hist\u00f3ria e Mem\u00f3ria Ga\u00facha &#8211; O Livro"}]},{"@type":"WebSite","@id":"https:\/\/www.mtgsc.com.br\/#website","url":"https:\/\/www.mtgsc.com.br\/","name":"MTG\/SC 50 ANOS","description":"Honrar a Hist\u00f3ria e Construir o Futuro","publisher":{"@id":"https:\/\/www.mtgsc.com.br\/#organization"},"potentialAction":[{"@type":"SearchAction","target":{"@type":"EntryPoint","urlTemplate":"https:\/\/www.mtgsc.com.br\/?s={search_term_string}"},"query-input":{"@type":"PropertyValueSpecification","valueRequired":true,"valueName":"search_term_string"}}],"inLanguage":"en-US"},{"@type":"Organization","@id":"https:\/\/www.mtgsc.com.br\/#organization","name":"MTG\/SC - Movimento Tradicionalista Ga\u00facho de Santa Catarina","alternateName":"Movimento Tradicionalista Ga\u00facho de Santa Catarina","url":"https:\/\/www.mtgsc.com.br\/","logo":{"@type":"ImageObject","inLanguage":"en-US","@id":"https:\/\/www.mtgsc.com.br\/#\/schema\/logo\/image\/","url":"https:\/\/www.mtgsc.com.br\/wp-content\/uploads\/2022\/03\/logo-2018-header-light.png","contentUrl":"https:\/\/www.mtgsc.com.br\/wp-content\/uploads\/2022\/03\/logo-2018-header-light.png","width":169,"height":150,"caption":"MTG\/SC - Movimento Tradicionalista Ga\u00facho de Santa Catarina"},"image":{"@id":"https:\/\/www.mtgsc.com.br\/#\/schema\/logo\/image\/"},"sameAs":["https:\/\/www.facebook.com\/MTGSC","https:\/\/www.instagram.com\/mtgsc\/"]}]}},"_links":{"self":[{"href":"https:\/\/www.mtgsc.com.br\/en\/wp-json\/wp\/v2\/pages\/43","targetHints":{"allow":["GET"]}}],"collection":[{"href":"https:\/\/www.mtgsc.com.br\/en\/wp-json\/wp\/v2\/pages"}],"about":[{"href":"https:\/\/www.mtgsc.com.br\/en\/wp-json\/wp\/v2\/types\/page"}],"author":[{"embeddable":true,"href":"https:\/\/www.mtgsc.com.br\/en\/wp-json\/wp\/v2\/users\/4"}],"replies":[{"embeddable":true,"href":"https:\/\/www.mtgsc.com.br\/en\/wp-json\/wp\/v2\/comments?post=43"}],"version-history":[{"count":63,"href":"https:\/\/www.mtgsc.com.br\/en\/wp-json\/wp\/v2\/pages\/43\/revisions"}],"predecessor-version":[{"id":5376,"href":"https:\/\/www.mtgsc.com.br\/en\/wp-json\/wp\/v2\/pages\/43\/revisions\/5376"}],"wp:attachment":[{"href":"https:\/\/www.mtgsc.com.br\/en\/wp-json\/wp\/v2\/media?parent=43"}],"curies":[{"name":"wp","href":"https:\/\/api.w.org\/{rel}","templated":true}]}}