{"id":4884,"date":"2022-06-30T14:55:38","date_gmt":"2022-06-30T17:55:38","guid":{"rendered":"http:\/\/www.mtgsc.com.br\/?page_id=4884"},"modified":"2023-05-11T16:02:56","modified_gmt":"2023-05-11T19:02:56","slug":"concurso-de-prendas-e-peoes-barriga-verde","status":"publish","type":"page","link":"https:\/\/www.mtgsc.com.br\/en\/concurso-de-prendas-e-peoes-barriga-verde\/","title":{"rendered":"Concurso Estadual de Prendas e Pe\u00f5es Barriga Verde"},"content":{"rendered":"<img loading=\"lazy\" decoding=\"async\" src=\"https:\/\/www.mtgsc.com.br\/wp-content\/uploads\/2022\/08\/concurso-prendas-peoes-barriga-verde-2022.png\" alt=\"concurso-prendas-peoes-barriga-verde-2022\" itemprop=\"image\" height=\"519\" width=\"600\" title=\"concurso-prendas-peoes-barriga-verde-2022\" onerror=\"this.style.display='none'\"  \/>\n\t\t\t<a href=\"https:\/\/www.mtgsc.com.br\/wp-content\/uploads\/2022\/07\/Regulamento-Concurso-Prendas-e-Peoes-Barriga-Verde.pdf\" target=\"_blank\" role=\"button\" rel=\"noopener\">\n\t\t\t\t\t\tClique para baixar o regulamento completo do concurso (.pdf)\n\t\t\t\t\t<\/a>\n\t\t\t<a href=\"https:\/\/www.mtgsc.com.br\/en\/concurso-de-prendas-e-peoes-barriga-verde\/apostilas-de-estudo\/\" target=\"_blank\" role=\"button\" rel=\"noopener\">\n\t\t\t\t\t\tClique para acessar as apostilas de estudo (.pdf)\n\t\t\t\t\t<\/a>\n<h2>\n\t\tPROGRAMA\u00c7\u00c3O\n\t<\/h2>\n\t<p>&#8211; Dia 25\/11\/2022 (Sexta-feira):<\/p>\n<ul>\n<li>18:00 &#8211; Recep\u00e7\u00e3o dos concorrentes, credenciamento e recebimento das pastas de viv\u00eancia;<\/li>\n<li aria-level=\"1\">20:00 &#8211; In\u00edcio da Prova escrita;<\/li>\n<li aria-level=\"1\">22:30 &#8211; Jantar;<\/li>\n<li>23:00 &#8211; Encerramento das atividades.<\/li>\n<\/ul>\n<p>&#8211; Dia 26\/11\/2022 (S\u00e1bado):<\/p>\n<ul>\n<li aria-level=\"1\">07:00 &#8211; Recep\u00e7\u00e3o dos concorrentes e caf\u00e9 da manh\u00e3<\/li>\n<li>08:30 &#8211; In\u00edcio das Provas Campeiras e Art\u00edsticas;<\/li>\n<li>12:00 &#8211; Almo\u00e7o;<\/li>\n<li>13:30 &#8211; In\u00edcio das Provas Art\u00edsticas;<\/li>\n<li>22:00 &#8211; Sess\u00e3o Solene entrega de botons e faixas, com jantar dan\u00e7ante;<\/li>\n<\/ul>\n<p>&#8211; Dia 27\/11\/2022 (Domingo):<\/p>\n<ul>\n<li>Semin\u00e1rio (Com programa\u00e7\u00e3o a ser definida);<\/li>\n<\/ul>\n\t<p>Ser\u00e1 cobrado o valor de R$ 140,00 para um pacote fechado de todas as refei\u00e7\u00f5es para cada candidato, contendo: 3 Caf\u00e9s da manh\u00e3 (sexta, s\u00e1bado e domingo) + 2 Almo\u00e7os (s\u00e1bado e domingo) + 1 Jantar dan\u00e7ante (s\u00e1bado);<\/p>\n<p>&nbsp;<\/p>\n<ul>\n<li><strong>Valor avulso do caf\u00e9 da manh\u00e3: R$ 10,00 cada (sexta, s\u00e1bado e domingo);<\/strong><\/li>\n<li><strong>Valor avulso do almo\u00e7o: R$ 30,00 (s\u00e1bado e domingo);<\/strong><\/li>\n<li><strong>Valor avulso do jantar dan\u00e7ante: R$ 50,00 (s\u00e1bado);<\/strong><\/li>\n<\/ul>\n\t<p>O Coordenador da 6\u00aa Regi\u00e3o Tradicionalista estar\u00e1 fornecendo alojamento para os candidatos e seus acompanhantes e ser\u00e1 separado por Regi\u00f5es Tradicionalistas.<\/p>\n<p>&nbsp;<\/p>\n<p>&nbsp;<\/p>\n<ul>\n<li><b>Respons\u00e1vel pelos alojamentos:<\/b><\/li>\n<li><b>Jo\u00e3o (JOCA) | Coordenador da 6\u00aa RT <\/b><\/li>\n<li><b>Fone \/ What&#8217;sApp: 048 &#8211; 9 9985 6666<\/b><\/li>\n<\/ul>\n<p>&nbsp;<\/p>\n\t<iframe src=\"https:\/\/www.google.com\/maps\/embed?pb=!1m14!1m8!1m3!1d13970.469937812493!2d-49.6643435!3d-28.9097129!3m2!1i1024!2i768!4f13.1!3m3!1m2!1s0x0%3A0x33a79ba37ae07fb0!2sCTG%20Vale%20da%20Amizade!5e0!3m2!1spt-BR!2sbr!4v1664916226019!5m2!1spt-BR!2sbr\" width=\"600\" height=\"450\" allowfullscreen=\"\" loading=\"lazy\" referrerpolicy=\"no-referrer-when-downgrade\"><\/iframe>\n<h2>\n\t\tLocaliza\u00e7\u00e3o\n\t<\/h2>\n\t<p><strong>CTG Vale da Amizade<\/strong><\/p>\nEstrada Geral Jundi\u00e1<br \/>\nCEP 88930-000<br \/>\nTurvo &#8211; SC\n\t\t\t<a href=\"https:\/\/goo.gl\/maps\/ZdDB45hqzfQrtvnw8\" target=\"_blank\" role=\"button\" rel=\"noopener\">\n\t\t\t\t\t\t\tLink do Google Maps\n\t\t\t<\/a>\n\t<p>Veja quem s\u00e3o os apresentadores do 22\u00ba Concurso de Prendas e 17\u00ba Concurso de Pe\u00f5es Barriga-Verde do MTG\/SC.<\/p>\n\t\t\t<a href=\"https:\/\/www.mtgsc.com.br\/en\/concurso-de-prendas-e-peoes-barriga-verde\/curriculo-avaliadores\/\" target=\"_self\" role=\"button\" rel=\"noopener\">\n\t\t\t\t\t\t\tCurr\u00edculo dos Apresentadores\n\t\t\t\t\t<\/a>\n\t\t\t\t<img loading=\"lazy\" decoding=\"async\" src=\"https:\/\/www.mtgsc.com.br\/wp-content\/uploads\/2022\/11\/francine-mota-rocha.jpg\" alt=\"francine-mota-rocha\" itemprop=\"image\" height=\"400\" width=\"400\" title=\"francine-mota-rocha\" onerror=\"this.style.display='none'\"  \/>\n\t<p><strong>Francine Motta Rocha<\/strong><\/p>\n\t\t\t\t<img loading=\"lazy\" decoding=\"async\" src=\"https:\/\/www.mtgsc.com.br\/wp-content\/uploads\/2022\/11\/alexandre-da-silva.jpg\" alt=\"alexandre-da-silva\" itemprop=\"image\" height=\"400\" width=\"400\" title=\"alexandre-da-silva\" onerror=\"this.style.display='none'\"  \/>\n\t<p><strong>Alexandre da Silva<\/strong><\/p>\n\t\t\t\t<img loading=\"lazy\" decoding=\"async\" src=\"https:\/\/www.mtgsc.com.br\/wp-content\/uploads\/2022\/11\/alex-sander-godinho-correa.jpg\" alt=\"alex-sander-godinho-correa\" itemprop=\"image\" height=\"400\" width=\"400\" title=\"alex-sander-godinho-correa\" onerror=\"this.style.display='none'\"  \/>\n\t<p><strong>Alex Sander Godinho Corr\u00eaa<\/strong><\/p>\n\t<p>Veja quem faz parte da Comiss\u00e3o para Avalia\u00e7\u00e3o das Provas Escritas do 22\u00ba Concurso de Prendas e 17\u00ba Concurso de Pe\u00f5es Barriga-Verde do MTG\/SC.<\/p>\n\t\t\t<a href=\"https:\/\/www.mtgsc.com.br\/en\/concurso-de-prendas-e-peoes-barriga-verde\/curriculo-avaliadores\/\" target=\"_self\" role=\"button\" rel=\"noopener\">\n\t\t\t\t\t\t\tCurr\u00edculo dos Avaliadores\n\t\t\t\t\t<\/a>\n\t\t\t\t<img loading=\"lazy\" decoding=\"async\" src=\"https:\/\/www.mtgsc.com.br\/wp-content\/uploads\/2022\/11\/cristina-cardoso-rodrigues.jpg\" alt=\"cristina-cardoso-rodrigues\" itemprop=\"image\" height=\"400\" width=\"400\" title=\"cristina-cardoso-rodrigues\" onerror=\"this.style.display='none'\"  \/>\n\t<p><strong>Cristina Cardoso Rodrigues<\/strong><\/p>\n\t\t\t\t<img loading=\"lazy\" decoding=\"async\" src=\"https:\/\/www.mtgsc.com.br\/wp-content\/uploads\/2022\/11\/lecy-terezinha-pinheiro-de-oliveira-souza.jpg\" alt=\"lecy-terezinha-pinheiro-de-oliveira-souza\" itemprop=\"image\" height=\"400\" width=\"400\" title=\"lecy-terezinha-pinheiro-de-oliveira-souza\" onerror=\"this.style.display='none'\"  \/>\n\t<p><strong>Lecy T. P. de Oliveira Souza<\/strong><\/p>\n\t\t\t\t<img loading=\"lazy\" decoding=\"async\" src=\"https:\/\/www.mtgsc.com.br\/wp-content\/uploads\/2022\/11\/karin-de-oliveira-souza-costa.jpg\" alt=\"karin-de-oliveira-souza-costa\" itemprop=\"image\" height=\"400\" width=\"400\" title=\"karin-de-oliveira-souza-costa\" onerror=\"this.style.display='none'\"  \/>\n\t<p><strong>Karin de Oliveira Souza Costa<\/strong><\/p>\n\t<p>Veja quem faz parte da Comiss\u00e3o para Avalia\u00e7\u00e3o das Provas Campeiras do 22\u00ba Concurso de Prendas e 17\u00ba Concurso de Pe\u00f5es Barriga-Verde do MTG\/SC.<\/p>\n\t\t\t<a href=\"https:\/\/www.mtgsc.com.br\/en\/concurso-de-prendas-e-peoes-barriga-verde\/curriculo-avaliadores\/\" target=\"_self\" role=\"button\" rel=\"noopener\">\n\t\t\t\t\t\t\tCurr\u00edculo dos Avaliadores\n\t\t\t\t\t<\/a>\n\t\t\t\t<img loading=\"lazy\" decoding=\"async\" src=\"https:\/\/www.mtgsc.com.br\/wp-content\/uploads\/2022\/11\/cesar-augusto-furtado.jpg\" alt=\"cesar-augusto-furtado\" itemprop=\"image\" height=\"400\" width=\"400\" title=\"cesar-augusto-furtado\" onerror=\"this.style.display='none'\"  \/>\n\t<p><b>Cesar Augusto Furtado <\/b><\/p>\n\t\t\t\t<img loading=\"lazy\" decoding=\"async\" src=\"https:\/\/www.mtgsc.com.br\/wp-content\/uploads\/2022\/11\/alexandre-senem.jpg\" alt=\"alexandre-senem\" itemprop=\"image\" height=\"400\" width=\"400\" title=\"alexandre-senem\" onerror=\"this.style.display='none'\"  \/>\n\t<p><b>Alexandre Senem<\/b><\/p>\n\t\t\t\t<img loading=\"lazy\" decoding=\"async\" src=\"https:\/\/www.mtgsc.com.br\/wp-content\/uploads\/2022\/11\/luiz-orestes-dalmaz.jpg\" alt=\"luiz-orestes-dalmaz\" itemprop=\"image\" height=\"400\" width=\"400\" title=\"luiz-orestes-dalmaz\" onerror=\"this.style.display='none'\"  \/>\n\t<p><b>Luiz Orestes Dalmaz<\/b><\/p>\n\t<p>Veja quem faz parte da Comiss\u00e3o para Avalia\u00e7\u00e3o das Provas Art\u00edsticas das Categorias Mirim e Juvenil do 22\u00ba Concurso de Prendas e 17\u00ba Concurso de Pe\u00f5es Barriga-Verde do MTG\/SC.<\/p>\n\t\t\t<a href=\"https:\/\/www.mtgsc.com.br\/en\/concurso-de-prendas-e-peoes-barriga-verde\/curriculo-avaliadores\/\" target=\"_self\" role=\"button\" rel=\"noopener\">\n\t\t\t\t\t\t\tCurr\u00edculo dos Avaliadores\n\t\t\t\t\t<\/a>\n\t\t\t\t<img loading=\"lazy\" decoding=\"async\" src=\"https:\/\/www.mtgsc.com.br\/wp-content\/uploads\/2022\/11\/luciane-fatima-somenzi-dalmaz.jpg\" alt=\"luciane-fatima-somenzi-dalmaz\" itemprop=\"image\" height=\"400\" width=\"400\" title=\"luciane-fatima-somenzi-dalmaz\" onerror=\"this.style.display='none'\"  \/>\n\t<p><strong>Luciane Fatima Somenzi Dalmaz<\/strong><\/p>\n\t\t\t\t<img loading=\"lazy\" decoding=\"async\" src=\"https:\/\/www.mtgsc.com.br\/wp-content\/uploads\/2022\/11\/thais-dutra-da-rosa.jpg\" alt=\"thais-dutra-da-rosa\" itemprop=\"image\" height=\"400\" width=\"400\" title=\"thais-dutra-da-rosa\" onerror=\"this.style.display='none'\"  \/>\n\t<p><strong>Tha\u00eds Dutra da Rosa<\/strong><\/p>\n\t\t\t\t<img loading=\"lazy\" decoding=\"async\" src=\"https:\/\/www.mtgsc.com.br\/wp-content\/uploads\/2022\/11\/celivio-holz.jpg\" alt=\"celivio-holz\" itemprop=\"image\" height=\"400\" width=\"400\" title=\"celivio-holz\" onerror=\"this.style.display='none'\"  \/>\n\t<p><strong>Cel\u00edvio Holz<\/strong><\/p>\n\t<p>Veja quem faz parte da Comiss\u00e3o para Avalia\u00e7\u00e3o das Provas Art\u00edsticas das Categorias Adultas e Veteranas do 22\u00ba Concurso de Prendas e 17\u00ba Concurso de Pe\u00f5es Barriga-Verde do MTG\/SC.<\/p>\n\t\t\t<a href=\"https:\/\/www.mtgsc.com.br\/en\/concurso-de-prendas-e-peoes-barriga-verde\/curriculo-avaliadores\/\" target=\"_self\" role=\"button\" rel=\"noopener\">\n\t\t\t\t\t\t\tCurr\u00edculo dos Avaliadores\n\t\t\t\t\t<\/a>\n\t\t\t\t<img loading=\"lazy\" decoding=\"async\" src=\"https:\/\/www.mtgsc.com.br\/wp-content\/uploads\/2022\/11\/magda-porto-correa.jpg\" alt=\"magda-porto-correa\" itemprop=\"image\" height=\"400\" width=\"400\" title=\"magda-porto-correa\" onerror=\"this.style.display='none'\"  \/>\n\t<p><b>Magda Porto Corr\u00eaa<\/b><\/p>\n\t\t\t\t<img loading=\"lazy\" decoding=\"async\" src=\"https:\/\/www.mtgsc.com.br\/wp-content\/uploads\/2022\/11\/jeferson-de-quadros-moreira.jpg\" alt=\"jeferson-de-quadros-moreira\" itemprop=\"image\" height=\"400\" width=\"400\" title=\"jeferson-de-quadros-moreira\" onerror=\"this.style.display='none'\"  \/>\n\t<p><b>Jeferson de Quadros Moreira<\/b><\/p>\n\t\t\t\t<img loading=\"lazy\" decoding=\"async\" src=\"https:\/\/www.mtgsc.com.br\/wp-content\/uploads\/2022\/11\/edineia-pereira-da-silva.jpg\" alt=\"edineia-pereira-da-silva\" itemprop=\"image\" height=\"400\" width=\"400\" title=\"edineia-pereira-da-silva\" onerror=\"this.style.display='none'\"  \/>\n\t<p><b>Edin\u00e9ia Pereira da Silva<\/b><\/p>\n<h2>\n\t\tFicou com alguma d\u00favida? Entre em contato com a Organiza\u00e7\u00e3o.\n\t<\/h2>\n\t\t\t<a href=\"https:\/\/api.whatsapp.com\/send?phone=5548984662334\" target=\"_blank\" role=\"button\" rel=\"noopener\">\n\t\t\t\t\t\tSchirley Nascimento\n\t\t\t\t\t<\/a>\n\t<p><strong>Diretora Cultural<\/strong><\/p>\n\t\t\t<a href=\"https:\/\/api.whatsapp.com\/send?phone=5549999176065\" target=\"_blank\" role=\"button\" rel=\"noopener\">\n\t\t\t\t\t\tHernalda Mussio\n\t\t\t\t\t<\/a>\n\t<p><strong>Vice-Diretora Cultural<\/strong><\/p>","protected":false},"excerpt":{"rendered":"<p>Clique para baixar o regulamento completo do concurso (.pdf) Clique para acessar as apostilas de estudo (.pdf) PROGRAMA\u00c7\u00c3O &#8211; Dia 25\/11\/2022 (Sexta-feira): 18:00 &#8211; Recep\u00e7\u00e3o&hellip;<\/p>","protected":false},"author":4,"featured_media":0,"parent":0,"menu_order":0,"comment_status":"closed","ping_status":"closed","template":"","meta":{"footnotes":""},"class_list":["post-4884","page","type-page","status-publish","hentry"],"yoast_head":"<!-- This site is optimized with the Yoast SEO plugin v27.4 - https:\/\/yoast.com\/product\/yoast-seo-wordpress\/ -->\n<title>Concurso Estadual de Prendas e Pe\u00f5es Barriga Verde - MTG\/SC - Movimento Tradicionalista Ga\u00facho do Estado de Santa Catarina<\/title>\n<meta name=\"robots\" content=\"index, follow, max-snippet:-1, max-image-preview:large, max-video-preview:-1\" \/>\n<link rel=\"canonical\" href=\"https:\/\/www.mtgsc.com.br\/en\/concurso-de-prendas-e-peoes-barriga-verde\/\" \/>\n<meta property=\"og:locale\" content=\"en_US\" \/>\n<meta property=\"og:type\" content=\"article\" \/>\n<meta property=\"og:title\" content=\"Concurso Estadual de Prendas e Pe\u00f5es Barriga Verde - MTG\/SC - Movimento Tradicionalista Ga\u00facho do Estado de Santa Catarina\" \/>\n<meta property=\"og:description\" content=\"Clique para baixar o regulamento completo do concurso (.pdf) Clique para acessar as apostilas de estudo (.pdf) PROGRAMA\u00c7\u00c3O &#8211; Dia 25\/11\/2022 (Sexta-feira): 18:00 &#8211; Recep\u00e7\u00e3o&hellip;\" \/>\n<meta property=\"og:url\" content=\"https:\/\/www.mtgsc.com.br\/en\/concurso-de-prendas-e-peoes-barriga-verde\/\" \/>\n<meta property=\"og:site_name\" content=\"MTG\/SC - Movimento Tradicionalista Ga\u00facho do Estado de Santa Catarina\" \/>\n<meta property=\"article:publisher\" content=\"https:\/\/www.facebook.com\/MTGSC\" \/>\n<meta property=\"article:modified_time\" content=\"2023-05-11T19:02:56+00:00\" \/>\n<meta property=\"og:image\" content=\"https:\/\/www.mtgsc.com.br\/wp-content\/uploads\/2022\/08\/concurso-prendas-peoes-barriga-verde-2022.png\" \/>\n<meta name=\"twitter:card\" content=\"summary_large_image\" \/>\n<meta name=\"twitter:label1\" content=\"Est. reading time\" \/>\n\t<meta name=\"twitter:data1\" content=\"1 minute\" \/>\n<script type=\"application\/ld+json\" class=\"yoast-schema-graph\">{\"@context\":\"https:\\\/\\\/schema.org\",\"@graph\":[{\"@type\":\"WebPage\",\"@id\":\"https:\\\/\\\/www.mtgsc.com.br\\\/concurso-de-prendas-e-peoes-barriga-verde\\\/\",\"url\":\"https:\\\/\\\/www.mtgsc.com.br\\\/concurso-de-prendas-e-peoes-barriga-verde\\\/\",\"name\":\"Concurso Estadual de Prendas e Pe\u00f5es Barriga Verde - MTG\\\/SC - Movimento Tradicionalista Ga\u00facho do Estado de Santa Catarina\",\"isPartOf\":{\"@id\":\"https:\\\/\\\/www.mtgsc.com.br\\\/#website\"},\"primaryImageOfPage\":{\"@id\":\"https:\\\/\\\/www.mtgsc.com.br\\\/concurso-de-prendas-e-peoes-barriga-verde\\\/#primaryimage\"},\"image\":{\"@id\":\"https:\\\/\\\/www.mtgsc.com.br\\\/concurso-de-prendas-e-peoes-barriga-verde\\\/#primaryimage\"},\"thumbnailUrl\":\"https:\\\/\\\/www.mtgsc.com.br\\\/wp-content\\\/uploads\\\/2022\\\/08\\\/concurso-prendas-peoes-barriga-verde-2022.png\",\"datePublished\":\"2022-06-30T17:55:38+00:00\",\"dateModified\":\"2023-05-11T19:02:56+00:00\",\"breadcrumb\":{\"@id\":\"https:\\\/\\\/www.mtgsc.com.br\\\/concurso-de-prendas-e-peoes-barriga-verde\\\/#breadcrumb\"},\"inLanguage\":\"en-US\",\"potentialAction\":[{\"@type\":\"ReadAction\",\"target\":[\"https:\\\/\\\/www.mtgsc.com.br\\\/concurso-de-prendas-e-peoes-barriga-verde\\\/\"]}]},{\"@type\":\"ImageObject\",\"inLanguage\":\"en-US\",\"@id\":\"https:\\\/\\\/www.mtgsc.com.br\\\/concurso-de-prendas-e-peoes-barriga-verde\\\/#primaryimage\",\"url\":\"https:\\\/\\\/www.mtgsc.com.br\\\/wp-content\\\/uploads\\\/2022\\\/08\\\/concurso-prendas-peoes-barriga-verde-2022.png\",\"contentUrl\":\"https:\\\/\\\/www.mtgsc.com.br\\\/wp-content\\\/uploads\\\/2022\\\/08\\\/concurso-prendas-peoes-barriga-verde-2022.png\"},{\"@type\":\"BreadcrumbList\",\"@id\":\"https:\\\/\\\/www.mtgsc.com.br\\\/concurso-de-prendas-e-peoes-barriga-verde\\\/#breadcrumb\",\"itemListElement\":[{\"@type\":\"ListItem\",\"position\":1,\"name\":\"In\u00edcio\",\"item\":\"https:\\\/\\\/www.mtgsc.com.br\\\/\"},{\"@type\":\"ListItem\",\"position\":2,\"name\":\"Concurso Estadual de Prendas e Pe\u00f5es Barriga Verde\"}]},{\"@type\":\"WebSite\",\"@id\":\"https:\\\/\\\/www.mtgsc.com.br\\\/#website\",\"url\":\"https:\\\/\\\/www.mtgsc.com.br\\\/\",\"name\":\"MTG\\\/SC 50 ANOS\",\"description\":\"Honrar a Hist\u00f3ria e Construir o Futuro\",\"publisher\":{\"@id\":\"https:\\\/\\\/www.mtgsc.com.br\\\/#organization\"},\"potentialAction\":[{\"@type\":\"SearchAction\",\"target\":{\"@type\":\"EntryPoint\",\"urlTemplate\":\"https:\\\/\\\/www.mtgsc.com.br\\\/?s={search_term_string}\"},\"query-input\":{\"@type\":\"PropertyValueSpecification\",\"valueRequired\":true,\"valueName\":\"search_term_string\"}}],\"inLanguage\":\"en-US\"},{\"@type\":\"Organization\",\"@id\":\"https:\\\/\\\/www.mtgsc.com.br\\\/#organization\",\"name\":\"MTG\\\/SC - Movimento Tradicionalista Ga\u00facho de Santa Catarina\",\"alternateName\":\"Movimento Tradicionalista Ga\u00facho de Santa Catarina\",\"url\":\"https:\\\/\\\/www.mtgsc.com.br\\\/\",\"logo\":{\"@type\":\"ImageObject\",\"inLanguage\":\"en-US\",\"@id\":\"https:\\\/\\\/www.mtgsc.com.br\\\/#\\\/schema\\\/logo\\\/image\\\/\",\"url\":\"https:\\\/\\\/www.mtgsc.com.br\\\/wp-content\\\/uploads\\\/2022\\\/03\\\/logo-2018-header-light.png\",\"contentUrl\":\"https:\\\/\\\/www.mtgsc.com.br\\\/wp-content\\\/uploads\\\/2022\\\/03\\\/logo-2018-header-light.png\",\"width\":169,\"height\":150,\"caption\":\"MTG\\\/SC - Movimento Tradicionalista Ga\u00facho de Santa Catarina\"},\"image\":{\"@id\":\"https:\\\/\\\/www.mtgsc.com.br\\\/#\\\/schema\\\/logo\\\/image\\\/\"},\"sameAs\":[\"https:\\\/\\\/www.facebook.com\\\/MTGSC\",\"https:\\\/\\\/www.instagram.com\\\/mtgsc\\\/\"]}]}<\/script>\n<!-- \/ Yoast SEO plugin. -->","yoast_head_json":{"title":"Concurso Estadual de Prendas e Pe\u00f5es Barriga Verde - MTG\/SC - Movimento Tradicionalista Ga\u00facho do Estado de Santa Catarina","robots":{"index":"index","follow":"follow","max-snippet":"max-snippet:-1","max-image-preview":"max-image-preview:large","max-video-preview":"max-video-preview:-1"},"canonical":"https:\/\/www.mtgsc.com.br\/en\/concurso-de-prendas-e-peoes-barriga-verde\/","og_locale":"en_US","og_type":"article","og_title":"Concurso Estadual de Prendas e Pe\u00f5es Barriga Verde - MTG\/SC - Movimento Tradicionalista Ga\u00facho do Estado de Santa Catarina","og_description":"Clique para baixar o regulamento completo do concurso (.pdf) Clique para acessar as apostilas de estudo (.pdf) PROGRAMA\u00c7\u00c3O &#8211; Dia 25\/11\/2022 (Sexta-feira): 18:00 &#8211; Recep\u00e7\u00e3o&hellip;","og_url":"https:\/\/www.mtgsc.com.br\/en\/concurso-de-prendas-e-peoes-barriga-verde\/","og_site_name":"MTG\/SC - Movimento Tradicionalista Ga\u00facho do Estado de Santa Catarina","article_publisher":"https:\/\/www.facebook.com\/MTGSC","article_modified_time":"2023-05-11T19:02:56+00:00","og_image":[{"url":"https:\/\/www.mtgsc.com.br\/wp-content\/uploads\/2022\/08\/concurso-prendas-peoes-barriga-verde-2022.png","type":"","width":"","height":""}],"twitter_card":"summary_large_image","twitter_misc":{"Est. reading time":"1 minute"},"schema":{"@context":"https:\/\/schema.org","@graph":[{"@type":"WebPage","@id":"https:\/\/www.mtgsc.com.br\/concurso-de-prendas-e-peoes-barriga-verde\/","url":"https:\/\/www.mtgsc.com.br\/concurso-de-prendas-e-peoes-barriga-verde\/","name":"Concurso Estadual de Prendas e Pe\u00f5es Barriga Verde - MTG\/SC - Movimento Tradicionalista Ga\u00facho do Estado de Santa Catarina","isPartOf":{"@id":"https:\/\/www.mtgsc.com.br\/#website"},"primaryImageOfPage":{"@id":"https:\/\/www.mtgsc.com.br\/concurso-de-prendas-e-peoes-barriga-verde\/#primaryimage"},"image":{"@id":"https:\/\/www.mtgsc.com.br\/concurso-de-prendas-e-peoes-barriga-verde\/#primaryimage"},"thumbnailUrl":"https:\/\/www.mtgsc.com.br\/wp-content\/uploads\/2022\/08\/concurso-prendas-peoes-barriga-verde-2022.png","datePublished":"2022-06-30T17:55:38+00:00","dateModified":"2023-05-11T19:02:56+00:00","breadcrumb":{"@id":"https:\/\/www.mtgsc.com.br\/concurso-de-prendas-e-peoes-barriga-verde\/#breadcrumb"},"inLanguage":"en-US","potentialAction":[{"@type":"ReadAction","target":["https:\/\/www.mtgsc.com.br\/concurso-de-prendas-e-peoes-barriga-verde\/"]}]},{"@type":"ImageObject","inLanguage":"en-US","@id":"https:\/\/www.mtgsc.com.br\/concurso-de-prendas-e-peoes-barriga-verde\/#primaryimage","url":"https:\/\/www.mtgsc.com.br\/wp-content\/uploads\/2022\/08\/concurso-prendas-peoes-barriga-verde-2022.png","contentUrl":"https:\/\/www.mtgsc.com.br\/wp-content\/uploads\/2022\/08\/concurso-prendas-peoes-barriga-verde-2022.png"},{"@type":"BreadcrumbList","@id":"https:\/\/www.mtgsc.com.br\/concurso-de-prendas-e-peoes-barriga-verde\/#breadcrumb","itemListElement":[{"@type":"ListItem","position":1,"name":"In\u00edcio","item":"https:\/\/www.mtgsc.com.br\/"},{"@type":"ListItem","position":2,"name":"Concurso Estadual de Prendas e Pe\u00f5es Barriga Verde"}]},{"@type":"WebSite","@id":"https:\/\/www.mtgsc.com.br\/#website","url":"https:\/\/www.mtgsc.com.br\/","name":"MTG\/SC 50 ANOS","description":"Honrar a Hist\u00f3ria e Construir o Futuro","publisher":{"@id":"https:\/\/www.mtgsc.com.br\/#organization"},"potentialAction":[{"@type":"SearchAction","target":{"@type":"EntryPoint","urlTemplate":"https:\/\/www.mtgsc.com.br\/?s={search_term_string}"},"query-input":{"@type":"PropertyValueSpecification","valueRequired":true,"valueName":"search_term_string"}}],"inLanguage":"en-US"},{"@type":"Organization","@id":"https:\/\/www.mtgsc.com.br\/#organization","name":"MTG\/SC - Movimento Tradicionalista Ga\u00facho de Santa Catarina","alternateName":"Movimento Tradicionalista Ga\u00facho de Santa Catarina","url":"https:\/\/www.mtgsc.com.br\/","logo":{"@type":"ImageObject","inLanguage":"en-US","@id":"https:\/\/www.mtgsc.com.br\/#\/schema\/logo\/image\/","url":"https:\/\/www.mtgsc.com.br\/wp-content\/uploads\/2022\/03\/logo-2018-header-light.png","contentUrl":"https:\/\/www.mtgsc.com.br\/wp-content\/uploads\/2022\/03\/logo-2018-header-light.png","width":169,"height":150,"caption":"MTG\/SC - Movimento Tradicionalista Ga\u00facho de Santa Catarina"},"image":{"@id":"https:\/\/www.mtgsc.com.br\/#\/schema\/logo\/image\/"},"sameAs":["https:\/\/www.facebook.com\/MTGSC","https:\/\/www.instagram.com\/mtgsc\/"]}]}},"_links":{"self":[{"href":"https:\/\/www.mtgsc.com.br\/en\/wp-json\/wp\/v2\/pages\/4884","targetHints":{"allow":["GET"]}}],"collection":[{"href":"https:\/\/www.mtgsc.com.br\/en\/wp-json\/wp\/v2\/pages"}],"about":[{"href":"https:\/\/www.mtgsc.com.br\/en\/wp-json\/wp\/v2\/types\/page"}],"author":[{"embeddable":true,"href":"https:\/\/www.mtgsc.com.br\/en\/wp-json\/wp\/v2\/users\/4"}],"replies":[{"embeddable":true,"href":"https:\/\/www.mtgsc.com.br\/en\/wp-json\/wp\/v2\/comments?post=4884"}],"version-history":[{"count":33,"href":"https:\/\/www.mtgsc.com.br\/en\/wp-json\/wp\/v2\/pages\/4884\/revisions"}],"predecessor-version":[{"id":7307,"href":"https:\/\/www.mtgsc.com.br\/en\/wp-json\/wp\/v2\/pages\/4884\/revisions\/7307"}],"wp:attachment":[{"href":"https:\/\/www.mtgsc.com.br\/en\/wp-json\/wp\/v2\/media?parent=4884"}],"curies":[{"name":"wp","href":"https:\/\/api.w.org\/{rel}","templated":true}]}}