{"id":5007,"date":"2022-07-11T23:51:30","date_gmt":"2022-07-12T02:51:30","guid":{"rendered":"https:\/\/www.mtgsc.com.br\/?page_id=5007"},"modified":"2022-09-01T21:03:30","modified_gmt":"2022-09-02T00:03:30","slug":"interprete-e-conjunto-vocal","status":"publish","type":"page","link":"https:\/\/www.mtgsc.com.br\/en\/xxiv-fecart\/interprete-e-conjunto-vocal\/","title":{"rendered":"Concurso de Int\u00e9rprete Vocal e de Conjunto Vocal"},"content":{"rendered":"<a href=\"https:\/\/www.mtgsc.com.br\/en\/fecart-2022\/\" target=\"_self\" itemprop=\"url\" rel=\"noopener\">\n\t\t\t\t<img loading=\"lazy\" decoding=\"async\" src=\"https:\/\/www.mtgsc.com.br\/wp-content\/uploads\/2022\/07\/cabecalho-internas.png\" alt=\"cabecalho-internas\" itemprop=\"image\" height=\"113\" width=\"1000\" title=\"cabecalho-internas\" onerror=\"this.style.display='none'\"  \/>\n\t\t\t\t<\/a>\n<h1>\n\t\tConcurso de Int\u00e9rprete Vocal e de Conjunto Vocal\n\t<\/h1>\n\t<p>Os concorrentes dessa categoria desenvolver\u00e3o um n\u00famero musical de sua autoria ou de outros compositores. Os temas adotados dever\u00e3o ser de inspira\u00e7\u00e3o ga\u00facha.<\/p>\n<h2>\n\t\t&#8211; Programa\u00e7\u00e3o Int\u00e9rprete Vocal:\n\t<\/h2>\n\t<p><strong>Local:<\/strong> Palco 2<\/p>\n<p><strong>S\u00e1bado:<\/strong> 09h &#8211; Veterano e Adulto (Prenda e Pe\u00e3o)<\/p>\n\t<p><strong>Local:<\/strong> Palco 2<\/p>\n<p><strong>Domingo:<\/strong> 09h &#8211; Mirim e Juvenil (Prenda e Pe\u00e3o)<\/p>\n\t\t\t<a href=\"https:\/\/www.mtgsc.com.br\/en\/fecart-2022\/programacao-completa-do-xxiv-fecart\/\" target=\"_self\" role=\"button\" rel=\"noopener\">\n\t\t\t\t\t\tPrograma\u00e7\u00e3o Completa\n\t\t\t\t\t<\/a>\n<h1>\n\t\tComiss\u00e3o Avaliadora\n\t<\/h1>\n\t<p>Conhe\u00e7a os membros da Comiss\u00e3o Avaliadora de Int\u00e9rprete Vocal e de Conjunto Vocal<\/p>\n\t\t\t\t<img decoding=\"async\" src=\"http:\/\/www.mtgsc.com.br\/wp-content\/uploads\/2022\/07\/vitor-amorim.png\" alt=\"vitor-amorim\" itemprop=\"image\" title=\"vitor-amorim\" onerror=\"this.style.display='none'\"  \/>\n\t<strong>Vitor Amorim<\/strong><br \/>\nAvaliador Int\u00e9rprete Vocal e Grupo Vocal\n\tDevido a influ\u00eancia de seu pai Ramiro Amorim que \u00e9 um poeta Lageano, come\u00e7ou a ter gosto pelo estilo musical do sul do pa\u00eds, a 10 anos atr\u00e1s juntamente com Kiko Goulart foi um dos fundadores do Grupo Quarteto Cora\u00e7\u00e3o de Potro, desde ent\u00e3o vem conquistando diversos pr\u00eamios em festivais pelo sul do pa\u00eds, tais como Sapecada da Can\u00e7ao, Calif\u00f3rnia da Can\u00e7\u00e3o, Reponte, Coxilha Nativista, Um Canto para Martim Fierro, entre tantos&#8230;<br \/>\n<a href=\"https:\/\/www.mtgsc.com.br\/en\/fecart\/curriculo-avaliadores\/\" target=\"_blank\" rel=\"noopener\">&gt;&gt; Ver curr\u00edculo completo.<\/a>\n\t\t\t\t<img decoding=\"async\" src=\"http:\/\/www.mtgsc.com.br\/wp-content\/uploads\/2022\/07\/maicon-granja.png\" alt=\"maicon-granja\" itemprop=\"image\" title=\"maicon-granja\" onerror=\"this.style.display='none'\"  \/>\n\t<strong>Maicon Fernandes Oliveira<\/strong><br \/>\nAvaliador Int\u00e9rprete Vocal e Grupo Vocal\n\tSempre foi um apaixonado pela cultura regional, principalmente pela m\u00fasica ga\u00facha, tendo seus primeiros contatos com a m\u00fasica aos 9 anos de idade, incentivado por familiares que sempre tiveram a m\u00fasica presente em suas vidas. Autodidata, sempre buscou informa\u00e7\u00f5es sobre outros m\u00fasicos e estilos musicais, por\u00e9m sempre focado no movimento Nativista, onde sempre ouviu&#8230;<br \/>\n<a href=\"https:\/\/www.mtgsc.com.br\/en\/fecart\/curriculo-avaliadores\/\" target=\"_blank\" rel=\"noopener\">&gt;&gt; Ver curr\u00edculo completo.<\/a>\n\t\t\t\t<img decoding=\"async\" src=\"http:\/\/www.mtgsc.com.br\/wp-content\/uploads\/2022\/07\/kiko-goulart.png\" alt=\"kiko-goulart\" itemprop=\"image\" title=\"kiko-goulart\" onerror=\"this.style.display='none'\"  \/>\n\t<strong>Kiko Goulart<\/strong><br \/>\nAvaliador Int\u00e9rprete Vocal e Grupo Vocal\n\t<p>Vem de uma fam\u00edlia de m\u00fasicos, trabalhou na Funda\u00e7\u00e3o Cultural de Lages SC como professor de m\u00fasica, participante ativo e premiado em importantes festivais de m\u00fasica do Sul do Brasil como Calif\u00f3rnia da Can\u00e7\u00e3o, Sapecada da Can\u00e7\u00e3o, Martin Fierro, Coxilha Nativista, entre outros.<\/p>\nHoje \u00e9 produtor musical, compositor, cantor e integrante do Quarteto Cora\u00e7\u00e3o de Potro, tendo gravado com os principais artistas e poetas&#8230;<br \/>\n<a href=\"https:\/\/www.mtgsc.com.br\/en\/fecart\/curriculo-avaliadores\/\" target=\"_blank\" rel=\"noopener\">&gt;&gt; Ver curr\u00edculo completo.<\/a><br \/>\n\n\t\t\t\t<img decoding=\"async\" src=\"http:\/\/www.mtgsc.com.br\/wp-content\/uploads\/2022\/07\/patrick-antunes.png\" alt=\"patrick-antunes\" itemprop=\"image\" title=\"patrick-antunes\" onerror=\"this.style.display='none'\"  \/>\n\t<strong>Patrick Antunes<\/strong><br \/>\nAvaliador Int\u00e9rprete Vocal e Grupo Vocal\n\t\u00c9 graduado em Licenciatura em M\u00fasica pela Universidade de asso Fundo &#8211; UPF. Come\u00e7ou no ramo musical no ano de 2008, atuando como cantor e violonista nas invernadas de dan\u00e7as tradicionais do Rio Grande do Sul, integrando os CTGs, Os\u00f3rio Porto, Dom Luiz Felipe de Nadal, GDF Tebanos do Iga\u00ed, DT Ind\u00fastrial, Tropel de Caudilhos, tendo entidade filiada o CTG Lalau Miranda, e tamb\u00e9m atuando em diversos CTGs do estado, durante&#8230;<br \/>\n<a href=\"https:\/\/www.mtgsc.com.br\/en\/fecart\/curriculo-avaliadores\/\" target=\"_blank\" rel=\"noopener\">&gt;&gt; Ver curr\u00edculo completo.<\/a><br \/>\n\n<h2>\n\t\tConhe\u00e7a as demais Comiss\u00f5es Avaliadoras:\n\t<\/h2>\n\t\t\t\t<a href=\"https:\/\/www.mtgsc.com.br\/en\/fecart\/trova\/\" target=\"_self\" itemprop=\"url\" rel=\"noopener\">\n\t\t\t\t<img loading=\"lazy\" decoding=\"async\" src=\"https:\/\/www.mtgsc.com.br\/wp-content\/uploads\/2022\/07\/trovas.png\" alt=\"trovas\" itemprop=\"image\" height=\"272\" width=\"452\" title=\"trovas\" onerror=\"this.style.display='none'\"  \/>\n\t\t\t\t<\/a>\n\t\t\t\t<a href=\"https:\/\/www.mtgsc.com.br\/en\/fecart\/interprete-e-conjunto-vocal\/\" target=\"_self\" itemprop=\"url\" rel=\"noopener\">\n\t\t\t\t<img loading=\"lazy\" decoding=\"async\" src=\"https:\/\/www.mtgsc.com.br\/wp-content\/uploads\/2022\/07\/vocal.png\" alt=\"vocal\" itemprop=\"image\" height=\"272\" width=\"452\" title=\"vocal\" onerror=\"this.style.display='none'\"  \/>\n\t\t\t\t<\/a>\n\t\t\t\t<a href=\"https:\/\/www.mtgsc.com.br\/en\/fecart\/dancas-tradicionais\/\" target=\"_self\" itemprop=\"url\" rel=\"noopener\">\n\t\t\t\t<img loading=\"lazy\" decoding=\"async\" src=\"https:\/\/www.mtgsc.com.br\/wp-content\/uploads\/2022\/07\/dancas-tradicionais-1.png\" alt=\"dancas-tradicionais\" itemprop=\"image\" height=\"272\" width=\"452\" title=\"dancas-tradicionais\" onerror=\"this.style.display='none'\"  \/>\n\t\t\t\t<\/a>\n\t\t\t\t<a href=\"https:\/\/www.mtgsc.com.br\/en\/fecart\/poesia-inedita\/\" target=\"_self\" itemprop=\"url\" rel=\"noopener\">\n\t\t\t\t<img loading=\"lazy\" decoding=\"async\" src=\"https:\/\/www.mtgsc.com.br\/wp-content\/uploads\/2022\/07\/poesia.png\" alt=\"poesia\" itemprop=\"image\" height=\"272\" width=\"452\" title=\"poesia\" onerror=\"this.style.display='none'\"  \/>\n\t\t\t\t<\/a>\n\t\t\t\t<a href=\"https:\/\/www.mtgsc.com.br\/en\/fecart\/chula\/\" target=\"_self\" itemprop=\"url\" rel=\"noopener\">\n\t\t\t\t<img loading=\"lazy\" decoding=\"async\" src=\"https:\/\/www.mtgsc.com.br\/wp-content\/uploads\/2022\/07\/chula-e-chula-trio.png\" alt=\"chula-e-chula-trio\" itemprop=\"image\" height=\"272\" width=\"452\" title=\"chula-e-chula-trio\" onerror=\"this.style.display='none'\"  \/>\n\t\t\t\t<\/a>\n\t\t\t\t<a href=\"https:\/\/www.mtgsc.com.br\/en\/fecart\/dancas-de-salao\/\" target=\"_self\" itemprop=\"url\" rel=\"noopener\">\n\t\t\t\t<img loading=\"lazy\" decoding=\"async\" src=\"https:\/\/www.mtgsc.com.br\/wp-content\/uploads\/2022\/07\/dancas-de-salao.png\" alt=\"dancas-de-salao\" itemprop=\"image\" height=\"272\" width=\"452\" title=\"dancas-de-salao\" onerror=\"this.style.display='none'\"  \/>\n\t\t\t\t<\/a>\n\t\t\t\t<a href=\"https:\/\/www.mtgsc.com.br\/en\/fecart\/declamacao\/\" target=\"_self\" itemprop=\"url\" rel=\"noopener\">\n\t\t\t\t<img loading=\"lazy\" decoding=\"async\" src=\"https:\/\/www.mtgsc.com.br\/wp-content\/uploads\/2022\/07\/declamacao.png\" alt=\"declamacao\" itemprop=\"image\" height=\"272\" width=\"452\" title=\"declamacao\" onerror=\"this.style.display='none'\"  \/>\n\t\t\t\t<\/a>\n\t\t\t\t<a href=\"https:\/\/www.mtgsc.com.br\/en\/fecart\/instrumental\/\" target=\"_self\" itemprop=\"url\" rel=\"noopener\">\n\t\t\t\t<img loading=\"lazy\" decoding=\"async\" src=\"https:\/\/www.mtgsc.com.br\/wp-content\/uploads\/2022\/07\/instrumentais.png\" alt=\"instrumentais\" itemprop=\"image\" height=\"272\" width=\"452\" title=\"instrumentais\" onerror=\"this.style.display='none'\"  \/>\n\t\t\t\t<\/a>\n\t\t\t\t<a href=\"https:\/\/www.mtgsc.com.br\/en\/fecart\/causo\/\" target=\"_self\" itemprop=\"url\" rel=\"noopener\">\n\t\t\t\t<img loading=\"lazy\" decoding=\"async\" src=\"https:\/\/www.mtgsc.com.br\/wp-content\/uploads\/2022\/07\/causo.png\" alt=\"causo\" itemprop=\"image\" height=\"272\" width=\"452\" title=\"causo\" onerror=\"this.style.display='none'\"  \/>\n\t\t\t\t<\/a>\n\t\t\t\t<a href=\"https:\/\/www.mtgsc.com.br\/en\/fecart\/dancas-tropeirismo-biriva\/\" target=\"_self\" itemprop=\"url\" rel=\"noopener\">\n\t\t\t\t<img loading=\"lazy\" decoding=\"async\" src=\"https:\/\/www.mtgsc.com.br\/wp-content\/uploads\/2022\/07\/dancas-tropeirismo-biriva-1.png\" alt=\"dancas-tropeirismo-biriva\" itemprop=\"image\" height=\"272\" width=\"452\" title=\"dancas-tropeirismo-biriva\" onerror=\"this.style.display='none'\"  \/>\n\t\t\t\t<\/a>\n\t\t\t\t<a href=\"https:\/\/www.mtgsc.com.br\/en\/fecart\/prenda-mais-prendada\/\" target=\"_self\" itemprop=\"url\" rel=\"noopener\">\n\t\t\t\t<img loading=\"lazy\" decoding=\"async\" src=\"https:\/\/www.mtgsc.com.br\/wp-content\/uploads\/2022\/07\/mais-prendada-prenda.png\" alt=\"mais-prendada-prenda\" itemprop=\"image\" height=\"272\" width=\"452\" title=\"mais-prendada-prenda\" onerror=\"this.style.display='none'\"  \/>\n\t\t\t\t<\/a>","protected":false},"excerpt":{"rendered":"<p>Concurso de Int\u00e9rprete Vocal e de Conjunto Vocal Os concorrentes dessa categoria desenvolver\u00e3o um n\u00famero musical de sua autoria ou de outros compositores. Os temas&hellip;<\/p>","protected":false},"author":4,"featured_media":0,"parent":5019,"menu_order":0,"comment_status":"closed","ping_status":"closed","template":"","meta":{"footnotes":""},"class_list":["post-5007","page","type-page","status-publish","hentry"],"yoast_head":"<!-- This site is optimized with the Yoast SEO plugin v27.4 - https:\/\/yoast.com\/product\/yoast-seo-wordpress\/ -->\n<title>Concurso de Int\u00e9rprete Vocal e de Conjunto Vocal - MTG\/SC - Movimento Tradicionalista Ga\u00facho do Estado de Santa Catarina<\/title>\n<meta name=\"robots\" content=\"index, follow, max-snippet:-1, max-image-preview:large, max-video-preview:-1\" \/>\n<link rel=\"canonical\" href=\"https:\/\/www.mtgsc.com.br\/en\/xxiv-fecart\/interprete-e-conjunto-vocal\/\" \/>\n<meta property=\"og:locale\" content=\"en_US\" \/>\n<meta property=\"og:type\" content=\"article\" \/>\n<meta property=\"og:title\" content=\"Concurso de Int\u00e9rprete Vocal e de Conjunto Vocal - MTG\/SC - Movimento Tradicionalista Ga\u00facho do Estado de Santa Catarina\" \/>\n<meta property=\"og:description\" content=\"Concurso de Int\u00e9rprete Vocal e de Conjunto Vocal Os concorrentes dessa categoria desenvolver\u00e3o um n\u00famero musical de sua autoria ou de outros compositores. Os temas&hellip;\" \/>\n<meta property=\"og:url\" content=\"https:\/\/www.mtgsc.com.br\/en\/xxiv-fecart\/interprete-e-conjunto-vocal\/\" \/>\n<meta property=\"og:site_name\" content=\"MTG\/SC - Movimento Tradicionalista Ga\u00facho do Estado de Santa Catarina\" \/>\n<meta property=\"article:publisher\" content=\"https:\/\/www.facebook.com\/MTGSC\" \/>\n<meta property=\"article:modified_time\" content=\"2022-09-02T00:03:30+00:00\" \/>\n<meta property=\"og:image\" content=\"https:\/\/www.mtgsc.com.br\/wp-content\/uploads\/2022\/07\/cabecalho-internas.png\" \/>\n<meta name=\"twitter:card\" content=\"summary_large_image\" \/>\n<meta name=\"twitter:label1\" content=\"Est. reading time\" \/>\n\t<meta name=\"twitter:data1\" content=\"9 minutes\" \/>\n<script type=\"application\/ld+json\" class=\"yoast-schema-graph\">{\"@context\":\"https:\\\/\\\/schema.org\",\"@graph\":[{\"@type\":\"WebPage\",\"@id\":\"https:\\\/\\\/www.mtgsc.com.br\\\/xxiv-fecart\\\/interprete-e-conjunto-vocal\\\/\",\"url\":\"https:\\\/\\\/www.mtgsc.com.br\\\/xxiv-fecart\\\/interprete-e-conjunto-vocal\\\/\",\"name\":\"Concurso de Int\u00e9rprete Vocal e de Conjunto Vocal - MTG\\\/SC - Movimento Tradicionalista Ga\u00facho do Estado de Santa Catarina\",\"isPartOf\":{\"@id\":\"https:\\\/\\\/www.mtgsc.com.br\\\/#website\"},\"primaryImageOfPage\":{\"@id\":\"https:\\\/\\\/www.mtgsc.com.br\\\/xxiv-fecart\\\/interprete-e-conjunto-vocal\\\/#primaryimage\"},\"image\":{\"@id\":\"https:\\\/\\\/www.mtgsc.com.br\\\/xxiv-fecart\\\/interprete-e-conjunto-vocal\\\/#primaryimage\"},\"thumbnailUrl\":\"https:\\\/\\\/www.mtgsc.com.br\\\/wp-content\\\/uploads\\\/2022\\\/07\\\/cabecalho-internas.png\",\"datePublished\":\"2022-07-12T02:51:30+00:00\",\"dateModified\":\"2022-09-02T00:03:30+00:00\",\"breadcrumb\":{\"@id\":\"https:\\\/\\\/www.mtgsc.com.br\\\/xxiv-fecart\\\/interprete-e-conjunto-vocal\\\/#breadcrumb\"},\"inLanguage\":\"en-US\",\"potentialAction\":[{\"@type\":\"ReadAction\",\"target\":[\"https:\\\/\\\/www.mtgsc.com.br\\\/xxiv-fecart\\\/interprete-e-conjunto-vocal\\\/\"]}]},{\"@type\":\"ImageObject\",\"inLanguage\":\"en-US\",\"@id\":\"https:\\\/\\\/www.mtgsc.com.br\\\/xxiv-fecart\\\/interprete-e-conjunto-vocal\\\/#primaryimage\",\"url\":\"https:\\\/\\\/www.mtgsc.com.br\\\/wp-content\\\/uploads\\\/2022\\\/07\\\/cabecalho-internas.png\",\"contentUrl\":\"https:\\\/\\\/www.mtgsc.com.br\\\/wp-content\\\/uploads\\\/2022\\\/07\\\/cabecalho-internas.png\"},{\"@type\":\"BreadcrumbList\",\"@id\":\"https:\\\/\\\/www.mtgsc.com.br\\\/xxiv-fecart\\\/interprete-e-conjunto-vocal\\\/#breadcrumb\",\"itemListElement\":[{\"@type\":\"ListItem\",\"position\":1,\"name\":\"In\u00edcio\",\"item\":\"https:\\\/\\\/www.mtgsc.com.br\\\/\"},{\"@type\":\"ListItem\",\"position\":2,\"name\":\"XXIV FECART | 3 e 4 de Setembro de 2022\",\"item\":\"https:\\\/\\\/www.mtgsc.com.br\\\/xxiv-fecart\\\/\"},{\"@type\":\"ListItem\",\"position\":3,\"name\":\"Concurso de Int\u00e9rprete Vocal e de Conjunto Vocal\"}]},{\"@type\":\"WebSite\",\"@id\":\"https:\\\/\\\/www.mtgsc.com.br\\\/#website\",\"url\":\"https:\\\/\\\/www.mtgsc.com.br\\\/\",\"name\":\"MTG\\\/SC 50 ANOS\",\"description\":\"Honrar a Hist\u00f3ria e Construir o Futuro\",\"publisher\":{\"@id\":\"https:\\\/\\\/www.mtgsc.com.br\\\/#organization\"},\"potentialAction\":[{\"@type\":\"SearchAction\",\"target\":{\"@type\":\"EntryPoint\",\"urlTemplate\":\"https:\\\/\\\/www.mtgsc.com.br\\\/?s={search_term_string}\"},\"query-input\":{\"@type\":\"PropertyValueSpecification\",\"valueRequired\":true,\"valueName\":\"search_term_string\"}}],\"inLanguage\":\"en-US\"},{\"@type\":\"Organization\",\"@id\":\"https:\\\/\\\/www.mtgsc.com.br\\\/#organization\",\"name\":\"MTG\\\/SC - Movimento Tradicionalista Ga\u00facho de Santa Catarina\",\"alternateName\":\"Movimento Tradicionalista Ga\u00facho de Santa Catarina\",\"url\":\"https:\\\/\\\/www.mtgsc.com.br\\\/\",\"logo\":{\"@type\":\"ImageObject\",\"inLanguage\":\"en-US\",\"@id\":\"https:\\\/\\\/www.mtgsc.com.br\\\/#\\\/schema\\\/logo\\\/image\\\/\",\"url\":\"https:\\\/\\\/www.mtgsc.com.br\\\/wp-content\\\/uploads\\\/2022\\\/03\\\/logo-2018-header-light.png\",\"contentUrl\":\"https:\\\/\\\/www.mtgsc.com.br\\\/wp-content\\\/uploads\\\/2022\\\/03\\\/logo-2018-header-light.png\",\"width\":169,\"height\":150,\"caption\":\"MTG\\\/SC - Movimento Tradicionalista Ga\u00facho de Santa Catarina\"},\"image\":{\"@id\":\"https:\\\/\\\/www.mtgsc.com.br\\\/#\\\/schema\\\/logo\\\/image\\\/\"},\"sameAs\":[\"https:\\\/\\\/www.facebook.com\\\/MTGSC\",\"https:\\\/\\\/www.instagram.com\\\/mtgsc\\\/\"]}]}<\/script>\n<!-- \/ Yoast SEO plugin. -->","yoast_head_json":{"title":"Concurso de Int\u00e9rprete Vocal e de Conjunto Vocal - MTG\/SC - Movimento Tradicionalista Ga\u00facho do Estado de Santa Catarina","robots":{"index":"index","follow":"follow","max-snippet":"max-snippet:-1","max-image-preview":"max-image-preview:large","max-video-preview":"max-video-preview:-1"},"canonical":"https:\/\/www.mtgsc.com.br\/en\/xxiv-fecart\/interprete-e-conjunto-vocal\/","og_locale":"en_US","og_type":"article","og_title":"Concurso de Int\u00e9rprete Vocal e de Conjunto Vocal - MTG\/SC - Movimento Tradicionalista Ga\u00facho do Estado de Santa Catarina","og_description":"Concurso de Int\u00e9rprete Vocal e de Conjunto Vocal Os concorrentes dessa categoria desenvolver\u00e3o um n\u00famero musical de sua autoria ou de outros compositores. Os temas&hellip;","og_url":"https:\/\/www.mtgsc.com.br\/en\/xxiv-fecart\/interprete-e-conjunto-vocal\/","og_site_name":"MTG\/SC - Movimento Tradicionalista Ga\u00facho do Estado de Santa Catarina","article_publisher":"https:\/\/www.facebook.com\/MTGSC","article_modified_time":"2022-09-02T00:03:30+00:00","og_image":[{"url":"https:\/\/www.mtgsc.com.br\/wp-content\/uploads\/2022\/07\/cabecalho-internas.png","type":"","width":"","height":""}],"twitter_card":"summary_large_image","twitter_misc":{"Est. reading time":"9 minutes"},"schema":{"@context":"https:\/\/schema.org","@graph":[{"@type":"WebPage","@id":"https:\/\/www.mtgsc.com.br\/xxiv-fecart\/interprete-e-conjunto-vocal\/","url":"https:\/\/www.mtgsc.com.br\/xxiv-fecart\/interprete-e-conjunto-vocal\/","name":"Concurso de Int\u00e9rprete Vocal e de Conjunto Vocal - MTG\/SC - Movimento Tradicionalista Ga\u00facho do Estado de Santa Catarina","isPartOf":{"@id":"https:\/\/www.mtgsc.com.br\/#website"},"primaryImageOfPage":{"@id":"https:\/\/www.mtgsc.com.br\/xxiv-fecart\/interprete-e-conjunto-vocal\/#primaryimage"},"image":{"@id":"https:\/\/www.mtgsc.com.br\/xxiv-fecart\/interprete-e-conjunto-vocal\/#primaryimage"},"thumbnailUrl":"https:\/\/www.mtgsc.com.br\/wp-content\/uploads\/2022\/07\/cabecalho-internas.png","datePublished":"2022-07-12T02:51:30+00:00","dateModified":"2022-09-02T00:03:30+00:00","breadcrumb":{"@id":"https:\/\/www.mtgsc.com.br\/xxiv-fecart\/interprete-e-conjunto-vocal\/#breadcrumb"},"inLanguage":"en-US","potentialAction":[{"@type":"ReadAction","target":["https:\/\/www.mtgsc.com.br\/xxiv-fecart\/interprete-e-conjunto-vocal\/"]}]},{"@type":"ImageObject","inLanguage":"en-US","@id":"https:\/\/www.mtgsc.com.br\/xxiv-fecart\/interprete-e-conjunto-vocal\/#primaryimage","url":"https:\/\/www.mtgsc.com.br\/wp-content\/uploads\/2022\/07\/cabecalho-internas.png","contentUrl":"https:\/\/www.mtgsc.com.br\/wp-content\/uploads\/2022\/07\/cabecalho-internas.png"},{"@type":"BreadcrumbList","@id":"https:\/\/www.mtgsc.com.br\/xxiv-fecart\/interprete-e-conjunto-vocal\/#breadcrumb","itemListElement":[{"@type":"ListItem","position":1,"name":"In\u00edcio","item":"https:\/\/www.mtgsc.com.br\/"},{"@type":"ListItem","position":2,"name":"XXIV FECART | 3 e 4 de Setembro de 2022","item":"https:\/\/www.mtgsc.com.br\/xxiv-fecart\/"},{"@type":"ListItem","position":3,"name":"Concurso de Int\u00e9rprete Vocal e de Conjunto Vocal"}]},{"@type":"WebSite","@id":"https:\/\/www.mtgsc.com.br\/#website","url":"https:\/\/www.mtgsc.com.br\/","name":"MTG\/SC 50 ANOS","description":"Honrar a Hist\u00f3ria e Construir o Futuro","publisher":{"@id":"https:\/\/www.mtgsc.com.br\/#organization"},"potentialAction":[{"@type":"SearchAction","target":{"@type":"EntryPoint","urlTemplate":"https:\/\/www.mtgsc.com.br\/?s={search_term_string}"},"query-input":{"@type":"PropertyValueSpecification","valueRequired":true,"valueName":"search_term_string"}}],"inLanguage":"en-US"},{"@type":"Organization","@id":"https:\/\/www.mtgsc.com.br\/#organization","name":"MTG\/SC - Movimento Tradicionalista Ga\u00facho de Santa Catarina","alternateName":"Movimento Tradicionalista Ga\u00facho de Santa Catarina","url":"https:\/\/www.mtgsc.com.br\/","logo":{"@type":"ImageObject","inLanguage":"en-US","@id":"https:\/\/www.mtgsc.com.br\/#\/schema\/logo\/image\/","url":"https:\/\/www.mtgsc.com.br\/wp-content\/uploads\/2022\/03\/logo-2018-header-light.png","contentUrl":"https:\/\/www.mtgsc.com.br\/wp-content\/uploads\/2022\/03\/logo-2018-header-light.png","width":169,"height":150,"caption":"MTG\/SC - Movimento Tradicionalista Ga\u00facho de Santa Catarina"},"image":{"@id":"https:\/\/www.mtgsc.com.br\/#\/schema\/logo\/image\/"},"sameAs":["https:\/\/www.facebook.com\/MTGSC","https:\/\/www.instagram.com\/mtgsc\/"]}]}},"_links":{"self":[{"href":"https:\/\/www.mtgsc.com.br\/en\/wp-json\/wp\/v2\/pages\/5007","targetHints":{"allow":["GET"]}}],"collection":[{"href":"https:\/\/www.mtgsc.com.br\/en\/wp-json\/wp\/v2\/pages"}],"about":[{"href":"https:\/\/www.mtgsc.com.br\/en\/wp-json\/wp\/v2\/types\/page"}],"author":[{"embeddable":true,"href":"https:\/\/www.mtgsc.com.br\/en\/wp-json\/wp\/v2\/users\/4"}],"replies":[{"embeddable":true,"href":"https:\/\/www.mtgsc.com.br\/en\/wp-json\/wp\/v2\/comments?post=5007"}],"version-history":[{"count":30,"href":"https:\/\/www.mtgsc.com.br\/en\/wp-json\/wp\/v2\/pages\/5007\/revisions"}],"predecessor-version":[{"id":5747,"href":"https:\/\/www.mtgsc.com.br\/en\/wp-json\/wp\/v2\/pages\/5007\/revisions\/5747"}],"up":[{"embeddable":true,"href":"https:\/\/www.mtgsc.com.br\/en\/wp-json\/wp\/v2\/pages\/5019"}],"wp:attachment":[{"href":"https:\/\/www.mtgsc.com.br\/en\/wp-json\/wp\/v2\/media?parent=5007"}],"curies":[{"name":"wp","href":"https:\/\/api.w.org\/{rel}","templated":true}]}}