{"id":5015,"date":"2022-07-12T00:33:39","date_gmt":"2022-07-12T03:33:39","guid":{"rendered":"https:\/\/www.mtgsc.com.br\/?page_id=5015"},"modified":"2022-08-31T14:01:19","modified_gmt":"2022-08-31T17:01:19","slug":"programacao-completa-do-xxiv-fecart","status":"publish","type":"page","link":"https:\/\/www.mtgsc.com.br\/en\/xxiv-fecart\/programacao-completa-do-xxiv-fecart\/","title":{"rendered":"Programa\u00e7\u00e3o Completa do XXIV Fecart"},"content":{"rendered":"<img decoding=\"async\" src=\"http:\/\/www.mtgsc.com.br\/wp-content\/uploads\/2022\/07\/cabecalho-internas.png\" alt=\"cabecalho-internas\" itemprop=\"image\" title=\"cabecalho-internas\" onerror=\"this.style.display='none'\"  \/>\n<h2>\n\t\tPrograma\u00e7\u00e3o Completa do XXIV FECART\n\t<\/h2>\n\t<p>*A programa\u00e7\u00e3o poder\u00e1 sofrer altera\u00e7\u00f5es ap\u00f3s a homologa\u00e7\u00e3o das inscri\u00e7\u00f5es, otimizando o melhor aproveitamento de tempo e espa\u00e7o.<\/p>\n<h2>\n\t\tS\u00e1bado &#8211; 03\/09\/2022\n\t<\/h2>\n\t09h &#8211; Dan\u00e7as Tradicionais For\u00e7a B (por Entidade)<br \/>\n12h &#8211; Pausa para o almo\u00e7o<br \/>\n13h &#8211; Continua\u00e7\u00e3o das Dan\u00e7as Tradicionais For\u00e7a B (por Entidade)<br \/>\n15h30 &#8211; Dan\u00e7as Tradicionais: Mirim e Juvenil (Por Categoria)<br \/>\n19h30 &#8211; Dan\u00e7as do Tropeirismo Biriva<br \/>\n<strong>20h30 &#8211; Abertura Oficial<\/strong><br \/>\n21h30 &#8211; Show com Quarteto Cora\u00e7\u00e3o de Potro<br \/>\n22h30 &#8211; Premia\u00e7\u00e3o (Individuais de s\u00e1bado)\n\t09h &#8211; Int\u00e9rprete Vocal: Veterano e Adulto (Prenda e Pe\u00e3o)<br \/>\n12h &#8211; Pausa para o almo\u00e7o<br \/>\n14h &#8211; Conjunto Vocal: Veterano e Adulto<br \/>\n15h &#8211; Chula Individual: Xiru, Vaqueano, Veterano, Adulto<br \/>\n17h30 &#8211; Chula Trio: Veterano e Adulto<br \/>\n19h &#8211; Dan\u00e7as de Sal\u00e3o: Xiru, Veterano e Adulto\n\t09h &#8211; Causo<br \/>\n10h30 &#8211; Trova Mi Maior e Trova Martelo<br \/>\n12h &#8211; Pausa para o almo\u00e7o<br \/>\n13h &#8211; Declama\u00e7\u00e3o Pe\u00e3o: Veterano e Adulto<br \/>\n18h &#8211; Poesia In\u00e9dita\n\t<p>13h &#8211; Declama\u00e7\u00e3o Prenda: Veterana e Adulta<\/p>\n\t09h &#8211; Viola<br \/>\n09h30 &#8211; Violino e Rabeca<br \/>\n10h &#8211; Viol\u00e3o: Veterano e Adulto<br \/>\n12h &#8211; Pausa para o almo\u00e7o<br \/>\n13h &#8211; Gaita de Bot\u00e3o at\u00e9 8 Baixos: Adulto<br \/>\n13h30 &#8211; Gaita de Bot\u00e3o acima de 8 Baixos: Veterano e Adulto<br \/>\n14h &#8211; Gaita Tecla: Veterano e Adulto\n\t09h &#8211; Mais Prendada Prenda: Juvenil, Adulta e Veterana<br \/>\n12h &#8211; Pausa para o almo\u00e7o<br \/>\n13h &#8211; (Continua\u00e7\u00e3o) Mais Prendada Prenda\n<h2>\n\t\tDomingo &#8211; 04\/09\/2022\n\t<\/h2>\n\t09h &#8211; Dan\u00e7as Tradicionais: Veterano<br \/>\n12h &#8211; Pausa para o almo\u00e7o<br \/>\n13h &#8211; Dan\u00e7as Tradicionais: Adulto<br \/>\n<strong>18h &#8211; Premia\u00e7\u00e3o Geral<\/strong>\n\t09h &#8211; Int\u00e9rprete Vocal: Mirim e Juvenil (Prenda e Pe\u00e3o)<br \/>\n12h &#8211; Pausa para o almo\u00e7o<br \/>\n13h &#8211; Conjunto Vocal: Mirim e Juvenil<br \/>\n14h &#8211; Chula Individual: Pr\u00e9-Mirim, Mirim e Juvenil<br \/>\n16h &#8211; Chula Trio: Mirim e Juvenil<br \/>\n17h &#8211; Dan\u00e7as de Sal\u00e3o: Mirim e Juvenil\n\t09h &#8211; Declama\u00e7\u00e3o Pe\u00e3o: Pr\u00e9-Mirim e Mirim<br \/>\n12h &#8211; Pausa para o almo\u00e7o<br \/>\n14h &#8211; Declama\u00e7\u00e3o Pe\u00e3o: Juvenil\n\t09h &#8211; Declama\u00e7\u00e3o Prenda: Pr\u00e9-Mirim e Mirim<br \/>\n12h &#8211; Pausa para o almo\u00e7o<br \/>\n14h &#8211; Declama\u00e7\u00e3o Prenda: Juvenil\n\t09h &#8211; Viol\u00e3o: Mirim e Juvenil<br \/>\n09h30 &#8211; Gaita de Bot\u00e3o at\u00e9 8 Baixos: Mirim e Juvenil<br \/>\n10h &#8211; Gaita de Bot\u00e3o acima de 8 Baixos: Mirim e Juvenil<br \/>\n12h &#8211; Pausa para o almo\u00e7o<br \/>\n14h &#8211; Gaita Tecla: Mirim e Juvenil\n\t09h &#8211; Mais Prendada Prenda: Pr\u00e9-Mirim e Mirim<br \/>\n12h &#8211; Pausa para o almo\u00e7o<br \/>\n13h &#8211; Continua\u00e7\u00e3o: Mais Prendada Prenda","protected":false},"excerpt":{"rendered":"<p>Programa\u00e7\u00e3o Completa do XXIV FECART *A programa\u00e7\u00e3o poder\u00e1 sofrer altera\u00e7\u00f5es ap\u00f3s a homologa\u00e7\u00e3o das inscri\u00e7\u00f5es, otimizando o melhor aproveitamento de tempo e espa\u00e7o. S\u00e1bado &#8211;&hellip;<\/p>","protected":false},"author":4,"featured_media":0,"parent":5019,"menu_order":0,"comment_status":"closed","ping_status":"closed","template":"","meta":{"footnotes":""},"class_list":["post-5015","page","type-page","status-publish","hentry"],"yoast_head":"<!-- This site is optimized with the Yoast SEO plugin v27.4 - https:\/\/yoast.com\/product\/yoast-seo-wordpress\/ -->\n<title>Programa\u00e7\u00e3o Completa do XXIV Fecart - MTG\/SC - Movimento Tradicionalista Ga\u00facho do Estado de Santa Catarina<\/title>\n<meta name=\"robots\" content=\"index, follow, max-snippet:-1, max-image-preview:large, max-video-preview:-1\" \/>\n<link rel=\"canonical\" href=\"https:\/\/www.mtgsc.com.br\/en\/xxiv-fecart\/programacao-completa-do-xxiv-fecart\/\" \/>\n<meta property=\"og:locale\" content=\"en_US\" \/>\n<meta property=\"og:type\" content=\"article\" \/>\n<meta property=\"og:title\" content=\"Programa\u00e7\u00e3o Completa do XXIV Fecart - MTG\/SC - Movimento Tradicionalista Ga\u00facho do Estado de Santa Catarina\" \/>\n<meta property=\"og:description\" content=\"Programa\u00e7\u00e3o Completa do XXIV FECART *A programa\u00e7\u00e3o poder\u00e1 sofrer altera\u00e7\u00f5es ap\u00f3s a homologa\u00e7\u00e3o das inscri\u00e7\u00f5es, otimizando o melhor aproveitamento de tempo e espa\u00e7o. S\u00e1bado &#8211;&hellip;\" \/>\n<meta property=\"og:url\" content=\"https:\/\/www.mtgsc.com.br\/en\/xxiv-fecart\/programacao-completa-do-xxiv-fecart\/\" \/>\n<meta property=\"og:site_name\" content=\"MTG\/SC - Movimento Tradicionalista Ga\u00facho do Estado de Santa Catarina\" \/>\n<meta property=\"article:publisher\" content=\"https:\/\/www.facebook.com\/MTGSC\" \/>\n<meta property=\"article:modified_time\" content=\"2022-08-31T17:01:19+00:00\" \/>\n<meta property=\"og:image\" content=\"http:\/\/www.mtgsc.com.br\/wp-content\/uploads\/2022\/07\/cabecalho-internas.png\" \/>\n<meta name=\"twitter:card\" content=\"summary_large_image\" \/>\n<meta name=\"twitter:label1\" content=\"Est. reading time\" \/>\n\t<meta name=\"twitter:data1\" content=\"2 minutes\" \/>\n<script type=\"application\/ld+json\" class=\"yoast-schema-graph\">{\"@context\":\"https:\\\/\\\/schema.org\",\"@graph\":[{\"@type\":\"WebPage\",\"@id\":\"https:\\\/\\\/www.mtgsc.com.br\\\/xxiv-fecart\\\/programacao-completa-do-xxiv-fecart\\\/\",\"url\":\"https:\\\/\\\/www.mtgsc.com.br\\\/xxiv-fecart\\\/programacao-completa-do-xxiv-fecart\\\/\",\"name\":\"Programa\u00e7\u00e3o Completa do XXIV Fecart - MTG\\\/SC - Movimento Tradicionalista Ga\u00facho do Estado de Santa Catarina\",\"isPartOf\":{\"@id\":\"https:\\\/\\\/www.mtgsc.com.br\\\/#website\"},\"primaryImageOfPage\":{\"@id\":\"https:\\\/\\\/www.mtgsc.com.br\\\/xxiv-fecart\\\/programacao-completa-do-xxiv-fecart\\\/#primaryimage\"},\"image\":{\"@id\":\"https:\\\/\\\/www.mtgsc.com.br\\\/xxiv-fecart\\\/programacao-completa-do-xxiv-fecart\\\/#primaryimage\"},\"thumbnailUrl\":\"http:\\\/\\\/www.mtgsc.com.br\\\/wp-content\\\/uploads\\\/2022\\\/07\\\/cabecalho-internas.png\",\"datePublished\":\"2022-07-12T03:33:39+00:00\",\"dateModified\":\"2022-08-31T17:01:19+00:00\",\"breadcrumb\":{\"@id\":\"https:\\\/\\\/www.mtgsc.com.br\\\/xxiv-fecart\\\/programacao-completa-do-xxiv-fecart\\\/#breadcrumb\"},\"inLanguage\":\"en-US\",\"potentialAction\":[{\"@type\":\"ReadAction\",\"target\":[\"https:\\\/\\\/www.mtgsc.com.br\\\/xxiv-fecart\\\/programacao-completa-do-xxiv-fecart\\\/\"]}]},{\"@type\":\"ImageObject\",\"inLanguage\":\"en-US\",\"@id\":\"https:\\\/\\\/www.mtgsc.com.br\\\/xxiv-fecart\\\/programacao-completa-do-xxiv-fecart\\\/#primaryimage\",\"url\":\"http:\\\/\\\/www.mtgsc.com.br\\\/wp-content\\\/uploads\\\/2022\\\/07\\\/cabecalho-internas.png\",\"contentUrl\":\"http:\\\/\\\/www.mtgsc.com.br\\\/wp-content\\\/uploads\\\/2022\\\/07\\\/cabecalho-internas.png\"},{\"@type\":\"BreadcrumbList\",\"@id\":\"https:\\\/\\\/www.mtgsc.com.br\\\/xxiv-fecart\\\/programacao-completa-do-xxiv-fecart\\\/#breadcrumb\",\"itemListElement\":[{\"@type\":\"ListItem\",\"position\":1,\"name\":\"In\u00edcio\",\"item\":\"https:\\\/\\\/www.mtgsc.com.br\\\/\"},{\"@type\":\"ListItem\",\"position\":2,\"name\":\"XXIV FECART | 3 e 4 de Setembro de 2022\",\"item\":\"https:\\\/\\\/www.mtgsc.com.br\\\/xxiv-fecart\\\/\"},{\"@type\":\"ListItem\",\"position\":3,\"name\":\"Programa\u00e7\u00e3o Completa do XXIV Fecart\"}]},{\"@type\":\"WebSite\",\"@id\":\"https:\\\/\\\/www.mtgsc.com.br\\\/#website\",\"url\":\"https:\\\/\\\/www.mtgsc.com.br\\\/\",\"name\":\"MTG\\\/SC 50 ANOS\",\"description\":\"Honrar a Hist\u00f3ria e Construir o Futuro\",\"publisher\":{\"@id\":\"https:\\\/\\\/www.mtgsc.com.br\\\/#organization\"},\"potentialAction\":[{\"@type\":\"SearchAction\",\"target\":{\"@type\":\"EntryPoint\",\"urlTemplate\":\"https:\\\/\\\/www.mtgsc.com.br\\\/?s={search_term_string}\"},\"query-input\":{\"@type\":\"PropertyValueSpecification\",\"valueRequired\":true,\"valueName\":\"search_term_string\"}}],\"inLanguage\":\"en-US\"},{\"@type\":\"Organization\",\"@id\":\"https:\\\/\\\/www.mtgsc.com.br\\\/#organization\",\"name\":\"MTG\\\/SC - Movimento Tradicionalista Ga\u00facho de Santa Catarina\",\"alternateName\":\"Movimento Tradicionalista Ga\u00facho de Santa Catarina\",\"url\":\"https:\\\/\\\/www.mtgsc.com.br\\\/\",\"logo\":{\"@type\":\"ImageObject\",\"inLanguage\":\"en-US\",\"@id\":\"https:\\\/\\\/www.mtgsc.com.br\\\/#\\\/schema\\\/logo\\\/image\\\/\",\"url\":\"https:\\\/\\\/www.mtgsc.com.br\\\/wp-content\\\/uploads\\\/2022\\\/03\\\/logo-2018-header-light.png\",\"contentUrl\":\"https:\\\/\\\/www.mtgsc.com.br\\\/wp-content\\\/uploads\\\/2022\\\/03\\\/logo-2018-header-light.png\",\"width\":169,\"height\":150,\"caption\":\"MTG\\\/SC - Movimento Tradicionalista Ga\u00facho de Santa Catarina\"},\"image\":{\"@id\":\"https:\\\/\\\/www.mtgsc.com.br\\\/#\\\/schema\\\/logo\\\/image\\\/\"},\"sameAs\":[\"https:\\\/\\\/www.facebook.com\\\/MTGSC\",\"https:\\\/\\\/www.instagram.com\\\/mtgsc\\\/\"]}]}<\/script>\n<!-- \/ Yoast SEO plugin. -->","yoast_head_json":{"title":"Programa\u00e7\u00e3o Completa do XXIV Fecart - MTG\/SC - Movimento Tradicionalista Ga\u00facho do Estado de Santa Catarina","robots":{"index":"index","follow":"follow","max-snippet":"max-snippet:-1","max-image-preview":"max-image-preview:large","max-video-preview":"max-video-preview:-1"},"canonical":"https:\/\/www.mtgsc.com.br\/en\/xxiv-fecart\/programacao-completa-do-xxiv-fecart\/","og_locale":"en_US","og_type":"article","og_title":"Programa\u00e7\u00e3o Completa do XXIV Fecart - MTG\/SC - Movimento Tradicionalista Ga\u00facho do Estado de Santa Catarina","og_description":"Programa\u00e7\u00e3o Completa do XXIV FECART *A programa\u00e7\u00e3o poder\u00e1 sofrer altera\u00e7\u00f5es ap\u00f3s a homologa\u00e7\u00e3o das inscri\u00e7\u00f5es, otimizando o melhor aproveitamento de tempo e espa\u00e7o. S\u00e1bado &#8211;&hellip;","og_url":"https:\/\/www.mtgsc.com.br\/en\/xxiv-fecart\/programacao-completa-do-xxiv-fecart\/","og_site_name":"MTG\/SC - Movimento Tradicionalista Ga\u00facho do Estado de Santa Catarina","article_publisher":"https:\/\/www.facebook.com\/MTGSC","article_modified_time":"2022-08-31T17:01:19+00:00","og_image":[{"url":"http:\/\/www.mtgsc.com.br\/wp-content\/uploads\/2022\/07\/cabecalho-internas.png","type":"","width":"","height":""}],"twitter_card":"summary_large_image","twitter_misc":{"Est. reading time":"2 minutes"},"schema":{"@context":"https:\/\/schema.org","@graph":[{"@type":"WebPage","@id":"https:\/\/www.mtgsc.com.br\/xxiv-fecart\/programacao-completa-do-xxiv-fecart\/","url":"https:\/\/www.mtgsc.com.br\/xxiv-fecart\/programacao-completa-do-xxiv-fecart\/","name":"Programa\u00e7\u00e3o Completa do XXIV Fecart - MTG\/SC - Movimento Tradicionalista Ga\u00facho do Estado de Santa Catarina","isPartOf":{"@id":"https:\/\/www.mtgsc.com.br\/#website"},"primaryImageOfPage":{"@id":"https:\/\/www.mtgsc.com.br\/xxiv-fecart\/programacao-completa-do-xxiv-fecart\/#primaryimage"},"image":{"@id":"https:\/\/www.mtgsc.com.br\/xxiv-fecart\/programacao-completa-do-xxiv-fecart\/#primaryimage"},"thumbnailUrl":"http:\/\/www.mtgsc.com.br\/wp-content\/uploads\/2022\/07\/cabecalho-internas.png","datePublished":"2022-07-12T03:33:39+00:00","dateModified":"2022-08-31T17:01:19+00:00","breadcrumb":{"@id":"https:\/\/www.mtgsc.com.br\/xxiv-fecart\/programacao-completa-do-xxiv-fecart\/#breadcrumb"},"inLanguage":"en-US","potentialAction":[{"@type":"ReadAction","target":["https:\/\/www.mtgsc.com.br\/xxiv-fecart\/programacao-completa-do-xxiv-fecart\/"]}]},{"@type":"ImageObject","inLanguage":"en-US","@id":"https:\/\/www.mtgsc.com.br\/xxiv-fecart\/programacao-completa-do-xxiv-fecart\/#primaryimage","url":"http:\/\/www.mtgsc.com.br\/wp-content\/uploads\/2022\/07\/cabecalho-internas.png","contentUrl":"http:\/\/www.mtgsc.com.br\/wp-content\/uploads\/2022\/07\/cabecalho-internas.png"},{"@type":"BreadcrumbList","@id":"https:\/\/www.mtgsc.com.br\/xxiv-fecart\/programacao-completa-do-xxiv-fecart\/#breadcrumb","itemListElement":[{"@type":"ListItem","position":1,"name":"In\u00edcio","item":"https:\/\/www.mtgsc.com.br\/"},{"@type":"ListItem","position":2,"name":"XXIV FECART | 3 e 4 de Setembro de 2022","item":"https:\/\/www.mtgsc.com.br\/xxiv-fecart\/"},{"@type":"ListItem","position":3,"name":"Programa\u00e7\u00e3o Completa do XXIV Fecart"}]},{"@type":"WebSite","@id":"https:\/\/www.mtgsc.com.br\/#website","url":"https:\/\/www.mtgsc.com.br\/","name":"MTG\/SC 50 ANOS","description":"Honrar a Hist\u00f3ria e Construir o Futuro","publisher":{"@id":"https:\/\/www.mtgsc.com.br\/#organization"},"potentialAction":[{"@type":"SearchAction","target":{"@type":"EntryPoint","urlTemplate":"https:\/\/www.mtgsc.com.br\/?s={search_term_string}"},"query-input":{"@type":"PropertyValueSpecification","valueRequired":true,"valueName":"search_term_string"}}],"inLanguage":"en-US"},{"@type":"Organization","@id":"https:\/\/www.mtgsc.com.br\/#organization","name":"MTG\/SC - Movimento Tradicionalista Ga\u00facho de Santa Catarina","alternateName":"Movimento Tradicionalista Ga\u00facho de Santa Catarina","url":"https:\/\/www.mtgsc.com.br\/","logo":{"@type":"ImageObject","inLanguage":"en-US","@id":"https:\/\/www.mtgsc.com.br\/#\/schema\/logo\/image\/","url":"https:\/\/www.mtgsc.com.br\/wp-content\/uploads\/2022\/03\/logo-2018-header-light.png","contentUrl":"https:\/\/www.mtgsc.com.br\/wp-content\/uploads\/2022\/03\/logo-2018-header-light.png","width":169,"height":150,"caption":"MTG\/SC - Movimento Tradicionalista Ga\u00facho de Santa Catarina"},"image":{"@id":"https:\/\/www.mtgsc.com.br\/#\/schema\/logo\/image\/"},"sameAs":["https:\/\/www.facebook.com\/MTGSC","https:\/\/www.instagram.com\/mtgsc\/"]}]}},"_links":{"self":[{"href":"https:\/\/www.mtgsc.com.br\/en\/wp-json\/wp\/v2\/pages\/5015","targetHints":{"allow":["GET"]}}],"collection":[{"href":"https:\/\/www.mtgsc.com.br\/en\/wp-json\/wp\/v2\/pages"}],"about":[{"href":"https:\/\/www.mtgsc.com.br\/en\/wp-json\/wp\/v2\/types\/page"}],"author":[{"embeddable":true,"href":"https:\/\/www.mtgsc.com.br\/en\/wp-json\/wp\/v2\/users\/4"}],"replies":[{"embeddable":true,"href":"https:\/\/www.mtgsc.com.br\/en\/wp-json\/wp\/v2\/comments?post=5015"}],"version-history":[{"count":10,"href":"https:\/\/www.mtgsc.com.br\/en\/wp-json\/wp\/v2\/pages\/5015\/revisions"}],"predecessor-version":[{"id":5685,"href":"https:\/\/www.mtgsc.com.br\/en\/wp-json\/wp\/v2\/pages\/5015\/revisions\/5685"}],"up":[{"embeddable":true,"href":"https:\/\/www.mtgsc.com.br\/en\/wp-json\/wp\/v2\/pages\/5019"}],"wp:attachment":[{"href":"https:\/\/www.mtgsc.com.br\/en\/wp-json\/wp\/v2\/media?parent=5015"}],"curies":[{"name":"wp","href":"https:\/\/api.w.org\/{rel}","templated":true}]}}