{"id":5019,"date":"2022-07-12T14:02:35","date_gmt":"2022-07-12T17:02:35","guid":{"rendered":"https:\/\/www.mtgsc.com.br\/?page_id=5019"},"modified":"2024-07-23T09:26:41","modified_gmt":"2024-07-23T12:26:41","slug":"xxiv-fecart","status":"publish","type":"page","link":"https:\/\/www.mtgsc.com.br\/en\/xxiv-fecart\/","title":{"rendered":"XXIV FECART | 3 e 4 de Setembro de 2022"},"content":{"rendered":"<img decoding=\"async\" src=\"https:\/\/www.mtgsc.com.br\/wp-content\/uploads\/2022\/06\/logo-fecart-2022-grande-627x470.png\" alt=\"logo-fecart-2022-grande\" itemprop=\"image\" title=\"logo-fecart-2022-grande\" onerror=\"this.style.display='none'\"  \/>\n\t\t\t\t<img loading=\"lazy\" decoding=\"async\" src=\"https:\/\/www.mtgsc.com.br\/wp-content\/uploads\/2022\/06\/data-fecart-2022-500x129.png\" alt=\"data-fecart-2022\" itemprop=\"image\" height=\"129\" width=\"500\" title=\"data-fecart-2022\" onerror=\"this.style.display='none'\"  \/>\n\t\t\t\t<img loading=\"lazy\" decoding=\"async\" src=\"https:\/\/www.mtgsc.com.br\/wp-content\/uploads\/2022\/06\/logos-500x72.png\" alt=\"logos\" itemprop=\"image\" height=\"72\" width=\"500\" title=\"logos\" onerror=\"this.style.display='none'\"  \/>\n<h2>\n\t\tPROGRAMA\u00c7\u00c3O DO XXIV FECART\n\t<\/h2>\n<h3>\n\t\tS\u00e1bado &#8211; 03\/09\/2022\n\t<\/h3>\n<h3>\n\t\tDomingo &#8211; 04\/09\/2022\n\t<\/h3>\n\t\t\t<a href=\"https:\/\/www.mtgsc.com.br\/en\/fecart\/ordem-de-apresentacao\/\" target=\"_self\" rel=\"noopener\">\n\t\t\t\t\t\t\tClique aqui e confira a Programa\u00e7\u00e3o Completa e Ordem de Apresenta\u00e7\u00e3o\n\t\t\t<\/a>\n<h2>\n\t\tRegulamento\n\t<\/h2>\n\t<p>O Regulamento do XXIV FECART, de acordo com a Portaria 017\/2022, de 11 julho de 2022, est\u00e1 dispon\u00edvel em PDF para download abaixo.<\/p>\n\t\t\t<a href=\"https:\/\/www.mtgsc.com.br\/wp-content\/uploads\/2022\/07\/Regulamento-XXIV-FECART.pdf\" download target=\"_blank\" rel=\"noopener\">\n\t\t\t\t\t\t\tClique para baixar o regulamento completo\n\t\t\t<\/a>\n<h2>\n\t\tInscri\u00e7\u00f5es\n\t<\/h2>\nAs inscri\u00e7\u00f5es ser\u00e3o realizadas por meio do Sistema Borsoi (envio e controle de inscri\u00e7\u00f5es Rodeios e Festivais).\n\t\t\t<a href=\"http:\/\/sistema.borsoi.com.br\" target=\"_blank\" rel=\"noopener\">\n\t\t\t\t\t\t\tAcesse o Sistema de Inscri\u00e7\u00f5es\n\t\t\t<\/a>\n<h2>\n\t\tConhe\u00e7a as Comiss\u00f5es Avaliadoras de cada Concurso:\n\t<\/h2>\n\t\t\t\t<a href=\"https:\/\/www.mtgsc.com.br\/en\/fecart\/dancas-tradicionais\/\" target=\"_self\" itemprop=\"url\" rel=\"noopener\">\n\t\t\t\t<img decoding=\"async\" src=\"http:\/\/www.mtgsc.com.br\/wp-content\/uploads\/2022\/07\/dancas-tradicionais-1.png\" alt=\"dancas-tradicionais\" itemprop=\"image\" title=\"dancas-tradicionais\" onerror=\"this.style.display='none'\"  \/>\n\t\t\t\t<\/a>\n\t\t\t\t<a href=\"https:\/\/www.mtgsc.com.br\/en\/fecart\/instrumental\/\" target=\"_self\" itemprop=\"url\" rel=\"noopener\">\n\t\t\t\t<img decoding=\"async\" src=\"http:\/\/www.mtgsc.com.br\/wp-content\/uploads\/2022\/07\/instrumentais.png\" alt=\"instrumentais\" itemprop=\"image\" title=\"instrumentais\" onerror=\"this.style.display='none'\"  \/>\n\t\t\t\t<\/a>\n\t\t\t\t<a href=\"https:\/\/www.mtgsc.com.br\/en\/fecart\/dancas-de-salao\/\" target=\"_self\" itemprop=\"url\" rel=\"noopener\">\n\t\t\t\t<img decoding=\"async\" src=\"http:\/\/www.mtgsc.com.br\/wp-content\/uploads\/2022\/07\/dancas-de-salao.png\" alt=\"dancas-de-salao\" itemprop=\"image\" title=\"dancas-de-salao\" onerror=\"this.style.display='none'\"  \/>\n\t\t\t\t<\/a>\n\t\t\t\t<a href=\"https:\/\/www.mtgsc.com.br\/en\/fecart\/declamacao\/\" target=\"_self\" itemprop=\"url\" rel=\"noopener\">\n\t\t\t\t<img decoding=\"async\" src=\"http:\/\/www.mtgsc.com.br\/wp-content\/uploads\/2022\/07\/declamacao.png\" alt=\"declamacao\" itemprop=\"image\" title=\"declamacao\" onerror=\"this.style.display='none'\"  \/>\n\t\t\t\t<\/a>\n\t\t\t\t<a href=\"https:\/\/www.mtgsc.com.br\/en\/fecart\/dancas-tropeirismo-biriva\/\" target=\"_self\" itemprop=\"url\" rel=\"noopener\">\n\t\t\t\t<img loading=\"lazy\" decoding=\"async\" src=\"https:\/\/www.mtgsc.com.br\/wp-content\/uploads\/2022\/07\/dancas-tropeirismo-biriva-1.png\" alt=\"dancas-tropeirismo-biriva\" itemprop=\"image\" height=\"272\" width=\"452\" title=\"dancas-tropeirismo-biriva\" onerror=\"this.style.display='none'\"  \/>\n\t\t\t\t<\/a>\n\t\t\t\t<a href=\"https:\/\/www.mtgsc.com.br\/en\/fecart\/poesia-inedita\/\" target=\"_self\" itemprop=\"url\" rel=\"noopener\">\n\t\t\t\t<img decoding=\"async\" src=\"http:\/\/www.mtgsc.com.br\/wp-content\/uploads\/2022\/07\/poesia.png\" alt=\"poesia\" itemprop=\"image\" title=\"poesia\" onerror=\"this.style.display='none'\"  \/>\n\t\t\t\t<\/a>\n\t\t\t\t<a href=\"https:\/\/www.mtgsc.com.br\/en\/fecart\/mais-prendada-prenda\/\" target=\"_self\" itemprop=\"url\" rel=\"noopener\">\n\t\t\t\t<img decoding=\"async\" src=\"http:\/\/www.mtgsc.com.br\/wp-content\/uploads\/2022\/07\/mais-prendada-prenda.png\" alt=\"mais-prendada-prenda\" itemprop=\"image\" title=\"mais-prendada-prenda\" onerror=\"this.style.display='none'\"  \/>\n\t\t\t\t<\/a>\n\t\t\t\t<a href=\"https:\/\/www.mtgsc.com.br\/en\/fecart\/trova\/\" target=\"_self\" itemprop=\"url\" rel=\"noopener\">\n\t\t\t\t<img decoding=\"async\" src=\"http:\/\/www.mtgsc.com.br\/wp-content\/uploads\/2022\/07\/trova.png\" alt=\"trova\" itemprop=\"image\" title=\"trova\" onerror=\"this.style.display='none'\"  \/>\n\t\t\t\t<\/a>\n\t\t\t\t<a href=\"https:\/\/www.mtgsc.com.br\/en\/fecart\/chula\/\" target=\"_self\" itemprop=\"url\" rel=\"noopener\">\n\t\t\t\t<img decoding=\"async\" src=\"http:\/\/www.mtgsc.com.br\/wp-content\/uploads\/2022\/07\/chula-e-chula-trio.png\" alt=\"chula-e-chula-trio\" itemprop=\"image\" title=\"chula-e-chula-trio\" onerror=\"this.style.display='none'\"  \/>\n\t\t\t\t<\/a>\n\t\t\t\t<a href=\"https:\/\/www.mtgsc.com.br\/en\/fecart\/causo\/\" target=\"_self\" itemprop=\"url\" rel=\"noopener\">\n\t\t\t\t<img decoding=\"async\" src=\"http:\/\/www.mtgsc.com.br\/wp-content\/uploads\/2022\/07\/causo.png\" alt=\"causo\" itemprop=\"image\" title=\"causo\" onerror=\"this.style.display='none'\"  \/>\n\t\t\t\t<\/a>\n\t\t\t\t<a href=\"https:\/\/www.mtgsc.com.br\/en\/fecart\/interprete-e-conjunto-vocal\/\" target=\"_self\" itemprop=\"url\" rel=\"noopener\">\n\t\t\t\t<img decoding=\"async\" src=\"http:\/\/www.mtgsc.com.br\/wp-content\/uploads\/2022\/07\/vocal.png\" alt=\"vocal\" itemprop=\"image\" title=\"vocal\" onerror=\"this.style.display='none'\"  \/>\n\t\t\t\t<\/a>\n<h2>\n\t\tTem alguma d\u00favida? Fale com a Coordena\u00e7\u00e3o do XXIV FECART\n\t<\/h2>\n\t<strong>Rui Arruda<\/strong><br \/>\nDiretor Art\u00edstico\n<p>&nbsp;<\/p>\n\t\t\t<a href=\"https:\/\/api.whatsapp.com\/send?phone=5548985001472\" target=\"_blank\" rel=\"noopener\">\n\t\t\t\t\t\tRui\n\t\t\t\t\t<\/a>\n\t<strong>Eduardo de S\u00e1<\/strong><br \/>\nVice-Diretor Art\u00edstico\n\t\t\t<a href=\"https:\/\/api.whatsapp.com\/send?phone=5549988821196\" target=\"_blank\" rel=\"noopener\">\n\t\t\t\t\t\tEduardo\n\t\t\t\t\t<\/a>\n\t<strong>Leila Coelho<\/strong><br \/>\nPresidente do XXIV FECART\n\t\t\t<a href=\"https:\/\/api.whatsapp.com\/send?phone=5549984290877\" target=\"_blank\" rel=\"noopener\">\n\t\t\t\t\t\tLeila\n\t\t\t\t\t<\/a>\n\t<strong>Giovani Primieri<\/strong><br \/>\nDiretor de Eventos\n\t\t\t<a href=\"https:\/\/api.whatsapp.com\/send?phone=5549988109522\" target=\"_blank\" rel=\"noopener\">\n\t\t\t\t\t\tGiovani\n\t\t\t\t\t<\/a>\n\t<strong>Jefferson Moreira<\/strong><br \/>\nVice-Presidente Art\u00edstico\n\t\t\t<a href=\"https:\/\/api.whatsapp.com\/send?phone=5549999986985\" target=\"_blank\" rel=\"noopener\">\n\t\t\t\t\t\tJefferson\n\t\t\t\t\t<\/a>\n\t<strong>Schirley Nascimento<\/strong><br \/>\nDiretora Cultural\n\t\t\t<a href=\"https:\/\/api.whatsapp.com\/send?phone=5548984662334\" target=\"_blank\" rel=\"noopener\">\n\t\t\t\t\t\tShirley\n\t\t\t\t\t<\/a>\n\t<strong>Hernalda Mussio<\/strong><br \/>\nVice-Diretora Cultural\n\t\t\t<a href=\"https:\/\/api.whatsapp.com\/send?phone=5549999176065\" target=\"_blank\" rel=\"noopener\">\n\t\t\t\t\t\tHernalda\n\t\t\t\t\t<\/a>","protected":false},"excerpt":{"rendered":"<p>PROGRAMA\u00c7\u00c3O DO XXIV FECART S\u00e1bado &#8211; 03\/09\/2022 Domingo &#8211; 04\/09\/2022 Clique aqui e confira a Programa\u00e7\u00e3o Completa e Ordem de Apresenta\u00e7\u00e3o Regulamento O Regulamento do&hellip;<\/p>","protected":false},"author":4,"featured_media":0,"parent":0,"menu_order":0,"comment_status":"closed","ping_status":"closed","template":"","meta":{"footnotes":""},"class_list":["post-5019","page","type-page","status-publish","hentry"],"yoast_head":"<!-- This site is optimized with the Yoast SEO plugin v27.4 - https:\/\/yoast.com\/product\/yoast-seo-wordpress\/ -->\n<title>XXIV FECART | 3 e 4 de Setembro de 2022 - MTG\/SC - Movimento Tradicionalista Ga\u00facho do Estado de Santa Catarina<\/title>\n<meta name=\"description\" content=\"Site Oficial do XXIV Fecart - Festival Catarinense de Arte e Tradi\u00e7\u00e3o - em S\u00e3o Louren\u00e7o do Oeste - Dias 03 e 04 de Setembro de 2022.\" \/>\n<meta name=\"robots\" content=\"index, follow, max-snippet:-1, max-image-preview:large, max-video-preview:-1\" \/>\n<link rel=\"canonical\" href=\"https:\/\/www.mtgsc.com.br\/en\/xxiv-fecart\/\" \/>\n<meta property=\"og:locale\" content=\"en_US\" \/>\n<meta property=\"og:type\" content=\"article\" \/>\n<meta property=\"og:title\" content=\"XXIV FECART | 3 e 4 de Setembro de 2022 - MTG\/SC - Movimento Tradicionalista Ga\u00facho do Estado de Santa Catarina\" \/>\n<meta property=\"og:description\" content=\"Site Oficial do XXIV Fecart - Festival Catarinense de Arte e Tradi\u00e7\u00e3o - em S\u00e3o Louren\u00e7o do Oeste - Dias 03 e 04 de Setembro de 2022.\" \/>\n<meta property=\"og:url\" content=\"https:\/\/www.mtgsc.com.br\/en\/xxiv-fecart\/\" \/>\n<meta property=\"og:site_name\" content=\"MTG\/SC - Movimento Tradicionalista Ga\u00facho do Estado de Santa Catarina\" \/>\n<meta property=\"article:publisher\" content=\"https:\/\/www.facebook.com\/MTGSC\" \/>\n<meta property=\"article:modified_time\" content=\"2024-07-23T12:26:41+00:00\" \/>\n<meta property=\"og:image\" content=\"https:\/\/www.mtgsc.com.br\/wp-content\/uploads\/2022\/06\/logo-fecart-2022-grande-627x470.png\" \/>\n<meta name=\"twitter:card\" content=\"summary_large_image\" \/>\n<meta name=\"twitter:label1\" content=\"Est. reading time\" \/>\n\t<meta name=\"twitter:data1\" content=\"2 minutes\" \/>\n<script type=\"application\/ld+json\" class=\"yoast-schema-graph\">{\"@context\":\"https:\\\/\\\/schema.org\",\"@graph\":[{\"@type\":\"WebPage\",\"@id\":\"https:\\\/\\\/www.mtgsc.com.br\\\/xxiv-fecart\\\/\",\"url\":\"https:\\\/\\\/www.mtgsc.com.br\\\/xxiv-fecart\\\/\",\"name\":\"XXIV FECART | 3 e 4 de Setembro de 2022 - MTG\\\/SC - Movimento Tradicionalista Ga\u00facho do Estado de Santa Catarina\",\"isPartOf\":{\"@id\":\"https:\\\/\\\/www.mtgsc.com.br\\\/#website\"},\"primaryImageOfPage\":{\"@id\":\"https:\\\/\\\/www.mtgsc.com.br\\\/xxiv-fecart\\\/#primaryimage\"},\"image\":{\"@id\":\"https:\\\/\\\/www.mtgsc.com.br\\\/xxiv-fecart\\\/#primaryimage\"},\"thumbnailUrl\":\"https:\\\/\\\/www.mtgsc.com.br\\\/wp-content\\\/uploads\\\/2022\\\/06\\\/logo-fecart-2022-grande-627x470.png\",\"datePublished\":\"2022-07-12T17:02:35+00:00\",\"dateModified\":\"2024-07-23T12:26:41+00:00\",\"description\":\"Site Oficial do XXIV Fecart - Festival Catarinense de Arte e Tradi\u00e7\u00e3o - em S\u00e3o Louren\u00e7o do Oeste - Dias 03 e 04 de Setembro de 2022.\",\"breadcrumb\":{\"@id\":\"https:\\\/\\\/www.mtgsc.com.br\\\/xxiv-fecart\\\/#breadcrumb\"},\"inLanguage\":\"en-US\",\"potentialAction\":[{\"@type\":\"ReadAction\",\"target\":[\"https:\\\/\\\/www.mtgsc.com.br\\\/xxiv-fecart\\\/\"]}]},{\"@type\":\"ImageObject\",\"inLanguage\":\"en-US\",\"@id\":\"https:\\\/\\\/www.mtgsc.com.br\\\/xxiv-fecart\\\/#primaryimage\",\"url\":\"https:\\\/\\\/www.mtgsc.com.br\\\/wp-content\\\/uploads\\\/2022\\\/06\\\/logo-fecart-2022-grande-627x470.png\",\"contentUrl\":\"https:\\\/\\\/www.mtgsc.com.br\\\/wp-content\\\/uploads\\\/2022\\\/06\\\/logo-fecart-2022-grande-627x470.png\"},{\"@type\":\"BreadcrumbList\",\"@id\":\"https:\\\/\\\/www.mtgsc.com.br\\\/xxiv-fecart\\\/#breadcrumb\",\"itemListElement\":[{\"@type\":\"ListItem\",\"position\":1,\"name\":\"In\u00edcio\",\"item\":\"https:\\\/\\\/www.mtgsc.com.br\\\/\"},{\"@type\":\"ListItem\",\"position\":2,\"name\":\"XXIV FECART | 3 e 4 de Setembro de 2022\"}]},{\"@type\":\"WebSite\",\"@id\":\"https:\\\/\\\/www.mtgsc.com.br\\\/#website\",\"url\":\"https:\\\/\\\/www.mtgsc.com.br\\\/\",\"name\":\"MTG\\\/SC 50 ANOS\",\"description\":\"Honrar a Hist\u00f3ria e Construir o Futuro\",\"publisher\":{\"@id\":\"https:\\\/\\\/www.mtgsc.com.br\\\/#organization\"},\"potentialAction\":[{\"@type\":\"SearchAction\",\"target\":{\"@type\":\"EntryPoint\",\"urlTemplate\":\"https:\\\/\\\/www.mtgsc.com.br\\\/?s={search_term_string}\"},\"query-input\":{\"@type\":\"PropertyValueSpecification\",\"valueRequired\":true,\"valueName\":\"search_term_string\"}}],\"inLanguage\":\"en-US\"},{\"@type\":\"Organization\",\"@id\":\"https:\\\/\\\/www.mtgsc.com.br\\\/#organization\",\"name\":\"MTG\\\/SC - Movimento Tradicionalista Ga\u00facho de Santa Catarina\",\"alternateName\":\"Movimento Tradicionalista Ga\u00facho de Santa Catarina\",\"url\":\"https:\\\/\\\/www.mtgsc.com.br\\\/\",\"logo\":{\"@type\":\"ImageObject\",\"inLanguage\":\"en-US\",\"@id\":\"https:\\\/\\\/www.mtgsc.com.br\\\/#\\\/schema\\\/logo\\\/image\\\/\",\"url\":\"https:\\\/\\\/www.mtgsc.com.br\\\/wp-content\\\/uploads\\\/2022\\\/03\\\/logo-2018-header-light.png\",\"contentUrl\":\"https:\\\/\\\/www.mtgsc.com.br\\\/wp-content\\\/uploads\\\/2022\\\/03\\\/logo-2018-header-light.png\",\"width\":169,\"height\":150,\"caption\":\"MTG\\\/SC - Movimento Tradicionalista Ga\u00facho de Santa Catarina\"},\"image\":{\"@id\":\"https:\\\/\\\/www.mtgsc.com.br\\\/#\\\/schema\\\/logo\\\/image\\\/\"},\"sameAs\":[\"https:\\\/\\\/www.facebook.com\\\/MTGSC\",\"https:\\\/\\\/www.instagram.com\\\/mtgsc\\\/\"]}]}<\/script>\n<!-- \/ Yoast SEO plugin. -->","yoast_head_json":{"title":"XXIV FECART | 3 e 4 de Setembro de 2022 - MTG\/SC - Movimento Tradicionalista Ga\u00facho do Estado de Santa Catarina","description":"Site Oficial do XXIV Fecart - Festival Catarinense de Arte e Tradi\u00e7\u00e3o - em S\u00e3o Louren\u00e7o do Oeste - Dias 03 e 04 de Setembro de 2022.","robots":{"index":"index","follow":"follow","max-snippet":"max-snippet:-1","max-image-preview":"max-image-preview:large","max-video-preview":"max-video-preview:-1"},"canonical":"https:\/\/www.mtgsc.com.br\/en\/xxiv-fecart\/","og_locale":"en_US","og_type":"article","og_title":"XXIV FECART | 3 e 4 de Setembro de 2022 - MTG\/SC - Movimento Tradicionalista Ga\u00facho do Estado de Santa Catarina","og_description":"Site Oficial do XXIV Fecart - Festival Catarinense de Arte e Tradi\u00e7\u00e3o - em S\u00e3o Louren\u00e7o do Oeste - Dias 03 e 04 de Setembro de 2022.","og_url":"https:\/\/www.mtgsc.com.br\/en\/xxiv-fecart\/","og_site_name":"MTG\/SC - Movimento Tradicionalista Ga\u00facho do Estado de Santa Catarina","article_publisher":"https:\/\/www.facebook.com\/MTGSC","article_modified_time":"2024-07-23T12:26:41+00:00","og_image":[{"url":"https:\/\/www.mtgsc.com.br\/wp-content\/uploads\/2022\/06\/logo-fecart-2022-grande-627x470.png","type":"","width":"","height":""}],"twitter_card":"summary_large_image","twitter_misc":{"Est. reading time":"2 minutes"},"schema":{"@context":"https:\/\/schema.org","@graph":[{"@type":"WebPage","@id":"https:\/\/www.mtgsc.com.br\/xxiv-fecart\/","url":"https:\/\/www.mtgsc.com.br\/xxiv-fecart\/","name":"XXIV FECART | 3 e 4 de Setembro de 2022 - MTG\/SC - Movimento Tradicionalista Ga\u00facho do Estado de Santa Catarina","isPartOf":{"@id":"https:\/\/www.mtgsc.com.br\/#website"},"primaryImageOfPage":{"@id":"https:\/\/www.mtgsc.com.br\/xxiv-fecart\/#primaryimage"},"image":{"@id":"https:\/\/www.mtgsc.com.br\/xxiv-fecart\/#primaryimage"},"thumbnailUrl":"https:\/\/www.mtgsc.com.br\/wp-content\/uploads\/2022\/06\/logo-fecart-2022-grande-627x470.png","datePublished":"2022-07-12T17:02:35+00:00","dateModified":"2024-07-23T12:26:41+00:00","description":"Site Oficial do XXIV Fecart - Festival Catarinense de Arte e Tradi\u00e7\u00e3o - em S\u00e3o Louren\u00e7o do Oeste - Dias 03 e 04 de Setembro de 2022.","breadcrumb":{"@id":"https:\/\/www.mtgsc.com.br\/xxiv-fecart\/#breadcrumb"},"inLanguage":"en-US","potentialAction":[{"@type":"ReadAction","target":["https:\/\/www.mtgsc.com.br\/xxiv-fecart\/"]}]},{"@type":"ImageObject","inLanguage":"en-US","@id":"https:\/\/www.mtgsc.com.br\/xxiv-fecart\/#primaryimage","url":"https:\/\/www.mtgsc.com.br\/wp-content\/uploads\/2022\/06\/logo-fecart-2022-grande-627x470.png","contentUrl":"https:\/\/www.mtgsc.com.br\/wp-content\/uploads\/2022\/06\/logo-fecart-2022-grande-627x470.png"},{"@type":"BreadcrumbList","@id":"https:\/\/www.mtgsc.com.br\/xxiv-fecart\/#breadcrumb","itemListElement":[{"@type":"ListItem","position":1,"name":"In\u00edcio","item":"https:\/\/www.mtgsc.com.br\/"},{"@type":"ListItem","position":2,"name":"XXIV FECART | 3 e 4 de Setembro de 2022"}]},{"@type":"WebSite","@id":"https:\/\/www.mtgsc.com.br\/#website","url":"https:\/\/www.mtgsc.com.br\/","name":"MTG\/SC 50 ANOS","description":"Honrar a Hist\u00f3ria e Construir o Futuro","publisher":{"@id":"https:\/\/www.mtgsc.com.br\/#organization"},"potentialAction":[{"@type":"SearchAction","target":{"@type":"EntryPoint","urlTemplate":"https:\/\/www.mtgsc.com.br\/?s={search_term_string}"},"query-input":{"@type":"PropertyValueSpecification","valueRequired":true,"valueName":"search_term_string"}}],"inLanguage":"en-US"},{"@type":"Organization","@id":"https:\/\/www.mtgsc.com.br\/#organization","name":"MTG\/SC - Movimento Tradicionalista Ga\u00facho de Santa Catarina","alternateName":"Movimento Tradicionalista Ga\u00facho de Santa Catarina","url":"https:\/\/www.mtgsc.com.br\/","logo":{"@type":"ImageObject","inLanguage":"en-US","@id":"https:\/\/www.mtgsc.com.br\/#\/schema\/logo\/image\/","url":"https:\/\/www.mtgsc.com.br\/wp-content\/uploads\/2022\/03\/logo-2018-header-light.png","contentUrl":"https:\/\/www.mtgsc.com.br\/wp-content\/uploads\/2022\/03\/logo-2018-header-light.png","width":169,"height":150,"caption":"MTG\/SC - Movimento Tradicionalista Ga\u00facho de Santa Catarina"},"image":{"@id":"https:\/\/www.mtgsc.com.br\/#\/schema\/logo\/image\/"},"sameAs":["https:\/\/www.facebook.com\/MTGSC","https:\/\/www.instagram.com\/mtgsc\/"]}]}},"_links":{"self":[{"href":"https:\/\/www.mtgsc.com.br\/en\/wp-json\/wp\/v2\/pages\/5019","targetHints":{"allow":["GET"]}}],"collection":[{"href":"https:\/\/www.mtgsc.com.br\/en\/wp-json\/wp\/v2\/pages"}],"about":[{"href":"https:\/\/www.mtgsc.com.br\/en\/wp-json\/wp\/v2\/types\/page"}],"author":[{"embeddable":true,"href":"https:\/\/www.mtgsc.com.br\/en\/wp-json\/wp\/v2\/users\/4"}],"replies":[{"embeddable":true,"href":"https:\/\/www.mtgsc.com.br\/en\/wp-json\/wp\/v2\/comments?post=5019"}],"version-history":[{"count":36,"href":"https:\/\/www.mtgsc.com.br\/en\/wp-json\/wp\/v2\/pages\/5019\/revisions"}],"predecessor-version":[{"id":9595,"href":"https:\/\/www.mtgsc.com.br\/en\/wp-json\/wp\/v2\/pages\/5019\/revisions\/9595"}],"wp:attachment":[{"href":"https:\/\/www.mtgsc.com.br\/en\/wp-json\/wp\/v2\/media?parent=5019"}],"curies":[{"name":"wp","href":"https:\/\/api.w.org\/{rel}","templated":true}]}}