{"id":571,"date":"2018-06-22T13:52:37","date_gmt":"2018-06-22T16:52:37","guid":{"rendered":"http:\/\/www.mtgsc.com.br\/?page_id=571"},"modified":"2023-03-07T23:02:46","modified_gmt":"2023-03-08T02:02:46","slug":"contato","status":"publish","type":"page","link":"https:\/\/www.mtgsc.com.br\/en\/contato\/","title":{"rendered":"Contato"},"content":{"rendered":"<h1>\n\t\tContato | Fale com o MTG\/SC\n\t<\/h1>\n\t<p>A sede administrativa do MTG\/SC em Lages est\u00e1 aberta para atendimento aos associados e ao p\u00fablico geral \u00e0s <strong>segundas, quartas e sextas, das 08h \u00e0s 12h e das 14h \u00e0s 18h<\/strong>, entre em contato pelos telefones abaixo:<\/p>\n\t\t\t<a href=\"mailto:mtgsc@mtgsc.com.br\" target=\"_blank\" role=\"button\" rel=\"noopener\">\n\t\t\t\t\t\tEnvie um e-mail para: mtgsc@mtgsc.com.br\n\t\t\t\t\t<\/a>\n\t<iframe src=\"https:\/\/www.google.com\/maps\/embed?pb=!1m14!1m8!1m3!1d1764.822186561327!2d-50.30600709445195!3d-27.789929907939076!3m2!1i1024!2i768!4f13.1!3m3!1m2!1s0x94e019aa5ae76389%3A0x3c1c1177472456a7!2sMTG%2FSC%20Sede%20Administrativa!5e0!3m2!1spt-BR!2sbr!4v1659619556014!5m2!1spt-BR!2sbr\" width=\"600\" height=\"450\" allowfullscreen=\"\" loading=\"lazy\" referrerpolicy=\"no-referrer-when-downgrade\"><\/iframe>\n<h2>\n\t\tConhe\u00e7a a Sede do MTG SC\n\t<\/h2>\n\tAvenida Luiz de Cam\u00f5es, 2330<br \/>\nParque de Exposi\u00e7\u00f5es<br \/>\nConta Dinheiro<br \/>\n88520-000 &#8211; Lages\/SC\n\t\t\t<a href=\"https:\/\/goo.gl\/maps\/QhxiGQ8PYgzXpKPy9\" target=\"_blank\" role=\"button\" rel=\"noopener\">\n\t\t\t\t\t\t\tClique para obter a localiza\u00e7\u00e3o\n\t\t\t<\/a>\n\t\t\t\t<a href=\"https:\/\/www.mtgsc.com.br\/wp-content\/uploads\/2022\/08\/sede-admnistrativa-mtg-sc-01.jpeg\" target=\"_self\" itemprop=\"url\" rel=\"noopener\">\n\t\t\t\t<img decoding=\"async\" src=\"http:\/\/www.mtgsc.com.br\/wp-content\/uploads\/2022\/08\/sede-admnistrativa-mtg-sc-01.jpeg\" alt=\"sede-admnistrativa-mtg-sc-01\" itemprop=\"image\" title=\"sede-admnistrativa-mtg-sc-01\" onerror=\"this.style.display='none'\"  \/>\n\t\t\t\t<\/a>\n\t\t\t\t<a href=\"https:\/\/www.mtgsc.com.br\/wp-content\/uploads\/2022\/08\/sede-admnistrativa-mtg-sc-02.jpeg\" target=\"_self\" itemprop=\"url\" rel=\"noopener\">\n\t\t\t\t<img decoding=\"async\" src=\"http:\/\/www.mtgsc.com.br\/wp-content\/uploads\/2022\/08\/sede-admnistrativa-mtg-sc-02.jpeg\" alt=\"sede-admnistrativa-mtg-sc-02\" itemprop=\"image\" title=\"sede-admnistrativa-mtg-sc-02\" onerror=\"this.style.display='none'\"  \/>\n\t\t\t\t<\/a>\n\t\t\t\t<a href=\"https:\/\/www.mtgsc.com.br\/wp-content\/uploads\/2022\/08\/sede-admnistrativa-mtg-sc-03.jpeg\" target=\"_self\" itemprop=\"url\" rel=\"noopener\">\n\t\t\t\t<img decoding=\"async\" src=\"http:\/\/www.mtgsc.com.br\/wp-content\/uploads\/2022\/08\/sede-admnistrativa-mtg-sc-03.jpeg\" alt=\"sede-admnistrativa-mtg-sc-03\" itemprop=\"image\" title=\"sede-admnistrativa-mtg-sc-03\" onerror=\"this.style.display='none'\"  \/>\n\t\t\t\t<\/a>","protected":false},"excerpt":{"rendered":"<p>Contato | Fale com o MTG\/SC A sede administrativa do MTG\/SC em Lages est\u00e1 aberta para atendimento aos associados e ao p\u00fablico geral \u00e0s segundas,&hellip;<\/p>","protected":false},"author":4,"featured_media":0,"parent":0,"menu_order":0,"comment_status":"closed","ping_status":"closed","template":"","meta":{"footnotes":""},"class_list":["post-571","page","type-page","status-publish","hentry"],"yoast_head":"<!-- This site is optimized with the Yoast SEO plugin v27.4 - https:\/\/yoast.com\/product\/yoast-seo-wordpress\/ -->\n<title>Contato - MTG\/SC - Movimento Tradicionalista Ga\u00facho do Estado de Santa Catarina<\/title>\n<meta name=\"robots\" content=\"index, follow, max-snippet:-1, max-image-preview:large, max-video-preview:-1\" \/>\n<link rel=\"canonical\" href=\"https:\/\/www.mtgsc.com.br\/en\/contato\/\" \/>\n<meta property=\"og:locale\" content=\"en_US\" \/>\n<meta property=\"og:type\" content=\"article\" \/>\n<meta property=\"og:title\" content=\"Contato - MTG\/SC - Movimento Tradicionalista Ga\u00facho do Estado de Santa Catarina\" \/>\n<meta property=\"og:description\" content=\"Contato | Fale com o MTG\/SC A sede administrativa do MTG\/SC em Lages est\u00e1 aberta para atendimento aos associados e ao p\u00fablico geral \u00e0s segundas,&hellip;\" \/>\n<meta property=\"og:url\" content=\"https:\/\/www.mtgsc.com.br\/en\/contato\/\" \/>\n<meta property=\"og:site_name\" content=\"MTG\/SC - Movimento Tradicionalista Ga\u00facho do Estado de Santa Catarina\" \/>\n<meta property=\"article:publisher\" content=\"https:\/\/www.facebook.com\/MTGSC\" \/>\n<meta property=\"article:modified_time\" content=\"2023-03-08T02:02:46+00:00\" \/>\n<meta property=\"og:image\" content=\"http:\/\/www.mtgsc.com.br\/wp-content\/uploads\/2022\/08\/sede-admnistrativa-mtg-sc-01.jpeg\" \/>\n<meta name=\"twitter:card\" content=\"summary_large_image\" \/>\n<meta name=\"twitter:label1\" content=\"Est. reading time\" \/>\n\t<meta name=\"twitter:data1\" content=\"1 minute\" \/>\n<script type=\"application\/ld+json\" class=\"yoast-schema-graph\">{\"@context\":\"https:\\\/\\\/schema.org\",\"@graph\":[{\"@type\":\"WebPage\",\"@id\":\"https:\\\/\\\/www.mtgsc.com.br\\\/contato\\\/\",\"url\":\"https:\\\/\\\/www.mtgsc.com.br\\\/contato\\\/\",\"name\":\"Contato - MTG\\\/SC - Movimento Tradicionalista Ga\u00facho do Estado de Santa Catarina\",\"isPartOf\":{\"@id\":\"https:\\\/\\\/www.mtgsc.com.br\\\/#website\"},\"primaryImageOfPage\":{\"@id\":\"https:\\\/\\\/www.mtgsc.com.br\\\/contato\\\/#primaryimage\"},\"image\":{\"@id\":\"https:\\\/\\\/www.mtgsc.com.br\\\/contato\\\/#primaryimage\"},\"thumbnailUrl\":\"http:\\\/\\\/www.mtgsc.com.br\\\/wp-content\\\/uploads\\\/2022\\\/08\\\/sede-admnistrativa-mtg-sc-01.jpeg\",\"datePublished\":\"2018-06-22T16:52:37+00:00\",\"dateModified\":\"2023-03-08T02:02:46+00:00\",\"breadcrumb\":{\"@id\":\"https:\\\/\\\/www.mtgsc.com.br\\\/contato\\\/#breadcrumb\"},\"inLanguage\":\"en-US\",\"potentialAction\":[{\"@type\":\"ReadAction\",\"target\":[\"https:\\\/\\\/www.mtgsc.com.br\\\/contato\\\/\"]}]},{\"@type\":\"ImageObject\",\"inLanguage\":\"en-US\",\"@id\":\"https:\\\/\\\/www.mtgsc.com.br\\\/contato\\\/#primaryimage\",\"url\":\"http:\\\/\\\/www.mtgsc.com.br\\\/wp-content\\\/uploads\\\/2022\\\/08\\\/sede-admnistrativa-mtg-sc-01.jpeg\",\"contentUrl\":\"http:\\\/\\\/www.mtgsc.com.br\\\/wp-content\\\/uploads\\\/2022\\\/08\\\/sede-admnistrativa-mtg-sc-01.jpeg\"},{\"@type\":\"BreadcrumbList\",\"@id\":\"https:\\\/\\\/www.mtgsc.com.br\\\/contato\\\/#breadcrumb\",\"itemListElement\":[{\"@type\":\"ListItem\",\"position\":1,\"name\":\"In\u00edcio\",\"item\":\"https:\\\/\\\/www.mtgsc.com.br\\\/\"},{\"@type\":\"ListItem\",\"position\":2,\"name\":\"Contato\"}]},{\"@type\":\"WebSite\",\"@id\":\"https:\\\/\\\/www.mtgsc.com.br\\\/#website\",\"url\":\"https:\\\/\\\/www.mtgsc.com.br\\\/\",\"name\":\"MTG\\\/SC 50 ANOS\",\"description\":\"Honrar a Hist\u00f3ria e Construir o Futuro\",\"publisher\":{\"@id\":\"https:\\\/\\\/www.mtgsc.com.br\\\/#organization\"},\"potentialAction\":[{\"@type\":\"SearchAction\",\"target\":{\"@type\":\"EntryPoint\",\"urlTemplate\":\"https:\\\/\\\/www.mtgsc.com.br\\\/?s={search_term_string}\"},\"query-input\":{\"@type\":\"PropertyValueSpecification\",\"valueRequired\":true,\"valueName\":\"search_term_string\"}}],\"inLanguage\":\"en-US\"},{\"@type\":\"Organization\",\"@id\":\"https:\\\/\\\/www.mtgsc.com.br\\\/#organization\",\"name\":\"MTG\\\/SC - Movimento Tradicionalista Ga\u00facho de Santa Catarina\",\"alternateName\":\"Movimento Tradicionalista Ga\u00facho de Santa Catarina\",\"url\":\"https:\\\/\\\/www.mtgsc.com.br\\\/\",\"logo\":{\"@type\":\"ImageObject\",\"inLanguage\":\"en-US\",\"@id\":\"https:\\\/\\\/www.mtgsc.com.br\\\/#\\\/schema\\\/logo\\\/image\\\/\",\"url\":\"https:\\\/\\\/www.mtgsc.com.br\\\/wp-content\\\/uploads\\\/2022\\\/03\\\/logo-2018-header-light.png\",\"contentUrl\":\"https:\\\/\\\/www.mtgsc.com.br\\\/wp-content\\\/uploads\\\/2022\\\/03\\\/logo-2018-header-light.png\",\"width\":169,\"height\":150,\"caption\":\"MTG\\\/SC - Movimento Tradicionalista Ga\u00facho de Santa Catarina\"},\"image\":{\"@id\":\"https:\\\/\\\/www.mtgsc.com.br\\\/#\\\/schema\\\/logo\\\/image\\\/\"},\"sameAs\":[\"https:\\\/\\\/www.facebook.com\\\/MTGSC\",\"https:\\\/\\\/www.instagram.com\\\/mtgsc\\\/\"]}]}<\/script>\n<!-- \/ Yoast SEO plugin. -->","yoast_head_json":{"title":"Contato - MTG\/SC - Movimento Tradicionalista Ga\u00facho do Estado de Santa Catarina","robots":{"index":"index","follow":"follow","max-snippet":"max-snippet:-1","max-image-preview":"max-image-preview:large","max-video-preview":"max-video-preview:-1"},"canonical":"https:\/\/www.mtgsc.com.br\/en\/contato\/","og_locale":"en_US","og_type":"article","og_title":"Contato - MTG\/SC - Movimento Tradicionalista Ga\u00facho do Estado de Santa Catarina","og_description":"Contato | Fale com o MTG\/SC A sede administrativa do MTG\/SC em Lages est\u00e1 aberta para atendimento aos associados e ao p\u00fablico geral \u00e0s segundas,&hellip;","og_url":"https:\/\/www.mtgsc.com.br\/en\/contato\/","og_site_name":"MTG\/SC - Movimento Tradicionalista Ga\u00facho do Estado de Santa Catarina","article_publisher":"https:\/\/www.facebook.com\/MTGSC","article_modified_time":"2023-03-08T02:02:46+00:00","og_image":[{"url":"http:\/\/www.mtgsc.com.br\/wp-content\/uploads\/2022\/08\/sede-admnistrativa-mtg-sc-01.jpeg","type":"","width":"","height":""}],"twitter_card":"summary_large_image","twitter_misc":{"Est. reading time":"1 minute"},"schema":{"@context":"https:\/\/schema.org","@graph":[{"@type":"WebPage","@id":"https:\/\/www.mtgsc.com.br\/contato\/","url":"https:\/\/www.mtgsc.com.br\/contato\/","name":"Contato - MTG\/SC - Movimento Tradicionalista Ga\u00facho do Estado de Santa Catarina","isPartOf":{"@id":"https:\/\/www.mtgsc.com.br\/#website"},"primaryImageOfPage":{"@id":"https:\/\/www.mtgsc.com.br\/contato\/#primaryimage"},"image":{"@id":"https:\/\/www.mtgsc.com.br\/contato\/#primaryimage"},"thumbnailUrl":"http:\/\/www.mtgsc.com.br\/wp-content\/uploads\/2022\/08\/sede-admnistrativa-mtg-sc-01.jpeg","datePublished":"2018-06-22T16:52:37+00:00","dateModified":"2023-03-08T02:02:46+00:00","breadcrumb":{"@id":"https:\/\/www.mtgsc.com.br\/contato\/#breadcrumb"},"inLanguage":"en-US","potentialAction":[{"@type":"ReadAction","target":["https:\/\/www.mtgsc.com.br\/contato\/"]}]},{"@type":"ImageObject","inLanguage":"en-US","@id":"https:\/\/www.mtgsc.com.br\/contato\/#primaryimage","url":"http:\/\/www.mtgsc.com.br\/wp-content\/uploads\/2022\/08\/sede-admnistrativa-mtg-sc-01.jpeg","contentUrl":"http:\/\/www.mtgsc.com.br\/wp-content\/uploads\/2022\/08\/sede-admnistrativa-mtg-sc-01.jpeg"},{"@type":"BreadcrumbList","@id":"https:\/\/www.mtgsc.com.br\/contato\/#breadcrumb","itemListElement":[{"@type":"ListItem","position":1,"name":"In\u00edcio","item":"https:\/\/www.mtgsc.com.br\/"},{"@type":"ListItem","position":2,"name":"Contato"}]},{"@type":"WebSite","@id":"https:\/\/www.mtgsc.com.br\/#website","url":"https:\/\/www.mtgsc.com.br\/","name":"MTG\/SC 50 ANOS","description":"Honrar a Hist\u00f3ria e Construir o Futuro","publisher":{"@id":"https:\/\/www.mtgsc.com.br\/#organization"},"potentialAction":[{"@type":"SearchAction","target":{"@type":"EntryPoint","urlTemplate":"https:\/\/www.mtgsc.com.br\/?s={search_term_string}"},"query-input":{"@type":"PropertyValueSpecification","valueRequired":true,"valueName":"search_term_string"}}],"inLanguage":"en-US"},{"@type":"Organization","@id":"https:\/\/www.mtgsc.com.br\/#organization","name":"MTG\/SC - Movimento Tradicionalista Ga\u00facho de Santa Catarina","alternateName":"Movimento Tradicionalista Ga\u00facho de Santa Catarina","url":"https:\/\/www.mtgsc.com.br\/","logo":{"@type":"ImageObject","inLanguage":"en-US","@id":"https:\/\/www.mtgsc.com.br\/#\/schema\/logo\/image\/","url":"https:\/\/www.mtgsc.com.br\/wp-content\/uploads\/2022\/03\/logo-2018-header-light.png","contentUrl":"https:\/\/www.mtgsc.com.br\/wp-content\/uploads\/2022\/03\/logo-2018-header-light.png","width":169,"height":150,"caption":"MTG\/SC - Movimento Tradicionalista Ga\u00facho de Santa Catarina"},"image":{"@id":"https:\/\/www.mtgsc.com.br\/#\/schema\/logo\/image\/"},"sameAs":["https:\/\/www.facebook.com\/MTGSC","https:\/\/www.instagram.com\/mtgsc\/"]}]}},"_links":{"self":[{"href":"https:\/\/www.mtgsc.com.br\/en\/wp-json\/wp\/v2\/pages\/571","targetHints":{"allow":["GET"]}}],"collection":[{"href":"https:\/\/www.mtgsc.com.br\/en\/wp-json\/wp\/v2\/pages"}],"about":[{"href":"https:\/\/www.mtgsc.com.br\/en\/wp-json\/wp\/v2\/types\/page"}],"author":[{"embeddable":true,"href":"https:\/\/www.mtgsc.com.br\/en\/wp-json\/wp\/v2\/users\/4"}],"replies":[{"embeddable":true,"href":"https:\/\/www.mtgsc.com.br\/en\/wp-json\/wp\/v2\/comments?post=571"}],"version-history":[{"count":49,"href":"https:\/\/www.mtgsc.com.br\/en\/wp-json\/wp\/v2\/pages\/571\/revisions"}],"predecessor-version":[{"id":6864,"href":"https:\/\/www.mtgsc.com.br\/en\/wp-json\/wp\/v2\/pages\/571\/revisions\/6864"}],"wp:attachment":[{"href":"https:\/\/www.mtgsc.com.br\/en\/wp-json\/wp\/v2\/media?parent=571"}],"curies":[{"name":"wp","href":"https:\/\/api.w.org\/{rel}","templated":true}]}}