{"id":5962,"date":"2022-11-25T15:11:27","date_gmt":"2022-11-25T18:11:27","guid":{"rendered":"https:\/\/www.mtgsc.com.br\/?page_id=5962"},"modified":"2024-07-07T21:02:01","modified_gmt":"2024-07-08T00:02:01","slug":"xx-rodeio-estadual-de-campeoes","status":"publish","type":"page","link":"https:\/\/www.mtgsc.com.br\/en\/xx-rodeio-estadual-de-campeoes\/","title":{"rendered":"XX Rodeio Estadual de Campe\u00f5es"},"content":{"rendered":"<img loading=\"lazy\" decoding=\"async\" src=\"https:\/\/www.mtgsc.com.br\/wp-content\/uploads\/2022\/11\/logo-rodeio-estadual-campeoes-mtg-sc.png\" alt=\"logo-rodeio-estadual-campeoes-mtg-sc\" itemprop=\"image\" height=\"495\" width=\"700\" title=\"logo-rodeio-estadual-campeoes-mtg-sc\" onerror=\"this.style.display='none'\"  \/>\n<h2>\n\t\tPROGRAMA\u00c7\u00c3O 09\/02 &#8211; QUINTA\n\t<\/h2>\n\t<p>\ud83d\udd59 10h &#8211; Reuni\u00e3o com os coordenadores regionais e comiss\u00e3o organizadora na sede do CTG Campestre Catarinense;<\/p>\n<p>&nbsp;<\/p>\n<b><img decoding=\"async\" role=\"img\" draggable=\"false\" src=\"https:\/\/s.w.org\/images\/core\/emoji\/14.0.0\/svg\/1f550.svg\" alt=\"\ud83d\udd50\" \/> 13h &#8211; BOAS-VINDAS com participa\u00e7\u00e3o dos Coordenadores Regionais<br \/>\n<img decoding=\"async\" role=\"img\" draggable=\"false\" src=\"https:\/\/s.w.org\/images\/core\/emoji\/14.0.0\/svg\/1f4cd.svg\" alt=\"\ud83d\udccd\" \/> Local: Cancha Coberta;<\/b>\n<p>&nbsp;<\/p>\n<p><b><img decoding=\"async\" role=\"img\" draggable=\"false\" src=\"https:\/\/s.w.org\/images\/core\/emoji\/14.0.0\/svg\/1f55c.svg\" alt=\"\ud83d\udd5c\" \/> 13h30min &#8211; LA\u00c7O | Local: Cancha Coberta<\/b><\/p>\n<p>&#8211; La\u00e7o Patr\u00e3o de Piquete: 4 armadas<\/p>\n<p>&#8211; La\u00e7o Veterano: 4 armadas<\/p>\n<p>&#8211; La\u00e7o Vaqueano: 4 armadas<\/p>\n<p>&#8211; La\u00e7o Diretoria: 4 armadas<\/p>\n<p>&#8211; La\u00e7o Av\u00f4 e Neto: 4 armadas<\/p>\n<h2>\n\t\tPROGRAMA\u00c7\u00c3O 10\/02 &#8211; SEXTA\n\t<\/h2>\n\t<p><b><img decoding=\"async\" role=\"img\" draggable=\"false\" src=\"https:\/\/s.w.org\/images\/core\/emoji\/14.0.0\/svg\/1f556.svg\" alt=\"\ud83d\udd56\" \/> 07h &#8211; LA\u00c7O <\/b><img decoding=\"async\" role=\"img\" draggable=\"false\" src=\"https:\/\/s.w.org\/images\/core\/emoji\/14.0.0\/svg\/1f4cd.svg\" alt=\"\ud83d\udccd\" \/> <b>Local: Cancha Coberta<\/b><\/p>\n<p>&#8211; La\u00e7o Veterano: 2 armadas e final<\/p>\n<p>&#8211; La\u00e7o Vaqueano: 2 armadas e final<\/p>\n<p>&#8211; La\u00e7o Av\u00f4 e Neto: 2 armadas e final<\/p>\n<p>&#8211; La\u00e7o Pi\u00e1: 3 armadas<\/p>\n<p>&#8211; La\u00e7o Prenda Mirim: 3 armadas<\/p>\n<p>&#8211; La\u00e7o Prenda Juvenil: 3 armadas<\/p>\n<p>&#8211; La\u00e7o Guri: 3 armadas<\/p>\n<p>&#8211; La\u00e7o Pai e Filho: 3 armadas<\/p>\n<p>&#8211; La\u00e7o Pai\/M\u00e3e e Filha\/Filho: 3 armadas<\/p>\n<p>&#8211; La\u00e7o Diretoria: 2 armadas e final<\/p>\n<p>&#8211; La\u00e7o 3\u00aa Gera\u00e7\u00e3o: 3 armadas<\/p>\n<p>&#8211; La\u00e7o Pe\u00e3o Adulto: 2 armadas<\/p>\n<p>&#8211; La\u00e7o Dupla de Irm\u00e3os: 3 armadas<\/p>\n<p>&#8211; La\u00e7o Patr\u00e3o de Piquete: 2 armadas e final\u00a0<\/p>\n<p>&nbsp;<\/p>\n<p><b><img decoding=\"async\" role=\"img\" draggable=\"false\" src=\"https:\/\/s.w.org\/images\/core\/emoji\/14.0.0\/svg\/1f557.svg\" alt=\"\ud83d\udd57\" \/> 08h &#8211; VACA-PARADA <img decoding=\"async\" role=\"img\" draggable=\"false\" src=\"https:\/\/s.w.org\/images\/core\/emoji\/14.0.0\/svg\/1f4cd.svg\" alt=\"\ud83d\udccd\" \/> Local: Sal\u00e3o do CTG Campestre Catarinense<\/b><\/p>\n<p>&#8211; Piazinho: 10 armadas (Classificat\u00f3ria) &#8211; In\u00edcio: 08h<\/p>\n<p>&#8211; Piazito: 10 armadas (Classificat\u00f3ria) &#8211; In\u00edcio: 13h<\/p>\n\t<b><img decoding=\"async\" role=\"img\" draggable=\"false\" src=\"https:\/\/s.w.org\/images\/core\/emoji\/14.0.0\/svg\/1f551.svg\" alt=\"\ud83d\udd51\" \/> 14h &#8211; PROVA DE R\u00c9DEAS &#8211; Cron\u00f4metro &#8211; Final<br \/>\n<\/b>\n<p><img decoding=\"async\" role=\"img\" draggable=\"false\" src=\"https:\/\/s.w.org\/images\/core\/emoji\/14.0.0\/svg\/1f4cd.svg\" alt=\"\ud83d\udccd\" \/> <b>Local: Cancha 2<\/b><\/p>\n<p>Categorias: Pi\u00e1, Guri, Prenda Mirim, Prenda Juvenil, Prenda Adulta, Vaqueano, Veterano e Pe\u00e3o;<\/p>\n\t<b><img decoding=\"async\" role=\"img\" draggable=\"false\" src=\"https:\/\/s.w.org\/images\/core\/emoji\/14.0.0\/svg\/1f553.svg\" alt=\"\ud83d\udd53\" \/> Ap\u00f3s Cron\u00f4metro:<br \/>\nPROVA DE R\u00c9DEAS &#8211; Desafio &#8211; Classificat\u00f3ria e Final<br \/>\n<\/b>\n<p><img decoding=\"async\" role=\"img\" draggable=\"false\" src=\"https:\/\/s.w.org\/images\/core\/emoji\/14.0.0\/svg\/1f4cd.svg\" alt=\"\ud83d\udccd\" \/><b>\u00a0Local: Cancha 2<\/b><\/p>\n<p>Categorias: Pi\u00e1, Guri, Prenda Mirim, Prenda Juvenil, Prenda Adulta, Vaqueano, Veterano e Pe\u00e3o;<\/p>\n<h2>\n\t\tPROGRAMA\u00c7\u00c3O 11\/02 &#8211; S\u00c1BADO\n\t<\/h2>\n\t<p><b><img decoding=\"async\" role=\"img\" draggable=\"false\" src=\"https:\/\/s.w.org\/images\/core\/emoji\/14.0.0\/svg\/1f556.svg\" alt=\"\ud83d\udd56\" \/> 7h &#8211; LA\u00c7O <img decoding=\"async\" role=\"img\" draggable=\"false\" src=\"https:\/\/s.w.org\/images\/core\/emoji\/14.0.0\/svg\/1f4cd.svg\" alt=\"\ud83d\udccd\" \/> Local: Cancha Coberta<\/b><\/p>\n<p>&#8211; La\u00e7o Guri: 3 armadas e final<\/p>\n<p>&#8211; La\u00e7o Pai e Filho: 3 armadas e final<\/p>\n<p>&#8211; La\u00e7o Pai\/M\u00e3e e Filha\/Filho: 3\u00a0armadas e final<\/p>\n<p>&#8211; La\u00e7o Pi\u00e1: 3 armadas e final<\/p>\n<p>&#8211; La\u00e7o Prenda Mirim: 3 armadas e final\u00a0<\/p>\n<p>&#8211; La\u00e7o Prenda Juvenil: 3 armadas e final\u00a0<\/p>\n<p>&#8211; La\u00e7o Prenda Adulta: 2 armadas<\/p>\n<p>&#8211; La\u00e7o Patr\u00e3o de CTG: 2 armadas<\/p>\n<p>&#8211; La\u00e7o Dupla de Irm\u00e3os: 3 armadas e final<\/p>\n<p>&#8211; La\u00e7o 3\u00aa Gera\u00e7\u00e3o: 3 armadas e final\u00a0<\/p>\n<p>&#8211; La\u00e7o Pe\u00e3o Adulto: 4 armadas<\/p>\n<p>&nbsp;<\/p>\n<b><img decoding=\"async\" role=\"img\" draggable=\"false\" src=\"https:\/\/s.w.org\/images\/core\/emoji\/14.0.0\/svg\/1f557.svg\" alt=\"\ud83d\udd57\" \/> 08h &#8211; VACA-PARADA<br \/>\n<img decoding=\"async\" role=\"img\" draggable=\"false\" src=\"https:\/\/s.w.org\/images\/core\/emoji\/14.0.0\/svg\/1f4cd.svg\" alt=\"\ud83d\udccd\" \/> Local: Sal\u00e3o do CTG Campestre Catarinense<\/b>\n<p>&#8211; Bonequinha: 10 armadas (Classificat\u00f3ria) &#8211; In\u00edcio: 08h<\/p>\n<p>&#8211; Prendinha: 10 armadas (Classificat\u00f3ria) &#8211; In\u00edcio: 13h<\/p>\n<b><br \/>\n<img decoding=\"async\" role=\"img\" draggable=\"false\" src=\"https:\/\/s.w.org\/images\/core\/emoji\/14.0.0\/svg\/1f553.svg\" alt=\"\ud83d\udd53\" \/> Ap\u00f3s La\u00e7o:<br \/>\nPROVA DO CHASQUE: Classificat\u00f3ria e Final<br \/>\n<\/b>\n<p><img decoding=\"async\" role=\"img\" draggable=\"false\" src=\"https:\/\/s.w.org\/images\/core\/emoji\/14.0.0\/svg\/1f4cd.svg\" alt=\"\ud83d\udccd\" \/><b> Local: Cancha Coberta<\/b><\/p>\n<p>&nbsp;<\/p>\n<b><img decoding=\"async\" role=\"img\" draggable=\"false\" src=\"https:\/\/s.w.org\/images\/core\/emoji\/14.0.0\/svg\/1f553.svg\" alt=\"\ud83d\udd53\" \/> Ap\u00f3s Prova do Chasque:<br \/>\nGINETEADA: Classificat\u00f3ria e Final<br \/>\n<\/b>\n<p><img decoding=\"async\" role=\"img\" draggable=\"false\" src=\"https:\/\/s.w.org\/images\/core\/emoji\/14.0.0\/svg\/1f4cd.svg\" alt=\"\ud83d\udccd\" \/><b> Local: Cancha Coberta<\/b><\/p>\n<h2>\n\t\tPROGRAMA\u00c7\u00c3O 12\/02 &#8211; DOMINGO\n\t<\/h2>\n\t<p><b><img decoding=\"async\" role=\"img\" draggable=\"false\" src=\"https:\/\/s.w.org\/images\/core\/emoji\/14.0.0\/svg\/1f557.svg\" alt=\"\ud83d\udd57\" \/> 08h &#8211; LA\u00c7O <img decoding=\"async\" role=\"img\" draggable=\"false\" src=\"https:\/\/s.w.org\/images\/core\/emoji\/14.0.0\/svg\/1f4cd.svg\" alt=\"\ud83d\udccd\" \/> Local: Cancha Coberta<\/b><\/p>\n<p>&#8211; La\u00e7o Patr\u00e3o de CTG: 4 armadas e final<\/p>\n<p>&#8211; La\u00e7o Prenda Adulta: 4 armadas e final<\/p>\n<p>&nbsp;<\/p>\n<b><img decoding=\"async\" role=\"img\" draggable=\"false\" src=\"https:\/\/s.w.org\/images\/core\/emoji\/14.0.0\/svg\/1f557.svg\" alt=\"\ud83d\udd57\" \/> 08h &#8211; VACA-PARADA<br \/>\n<img decoding=\"async\" role=\"img\" draggable=\"false\" src=\"https:\/\/s.w.org\/images\/core\/emoji\/14.0.0\/svg\/1f4cd.svg\" alt=\"\ud83d\udccd\" \/> Local: Sal\u00e3o do CTG Campestre Catarinense<\/b>\n&#8211; Bonequinha: Final<br \/>\n&#8211; Prendinha: Final<br \/>\n&#8211; Piazinho: Final<br \/>\n&#8211; Piazito: Final\n<p>&nbsp;<\/p>\n<p><b><img decoding=\"async\" role=\"img\" draggable=\"false\" src=\"https:\/\/s.w.org\/images\/core\/emoji\/14.0.0\/svg\/1f550.svg\" alt=\"\ud83d\udd50\" \/> 13h &#8211; SOLENIDADE OFICIAL COM AUTORIDADES<\/b><\/p>\n<p>&#8211; La\u00e7o Pe\u00e3o Adulto 4 armadas e final<\/p>\n\t<p><b>A Sele\u00e7\u00e3o Campe\u00e3 receber\u00e1 o Trof\u00e9u em Homenagem ao Tradicionalista Renato Guesser.<\/b><\/p>\n<p>&nbsp;<\/p>\n<p>Renato Guesser \u00e9 tradicionalista, la\u00e7ador. Foi capit\u00e3o de Sele\u00e7\u00f5es Campeiras do MTG\/SC, ficou parapl\u00e9gico devido \u00e0 um acidente em 2022. O MTG\/SC faz essa homenagem \u00e0 Renato e \u00e0 todos que por for\u00e7as maiores, n\u00e3o podem mais la\u00e7ar, mas amam a lida campeira.\u00a0<\/p>\n<h2>\n\t\tCRIT\u00c9RIOS DE CLASSIFICA\u00c7\u00c3O PARA A SELE\u00c7\u00c3O DO ESTADUAL\n\t<\/h2>\n\t<p>A sele\u00e7\u00e3o Pe\u00e3o Adulto que se consagrar campe\u00e3 do 20\u00ba Rodeio Estadual representar\u00e1 o Estado de SC no Rodeio Nacional da CBTG;<\/p>\n<p>&nbsp;<\/p>\n<p>A Dupla da modalidade Pe\u00e3o Adulto, ser\u00e1 composta por integrantes da pr\u00f3pria Sele\u00e7\u00e3o Campe\u00e3 e ser\u00e1 escolhida pelo Departamento Campeiro. Os reservas ser\u00e3o da Regi\u00e3o Tradicionalista Campe\u00e3, conforme sua classifica\u00e7\u00e3o;<\/p>\n<p>&nbsp;<\/p>\n<p>As outras duplas que ser\u00e3o selecionadas para o nacional, tamb\u00e9m ser\u00e3o selecionadas dentre os componentes de suas modalidades, pelo Departamento Campeiro;<\/p>\n<p>&nbsp;<\/p>\n<p>Cada modalidade ter\u00e1 primeiro e segundo reservas, que s\u00f3 ser\u00e3o chamados em caso de desist\u00eancia de algum dos titulares;<\/p>\n<p>&nbsp;<\/p>\n<p>Ser\u00e3o premiados com trof\u00e9us de 1\u00ba, 2\u00ba e 3\u00ba lugares todas as categorias;<\/p>\n<h2>\n\t\tCRIT\u00c9RIOS DE ESCOLHA DAS SELE\u00c7\u00d5ES QUE IR\u00c3O PARTICIPAR DO RODEIO NACIONAL DA CBTG\u00a0\n\t<\/h2>\n\t<p><b>Provas Individuais e Duplas<\/b>: ser\u00e3o chamados os 1\u00ba e 2\u00ba lugares, (Titulares), 3\u00ba lugar (1\u00ba Reserva);<\/p>\n<p>&nbsp;<\/p>\n<p><b>Provas coletivas: <\/b>sair\u00e3o dos individuais com exce\u00e7\u00e3o da Sele\u00e7\u00e3o Pe\u00e3o Adulto que ser\u00e1 a Sele\u00e7\u00e3o Campe\u00e3.\u00a0<\/p>\n<p>&nbsp;<\/p>\n<p>No Rodeio brasileiro n\u00e3o tem as seguintes modalidades nas provas de la\u00e7o: &#8220;La\u00e7o Patr\u00e3o de Piquete&#8221;, &#8220;La\u00e7o Pai e Filha&#8221;, &#8220;La\u00e7o V\u00f4 e Neto&#8221; e portanto, n\u00e3o haver\u00e1 classificados para o nacional nessas modalidades;<\/p>\n<p>&nbsp;<\/p>\n<p>A modalidade &#8220;La\u00e7o Diretoria&#8221; para o Nacional, ser\u00e1 escolhida pelo Presidente do MTG\/SC.\u00a0<\/p>\n<p>&nbsp;<\/p>\n<p>Na modalidade &#8220;Patr\u00e3o de CTG&#8221; classificam o 1\u00ba e o 2\u00ba colocado e o 3\u00ba ser\u00e1 reserva.\u00a0\u00a0<\/p>\n<p>&nbsp;<\/p>\n<p>Todo pe\u00e3o ou prenda poder\u00e1 participar de no m\u00e1ximo 03 (tr\u00eas) modalidades de la\u00e7o que acontecer\u00e1 no Estadual, por\u00e9m, para o Nacional poder\u00e1 classificar somente para no m\u00e1ximo 02 (duas) modalidades.<\/p>\n\t<p>Para se inscrever <strong>entre em contato com o Coordenador Campeiro de sua Regi\u00e3o Tradicionalista<\/strong>, pois devem ser encaminhadas ao MTG\/SC at\u00e9 o dia 10 de janeiro de 2023, com prazo para altera\u00e7\u00f5es at\u00e9 20 de janeiro de 2023. <\/p>\n<p>&nbsp;<\/p>\n<p>Todo pe\u00e3o ou prenda poder\u00e1 participar de at\u00e9 03 (tr\u00eas) modalidades de la\u00e7o, n\u00e3o implicando na sua participa\u00e7\u00e3o em outras provas, onde a participa\u00e7\u00e3o \u00e9 livre.<\/p>\n\t<p><b>DO LOCAL: <\/b>O evento acontecer\u00e1 nas depend\u00eancias do Parque de Exposi\u00e7\u00f5es e Eventos Manoel Pr\u00e1 em Urubici\/SC;<\/p>\n<p>&nbsp;<\/p>\n<p><b>DOS ACAMPAMENTOS: <\/b>Os participantes poder\u00e3o ficar alojados nas depend\u00eancias do Parque de Exposi\u00e7\u00f5es e eventos, onde poder\u00e3o instalar seus acampamentos e barracas;<\/p>\n<p>&nbsp;<\/p>\n<p><b>DA DOCUMENTA\u00c7\u00c3O: <\/b>A documenta\u00e7\u00e3o para confec\u00e7\u00e3o e atualiza\u00e7\u00e3o de carteirinhas dever\u00e3o ser entregues na Secretaria do MTG-SC (em Lages), impreterivelmente at\u00e9 10\/12\/2022;<\/p>\n<p>&nbsp;<\/p>\n<p><b>DAS OBRIGA\u00c7\u00d5ES COM O MTG\/SC: <\/b>Todos os representantes selecionados e seus CTGs dever\u00e3o estar em dia com suas obriga\u00e7\u00f5es junto ao MTG-SC para realiza\u00e7\u00e3o das inscri\u00e7\u00f5es;<\/p>\n<p>&nbsp;<\/p>\n<p><b>DAS INSCRI\u00c7\u00d5ES: <\/b>As inscri\u00e7\u00f5es devem ser encaminhadas at\u00e9 dia 10 de janeiro de 2023, com prazo para altera\u00e7\u00f5es at\u00e9 20 de janeiro de 2023. Encaminhar para o e-mail do MTG\/SC, <a href=\"mailto:rodeioestadual@mtgsc.com.br\">rodeioestadual@mtgsc.com.br<\/a>;<\/p>\n<p>Todo pe\u00e3o ou prenda poder\u00e1 participar de at\u00e9 03 (tr\u00eas) modalidades de la\u00e7o, n\u00e3o implicando na sua participa\u00e7\u00e3o em outras provas, onde a participa\u00e7\u00e3o \u00e9 livre.<\/p>\n<p>&nbsp;<\/p>\n<p><b>DA RESPONSABILIDADE DOS COORDENADORES: <\/b>Os Coordenadores Regionais Campeiros s\u00e3o respons\u00e1veis pelas inscri\u00e7\u00f5es de sua Regi\u00e3o Tradicionalista, confer\u00eancia de carteira, idade e modalidade;<\/p>\n<p>&nbsp;<\/p>\n<p><b>DOS JU\u00cdZES: <\/b>O MTG-SC juntamente com a Diretoria Campeira ir\u00e1 indicar e convocar os Ju\u00edzes Oficiais do MTG\/SC para julgar o Rodeio Estadual, nos tr\u00eas pontos: medi\u00e7\u00e3o de la\u00e7o, cancha e brete de fundos. A Comiss\u00e3o Avaliadora \u00e9 soberana em seus julgamentos. N\u00e3o ser\u00e3o aceitos recursos em hip\u00f3tese alguma;<\/p>\n<p>&nbsp;<\/p>\n<p><b>DA PROGRAMA\u00c7\u00c3O: <\/b>A Comiss\u00e3o Organizadora se reserva no direito de intercalar as provas caso seja necess\u00e1rio;\u00a0<\/p>\n<p>&nbsp;<\/p>\n<p><b>DA ABERTURA: <\/b>Todos os CTG&#8217;s participantes dever\u00e3o trazer a bandeira do seu CTG para o desfile de abertura oficial no domingo dia 12 de fevereiro de 2023, os Coordenadores Regionais dever\u00e3o trazer a bandeira de sua regi\u00e3o.<\/p>\n<p>&nbsp;<\/p>\n<p><b>Os casos omissos ser\u00e3o resolvidos pela comiss\u00e3o organizadora do 20\u00ba Rodeio Estadual de Campe\u00f5es de Santa Catarina; <\/b><\/p>\n\tRodovia SC-110<br \/>\nBairro \u00c1guas Brancas<br \/>\nUrubici &#8211; SC<br \/>\nCEP: 88650-000\n\t\t\t<a href=\"https:\/\/goo.gl\/maps\/rp6Fnh1A55zVzGPf9\" target=\"_blank\" role=\"button\" rel=\"noopener\">\n\t\t\t\t\t\t\tLink do Google Maps\n\t\t\t<\/a>\n\t\t\t<a href=\"https:\/\/web.whatsapp.com\/send?phone=5547984033819&#038;text=Ol%C3%A1!%20Acessei%20o%20site%20do%20MTGSC%20e%20estou%20entrando%20em%20contato!\" target=\"_blank\" role=\"button\" rel=\"noopener\">\n\t\t\t\t\t\t\tClica aqui e manda um What&#8217;s pro MTG\/SC\n\t\t\t<\/a>","protected":false},"excerpt":{"rendered":"<p>PROGRAMA\u00c7\u00c3O 09\/02 &#8211; QUINTA \ud83d\udd59 10h &#8211; Reuni\u00e3o com os coordenadores regionais e comiss\u00e3o organizadora na sede do CTG Campestre Catarinense; &nbsp; 13h &#8211; BOAS-VINDAS&hellip;<\/p>","protected":false},"author":4,"featured_media":0,"parent":0,"menu_order":0,"comment_status":"closed","ping_status":"closed","template":"","meta":{"footnotes":""},"class_list":["post-5962","page","type-page","status-publish","hentry"],"yoast_head":"<!-- This site is optimized with the Yoast SEO plugin v27.4 - https:\/\/yoast.com\/product\/yoast-seo-wordpress\/ -->\n<title>XX Rodeio Estadual de Campe\u00f5es - MTG\/SC - Movimento Tradicionalista Ga\u00facho do Estado de Santa Catarina<\/title>\n<meta name=\"robots\" content=\"index, follow, max-snippet:-1, max-image-preview:large, max-video-preview:-1\" \/>\n<link rel=\"canonical\" href=\"https:\/\/www.mtgsc.com.br\/en\/xx-rodeio-estadual-de-campeoes\/\" \/>\n<meta property=\"og:locale\" content=\"en_US\" \/>\n<meta property=\"og:type\" content=\"article\" \/>\n<meta property=\"og:title\" content=\"XX Rodeio Estadual de Campe\u00f5es - MTG\/SC - Movimento Tradicionalista Ga\u00facho do Estado de Santa Catarina\" \/>\n<meta property=\"og:description\" content=\"PROGRAMA\u00c7\u00c3O 09\/02 &#8211; QUINTA \ud83d\udd59 10h &#8211; Reuni\u00e3o com os coordenadores regionais e comiss\u00e3o organizadora na sede do CTG Campestre Catarinense; &nbsp; 13h &#8211; BOAS-VINDAS&hellip;\" \/>\n<meta property=\"og:url\" content=\"https:\/\/www.mtgsc.com.br\/en\/xx-rodeio-estadual-de-campeoes\/\" \/>\n<meta property=\"og:site_name\" content=\"MTG\/SC - Movimento Tradicionalista Ga\u00facho do Estado de Santa Catarina\" \/>\n<meta property=\"article:publisher\" content=\"https:\/\/www.facebook.com\/MTGSC\" \/>\n<meta property=\"article:modified_time\" content=\"2024-07-08T00:02:01+00:00\" \/>\n<meta property=\"og:image\" content=\"https:\/\/www.mtgsc.com.br\/wp-content\/uploads\/2022\/11\/logo-rodeio-estadual-campeoes-mtg-sc.png\" \/>\n<meta name=\"twitter:card\" content=\"summary_large_image\" \/>\n<meta name=\"twitter:label1\" content=\"Est. reading time\" \/>\n\t<meta name=\"twitter:data1\" content=\"4 minutes\" \/>\n<script type=\"application\/ld+json\" class=\"yoast-schema-graph\">{\"@context\":\"https:\\\/\\\/schema.org\",\"@graph\":[{\"@type\":\"WebPage\",\"@id\":\"https:\\\/\\\/www.mtgsc.com.br\\\/xx-rodeio-estadual-de-campeoes\\\/\",\"url\":\"https:\\\/\\\/www.mtgsc.com.br\\\/xx-rodeio-estadual-de-campeoes\\\/\",\"name\":\"XX Rodeio Estadual de Campe\u00f5es - MTG\\\/SC - Movimento Tradicionalista Ga\u00facho do Estado de Santa Catarina\",\"isPartOf\":{\"@id\":\"https:\\\/\\\/www.mtgsc.com.br\\\/#website\"},\"primaryImageOfPage\":{\"@id\":\"https:\\\/\\\/www.mtgsc.com.br\\\/xx-rodeio-estadual-de-campeoes\\\/#primaryimage\"},\"image\":{\"@id\":\"https:\\\/\\\/www.mtgsc.com.br\\\/xx-rodeio-estadual-de-campeoes\\\/#primaryimage\"},\"thumbnailUrl\":\"https:\\\/\\\/www.mtgsc.com.br\\\/wp-content\\\/uploads\\\/2022\\\/11\\\/logo-rodeio-estadual-campeoes-mtg-sc.png\",\"datePublished\":\"2022-11-25T18:11:27+00:00\",\"dateModified\":\"2024-07-08T00:02:01+00:00\",\"breadcrumb\":{\"@id\":\"https:\\\/\\\/www.mtgsc.com.br\\\/xx-rodeio-estadual-de-campeoes\\\/#breadcrumb\"},\"inLanguage\":\"en-US\",\"potentialAction\":[{\"@type\":\"ReadAction\",\"target\":[\"https:\\\/\\\/www.mtgsc.com.br\\\/xx-rodeio-estadual-de-campeoes\\\/\"]}]},{\"@type\":\"ImageObject\",\"inLanguage\":\"en-US\",\"@id\":\"https:\\\/\\\/www.mtgsc.com.br\\\/xx-rodeio-estadual-de-campeoes\\\/#primaryimage\",\"url\":\"https:\\\/\\\/www.mtgsc.com.br\\\/wp-content\\\/uploads\\\/2022\\\/11\\\/logo-rodeio-estadual-campeoes-mtg-sc.png\",\"contentUrl\":\"https:\\\/\\\/www.mtgsc.com.br\\\/wp-content\\\/uploads\\\/2022\\\/11\\\/logo-rodeio-estadual-campeoes-mtg-sc.png\"},{\"@type\":\"BreadcrumbList\",\"@id\":\"https:\\\/\\\/www.mtgsc.com.br\\\/xx-rodeio-estadual-de-campeoes\\\/#breadcrumb\",\"itemListElement\":[{\"@type\":\"ListItem\",\"position\":1,\"name\":\"In\u00edcio\",\"item\":\"https:\\\/\\\/www.mtgsc.com.br\\\/\"},{\"@type\":\"ListItem\",\"position\":2,\"name\":\"XX Rodeio Estadual de Campe\u00f5es\"}]},{\"@type\":\"WebSite\",\"@id\":\"https:\\\/\\\/www.mtgsc.com.br\\\/#website\",\"url\":\"https:\\\/\\\/www.mtgsc.com.br\\\/\",\"name\":\"MTG\\\/SC 50 ANOS\",\"description\":\"Honrar a Hist\u00f3ria e Construir o Futuro\",\"publisher\":{\"@id\":\"https:\\\/\\\/www.mtgsc.com.br\\\/#organization\"},\"potentialAction\":[{\"@type\":\"SearchAction\",\"target\":{\"@type\":\"EntryPoint\",\"urlTemplate\":\"https:\\\/\\\/www.mtgsc.com.br\\\/?s={search_term_string}\"},\"query-input\":{\"@type\":\"PropertyValueSpecification\",\"valueRequired\":true,\"valueName\":\"search_term_string\"}}],\"inLanguage\":\"en-US\"},{\"@type\":\"Organization\",\"@id\":\"https:\\\/\\\/www.mtgsc.com.br\\\/#organization\",\"name\":\"MTG\\\/SC - Movimento Tradicionalista Ga\u00facho de Santa Catarina\",\"alternateName\":\"Movimento Tradicionalista Ga\u00facho de Santa Catarina\",\"url\":\"https:\\\/\\\/www.mtgsc.com.br\\\/\",\"logo\":{\"@type\":\"ImageObject\",\"inLanguage\":\"en-US\",\"@id\":\"https:\\\/\\\/www.mtgsc.com.br\\\/#\\\/schema\\\/logo\\\/image\\\/\",\"url\":\"https:\\\/\\\/www.mtgsc.com.br\\\/wp-content\\\/uploads\\\/2022\\\/03\\\/logo-2018-header-light.png\",\"contentUrl\":\"https:\\\/\\\/www.mtgsc.com.br\\\/wp-content\\\/uploads\\\/2022\\\/03\\\/logo-2018-header-light.png\",\"width\":169,\"height\":150,\"caption\":\"MTG\\\/SC - Movimento Tradicionalista Ga\u00facho de Santa Catarina\"},\"image\":{\"@id\":\"https:\\\/\\\/www.mtgsc.com.br\\\/#\\\/schema\\\/logo\\\/image\\\/\"},\"sameAs\":[\"https:\\\/\\\/www.facebook.com\\\/MTGSC\",\"https:\\\/\\\/www.instagram.com\\\/mtgsc\\\/\"]}]}<\/script>\n<!-- \/ Yoast SEO plugin. -->","yoast_head_json":{"title":"XX Rodeio Estadual de Campe\u00f5es - MTG\/SC - Movimento Tradicionalista Ga\u00facho do Estado de Santa Catarina","robots":{"index":"index","follow":"follow","max-snippet":"max-snippet:-1","max-image-preview":"max-image-preview:large","max-video-preview":"max-video-preview:-1"},"canonical":"https:\/\/www.mtgsc.com.br\/en\/xx-rodeio-estadual-de-campeoes\/","og_locale":"en_US","og_type":"article","og_title":"XX Rodeio Estadual de Campe\u00f5es - MTG\/SC - Movimento Tradicionalista Ga\u00facho do Estado de Santa Catarina","og_description":"PROGRAMA\u00c7\u00c3O 09\/02 &#8211; QUINTA \ud83d\udd59 10h &#8211; Reuni\u00e3o com os coordenadores regionais e comiss\u00e3o organizadora na sede do CTG Campestre Catarinense; &nbsp; 13h &#8211; BOAS-VINDAS&hellip;","og_url":"https:\/\/www.mtgsc.com.br\/en\/xx-rodeio-estadual-de-campeoes\/","og_site_name":"MTG\/SC - Movimento Tradicionalista Ga\u00facho do Estado de Santa Catarina","article_publisher":"https:\/\/www.facebook.com\/MTGSC","article_modified_time":"2024-07-08T00:02:01+00:00","og_image":[{"url":"https:\/\/www.mtgsc.com.br\/wp-content\/uploads\/2022\/11\/logo-rodeio-estadual-campeoes-mtg-sc.png","type":"","width":"","height":""}],"twitter_card":"summary_large_image","twitter_misc":{"Est. reading time":"4 minutes"},"schema":{"@context":"https:\/\/schema.org","@graph":[{"@type":"WebPage","@id":"https:\/\/www.mtgsc.com.br\/xx-rodeio-estadual-de-campeoes\/","url":"https:\/\/www.mtgsc.com.br\/xx-rodeio-estadual-de-campeoes\/","name":"XX Rodeio Estadual de Campe\u00f5es - MTG\/SC - Movimento Tradicionalista Ga\u00facho do Estado de Santa Catarina","isPartOf":{"@id":"https:\/\/www.mtgsc.com.br\/#website"},"primaryImageOfPage":{"@id":"https:\/\/www.mtgsc.com.br\/xx-rodeio-estadual-de-campeoes\/#primaryimage"},"image":{"@id":"https:\/\/www.mtgsc.com.br\/xx-rodeio-estadual-de-campeoes\/#primaryimage"},"thumbnailUrl":"https:\/\/www.mtgsc.com.br\/wp-content\/uploads\/2022\/11\/logo-rodeio-estadual-campeoes-mtg-sc.png","datePublished":"2022-11-25T18:11:27+00:00","dateModified":"2024-07-08T00:02:01+00:00","breadcrumb":{"@id":"https:\/\/www.mtgsc.com.br\/xx-rodeio-estadual-de-campeoes\/#breadcrumb"},"inLanguage":"en-US","potentialAction":[{"@type":"ReadAction","target":["https:\/\/www.mtgsc.com.br\/xx-rodeio-estadual-de-campeoes\/"]}]},{"@type":"ImageObject","inLanguage":"en-US","@id":"https:\/\/www.mtgsc.com.br\/xx-rodeio-estadual-de-campeoes\/#primaryimage","url":"https:\/\/www.mtgsc.com.br\/wp-content\/uploads\/2022\/11\/logo-rodeio-estadual-campeoes-mtg-sc.png","contentUrl":"https:\/\/www.mtgsc.com.br\/wp-content\/uploads\/2022\/11\/logo-rodeio-estadual-campeoes-mtg-sc.png"},{"@type":"BreadcrumbList","@id":"https:\/\/www.mtgsc.com.br\/xx-rodeio-estadual-de-campeoes\/#breadcrumb","itemListElement":[{"@type":"ListItem","position":1,"name":"In\u00edcio","item":"https:\/\/www.mtgsc.com.br\/"},{"@type":"ListItem","position":2,"name":"XX Rodeio Estadual de Campe\u00f5es"}]},{"@type":"WebSite","@id":"https:\/\/www.mtgsc.com.br\/#website","url":"https:\/\/www.mtgsc.com.br\/","name":"MTG\/SC 50 ANOS","description":"Honrar a Hist\u00f3ria e Construir o Futuro","publisher":{"@id":"https:\/\/www.mtgsc.com.br\/#organization"},"potentialAction":[{"@type":"SearchAction","target":{"@type":"EntryPoint","urlTemplate":"https:\/\/www.mtgsc.com.br\/?s={search_term_string}"},"query-input":{"@type":"PropertyValueSpecification","valueRequired":true,"valueName":"search_term_string"}}],"inLanguage":"en-US"},{"@type":"Organization","@id":"https:\/\/www.mtgsc.com.br\/#organization","name":"MTG\/SC - Movimento Tradicionalista Ga\u00facho de Santa Catarina","alternateName":"Movimento Tradicionalista Ga\u00facho de Santa Catarina","url":"https:\/\/www.mtgsc.com.br\/","logo":{"@type":"ImageObject","inLanguage":"en-US","@id":"https:\/\/www.mtgsc.com.br\/#\/schema\/logo\/image\/","url":"https:\/\/www.mtgsc.com.br\/wp-content\/uploads\/2022\/03\/logo-2018-header-light.png","contentUrl":"https:\/\/www.mtgsc.com.br\/wp-content\/uploads\/2022\/03\/logo-2018-header-light.png","width":169,"height":150,"caption":"MTG\/SC - Movimento Tradicionalista Ga\u00facho de Santa Catarina"},"image":{"@id":"https:\/\/www.mtgsc.com.br\/#\/schema\/logo\/image\/"},"sameAs":["https:\/\/www.facebook.com\/MTGSC","https:\/\/www.instagram.com\/mtgsc\/"]}]}},"_links":{"self":[{"href":"https:\/\/www.mtgsc.com.br\/en\/wp-json\/wp\/v2\/pages\/5962","targetHints":{"allow":["GET"]}}],"collection":[{"href":"https:\/\/www.mtgsc.com.br\/en\/wp-json\/wp\/v2\/pages"}],"about":[{"href":"https:\/\/www.mtgsc.com.br\/en\/wp-json\/wp\/v2\/types\/page"}],"author":[{"embeddable":true,"href":"https:\/\/www.mtgsc.com.br\/en\/wp-json\/wp\/v2\/users\/4"}],"replies":[{"embeddable":true,"href":"https:\/\/www.mtgsc.com.br\/en\/wp-json\/wp\/v2\/comments?post=5962"}],"version-history":[{"count":51,"href":"https:\/\/www.mtgsc.com.br\/en\/wp-json\/wp\/v2\/pages\/5962\/revisions"}],"predecessor-version":[{"id":6569,"href":"https:\/\/www.mtgsc.com.br\/en\/wp-json\/wp\/v2\/pages\/5962\/revisions\/6569"}],"wp:attachment":[{"href":"https:\/\/www.mtgsc.com.br\/en\/wp-json\/wp\/v2\/media?parent=5962"}],"curies":[{"name":"wp","href":"https:\/\/api.w.org\/{rel}","templated":true}]}}