{"id":6042,"date":"2022-12-01T16:25:15","date_gmt":"2022-12-01T19:25:15","guid":{"rendered":"https:\/\/www.mtgsc.com.br\/?page_id=6042"},"modified":"2023-01-05T19:37:07","modified_gmt":"2023-01-05T22:37:07","slug":"programacao-completa","status":"publish","type":"page","link":"https:\/\/www.mtgsc.com.br\/en\/xx-rodeio-estadual-de-campeoes\/programacao-completa\/","title":{"rendered":"Programa\u00e7\u00e3o Completa"},"content":{"rendered":"<h2>\n\t\tPROGRAMA\u00c7\u00c3O COMPLETA DO XX RODEIO ESTADUAL DE CAMPE\u00d5ES DO MTG\/SC\n\t<\/h2>\n<h2>\n\t\tPROGRAMA\u00c7\u00c3O 09\/02 &#8211; QUINTA\n\t<\/h2>\n\t<p>\ud83d\udd59 10h &#8211; Reuni\u00e3o com os coordenadores regionais e comiss\u00e3o organizadora na sede do CTG Campestre Catarinense;<\/p>\n<p>&nbsp;<\/p>\n<b><img decoding=\"async\" role=\"img\" draggable=\"false\" src=\"https:\/\/s.w.org\/images\/core\/emoji\/14.0.0\/svg\/1f550.svg\" alt=\"\ud83d\udd50\" \/> 13h &#8211; BOAS-VINDAS com participa\u00e7\u00e3o dos Coordenadores Regionais<br \/>\n<img decoding=\"async\" role=\"img\" draggable=\"false\" src=\"https:\/\/s.w.org\/images\/core\/emoji\/14.0.0\/svg\/1f4cd.svg\" alt=\"\ud83d\udccd\" \/> Local: Cancha Coberta;<\/b>\n<p>&nbsp;<\/p>\n<p><b><img decoding=\"async\" role=\"img\" draggable=\"false\" src=\"https:\/\/s.w.org\/images\/core\/emoji\/14.0.0\/svg\/1f55c.svg\" alt=\"\ud83d\udd5c\" \/> 13h30min &#8211; LA\u00c7O | Local: Cancha Coberta<\/b><\/p>\n<p>&#8211; La\u00e7o Patr\u00e3o de Piquete: 4 armadas<\/p>\n<p>&#8211; La\u00e7o Veterano: 4 armadas<\/p>\n<p>&#8211; La\u00e7o Vaqueano: 4 armadas<\/p>\n<p>&#8211; La\u00e7o Diretoria: 4 armadas<\/p>\n<p>&#8211; La\u00e7o Av\u00f4 e Neto: 4 armadas<\/p>\n<h2>\n\t\tPROGRAMA\u00c7\u00c3O 10\/02 &#8211; SEXTA\n\t<\/h2>\n\t<p><b><img decoding=\"async\" role=\"img\" draggable=\"false\" src=\"https:\/\/s.w.org\/images\/core\/emoji\/14.0.0\/svg\/1f556.svg\" alt=\"\ud83d\udd56\" \/> 07h &#8211; LA\u00c7O <\/b><img decoding=\"async\" role=\"img\" draggable=\"false\" src=\"https:\/\/s.w.org\/images\/core\/emoji\/14.0.0\/svg\/1f4cd.svg\" alt=\"\ud83d\udccd\" \/> <b>Local: Cancha Coberta<\/b><\/p>\n<p>&#8211; La\u00e7o Veterano: 2 armadas e final<\/p>\n<p>&#8211; La\u00e7o Vaqueano: 2 armadas e final<\/p>\n<p>&#8211; La\u00e7o Av\u00f4 e Neto: 2 armadas e final<\/p>\n<p>&#8211; La\u00e7o Pi\u00e1: 3 armadas<\/p>\n<p>&#8211; La\u00e7o Prenda Mirim: 3 armadas<\/p>\n<p>&#8211; La\u00e7o Prenda Juvenil: 3 armadas<\/p>\n<p>&#8211; La\u00e7o Guri: 3 armadas<\/p>\n<p>&#8211; La\u00e7o Pai e Filho: 3 armadas<\/p>\n<p>&#8211; La\u00e7o Pai\/M\u00e3e e Filha\/Filho: 3 armadas<\/p>\n<p>&#8211; La\u00e7o Diretoria: 2 armadas e final<\/p>\n<p>&#8211; La\u00e7o 3\u00aa Gera\u00e7\u00e3o: 3 armadas<\/p>\n<p>&#8211; La\u00e7o Pe\u00e3o Adulto: 2 armadas<\/p>\n<p>&#8211; La\u00e7o Dupla de Irm\u00e3os: 3 armadas<\/p>\n<p>&#8211; La\u00e7o Patr\u00e3o de Piquete: 2 armadas e final\u00a0<\/p>\n<p>&nbsp;<\/p>\n<p><b><img decoding=\"async\" role=\"img\" draggable=\"false\" src=\"https:\/\/s.w.org\/images\/core\/emoji\/14.0.0\/svg\/1f557.svg\" alt=\"\ud83d\udd57\" \/> 08h &#8211; VACA-PARADA <img decoding=\"async\" role=\"img\" draggable=\"false\" src=\"https:\/\/s.w.org\/images\/core\/emoji\/14.0.0\/svg\/1f4cd.svg\" alt=\"\ud83d\udccd\" \/> Local: Sal\u00e3o do CTG Campestre Catarinense<\/b><\/p>\n<p>&#8211; Piazinho: 10 armadas (Classificat\u00f3ria) &#8211; In\u00edcio: 08h<\/p>\n<p>&#8211; Piazito: 10 armadas (Classificat\u00f3ria) &#8211; In\u00edcio: 13h<\/p>\n<p>&nbsp;<\/p>\n<b><img decoding=\"async\" role=\"img\" draggable=\"false\" src=\"https:\/\/s.w.org\/images\/core\/emoji\/14.0.0\/svg\/1f551.svg\" alt=\"\ud83d\udd51\" \/> 14h &#8211; PROVA DE R\u00c9DEAS &#8211; Cron\u00f4metro &#8211; Final<br \/>\n<\/b>\n<p><img decoding=\"async\" role=\"img\" draggable=\"false\" src=\"https:\/\/s.w.org\/images\/core\/emoji\/14.0.0\/svg\/1f4cd.svg\" alt=\"\ud83d\udccd\" \/> <b>Local: Cancha 2<\/b><\/p>\n<p>Categorias: Pi\u00e1, Guri, Prenda Mirim, Prenda Juvenil, Prenda Adulta, Vaqueano, Veterano e Pe\u00e3o<\/p>\n<p>&nbsp;<\/p>\n<b><img decoding=\"async\" role=\"img\" draggable=\"false\" src=\"https:\/\/s.w.org\/images\/core\/emoji\/14.0.0\/svg\/1f553.svg\" alt=\"\ud83d\udd53\" \/> Ap\u00f3s Cron\u00f4metro:<br \/>\nPROVA DE R\u00c9DEAS &#8211; Desafio &#8211; Classificat\u00f3ria e Final<br \/>\n<\/b>\n<p><img decoding=\"async\" role=\"img\" draggable=\"false\" src=\"https:\/\/s.w.org\/images\/core\/emoji\/14.0.0\/svg\/1f4cd.svg\" alt=\"\ud83d\udccd\" \/><b>\u00a0Local: Cancha 2<\/b><\/p>\n<p>Categorias: Pi\u00e1, Guri, Prenda Mirim, Prenda Juvenil, Prenda Adulta, Vaqueano, Veterano e Pe\u00e3o<\/p>\n<p>&nbsp;<\/p>\n<h2>\n\t\tPROGRAMA\u00c7\u00c3O 11\/02 &#8211; S\u00c1BADO\n\t<\/h2>\n\t<p><b><img decoding=\"async\" role=\"img\" draggable=\"false\" src=\"https:\/\/s.w.org\/images\/core\/emoji\/14.0.0\/svg\/1f556.svg\" alt=\"\ud83d\udd56\" \/> 7h &#8211; LA\u00c7O <img decoding=\"async\" role=\"img\" draggable=\"false\" src=\"https:\/\/s.w.org\/images\/core\/emoji\/14.0.0\/svg\/1f4cd.svg\" alt=\"\ud83d\udccd\" \/> Local: Cancha Coberta<\/b><\/p>\n<p>&#8211; La\u00e7o Guri: 3 armadas e final<\/p>\n<p>&#8211; La\u00e7o Pai e Filho: 3 armadas e final<\/p>\n<p>&#8211; La\u00e7o Pai\/M\u00e3e e Filha\/Filho: 3\u00a0armadas e final<\/p>\n<p>&#8211; La\u00e7o Pi\u00e1: 3 armadas e final<\/p>\n<p>&#8211; La\u00e7o Prenda Mirim: 3 armadas e final\u00a0<\/p>\n<p>&#8211; La\u00e7o Prenda Juvenil: 3 armadas e final\u00a0<\/p>\n<p>&#8211; La\u00e7o Prenda Adulta: 2 armadas<\/p>\n<p>&#8211; La\u00e7o Patr\u00e3o de CTG: 2 armadas<\/p>\n<p>&#8211; La\u00e7o Dupla de Irm\u00e3os: 3 armadas e final<\/p>\n<p>&#8211; La\u00e7o 3\u00aa Gera\u00e7\u00e3o: 3 armadas e final\u00a0<\/p>\n<p>&#8211; La\u00e7o Pe\u00e3o Adulto: 4 armadas<\/p>\n<p>&nbsp;<\/p>\n<b><img decoding=\"async\" role=\"img\" draggable=\"false\" src=\"https:\/\/s.w.org\/images\/core\/emoji\/14.0.0\/svg\/1f557.svg\" alt=\"\ud83d\udd57\" \/> 08h &#8211; VACA-PARADA<br \/>\n<img decoding=\"async\" role=\"img\" draggable=\"false\" src=\"https:\/\/s.w.org\/images\/core\/emoji\/14.0.0\/svg\/1f4cd.svg\" alt=\"\ud83d\udccd\" \/> Local: Sal\u00e3o do CTG Campestre Catarinense<\/b>\n<p>&#8211; Bonequinha: 10 armadas (Classificat\u00f3ria) &#8211; In\u00edcio: 08h<\/p>\n<p>&#8211; Prendinha: 10 armadas (Classificat\u00f3ria) &#8211; In\u00edcio: 13h<\/p>\n<b><br \/>\n<img decoding=\"async\" role=\"img\" draggable=\"false\" src=\"https:\/\/s.w.org\/images\/core\/emoji\/14.0.0\/svg\/1f553.svg\" alt=\"\ud83d\udd53\" \/> Ap\u00f3s La\u00e7o:<br \/>\nPROVA DO CHASQUE: Classificat\u00f3ria e Final<br \/>\n<\/b>\n<p><img decoding=\"async\" role=\"img\" draggable=\"false\" src=\"https:\/\/s.w.org\/images\/core\/emoji\/14.0.0\/svg\/1f4cd.svg\" alt=\"\ud83d\udccd\" \/><b> Local: Cancha Coberta<\/b><\/p>\n<p>&nbsp;<\/p>\n<b><img decoding=\"async\" role=\"img\" draggable=\"false\" src=\"https:\/\/s.w.org\/images\/core\/emoji\/14.0.0\/svg\/1f553.svg\" alt=\"\ud83d\udd53\" \/> Ap\u00f3s Prova do Chasque:<br \/>\nGINETEADA: Classificat\u00f3ria e Final<br \/>\n<\/b>\n<p><img decoding=\"async\" role=\"img\" draggable=\"false\" src=\"https:\/\/s.w.org\/images\/core\/emoji\/14.0.0\/svg\/1f4cd.svg\" alt=\"\ud83d\udccd\" \/><b> Local: Cancha Coberta<\/b><\/p>\n<h2>\n\t\tPROGRAMA\u00c7\u00c3O 12\/02 &#8211; DOMINGO\n\t<\/h2>\n\t<p><b><img decoding=\"async\" role=\"img\" draggable=\"false\" src=\"https:\/\/s.w.org\/images\/core\/emoji\/14.0.0\/svg\/1f557.svg\" alt=\"\ud83d\udd57\" \/> 08h &#8211; LA\u00c7O <img decoding=\"async\" role=\"img\" draggable=\"false\" src=\"https:\/\/s.w.org\/images\/core\/emoji\/14.0.0\/svg\/1f4cd.svg\" alt=\"\ud83d\udccd\" \/> Local: Cancha Coberta<\/b><\/p>\n<p>&#8211; La\u00e7o Patr\u00e3o de CTG: 4 armadas e final<\/p>\n<p>&#8211; La\u00e7o Prenda Adulta: 4 armadas e final<\/p>\n<p>&nbsp;<\/p>\n<b><img decoding=\"async\" role=\"img\" draggable=\"false\" src=\"https:\/\/s.w.org\/images\/core\/emoji\/14.0.0\/svg\/1f557.svg\" alt=\"\ud83d\udd57\" \/> 08h &#8211; VACA-PARADA<br \/>\n<img decoding=\"async\" role=\"img\" draggable=\"false\" src=\"https:\/\/s.w.org\/images\/core\/emoji\/14.0.0\/svg\/1f4cd.svg\" alt=\"\ud83d\udccd\" \/> Local: Sal\u00e3o do CTG Campestre Catarinense<\/b>\n&#8211; Bonequinha: Final<br \/>\n&#8211; Prendinha: Final<br \/>\n&#8211; Piazinho: Final<br \/>\n&#8211; Piazito: Final\n<p>&nbsp;<\/p>\n<p><b><img decoding=\"async\" role=\"img\" draggable=\"false\" src=\"https:\/\/s.w.org\/images\/core\/emoji\/14.0.0\/svg\/1f550.svg\" alt=\"\ud83d\udd50\" \/> 13h &#8211; SOLENIDADE OFICIAL COM AUTORIDADES<\/b><\/p>\n<p>&#8211; La\u00e7o Pe\u00e3o Adulto 4 armadas e final<\/p>","protected":false},"excerpt":{"rendered":"<p>PROGRAMA\u00c7\u00c3O COMPLETA DO XX RODEIO ESTADUAL DE CAMPE\u00d5ES DO MTG\/SC PROGRAMA\u00c7\u00c3O 09\/02 &#8211; QUINTA \ud83d\udd59 10h &#8211; Reuni\u00e3o com os coordenadores regionais e comiss\u00e3o organizadora&hellip;<\/p>","protected":false},"author":4,"featured_media":0,"parent":5962,"menu_order":0,"comment_status":"closed","ping_status":"closed","template":"","meta":{"footnotes":""},"class_list":["post-6042","page","type-page","status-publish","hentry"],"yoast_head":"<!-- This site is optimized with the Yoast SEO plugin v27.4 - https:\/\/yoast.com\/product\/yoast-seo-wordpress\/ -->\n<title>Programa\u00e7\u00e3o Completa - MTG\/SC - Movimento Tradicionalista Ga\u00facho do Estado de Santa Catarina<\/title>\n<meta name=\"robots\" content=\"index, follow, max-snippet:-1, max-image-preview:large, max-video-preview:-1\" \/>\n<link rel=\"canonical\" href=\"https:\/\/www.mtgsc.com.br\/en\/xx-rodeio-estadual-de-campeoes\/programacao-completa\/\" \/>\n<meta property=\"og:locale\" content=\"en_US\" \/>\n<meta property=\"og:type\" content=\"article\" \/>\n<meta property=\"og:title\" content=\"Programa\u00e7\u00e3o Completa - MTG\/SC - Movimento Tradicionalista Ga\u00facho do Estado de Santa Catarina\" \/>\n<meta property=\"og:description\" content=\"PROGRAMA\u00c7\u00c3O COMPLETA DO XX RODEIO ESTADUAL DE CAMPE\u00d5ES DO MTG\/SC PROGRAMA\u00c7\u00c3O 09\/02 &#8211; QUINTA \ud83d\udd59 10h &#8211; Reuni\u00e3o com os coordenadores regionais e comiss\u00e3o organizadora&hellip;\" \/>\n<meta property=\"og:url\" content=\"https:\/\/www.mtgsc.com.br\/en\/xx-rodeio-estadual-de-campeoes\/programacao-completa\/\" \/>\n<meta property=\"og:site_name\" content=\"MTG\/SC - Movimento Tradicionalista Ga\u00facho do Estado de Santa Catarina\" \/>\n<meta property=\"article:publisher\" content=\"https:\/\/www.facebook.com\/MTGSC\" \/>\n<meta property=\"article:modified_time\" content=\"2023-01-05T22:37:07+00:00\" \/>\n<meta property=\"og:image\" content=\"https:\/\/s.w.org\/images\/core\/emoji\/14.0.0\/svg\/1f550.svg\" \/>\n<meta name=\"twitter:card\" content=\"summary_large_image\" \/>\n<meta name=\"twitter:label1\" content=\"Est. reading time\" \/>\n\t<meta name=\"twitter:data1\" content=\"6 minutes\" \/>\n<script type=\"application\/ld+json\" class=\"yoast-schema-graph\">{\"@context\":\"https:\\\/\\\/schema.org\",\"@graph\":[{\"@type\":\"WebPage\",\"@id\":\"https:\\\/\\\/www.mtgsc.com.br\\\/xx-rodeio-estadual-de-campeoes\\\/programacao-completa\\\/\",\"url\":\"https:\\\/\\\/www.mtgsc.com.br\\\/xx-rodeio-estadual-de-campeoes\\\/programacao-completa\\\/\",\"name\":\"Programa\u00e7\u00e3o Completa - MTG\\\/SC - Movimento Tradicionalista Ga\u00facho do Estado de Santa Catarina\",\"isPartOf\":{\"@id\":\"https:\\\/\\\/www.mtgsc.com.br\\\/#website\"},\"primaryImageOfPage\":{\"@id\":\"https:\\\/\\\/www.mtgsc.com.br\\\/xx-rodeio-estadual-de-campeoes\\\/programacao-completa\\\/#primaryimage\"},\"image\":{\"@id\":\"https:\\\/\\\/www.mtgsc.com.br\\\/xx-rodeio-estadual-de-campeoes\\\/programacao-completa\\\/#primaryimage\"},\"thumbnailUrl\":\"https:\\\/\\\/s.w.org\\\/images\\\/core\\\/emoji\\\/14.0.0\\\/svg\\\/1f550.svg\",\"datePublished\":\"2022-12-01T19:25:15+00:00\",\"dateModified\":\"2023-01-05T22:37:07+00:00\",\"breadcrumb\":{\"@id\":\"https:\\\/\\\/www.mtgsc.com.br\\\/xx-rodeio-estadual-de-campeoes\\\/programacao-completa\\\/#breadcrumb\"},\"inLanguage\":\"en-US\",\"potentialAction\":[{\"@type\":\"ReadAction\",\"target\":[\"https:\\\/\\\/www.mtgsc.com.br\\\/xx-rodeio-estadual-de-campeoes\\\/programacao-completa\\\/\"]}]},{\"@type\":\"ImageObject\",\"inLanguage\":\"en-US\",\"@id\":\"https:\\\/\\\/www.mtgsc.com.br\\\/xx-rodeio-estadual-de-campeoes\\\/programacao-completa\\\/#primaryimage\",\"url\":\"https:\\\/\\\/s.w.org\\\/images\\\/core\\\/emoji\\\/14.0.0\\\/svg\\\/1f550.svg\",\"contentUrl\":\"https:\\\/\\\/s.w.org\\\/images\\\/core\\\/emoji\\\/14.0.0\\\/svg\\\/1f550.svg\"},{\"@type\":\"BreadcrumbList\",\"@id\":\"https:\\\/\\\/www.mtgsc.com.br\\\/xx-rodeio-estadual-de-campeoes\\\/programacao-completa\\\/#breadcrumb\",\"itemListElement\":[{\"@type\":\"ListItem\",\"position\":1,\"name\":\"In\u00edcio\",\"item\":\"https:\\\/\\\/www.mtgsc.com.br\\\/\"},{\"@type\":\"ListItem\",\"position\":2,\"name\":\"XX Rodeio Estadual de Campe\u00f5es\",\"item\":\"https:\\\/\\\/www.mtgsc.com.br\\\/xx-rodeio-estadual-de-campeoes\\\/\"},{\"@type\":\"ListItem\",\"position\":3,\"name\":\"Programa\u00e7\u00e3o Completa\"}]},{\"@type\":\"WebSite\",\"@id\":\"https:\\\/\\\/www.mtgsc.com.br\\\/#website\",\"url\":\"https:\\\/\\\/www.mtgsc.com.br\\\/\",\"name\":\"MTG\\\/SC 50 ANOS\",\"description\":\"Honrar a Hist\u00f3ria e Construir o Futuro\",\"publisher\":{\"@id\":\"https:\\\/\\\/www.mtgsc.com.br\\\/#organization\"},\"potentialAction\":[{\"@type\":\"SearchAction\",\"target\":{\"@type\":\"EntryPoint\",\"urlTemplate\":\"https:\\\/\\\/www.mtgsc.com.br\\\/?s={search_term_string}\"},\"query-input\":{\"@type\":\"PropertyValueSpecification\",\"valueRequired\":true,\"valueName\":\"search_term_string\"}}],\"inLanguage\":\"en-US\"},{\"@type\":\"Organization\",\"@id\":\"https:\\\/\\\/www.mtgsc.com.br\\\/#organization\",\"name\":\"MTG\\\/SC - Movimento Tradicionalista Ga\u00facho de Santa Catarina\",\"alternateName\":\"Movimento Tradicionalista Ga\u00facho de Santa Catarina\",\"url\":\"https:\\\/\\\/www.mtgsc.com.br\\\/\",\"logo\":{\"@type\":\"ImageObject\",\"inLanguage\":\"en-US\",\"@id\":\"https:\\\/\\\/www.mtgsc.com.br\\\/#\\\/schema\\\/logo\\\/image\\\/\",\"url\":\"https:\\\/\\\/www.mtgsc.com.br\\\/wp-content\\\/uploads\\\/2022\\\/03\\\/logo-2018-header-light.png\",\"contentUrl\":\"https:\\\/\\\/www.mtgsc.com.br\\\/wp-content\\\/uploads\\\/2022\\\/03\\\/logo-2018-header-light.png\",\"width\":169,\"height\":150,\"caption\":\"MTG\\\/SC - Movimento Tradicionalista Ga\u00facho de Santa Catarina\"},\"image\":{\"@id\":\"https:\\\/\\\/www.mtgsc.com.br\\\/#\\\/schema\\\/logo\\\/image\\\/\"},\"sameAs\":[\"https:\\\/\\\/www.facebook.com\\\/MTGSC\",\"https:\\\/\\\/www.instagram.com\\\/mtgsc\\\/\"]}]}<\/script>\n<!-- \/ Yoast SEO plugin. -->","yoast_head_json":{"title":"Programa\u00e7\u00e3o Completa - MTG\/SC - Movimento Tradicionalista Ga\u00facho do Estado de Santa Catarina","robots":{"index":"index","follow":"follow","max-snippet":"max-snippet:-1","max-image-preview":"max-image-preview:large","max-video-preview":"max-video-preview:-1"},"canonical":"https:\/\/www.mtgsc.com.br\/en\/xx-rodeio-estadual-de-campeoes\/programacao-completa\/","og_locale":"en_US","og_type":"article","og_title":"Programa\u00e7\u00e3o Completa - MTG\/SC - Movimento Tradicionalista Ga\u00facho do Estado de Santa Catarina","og_description":"PROGRAMA\u00c7\u00c3O COMPLETA DO XX RODEIO ESTADUAL DE CAMPE\u00d5ES DO MTG\/SC PROGRAMA\u00c7\u00c3O 09\/02 &#8211; QUINTA \ud83d\udd59 10h &#8211; Reuni\u00e3o com os coordenadores regionais e comiss\u00e3o organizadora&hellip;","og_url":"https:\/\/www.mtgsc.com.br\/en\/xx-rodeio-estadual-de-campeoes\/programacao-completa\/","og_site_name":"MTG\/SC - Movimento Tradicionalista Ga\u00facho do Estado de Santa Catarina","article_publisher":"https:\/\/www.facebook.com\/MTGSC","article_modified_time":"2023-01-05T22:37:07+00:00","og_image":[{"url":"https:\/\/s.w.org\/images\/core\/emoji\/14.0.0\/svg\/1f550.svg","type":"","width":"","height":""}],"twitter_card":"summary_large_image","twitter_misc":{"Est. reading time":"6 minutes"},"schema":{"@context":"https:\/\/schema.org","@graph":[{"@type":"WebPage","@id":"https:\/\/www.mtgsc.com.br\/xx-rodeio-estadual-de-campeoes\/programacao-completa\/","url":"https:\/\/www.mtgsc.com.br\/xx-rodeio-estadual-de-campeoes\/programacao-completa\/","name":"Programa\u00e7\u00e3o Completa - MTG\/SC - Movimento Tradicionalista Ga\u00facho do Estado de Santa Catarina","isPartOf":{"@id":"https:\/\/www.mtgsc.com.br\/#website"},"primaryImageOfPage":{"@id":"https:\/\/www.mtgsc.com.br\/xx-rodeio-estadual-de-campeoes\/programacao-completa\/#primaryimage"},"image":{"@id":"https:\/\/www.mtgsc.com.br\/xx-rodeio-estadual-de-campeoes\/programacao-completa\/#primaryimage"},"thumbnailUrl":"https:\/\/s.w.org\/images\/core\/emoji\/14.0.0\/svg\/1f550.svg","datePublished":"2022-12-01T19:25:15+00:00","dateModified":"2023-01-05T22:37:07+00:00","breadcrumb":{"@id":"https:\/\/www.mtgsc.com.br\/xx-rodeio-estadual-de-campeoes\/programacao-completa\/#breadcrumb"},"inLanguage":"en-US","potentialAction":[{"@type":"ReadAction","target":["https:\/\/www.mtgsc.com.br\/xx-rodeio-estadual-de-campeoes\/programacao-completa\/"]}]},{"@type":"ImageObject","inLanguage":"en-US","@id":"https:\/\/www.mtgsc.com.br\/xx-rodeio-estadual-de-campeoes\/programacao-completa\/#primaryimage","url":"https:\/\/s.w.org\/images\/core\/emoji\/14.0.0\/svg\/1f550.svg","contentUrl":"https:\/\/s.w.org\/images\/core\/emoji\/14.0.0\/svg\/1f550.svg"},{"@type":"BreadcrumbList","@id":"https:\/\/www.mtgsc.com.br\/xx-rodeio-estadual-de-campeoes\/programacao-completa\/#breadcrumb","itemListElement":[{"@type":"ListItem","position":1,"name":"In\u00edcio","item":"https:\/\/www.mtgsc.com.br\/"},{"@type":"ListItem","position":2,"name":"XX Rodeio Estadual de Campe\u00f5es","item":"https:\/\/www.mtgsc.com.br\/xx-rodeio-estadual-de-campeoes\/"},{"@type":"ListItem","position":3,"name":"Programa\u00e7\u00e3o Completa"}]},{"@type":"WebSite","@id":"https:\/\/www.mtgsc.com.br\/#website","url":"https:\/\/www.mtgsc.com.br\/","name":"MTG\/SC 50 ANOS","description":"Honrar a Hist\u00f3ria e Construir o Futuro","publisher":{"@id":"https:\/\/www.mtgsc.com.br\/#organization"},"potentialAction":[{"@type":"SearchAction","target":{"@type":"EntryPoint","urlTemplate":"https:\/\/www.mtgsc.com.br\/?s={search_term_string}"},"query-input":{"@type":"PropertyValueSpecification","valueRequired":true,"valueName":"search_term_string"}}],"inLanguage":"en-US"},{"@type":"Organization","@id":"https:\/\/www.mtgsc.com.br\/#organization","name":"MTG\/SC - Movimento Tradicionalista Ga\u00facho de Santa Catarina","alternateName":"Movimento Tradicionalista Ga\u00facho de Santa Catarina","url":"https:\/\/www.mtgsc.com.br\/","logo":{"@type":"ImageObject","inLanguage":"en-US","@id":"https:\/\/www.mtgsc.com.br\/#\/schema\/logo\/image\/","url":"https:\/\/www.mtgsc.com.br\/wp-content\/uploads\/2022\/03\/logo-2018-header-light.png","contentUrl":"https:\/\/www.mtgsc.com.br\/wp-content\/uploads\/2022\/03\/logo-2018-header-light.png","width":169,"height":150,"caption":"MTG\/SC - Movimento Tradicionalista Ga\u00facho de Santa Catarina"},"image":{"@id":"https:\/\/www.mtgsc.com.br\/#\/schema\/logo\/image\/"},"sameAs":["https:\/\/www.facebook.com\/MTGSC","https:\/\/www.instagram.com\/mtgsc\/"]}]}},"_links":{"self":[{"href":"https:\/\/www.mtgsc.com.br\/en\/wp-json\/wp\/v2\/pages\/6042","targetHints":{"allow":["GET"]}}],"collection":[{"href":"https:\/\/www.mtgsc.com.br\/en\/wp-json\/wp\/v2\/pages"}],"about":[{"href":"https:\/\/www.mtgsc.com.br\/en\/wp-json\/wp\/v2\/types\/page"}],"author":[{"embeddable":true,"href":"https:\/\/www.mtgsc.com.br\/en\/wp-json\/wp\/v2\/users\/4"}],"replies":[{"embeddable":true,"href":"https:\/\/www.mtgsc.com.br\/en\/wp-json\/wp\/v2\/comments?post=6042"}],"version-history":[{"count":25,"href":"https:\/\/www.mtgsc.com.br\/en\/wp-json\/wp\/v2\/pages\/6042\/revisions"}],"predecessor-version":[{"id":6575,"href":"https:\/\/www.mtgsc.com.br\/en\/wp-json\/wp\/v2\/pages\/6042\/revisions\/6575"}],"up":[{"embeddable":true,"href":"https:\/\/www.mtgsc.com.br\/en\/wp-json\/wp\/v2\/pages\/5962"}],"wp:attachment":[{"href":"https:\/\/www.mtgsc.com.br\/en\/wp-json\/wp\/v2\/media?parent=6042"}],"curies":[{"name":"wp","href":"https:\/\/api.w.org\/{rel}","templated":true}]}}