{"id":6125,"date":"2022-12-04T18:36:17","date_gmt":"2022-12-04T21:36:17","guid":{"rendered":"https:\/\/www.mtgsc.com.br\/?page_id=6125"},"modified":"2023-01-05T19:39:51","modified_gmt":"2023-01-05T22:39:51","slug":"inscricoes","status":"publish","type":"page","link":"https:\/\/www.mtgsc.com.br\/en\/xx-rodeio-estadual-de-campeoes\/inscricoes\/","title":{"rendered":"Inscri\u00e7\u00f5es"},"content":{"rendered":"<h2>\n\t\tINSCRI\u00c7\u00d5ES ABERTAS PARA O XX RODEIO ESTADUAL DE CAMPE\u00d5ES DO MTG\/SC\n\t<\/h2>\n\t<p><b>DAS INSCRI\u00c7\u00d5ES:\u00a0<\/b>As inscri\u00e7\u00f5es devem ser encaminhadas at\u00e9 dia 10 de janeiro de 2023, com prazo para altera\u00e7\u00f5es at\u00e9 20 de janeiro de 2023. Encaminhar para o e-mail do MTG\/SC,\u00a0<a href=\"mailto:rodeioestadual@mtgsc.com.br\">rodeioestadual@mtgsc.com.br<\/a>;<\/p>\n<p>Todo pe\u00e3o ou prenda poder\u00e1 participar de at\u00e9 03 (tr\u00eas) modalidades de la\u00e7o, n\u00e3o implicando na sua participa\u00e7\u00e3o em outras provas, onde a participa\u00e7\u00e3o \u00e9 livre.<\/p>\n<p>&nbsp;<\/p>\n<p><b>DA RESPONSABILIDADE DOS COORDENADORES:\u00a0<\/b>Os Coordenadores Regionais Campeiros s\u00e3o respons\u00e1veis pelas inscri\u00e7\u00f5es de sua Regi\u00e3o Tradicionalista, confer\u00eancia de carteira, idade e modalidade;<\/p>","protected":false},"excerpt":{"rendered":"<p>INSCRI\u00c7\u00d5ES ABERTAS PARA O XX RODEIO ESTADUAL DE CAMPE\u00d5ES DO MTG\/SC DAS INSCRI\u00c7\u00d5ES:\u00a0As inscri\u00e7\u00f5es devem ser encaminhadas at\u00e9 dia 10 de janeiro de 2023, com&hellip;<\/p>","protected":false},"author":4,"featured_media":0,"parent":5962,"menu_order":0,"comment_status":"closed","ping_status":"closed","template":"","meta":{"footnotes":""},"class_list":["post-6125","page","type-page","status-publish","hentry"],"yoast_head":"<!-- This site is optimized with the Yoast SEO plugin v27.4 - https:\/\/yoast.com\/product\/yoast-seo-wordpress\/ -->\n<title>Inscri\u00e7\u00f5es - MTG\/SC - Movimento Tradicionalista Ga\u00facho do Estado de Santa Catarina<\/title>\n<meta name=\"robots\" content=\"index, follow, max-snippet:-1, max-image-preview:large, max-video-preview:-1\" \/>\n<link rel=\"canonical\" href=\"https:\/\/www.mtgsc.com.br\/en\/xx-rodeio-estadual-de-campeoes\/inscricoes\/\" \/>\n<meta property=\"og:locale\" content=\"en_US\" \/>\n<meta property=\"og:type\" content=\"article\" \/>\n<meta property=\"og:title\" content=\"Inscri\u00e7\u00f5es - MTG\/SC - Movimento Tradicionalista Ga\u00facho do Estado de Santa Catarina\" \/>\n<meta property=\"og:description\" content=\"INSCRI\u00c7\u00d5ES ABERTAS PARA O XX RODEIO ESTADUAL DE CAMPE\u00d5ES DO MTG\/SC DAS INSCRI\u00c7\u00d5ES:\u00a0As inscri\u00e7\u00f5es devem ser encaminhadas at\u00e9 dia 10 de janeiro de 2023, com&hellip;\" \/>\n<meta property=\"og:url\" content=\"https:\/\/www.mtgsc.com.br\/en\/xx-rodeio-estadual-de-campeoes\/inscricoes\/\" \/>\n<meta property=\"og:site_name\" content=\"MTG\/SC - Movimento Tradicionalista Ga\u00facho do Estado de Santa Catarina\" \/>\n<meta property=\"article:publisher\" content=\"https:\/\/www.facebook.com\/MTGSC\" \/>\n<meta property=\"article:modified_time\" content=\"2023-01-05T22:39:51+00:00\" \/>\n<meta name=\"twitter:card\" content=\"summary_large_image\" \/>\n<meta name=\"twitter:label1\" content=\"Est. reading time\" \/>\n\t<meta name=\"twitter:data1\" content=\"7 minutes\" \/>\n<script type=\"application\/ld+json\" class=\"yoast-schema-graph\">{\"@context\":\"https:\\\/\\\/schema.org\",\"@graph\":[{\"@type\":\"WebPage\",\"@id\":\"https:\\\/\\\/www.mtgsc.com.br\\\/xx-rodeio-estadual-de-campeoes\\\/inscricoes\\\/\",\"url\":\"https:\\\/\\\/www.mtgsc.com.br\\\/xx-rodeio-estadual-de-campeoes\\\/inscricoes\\\/\",\"name\":\"Inscri\u00e7\u00f5es - MTG\\\/SC - Movimento Tradicionalista Ga\u00facho do Estado de Santa Catarina\",\"isPartOf\":{\"@id\":\"https:\\\/\\\/www.mtgsc.com.br\\\/#website\"},\"datePublished\":\"2022-12-04T21:36:17+00:00\",\"dateModified\":\"2023-01-05T22:39:51+00:00\",\"breadcrumb\":{\"@id\":\"https:\\\/\\\/www.mtgsc.com.br\\\/xx-rodeio-estadual-de-campeoes\\\/inscricoes\\\/#breadcrumb\"},\"inLanguage\":\"en-US\",\"potentialAction\":[{\"@type\":\"ReadAction\",\"target\":[\"https:\\\/\\\/www.mtgsc.com.br\\\/xx-rodeio-estadual-de-campeoes\\\/inscricoes\\\/\"]}]},{\"@type\":\"BreadcrumbList\",\"@id\":\"https:\\\/\\\/www.mtgsc.com.br\\\/xx-rodeio-estadual-de-campeoes\\\/inscricoes\\\/#breadcrumb\",\"itemListElement\":[{\"@type\":\"ListItem\",\"position\":1,\"name\":\"In\u00edcio\",\"item\":\"https:\\\/\\\/www.mtgsc.com.br\\\/\"},{\"@type\":\"ListItem\",\"position\":2,\"name\":\"XX Rodeio Estadual de Campe\u00f5es\",\"item\":\"https:\\\/\\\/www.mtgsc.com.br\\\/xx-rodeio-estadual-de-campeoes\\\/\"},{\"@type\":\"ListItem\",\"position\":3,\"name\":\"Inscri\u00e7\u00f5es\"}]},{\"@type\":\"WebSite\",\"@id\":\"https:\\\/\\\/www.mtgsc.com.br\\\/#website\",\"url\":\"https:\\\/\\\/www.mtgsc.com.br\\\/\",\"name\":\"MTG\\\/SC 50 ANOS\",\"description\":\"Honrar a Hist\u00f3ria e Construir o Futuro\",\"publisher\":{\"@id\":\"https:\\\/\\\/www.mtgsc.com.br\\\/#organization\"},\"potentialAction\":[{\"@type\":\"SearchAction\",\"target\":{\"@type\":\"EntryPoint\",\"urlTemplate\":\"https:\\\/\\\/www.mtgsc.com.br\\\/?s={search_term_string}\"},\"query-input\":{\"@type\":\"PropertyValueSpecification\",\"valueRequired\":true,\"valueName\":\"search_term_string\"}}],\"inLanguage\":\"en-US\"},{\"@type\":\"Organization\",\"@id\":\"https:\\\/\\\/www.mtgsc.com.br\\\/#organization\",\"name\":\"MTG\\\/SC - Movimento Tradicionalista Ga\u00facho de Santa Catarina\",\"alternateName\":\"Movimento Tradicionalista Ga\u00facho de Santa Catarina\",\"url\":\"https:\\\/\\\/www.mtgsc.com.br\\\/\",\"logo\":{\"@type\":\"ImageObject\",\"inLanguage\":\"en-US\",\"@id\":\"https:\\\/\\\/www.mtgsc.com.br\\\/#\\\/schema\\\/logo\\\/image\\\/\",\"url\":\"https:\\\/\\\/www.mtgsc.com.br\\\/wp-content\\\/uploads\\\/2022\\\/03\\\/logo-2018-header-light.png\",\"contentUrl\":\"https:\\\/\\\/www.mtgsc.com.br\\\/wp-content\\\/uploads\\\/2022\\\/03\\\/logo-2018-header-light.png\",\"width\":169,\"height\":150,\"caption\":\"MTG\\\/SC - Movimento Tradicionalista Ga\u00facho de Santa Catarina\"},\"image\":{\"@id\":\"https:\\\/\\\/www.mtgsc.com.br\\\/#\\\/schema\\\/logo\\\/image\\\/\"},\"sameAs\":[\"https:\\\/\\\/www.facebook.com\\\/MTGSC\",\"https:\\\/\\\/www.instagram.com\\\/mtgsc\\\/\"]}]}<\/script>\n<!-- \/ Yoast SEO plugin. -->","yoast_head_json":{"title":"Inscri\u00e7\u00f5es - MTG\/SC - Movimento Tradicionalista Ga\u00facho do Estado de Santa Catarina","robots":{"index":"index","follow":"follow","max-snippet":"max-snippet:-1","max-image-preview":"max-image-preview:large","max-video-preview":"max-video-preview:-1"},"canonical":"https:\/\/www.mtgsc.com.br\/en\/xx-rodeio-estadual-de-campeoes\/inscricoes\/","og_locale":"en_US","og_type":"article","og_title":"Inscri\u00e7\u00f5es - MTG\/SC - Movimento Tradicionalista Ga\u00facho do Estado de Santa Catarina","og_description":"INSCRI\u00c7\u00d5ES ABERTAS PARA O XX RODEIO ESTADUAL DE CAMPE\u00d5ES DO MTG\/SC DAS INSCRI\u00c7\u00d5ES:\u00a0As inscri\u00e7\u00f5es devem ser encaminhadas at\u00e9 dia 10 de janeiro de 2023, com&hellip;","og_url":"https:\/\/www.mtgsc.com.br\/en\/xx-rodeio-estadual-de-campeoes\/inscricoes\/","og_site_name":"MTG\/SC - Movimento Tradicionalista Ga\u00facho do Estado de Santa Catarina","article_publisher":"https:\/\/www.facebook.com\/MTGSC","article_modified_time":"2023-01-05T22:39:51+00:00","twitter_card":"summary_large_image","twitter_misc":{"Est. reading time":"7 minutes"},"schema":{"@context":"https:\/\/schema.org","@graph":[{"@type":"WebPage","@id":"https:\/\/www.mtgsc.com.br\/xx-rodeio-estadual-de-campeoes\/inscricoes\/","url":"https:\/\/www.mtgsc.com.br\/xx-rodeio-estadual-de-campeoes\/inscricoes\/","name":"Inscri\u00e7\u00f5es - MTG\/SC - Movimento Tradicionalista Ga\u00facho do Estado de Santa Catarina","isPartOf":{"@id":"https:\/\/www.mtgsc.com.br\/#website"},"datePublished":"2022-12-04T21:36:17+00:00","dateModified":"2023-01-05T22:39:51+00:00","breadcrumb":{"@id":"https:\/\/www.mtgsc.com.br\/xx-rodeio-estadual-de-campeoes\/inscricoes\/#breadcrumb"},"inLanguage":"en-US","potentialAction":[{"@type":"ReadAction","target":["https:\/\/www.mtgsc.com.br\/xx-rodeio-estadual-de-campeoes\/inscricoes\/"]}]},{"@type":"BreadcrumbList","@id":"https:\/\/www.mtgsc.com.br\/xx-rodeio-estadual-de-campeoes\/inscricoes\/#breadcrumb","itemListElement":[{"@type":"ListItem","position":1,"name":"In\u00edcio","item":"https:\/\/www.mtgsc.com.br\/"},{"@type":"ListItem","position":2,"name":"XX Rodeio Estadual de Campe\u00f5es","item":"https:\/\/www.mtgsc.com.br\/xx-rodeio-estadual-de-campeoes\/"},{"@type":"ListItem","position":3,"name":"Inscri\u00e7\u00f5es"}]},{"@type":"WebSite","@id":"https:\/\/www.mtgsc.com.br\/#website","url":"https:\/\/www.mtgsc.com.br\/","name":"MTG\/SC 50 ANOS","description":"Honrar a Hist\u00f3ria e Construir o Futuro","publisher":{"@id":"https:\/\/www.mtgsc.com.br\/#organization"},"potentialAction":[{"@type":"SearchAction","target":{"@type":"EntryPoint","urlTemplate":"https:\/\/www.mtgsc.com.br\/?s={search_term_string}"},"query-input":{"@type":"PropertyValueSpecification","valueRequired":true,"valueName":"search_term_string"}}],"inLanguage":"en-US"},{"@type":"Organization","@id":"https:\/\/www.mtgsc.com.br\/#organization","name":"MTG\/SC - Movimento Tradicionalista Ga\u00facho de Santa Catarina","alternateName":"Movimento Tradicionalista Ga\u00facho de Santa Catarina","url":"https:\/\/www.mtgsc.com.br\/","logo":{"@type":"ImageObject","inLanguage":"en-US","@id":"https:\/\/www.mtgsc.com.br\/#\/schema\/logo\/image\/","url":"https:\/\/www.mtgsc.com.br\/wp-content\/uploads\/2022\/03\/logo-2018-header-light.png","contentUrl":"https:\/\/www.mtgsc.com.br\/wp-content\/uploads\/2022\/03\/logo-2018-header-light.png","width":169,"height":150,"caption":"MTG\/SC - Movimento Tradicionalista Ga\u00facho de Santa Catarina"},"image":{"@id":"https:\/\/www.mtgsc.com.br\/#\/schema\/logo\/image\/"},"sameAs":["https:\/\/www.facebook.com\/MTGSC","https:\/\/www.instagram.com\/mtgsc\/"]}]}},"_links":{"self":[{"href":"https:\/\/www.mtgsc.com.br\/en\/wp-json\/wp\/v2\/pages\/6125","targetHints":{"allow":["GET"]}}],"collection":[{"href":"https:\/\/www.mtgsc.com.br\/en\/wp-json\/wp\/v2\/pages"}],"about":[{"href":"https:\/\/www.mtgsc.com.br\/en\/wp-json\/wp\/v2\/types\/page"}],"author":[{"embeddable":true,"href":"https:\/\/www.mtgsc.com.br\/en\/wp-json\/wp\/v2\/users\/4"}],"replies":[{"embeddable":true,"href":"https:\/\/www.mtgsc.com.br\/en\/wp-json\/wp\/v2\/comments?post=6125"}],"version-history":[{"count":5,"href":"https:\/\/www.mtgsc.com.br\/en\/wp-json\/wp\/v2\/pages\/6125\/revisions"}],"predecessor-version":[{"id":6578,"href":"https:\/\/www.mtgsc.com.br\/en\/wp-json\/wp\/v2\/pages\/6125\/revisions\/6578"}],"up":[{"embeddable":true,"href":"https:\/\/www.mtgsc.com.br\/en\/wp-json\/wp\/v2\/pages\/5962"}],"wp:attachment":[{"href":"https:\/\/www.mtgsc.com.br\/en\/wp-json\/wp\/v2\/media?parent=6125"}],"curies":[{"name":"wp","href":"https:\/\/api.w.org\/{rel}","templated":true}]}}