{"id":6466,"date":"2022-12-20T11:56:41","date_gmt":"2022-12-20T14:56:41","guid":{"rendered":"https:\/\/www.mtgsc.com.br\/?page_id=6466"},"modified":"2024-03-13T09:49:19","modified_gmt":"2024-03-13T12:49:19","slug":"eventos-realizados","status":"publish","type":"page","link":"https:\/\/www.mtgsc.com.br\/en\/eventos-realizados\/","title":{"rendered":"Eventos Realizados"},"content":{"rendered":"\n\n\t<!=========Events list Template 2.6.2=========><div id=\"ect-events-list-content\"><div id=\"list-wrp\" class=\"ect-list-wrapper all\"><div id=\"event-11225\" class=\"ect-list-post style-1 ect-simple-event past\"><div class=\"ect-list-post-left \">\n\t\t\t\t<div class=\"ect-list-img\" style=\"background-image:url(&#039;https:\/\/www.mtgsc.com.br\/wp-content\/uploads\/2026\/01\/encontro-estadua-prendas-e-peoes-mtg-sc.jpg&#039;);background-size:cover;\"><a href=\"https:\/\/www.mtgsc.com.br\/en\/evento\/encontro-de-prendas-e-peoes\/\" alt=\"[CANCELADO] Encontro de Prendas &#038; Pe\u00f5es Barriga-Verde\" rel=\"bookmark\"><div class=\"ect-list-date\"><div class=\"ect-date-area default-schedule\"><span class=\"ev-day\">11<\/span>\n\t\t\t\t\t<span class=\"ev-mo\">April<\/span>\n\t\t\t\t\t<span class=\"ev-yr\">2026<\/span><\/div><\/div><\/a><\/div><\/div><!-- left-post close --><div class=\"ect-list-post-right\">\n\t\t\t\t<div class=\"ect-list-post-right-table\"><div class=\"ect-list-description\" style=\"width:100%;\"><h2 class=\"ect-list-title\"><a class=\"ect-event-url\" href=\"https:\/\/www.mtgsc.com.br\/en\/evento\/encontro-de-prendas-e-peoes\/\" rel=\"bookmark\">[CANCELADO] Encontro de Prendas &#038; Pe\u00f5es Barriga-Verde<\/a><\/h2><!-- Event Content --><div class=\"ect-event-content\"><p>Encontro de Prendas e Pe\u00f5es 11 de abril de 2026 Realize a sua inscri\u00e7\u00e3o, clique aqui. O custo da inscri\u00e7\u00e3o \u00e9 de R$ 60,00 para&hellip;<\/p>\n<\/div><a href=\"https:\/\/www.mtgsc.com.br\/en\/evento\/encontro-de-prendas-e-peoes\/\" class=\"ect-events-read-more\" rel=\"bookmark\">\u00bb Ver detalhes do evento<\/a><\/div><\/div><\/div><!-- right-wrapper close --><\/div><!-- event-loop-end --><div id=\"event-11505\" class=\"ect-list-post style-1 ect-simple-event past\"><div class=\"ect-list-post-left \">\n\t\t\t\t<div class=\"ect-list-img\" style=\"background-image:url(&#039;https:\/\/www.mtgsc.com.br\/wp-content\/uploads\/2026\/03\/WhatsApp-Image-2026-03-09-at-07.21.11-1-722x1024.jpeg&#039;);background-size:cover;\"><a href=\"https:\/\/www.mtgsc.com.br\/en\/evento\/xxxvii-rodeio-crioulo-ctg-redeas-da-querencia-vargem-bonita-sc\/\" alt=\"XXXVII Rodeio Crioulo &#8211; CTG R\u00e9deas da Quer\u00eancia &#8211; Vargem Bonita SC\" rel=\"bookmark\"><div class=\"ect-list-date\"><div class=\"ect-date-area default-schedule\"><span class=\"ev-day\">10<\/span>\n\t\t\t\t\t<span class=\"ev-mo\">April<\/span>\n\t\t\t\t\t<span class=\"ev-yr\">2026<\/span><\/div><\/div><\/a><\/div><\/div><!-- left-post close --><div class=\"ect-list-post-right\">\n\t\t\t\t<div class=\"ect-list-post-right-table\"><div class=\"ect-list-description\" style=\"width:100%;\"><h2 class=\"ect-list-title\"><a class=\"ect-event-url\" href=\"https:\/\/www.mtgsc.com.br\/en\/evento\/xxxvii-rodeio-crioulo-ctg-redeas-da-querencia-vargem-bonita-sc\/\" rel=\"bookmark\">XXXVII Rodeio Crioulo &#8211; CTG R\u00e9deas da Quer\u00eancia &#8211; Vargem Bonita SC<\/a><\/h2><!-- Event Content --><div class=\"ect-event-content\"><p>XXXVII Rodeio Crioulo - CTG R\u00e9deas da Quer\u00eancia - Vargem Bonita SC Dias 10, 11 e 12 de Abril de 2026 Contatos: Patroa: Dueni (49)&hellip;<\/p>\n<\/div><a href=\"https:\/\/www.mtgsc.com.br\/en\/evento\/xxxvii-rodeio-crioulo-ctg-redeas-da-querencia-vargem-bonita-sc\/\" class=\"ect-events-read-more\" rel=\"bookmark\">\u00bb Ver detalhes do evento<\/a><\/div><\/div><\/div><!-- right-wrapper close --><\/div><!-- event-loop-end --><div id=\"event-11150\" class=\"ect-list-post style-1 ect-simple-event past\"><div class=\"ect-list-post-left \">\n\t\t\t\t<div class=\"ect-list-img\" style=\"background-image:url(&#039;https:\/\/www.mtgsc.com.br\/wp-content\/uploads\/2022\/03\/eventos-thumb-1.jpg&#039;);background-size:cover;\"><a href=\"https:\/\/www.mtgsc.com.br\/en\/evento\/19o-rodeio-interestadual-ctg-rancho-da-tradicao\/\" alt=\"19\u00ba RODEIO INTERESTADUAL CTG RANCHO DA TRADI\u00c7\u00c3O\" rel=\"bookmark\"><div class=\"ect-list-date\"><div class=\"ect-date-area default-schedule\"><span class=\"ev-day\">10<\/span>\n\t\t\t\t\t<span class=\"ev-mo\">April<\/span>\n\t\t\t\t\t<span class=\"ev-yr\">2026<\/span><\/div><\/div><\/a><\/div><\/div><!-- left-post close --><div class=\"ect-list-post-right\">\n\t\t\t\t<div class=\"ect-list-post-right-table\"><div class=\"ect-list-description\" style=\"width:100%;\"><h2 class=\"ect-list-title\"><a class=\"ect-event-url\" href=\"https:\/\/www.mtgsc.com.br\/en\/evento\/19o-rodeio-interestadual-ctg-rancho-da-tradicao\/\" rel=\"bookmark\">19\u00ba RODEIO INTERESTADUAL CTG RANCHO DA TRADI\u00c7\u00c3O<\/a><\/h2><!-- Event Content --><div class=\"ect-event-content\"><\/div><a href=\"https:\/\/www.mtgsc.com.br\/en\/evento\/19o-rodeio-interestadual-ctg-rancho-da-tradicao\/\" class=\"ect-events-read-more\" rel=\"bookmark\">\u00bb Ver detalhes do evento<\/a><\/div><\/div><\/div><!-- right-wrapper close --><\/div><!-- event-loop-end --><div id=\"event-11499\" class=\"ect-list-post style-1 ect-featured-event past\"><div class=\"ect-list-post-left \">\n\t\t\t\t<div class=\"ect-list-img\" style=\"background-image:url(&#039;https:\/\/www.mtgsc.com.br\/wp-content\/uploads\/2026\/03\/19e87b0c66f14ba6bd7f2b92ae7825c7-819x1024.jpg&#039;);background-size:cover;\"><a href=\"https:\/\/www.mtgsc.com.br\/en\/evento\/baile-do-bolo-frito\/\" alt=\"Baile do Bolo Frito\" rel=\"bookmark\"><div class=\"ect-list-date\"><div class=\"ect-date-area default-schedule\"><span class=\"ev-day\">04<\/span>\n\t\t\t\t\t<span class=\"ev-mo\">April<\/span>\n\t\t\t\t\t<span class=\"ev-yr\">2026<\/span><\/div><\/div><\/a><\/div><\/div><!-- left-post close --><div class=\"ect-list-post-right\">\n\t\t\t\t<div class=\"ect-list-post-right-table\"><div class=\"ect-list-description\" style=\"width:100%;\"><h2 class=\"ect-list-title\"><a class=\"ect-event-url\" href=\"https:\/\/www.mtgsc.com.br\/en\/evento\/baile-do-bolo-frito\/\" rel=\"bookmark\">Baile do Bolo Frito<\/a><\/h2><!-- Event Content --><div class=\"ect-event-content\"><p>O CTG Minuano Catarinense promover\u00e1 no dia 04.04.2026 o 1\u00b0Baile do Bolo Frito, um baile a moda antiga, sob luz de lampi\u00e3o que visa resgatar&hellip;<\/p>\n<\/div><a href=\"https:\/\/www.mtgsc.com.br\/en\/evento\/baile-do-bolo-frito\/\" class=\"ect-events-read-more\" rel=\"bookmark\">\u00bb Ver detalhes do evento<\/a><\/div><\/div><\/div><!-- right-wrapper close --><\/div><!-- event-loop-end --><div id=\"event-11297\" class=\"ect-list-post style-1 ect-simple-event past\"><div class=\"ect-list-post-left \">\n\t\t\t\t<div class=\"ect-list-img\" style=\"background-image:url(&#039;https:\/\/www.mtgsc.com.br\/wp-content\/uploads\/2026\/02\/WhatsApp-Image-2026-02-09-at-20.24.02-1024x640.jpeg&#039;);background-size:cover;\"><a href=\"https:\/\/www.mtgsc.com.br\/en\/evento\/ix-rodeio-crioulo-interestadual-ctg-porteira-vargeonense\/\" alt=\"IX RODEIO CRIOULO INTERESTADUAL CTG PORTEIRA VARGEONENSE\" rel=\"bookmark\"><div class=\"ect-list-date\"><div class=\"ect-date-area default-schedule\"><span class=\"ev-day\">28<\/span>\n\t\t\t\t\t<span class=\"ev-mo\">March<\/span>\n\t\t\t\t\t<span class=\"ev-yr\">2026<\/span><\/div><\/div><\/a><\/div><\/div><!-- left-post close --><div class=\"ect-list-post-right\">\n\t\t\t\t<div class=\"ect-list-post-right-table\"><div class=\"ect-list-description\" style=\"width:100%;\"><h2 class=\"ect-list-title\"><a class=\"ect-event-url\" href=\"https:\/\/www.mtgsc.com.br\/en\/evento\/ix-rodeio-crioulo-interestadual-ctg-porteira-vargeonense\/\" rel=\"bookmark\">IX RODEIO CRIOULO INTERESTADUAL CTG PORTEIRA VARGEONENSE<\/a><\/h2><!-- Event Content --><div class=\"ect-event-content\"><p>PATR\u00c3O: LEONARDO BIOTTO CONTATO: (49) 99967-5797<\/p>\n<\/div><a href=\"https:\/\/www.mtgsc.com.br\/en\/evento\/ix-rodeio-crioulo-interestadual-ctg-porteira-vargeonense\/\" class=\"ect-events-read-more\" rel=\"bookmark\">\u00bb Ver detalhes do evento<\/a><\/div><\/div><\/div><!-- right-wrapper close --><\/div><!-- event-loop-end --><div id=\"event-11223\" class=\"ect-list-post style-1 ect-simple-event past\"><div class=\"ect-list-post-left \">\n\t\t\t\t<div class=\"ect-list-img\" style=\"background-image:url(&#039;https:\/\/www.mtgsc.com.br\/wp-content\/uploads\/2026\/01\/curso-Avaliadores.jpg&#039;);background-size:cover;\"><a href=\"https:\/\/www.mtgsc.com.br\/en\/evento\/curso-de-avaliadores-para-concursos-de-prendas-e-peoes\/\" alt=\"Curso de Avaliadores para Concursos de Prendas e Pe\u00f5es\" rel=\"bookmark\"><div class=\"ect-list-date\"><div class=\"ect-date-area default-schedule\"><span class=\"ev-day\">28<\/span>\n\t\t\t\t\t<span class=\"ev-mo\">March<\/span>\n\t\t\t\t\t<span class=\"ev-yr\">2026<\/span><\/div><\/div><\/a><\/div><\/div><!-- left-post close --><div class=\"ect-list-post-right\">\n\t\t\t\t<div class=\"ect-list-post-right-table\"><div class=\"ect-list-description\" style=\"width:100%;\"><h2 class=\"ect-list-title\"><a class=\"ect-event-url\" href=\"https:\/\/www.mtgsc.com.br\/en\/evento\/curso-de-avaliadores-para-concursos-de-prendas-e-peoes\/\" rel=\"bookmark\">Curso de Avaliadores para Concursos de Prendas e Pe\u00f5es<\/a><\/h2><!-- Event Content --><div class=\"ect-event-content\"><p>\ud83c\udf3e\ud83c\udfdb\ufe0f CURSO DE AVALIADOR \u2013 MTG\/SC \ud83c\udfdb\ufe0f\ud83c\udf3e \ud83d\udccd Local: Sede Social do MTG\/SC \u2013 Lages\/SC \ud83d\udcc5 Data: 28 e 29 de mar\u00e7o de 2026 \u27a1\ufe0f&hellip;<\/p>\n<\/div><a href=\"https:\/\/www.mtgsc.com.br\/en\/evento\/curso-de-avaliadores-para-concursos-de-prendas-e-peoes\/\" class=\"ect-events-read-more\" rel=\"bookmark\">\u00bb Ver detalhes do evento<\/a><\/div><\/div><\/div><!-- right-wrapper close --><\/div><!-- event-loop-end --><div id=\"event-11532\" class=\"ect-list-post style-1 ect-simple-event past\"><div class=\"ect-list-post-left \">\n\t\t\t\t<div class=\"ect-list-img\" style=\"background-image:url(&#039;https:\/\/www.mtgsc.com.br\/wp-content\/uploads\/2026\/03\/concurso-prendas-e-peoes-da-1a-rt-768x1024.jpg&#039;);background-size:cover;\"><a href=\"https:\/\/www.mtgsc.com.br\/en\/evento\/concurso-de-prendas-e-peoes-da-1a-rt-do-mtg-sc-gestao-2026-2027\/\" alt=\"Concurso de Prendas e Pe\u00f5es da 1\u00aa RT do MTG\/SC &#8211; Gest\u00e3o 2026\/2027\" rel=\"bookmark\"><div class=\"ect-list-date\"><div class=\"ect-date-area default-schedule\"><span class=\"ev-day\">20<\/span>\n\t\t\t\t\t<span class=\"ev-mo\">March<\/span>\n\t\t\t\t\t<span class=\"ev-yr\">2026<\/span><\/div><\/div><\/a><\/div><\/div><!-- left-post close --><div class=\"ect-list-post-right\">\n\t\t\t\t<div class=\"ect-list-post-right-table\"><div class=\"ect-list-description\" style=\"width:100%;\"><h2 class=\"ect-list-title\"><a class=\"ect-event-url\" href=\"https:\/\/www.mtgsc.com.br\/en\/evento\/concurso-de-prendas-e-peoes-da-1a-rt-do-mtg-sc-gestao-2026-2027\/\" rel=\"bookmark\">Concurso de Prendas e Pe\u00f5es da 1\u00aa RT do MTG\/SC &#8211; Gest\u00e3o 2026\/2027<\/a><\/h2><!-- Event Content --><div class=\"ect-event-content\"><p>Concurso de prendas e pe\u00f5es da 1\u00aa RT do MTG-SC gest\u00e3o 2026\/2027 As inscri\u00e7\u00f5es est\u00e3o abertas at\u00e9 as 23h59 deste s\u00e1bado, 14\/03\/2026. Efetue a sua&hellip;<\/p>\n<\/div><a href=\"https:\/\/www.mtgsc.com.br\/en\/evento\/concurso-de-prendas-e-peoes-da-1a-rt-do-mtg-sc-gestao-2026-2027\/\" class=\"ect-events-read-more\" rel=\"bookmark\">\u00bb Ver detalhes do evento<\/a><\/div><\/div><\/div><!-- right-wrapper close --><\/div><!-- event-loop-end --><div id=\"event-11334\" class=\"ect-list-post style-1 ect-simple-event past\"><div class=\"ect-list-post-left \">\n\t\t\t\t<div class=\"ect-list-img\" style=\"background-image:url(&#039;https:\/\/www.mtgsc.com.br\/wp-content\/uploads\/2026\/02\/WhatsApp-Image-2026-02-11-at-18.44.49-1024x605.jpeg&#039;);background-size:cover;\"><a href=\"https:\/\/www.mtgsc.com.br\/en\/evento\/41o-rodeio-crioulo-municipal-e-3a-festa-campeira-ctg-querencia-do-chimarrao\/\" alt=\"41\u00ba Rodeio Crioulo Municipal e 3\u00aa Festa Campeira &#8211; CTG Quer\u00eancia do Chimarr\u00e3o\" rel=\"bookmark\"><div class=\"ect-list-date\"><div class=\"ect-date-area default-schedule\"><span class=\"ev-day\">20<\/span>\n\t\t\t\t\t<span class=\"ev-mo\">March<\/span>\n\t\t\t\t\t<span class=\"ev-yr\">2026<\/span><\/div><\/div><\/a><\/div><\/div><!-- left-post close --><div class=\"ect-list-post-right\">\n\t\t\t\t<div class=\"ect-list-post-right-table\"><div class=\"ect-list-description\" style=\"width:100%;\"><h2 class=\"ect-list-title\"><a class=\"ect-event-url\" href=\"https:\/\/www.mtgsc.com.br\/en\/evento\/41o-rodeio-crioulo-municipal-e-3a-festa-campeira-ctg-querencia-do-chimarrao\/\" rel=\"bookmark\">41\u00ba Rodeio Crioulo Municipal e 3\u00aa Festa Campeira &#8211; CTG Quer\u00eancia do Chimarr\u00e3o<\/a><\/h2><!-- Event Content --><div class=\"ect-event-content\"><p>41\u00ba Rodeio Crioulo Municipal e 3\u00aa Festa Campeira - CTG Quer\u00eancia do Chimarr\u00e3o Este evento faz parte das comemora\u00e7\u00f5es do 63\u00ba anivers\u00e1rio\u00a0 do munic\u00edpio de&hellip;<\/p>\n<\/div><a href=\"https:\/\/www.mtgsc.com.br\/en\/evento\/41o-rodeio-crioulo-municipal-e-3a-festa-campeira-ctg-querencia-do-chimarrao\/\" class=\"ect-events-read-more\" rel=\"bookmark\">\u00bb Ver detalhes do evento<\/a><\/div><\/div><\/div><!-- right-wrapper close --><\/div><!-- event-loop-end --><\/div><\/div>\n\n","protected":false},"excerpt":{"rendered":"<p>41\u00ba Rodeio Crioulo Municipal e 3\u00aa Festa Campeira &#8211; CTG Quer\u00eancia do Chimarr\u00e3o Este evento faz parte das comemora\u00e7\u00f5es do 63\u00ba anivers\u00e1rio\u00a0 do munic\u00edpio de&hellip;<\/p>","protected":false},"author":4,"featured_media":0,"parent":0,"menu_order":0,"comment_status":"closed","ping_status":"closed","template":"","meta":{"footnotes":""},"class_list":["post-6466","page","type-page","status-publish","hentry","cat_15a-rt","cat_campeiros"],"yoast_head":"<!-- This site is optimized with the Yoast SEO plugin v27.4 - https:\/\/yoast.com\/product\/yoast-seo-wordpress\/ -->\n<title>Eventos Realizados - MTG\/SC - Movimento Tradicionalista Ga\u00facho do Estado de Santa Catarina<\/title>\n<meta name=\"robots\" content=\"index, follow, max-snippet:-1, max-image-preview:large, max-video-preview:-1\" \/>\n<link rel=\"canonical\" href=\"https:\/\/www.mtgsc.com.br\/en\/eventos-realizados\/\" \/>\n<meta property=\"og:locale\" content=\"en_US\" \/>\n<meta property=\"og:type\" content=\"article\" \/>\n<meta property=\"og:title\" content=\"Eventos Realizados - MTG\/SC - Movimento Tradicionalista Ga\u00facho do Estado de Santa Catarina\" \/>\n<meta property=\"og:url\" content=\"https:\/\/www.mtgsc.com.br\/en\/eventos-realizados\/\" \/>\n<meta property=\"og:site_name\" content=\"MTG\/SC - Movimento Tradicionalista Ga\u00facho do Estado de Santa Catarina\" \/>\n<meta property=\"article:publisher\" content=\"https:\/\/www.facebook.com\/MTGSC\" \/>\n<meta property=\"article:modified_time\" content=\"2024-03-13T12:49:19+00:00\" \/>\n<meta name=\"twitter:card\" content=\"summary_large_image\" \/>\n<meta name=\"twitter:label1\" content=\"Est. reading time\" \/>\n\t<meta name=\"twitter:data1\" content=\"1 minute\" \/>\n<script type=\"application\/ld+json\" class=\"yoast-schema-graph\">{\"@context\":\"https:\\\/\\\/schema.org\",\"@graph\":[{\"@type\":\"WebPage\",\"@id\":\"https:\\\/\\\/www.mtgsc.com.br\\\/eventos-realizados\\\/\",\"url\":\"https:\\\/\\\/www.mtgsc.com.br\\\/eventos-realizados\\\/\",\"name\":\"Eventos Realizados - MTG\\\/SC - Movimento Tradicionalista Ga\u00facho do Estado de Santa Catarina\",\"isPartOf\":{\"@id\":\"https:\\\/\\\/www.mtgsc.com.br\\\/#website\"},\"datePublished\":\"2022-12-20T14:56:41+00:00\",\"dateModified\":\"2024-03-13T12:49:19+00:00\",\"breadcrumb\":{\"@id\":\"https:\\\/\\\/www.mtgsc.com.br\\\/eventos-realizados\\\/#breadcrumb\"},\"inLanguage\":\"en-US\",\"potentialAction\":[{\"@type\":\"ReadAction\",\"target\":[\"https:\\\/\\\/www.mtgsc.com.br\\\/eventos-realizados\\\/\"]}]},{\"@type\":\"BreadcrumbList\",\"@id\":\"https:\\\/\\\/www.mtgsc.com.br\\\/eventos-realizados\\\/#breadcrumb\",\"itemListElement\":[{\"@type\":\"ListItem\",\"position\":1,\"name\":\"In\u00edcio\",\"item\":\"https:\\\/\\\/www.mtgsc.com.br\\\/\"},{\"@type\":\"ListItem\",\"position\":2,\"name\":\"Eventos Realizados\"}]},{\"@type\":\"WebSite\",\"@id\":\"https:\\\/\\\/www.mtgsc.com.br\\\/#website\",\"url\":\"https:\\\/\\\/www.mtgsc.com.br\\\/\",\"name\":\"MTG\\\/SC 50 ANOS\",\"description\":\"Honrar a Hist\u00f3ria e Construir o Futuro\",\"publisher\":{\"@id\":\"https:\\\/\\\/www.mtgsc.com.br\\\/#organization\"},\"potentialAction\":[{\"@type\":\"SearchAction\",\"target\":{\"@type\":\"EntryPoint\",\"urlTemplate\":\"https:\\\/\\\/www.mtgsc.com.br\\\/?s={search_term_string}\"},\"query-input\":{\"@type\":\"PropertyValueSpecification\",\"valueRequired\":true,\"valueName\":\"search_term_string\"}}],\"inLanguage\":\"en-US\"},{\"@type\":\"Organization\",\"@id\":\"https:\\\/\\\/www.mtgsc.com.br\\\/#organization\",\"name\":\"MTG\\\/SC - Movimento Tradicionalista Ga\u00facho de Santa Catarina\",\"alternateName\":\"Movimento Tradicionalista Ga\u00facho de Santa Catarina\",\"url\":\"https:\\\/\\\/www.mtgsc.com.br\\\/\",\"logo\":{\"@type\":\"ImageObject\",\"inLanguage\":\"en-US\",\"@id\":\"https:\\\/\\\/www.mtgsc.com.br\\\/#\\\/schema\\\/logo\\\/image\\\/\",\"url\":\"https:\\\/\\\/www.mtgsc.com.br\\\/wp-content\\\/uploads\\\/2022\\\/03\\\/logo-2018-header-light.png\",\"contentUrl\":\"https:\\\/\\\/www.mtgsc.com.br\\\/wp-content\\\/uploads\\\/2022\\\/03\\\/logo-2018-header-light.png\",\"width\":169,\"height\":150,\"caption\":\"MTG\\\/SC - Movimento Tradicionalista Ga\u00facho de Santa Catarina\"},\"image\":{\"@id\":\"https:\\\/\\\/www.mtgsc.com.br\\\/#\\\/schema\\\/logo\\\/image\\\/\"},\"sameAs\":[\"https:\\\/\\\/www.facebook.com\\\/MTGSC\",\"https:\\\/\\\/www.instagram.com\\\/mtgsc\\\/\"]}]}<\/script>\n<!-- \/ Yoast SEO plugin. -->","yoast_head_json":{"title":"Eventos Realizados - MTG\/SC - Movimento Tradicionalista Ga\u00facho do Estado de Santa Catarina","robots":{"index":"index","follow":"follow","max-snippet":"max-snippet:-1","max-image-preview":"max-image-preview:large","max-video-preview":"max-video-preview:-1"},"canonical":"https:\/\/www.mtgsc.com.br\/en\/eventos-realizados\/","og_locale":"en_US","og_type":"article","og_title":"Eventos Realizados - MTG\/SC - Movimento Tradicionalista Ga\u00facho do Estado de Santa Catarina","og_url":"https:\/\/www.mtgsc.com.br\/en\/eventos-realizados\/","og_site_name":"MTG\/SC - Movimento Tradicionalista Ga\u00facho do Estado de Santa Catarina","article_publisher":"https:\/\/www.facebook.com\/MTGSC","article_modified_time":"2024-03-13T12:49:19+00:00","twitter_card":"summary_large_image","twitter_misc":{"Est. reading time":"1 minute"},"schema":{"@context":"https:\/\/schema.org","@graph":[{"@type":"WebPage","@id":"https:\/\/www.mtgsc.com.br\/eventos-realizados\/","url":"https:\/\/www.mtgsc.com.br\/eventos-realizados\/","name":"Eventos Realizados - MTG\/SC - Movimento Tradicionalista Ga\u00facho do Estado de Santa Catarina","isPartOf":{"@id":"https:\/\/www.mtgsc.com.br\/#website"},"datePublished":"2022-12-20T14:56:41+00:00","dateModified":"2024-03-13T12:49:19+00:00","breadcrumb":{"@id":"https:\/\/www.mtgsc.com.br\/eventos-realizados\/#breadcrumb"},"inLanguage":"en-US","potentialAction":[{"@type":"ReadAction","target":["https:\/\/www.mtgsc.com.br\/eventos-realizados\/"]}]},{"@type":"BreadcrumbList","@id":"https:\/\/www.mtgsc.com.br\/eventos-realizados\/#breadcrumb","itemListElement":[{"@type":"ListItem","position":1,"name":"In\u00edcio","item":"https:\/\/www.mtgsc.com.br\/"},{"@type":"ListItem","position":2,"name":"Eventos Realizados"}]},{"@type":"WebSite","@id":"https:\/\/www.mtgsc.com.br\/#website","url":"https:\/\/www.mtgsc.com.br\/","name":"MTG\/SC 50 ANOS","description":"Honrar a Hist\u00f3ria e Construir o Futuro","publisher":{"@id":"https:\/\/www.mtgsc.com.br\/#organization"},"potentialAction":[{"@type":"SearchAction","target":{"@type":"EntryPoint","urlTemplate":"https:\/\/www.mtgsc.com.br\/?s={search_term_string}"},"query-input":{"@type":"PropertyValueSpecification","valueRequired":true,"valueName":"search_term_string"}}],"inLanguage":"en-US"},{"@type":"Organization","@id":"https:\/\/www.mtgsc.com.br\/#organization","name":"MTG\/SC - Movimento Tradicionalista Ga\u00facho de Santa Catarina","alternateName":"Movimento Tradicionalista Ga\u00facho de Santa Catarina","url":"https:\/\/www.mtgsc.com.br\/","logo":{"@type":"ImageObject","inLanguage":"en-US","@id":"https:\/\/www.mtgsc.com.br\/#\/schema\/logo\/image\/","url":"https:\/\/www.mtgsc.com.br\/wp-content\/uploads\/2022\/03\/logo-2018-header-light.png","contentUrl":"https:\/\/www.mtgsc.com.br\/wp-content\/uploads\/2022\/03\/logo-2018-header-light.png","width":169,"height":150,"caption":"MTG\/SC - Movimento Tradicionalista Ga\u00facho de Santa Catarina"},"image":{"@id":"https:\/\/www.mtgsc.com.br\/#\/schema\/logo\/image\/"},"sameAs":["https:\/\/www.facebook.com\/MTGSC","https:\/\/www.instagram.com\/mtgsc\/"]}]}},"_links":{"self":[{"href":"https:\/\/www.mtgsc.com.br\/en\/wp-json\/wp\/v2\/pages\/6466","targetHints":{"allow":["GET"]}}],"collection":[{"href":"https:\/\/www.mtgsc.com.br\/en\/wp-json\/wp\/v2\/pages"}],"about":[{"href":"https:\/\/www.mtgsc.com.br\/en\/wp-json\/wp\/v2\/types\/page"}],"author":[{"embeddable":true,"href":"https:\/\/www.mtgsc.com.br\/en\/wp-json\/wp\/v2\/users\/4"}],"replies":[{"embeddable":true,"href":"https:\/\/www.mtgsc.com.br\/en\/wp-json\/wp\/v2\/comments?post=6466"}],"version-history":[{"count":3,"href":"https:\/\/www.mtgsc.com.br\/en\/wp-json\/wp\/v2\/pages\/6466\/revisions"}],"predecessor-version":[{"id":8883,"href":"https:\/\/www.mtgsc.com.br\/en\/wp-json\/wp\/v2\/pages\/6466\/revisions\/8883"}],"wp:attachment":[{"href":"https:\/\/www.mtgsc.com.br\/en\/wp-json\/wp\/v2\/media?parent=6466"}],"curies":[{"name":"wp","href":"https:\/\/api.w.org\/{rel}","templated":true}]}}