{"id":7275,"date":"2023-05-10T16:36:57","date_gmt":"2023-05-10T19:36:57","guid":{"rendered":"https:\/\/www.mtgsc.com.br\/?page_id=7275"},"modified":"2023-05-10T16:40:01","modified_gmt":"2023-05-10T19:40:01","slug":"tema-proposto-pelo-mtg-sc-para-2023","status":"publish","type":"page","link":"https:\/\/www.mtgsc.com.br\/en\/tema-proposto-pelo-mtg-sc-para-2023\/","title":{"rendered":"Tema proposto pelo MTG\/SC para 2023"},"content":{"rendered":"<h2>\n\t\tTema proposto pelo MTG\/SC para 2023: &#8220;Conhecer para querer bem!&#8221;\n\t<\/h2>\n\t<p><em>Como podemos ensinar algu\u00e9m a gostar?<\/em><\/p>\n<p>O gosto \u00e9 um tra\u00e7o \u00fanico e personal\u00edssimo. Da apar\u00eancia, ao sabor, do som ao aroma&#8230; tudo \u00e9 quest\u00e3o de gosto. Como ensinar ent\u00e3o, algu\u00e9m a gostar de um conjunto de elementos culturais?<\/p>\n<p>A transmiss\u00e3o familiar, atrav\u00e9s das gera\u00e7\u00f5es, \u00e9 um ve\u00edculo poderoso, que determina o sentimento at\u00e1vico e contribui para a forma\u00e7\u00e3o da tradi\u00e7\u00e3o. E durante tantos anos, ela tem nos servido bem. Mas gerar o sentimento de pertencimento, necess\u00e1rio ao fortalecimento do Tradicionalismo Ga\u00facho, demanda ampliar a base de transmiss\u00e3o da tradi\u00e7\u00e3o. E isso somente pode ocorrer, atrav\u00e9s da educa\u00e7\u00e3o.<\/p>\n\t\t\t\t<img loading=\"lazy\" decoding=\"async\" src=\"https:\/\/www.mtgsc.com.br\/wp-content\/uploads\/2023\/05\/topo-site-mobile.jpg\" alt=\"topo-site-mobile\" itemprop=\"image\" height=\"450\" width=\"800\" title=\"topo-site-mobile\" onerror=\"this.style.display='none'\"  \/>\n\t<p>Barbosa Lessa dizia que a \u00fanica maneira de gerar o engajamento necess\u00e1rio em um povo, apto a criar um elemento heredit\u00e1rio na cultura regional, \u00e9 o ensino. E este ensino incumbe \u00e0queles que efetivamente det\u00e9m o conhecimento e a propriedade de fala para instrumentar essa inicia\u00e7\u00e3o cultural, \u00e0s gera\u00e7\u00f5es vindouras.<\/p>\n<p>Antes mais do que se tornar apenas um credo morto, a tradi\u00e7\u00e3o deve ser uma for\u00e7a pujante, din\u00e2mica e extremamente vers\u00e1til, que busque se reinventar a cada dia, no caminho para o futuro.<\/p>\n<p>Competir com os tantos derivativos culturais da modernidade, j\u00e1 era um desafio quando se criou o Movimento Tradicionalista Ga\u00facho. Ali\u00e1s, ele foi criado com esta finalidade. Oferecer uma frente terrunha aos estrangeirismos, permitindo o resgate e a preserva\u00e7\u00e3o da cultura regional. A hist\u00f3ria \u00e9 c\u00edclica, e c\u00e1 estamos n\u00f3s, novamente, na mesma encruzilhada do grupo dos 8.<\/p>\n<p><em><strong>Para onde vamos, e como iremos ensinar o gosto pela nossa cultura \u00e0s gera\u00e7\u00f5es vindouras?<\/strong><\/em><\/p>\n<p>Essa \u00e9 a grande indaga\u00e7\u00e3o, e ao mesmo tempo, a estrat\u00e9gia central do trabalho a que nos propomos. <strong>Porque, sabemos, que \u00e9 preciso conhecer para querer bem!<\/strong><\/p>","protected":false},"excerpt":{"rendered":"<p>Tema proposto pelo MTG\/SC para 2023: &#8220;Conhecer para querer bem!&#8221; Como podemos ensinar algu\u00e9m a gostar? O gosto \u00e9 um tra\u00e7o \u00fanico e personal\u00edssimo. Da&hellip;<\/p>","protected":false},"author":4,"featured_media":7271,"parent":0,"menu_order":0,"comment_status":"closed","ping_status":"closed","template":"","meta":{"footnotes":""},"class_list":["post-7275","page","type-page","status-publish","has-post-thumbnail","hentry"],"yoast_head":"<!-- This site is optimized with the Yoast SEO plugin v27.4 - https:\/\/yoast.com\/product\/yoast-seo-wordpress\/ -->\n<title>Tema proposto pelo MTG\/SC para 2023 - MTG\/SC - Movimento Tradicionalista Ga\u00facho do Estado de Santa Catarina<\/title>\n<meta name=\"robots\" content=\"index, follow, max-snippet:-1, max-image-preview:large, max-video-preview:-1\" \/>\n<link rel=\"canonical\" href=\"https:\/\/www.mtgsc.com.br\/en\/tema-proposto-pelo-mtg-sc-para-2023\/\" \/>\n<meta property=\"og:locale\" content=\"en_US\" \/>\n<meta property=\"og:type\" content=\"article\" \/>\n<meta property=\"og:title\" content=\"Tema proposto pelo MTG\/SC para 2023 - MTG\/SC - Movimento Tradicionalista Ga\u00facho do Estado de Santa Catarina\" \/>\n<meta property=\"og:description\" content=\"Tema proposto pelo MTG\/SC para 2023: &#8220;Conhecer para querer bem!&#8221; Como podemos ensinar algu\u00e9m a gostar? O gosto \u00e9 um tra\u00e7o \u00fanico e personal\u00edssimo. Da&hellip;\" \/>\n<meta property=\"og:url\" content=\"https:\/\/www.mtgsc.com.br\/en\/tema-proposto-pelo-mtg-sc-para-2023\/\" \/>\n<meta property=\"og:site_name\" content=\"MTG\/SC - Movimento Tradicionalista Ga\u00facho do Estado de Santa Catarina\" \/>\n<meta property=\"article:publisher\" content=\"https:\/\/www.facebook.com\/MTGSC\" \/>\n<meta property=\"article:modified_time\" content=\"2023-05-10T19:40:01+00:00\" \/>\n<meta property=\"og:image\" content=\"https:\/\/www.mtgsc.com.br\/wp-content\/uploads\/2023\/05\/topo-site-mobile.jpg\" \/>\n\t<meta property=\"og:image:width\" content=\"800\" \/>\n\t<meta property=\"og:image:height\" content=\"450\" \/>\n\t<meta property=\"og:image:type\" content=\"image\/jpeg\" \/>\n<meta name=\"twitter:card\" content=\"summary_large_image\" \/>\n<meta name=\"twitter:label1\" content=\"Est. reading time\" \/>\n\t<meta name=\"twitter:data1\" content=\"2 minutes\" \/>\n<script type=\"application\/ld+json\" class=\"yoast-schema-graph\">{\"@context\":\"https:\\\/\\\/schema.org\",\"@graph\":[{\"@type\":\"WebPage\",\"@id\":\"https:\\\/\\\/www.mtgsc.com.br\\\/tema-proposto-pelo-mtg-sc-para-2023\\\/\",\"url\":\"https:\\\/\\\/www.mtgsc.com.br\\\/tema-proposto-pelo-mtg-sc-para-2023\\\/\",\"name\":\"Tema proposto pelo MTG\\\/SC para 2023 - MTG\\\/SC - Movimento Tradicionalista Ga\u00facho do Estado de Santa Catarina\",\"isPartOf\":{\"@id\":\"https:\\\/\\\/www.mtgsc.com.br\\\/#website\"},\"primaryImageOfPage\":{\"@id\":\"https:\\\/\\\/www.mtgsc.com.br\\\/tema-proposto-pelo-mtg-sc-para-2023\\\/#primaryimage\"},\"image\":{\"@id\":\"https:\\\/\\\/www.mtgsc.com.br\\\/tema-proposto-pelo-mtg-sc-para-2023\\\/#primaryimage\"},\"thumbnailUrl\":\"https:\\\/\\\/www.mtgsc.com.br\\\/wp-content\\\/uploads\\\/2023\\\/05\\\/topo-site-mobile.jpg\",\"datePublished\":\"2023-05-10T19:36:57+00:00\",\"dateModified\":\"2023-05-10T19:40:01+00:00\",\"breadcrumb\":{\"@id\":\"https:\\\/\\\/www.mtgsc.com.br\\\/tema-proposto-pelo-mtg-sc-para-2023\\\/#breadcrumb\"},\"inLanguage\":\"en-US\",\"potentialAction\":[{\"@type\":\"ReadAction\",\"target\":[\"https:\\\/\\\/www.mtgsc.com.br\\\/tema-proposto-pelo-mtg-sc-para-2023\\\/\"]}]},{\"@type\":\"ImageObject\",\"inLanguage\":\"en-US\",\"@id\":\"https:\\\/\\\/www.mtgsc.com.br\\\/tema-proposto-pelo-mtg-sc-para-2023\\\/#primaryimage\",\"url\":\"https:\\\/\\\/www.mtgsc.com.br\\\/wp-content\\\/uploads\\\/2023\\\/05\\\/topo-site-mobile.jpg\",\"contentUrl\":\"https:\\\/\\\/www.mtgsc.com.br\\\/wp-content\\\/uploads\\\/2023\\\/05\\\/topo-site-mobile.jpg\",\"width\":800,\"height\":450},{\"@type\":\"BreadcrumbList\",\"@id\":\"https:\\\/\\\/www.mtgsc.com.br\\\/tema-proposto-pelo-mtg-sc-para-2023\\\/#breadcrumb\",\"itemListElement\":[{\"@type\":\"ListItem\",\"position\":1,\"name\":\"In\u00edcio\",\"item\":\"https:\\\/\\\/www.mtgsc.com.br\\\/\"},{\"@type\":\"ListItem\",\"position\":2,\"name\":\"Tema proposto pelo MTG\\\/SC para 2023\"}]},{\"@type\":\"WebSite\",\"@id\":\"https:\\\/\\\/www.mtgsc.com.br\\\/#website\",\"url\":\"https:\\\/\\\/www.mtgsc.com.br\\\/\",\"name\":\"MTG\\\/SC 50 ANOS\",\"description\":\"Honrar a Hist\u00f3ria e Construir o Futuro\",\"publisher\":{\"@id\":\"https:\\\/\\\/www.mtgsc.com.br\\\/#organization\"},\"potentialAction\":[{\"@type\":\"SearchAction\",\"target\":{\"@type\":\"EntryPoint\",\"urlTemplate\":\"https:\\\/\\\/www.mtgsc.com.br\\\/?s={search_term_string}\"},\"query-input\":{\"@type\":\"PropertyValueSpecification\",\"valueRequired\":true,\"valueName\":\"search_term_string\"}}],\"inLanguage\":\"en-US\"},{\"@type\":\"Organization\",\"@id\":\"https:\\\/\\\/www.mtgsc.com.br\\\/#organization\",\"name\":\"MTG\\\/SC - Movimento Tradicionalista Ga\u00facho de Santa Catarina\",\"alternateName\":\"Movimento Tradicionalista Ga\u00facho de Santa Catarina\",\"url\":\"https:\\\/\\\/www.mtgsc.com.br\\\/\",\"logo\":{\"@type\":\"ImageObject\",\"inLanguage\":\"en-US\",\"@id\":\"https:\\\/\\\/www.mtgsc.com.br\\\/#\\\/schema\\\/logo\\\/image\\\/\",\"url\":\"https:\\\/\\\/www.mtgsc.com.br\\\/wp-content\\\/uploads\\\/2022\\\/03\\\/logo-2018-header-light.png\",\"contentUrl\":\"https:\\\/\\\/www.mtgsc.com.br\\\/wp-content\\\/uploads\\\/2022\\\/03\\\/logo-2018-header-light.png\",\"width\":169,\"height\":150,\"caption\":\"MTG\\\/SC - Movimento Tradicionalista Ga\u00facho de Santa Catarina\"},\"image\":{\"@id\":\"https:\\\/\\\/www.mtgsc.com.br\\\/#\\\/schema\\\/logo\\\/image\\\/\"},\"sameAs\":[\"https:\\\/\\\/www.facebook.com\\\/MTGSC\",\"https:\\\/\\\/www.instagram.com\\\/mtgsc\\\/\"]}]}<\/script>\n<!-- \/ Yoast SEO plugin. -->","yoast_head_json":{"title":"Tema proposto pelo MTG\/SC para 2023 - MTG\/SC - Movimento Tradicionalista Ga\u00facho do Estado de Santa Catarina","robots":{"index":"index","follow":"follow","max-snippet":"max-snippet:-1","max-image-preview":"max-image-preview:large","max-video-preview":"max-video-preview:-1"},"canonical":"https:\/\/www.mtgsc.com.br\/en\/tema-proposto-pelo-mtg-sc-para-2023\/","og_locale":"en_US","og_type":"article","og_title":"Tema proposto pelo MTG\/SC para 2023 - MTG\/SC - Movimento Tradicionalista Ga\u00facho do Estado de Santa Catarina","og_description":"Tema proposto pelo MTG\/SC para 2023: &#8220;Conhecer para querer bem!&#8221; Como podemos ensinar algu\u00e9m a gostar? O gosto \u00e9 um tra\u00e7o \u00fanico e personal\u00edssimo. Da&hellip;","og_url":"https:\/\/www.mtgsc.com.br\/en\/tema-proposto-pelo-mtg-sc-para-2023\/","og_site_name":"MTG\/SC - Movimento Tradicionalista Ga\u00facho do Estado de Santa Catarina","article_publisher":"https:\/\/www.facebook.com\/MTGSC","article_modified_time":"2023-05-10T19:40:01+00:00","og_image":[{"width":800,"height":450,"url":"https:\/\/www.mtgsc.com.br\/wp-content\/uploads\/2023\/05\/topo-site-mobile.jpg","type":"image\/jpeg"}],"twitter_card":"summary_large_image","twitter_misc":{"Est. reading time":"2 minutes"},"schema":{"@context":"https:\/\/schema.org","@graph":[{"@type":"WebPage","@id":"https:\/\/www.mtgsc.com.br\/tema-proposto-pelo-mtg-sc-para-2023\/","url":"https:\/\/www.mtgsc.com.br\/tema-proposto-pelo-mtg-sc-para-2023\/","name":"Tema proposto pelo MTG\/SC para 2023 - MTG\/SC - Movimento Tradicionalista Ga\u00facho do Estado de Santa Catarina","isPartOf":{"@id":"https:\/\/www.mtgsc.com.br\/#website"},"primaryImageOfPage":{"@id":"https:\/\/www.mtgsc.com.br\/tema-proposto-pelo-mtg-sc-para-2023\/#primaryimage"},"image":{"@id":"https:\/\/www.mtgsc.com.br\/tema-proposto-pelo-mtg-sc-para-2023\/#primaryimage"},"thumbnailUrl":"https:\/\/www.mtgsc.com.br\/wp-content\/uploads\/2023\/05\/topo-site-mobile.jpg","datePublished":"2023-05-10T19:36:57+00:00","dateModified":"2023-05-10T19:40:01+00:00","breadcrumb":{"@id":"https:\/\/www.mtgsc.com.br\/tema-proposto-pelo-mtg-sc-para-2023\/#breadcrumb"},"inLanguage":"en-US","potentialAction":[{"@type":"ReadAction","target":["https:\/\/www.mtgsc.com.br\/tema-proposto-pelo-mtg-sc-para-2023\/"]}]},{"@type":"ImageObject","inLanguage":"en-US","@id":"https:\/\/www.mtgsc.com.br\/tema-proposto-pelo-mtg-sc-para-2023\/#primaryimage","url":"https:\/\/www.mtgsc.com.br\/wp-content\/uploads\/2023\/05\/topo-site-mobile.jpg","contentUrl":"https:\/\/www.mtgsc.com.br\/wp-content\/uploads\/2023\/05\/topo-site-mobile.jpg","width":800,"height":450},{"@type":"BreadcrumbList","@id":"https:\/\/www.mtgsc.com.br\/tema-proposto-pelo-mtg-sc-para-2023\/#breadcrumb","itemListElement":[{"@type":"ListItem","position":1,"name":"In\u00edcio","item":"https:\/\/www.mtgsc.com.br\/"},{"@type":"ListItem","position":2,"name":"Tema proposto pelo MTG\/SC para 2023"}]},{"@type":"WebSite","@id":"https:\/\/www.mtgsc.com.br\/#website","url":"https:\/\/www.mtgsc.com.br\/","name":"MTG\/SC 50 ANOS","description":"Honrar a Hist\u00f3ria e Construir o Futuro","publisher":{"@id":"https:\/\/www.mtgsc.com.br\/#organization"},"potentialAction":[{"@type":"SearchAction","target":{"@type":"EntryPoint","urlTemplate":"https:\/\/www.mtgsc.com.br\/?s={search_term_string}"},"query-input":{"@type":"PropertyValueSpecification","valueRequired":true,"valueName":"search_term_string"}}],"inLanguage":"en-US"},{"@type":"Organization","@id":"https:\/\/www.mtgsc.com.br\/#organization","name":"MTG\/SC - Movimento Tradicionalista Ga\u00facho de Santa Catarina","alternateName":"Movimento Tradicionalista Ga\u00facho de Santa Catarina","url":"https:\/\/www.mtgsc.com.br\/","logo":{"@type":"ImageObject","inLanguage":"en-US","@id":"https:\/\/www.mtgsc.com.br\/#\/schema\/logo\/image\/","url":"https:\/\/www.mtgsc.com.br\/wp-content\/uploads\/2022\/03\/logo-2018-header-light.png","contentUrl":"https:\/\/www.mtgsc.com.br\/wp-content\/uploads\/2022\/03\/logo-2018-header-light.png","width":169,"height":150,"caption":"MTG\/SC - Movimento Tradicionalista Ga\u00facho de Santa Catarina"},"image":{"@id":"https:\/\/www.mtgsc.com.br\/#\/schema\/logo\/image\/"},"sameAs":["https:\/\/www.facebook.com\/MTGSC","https:\/\/www.instagram.com\/mtgsc\/"]}]}},"_links":{"self":[{"href":"https:\/\/www.mtgsc.com.br\/en\/wp-json\/wp\/v2\/pages\/7275","targetHints":{"allow":["GET"]}}],"collection":[{"href":"https:\/\/www.mtgsc.com.br\/en\/wp-json\/wp\/v2\/pages"}],"about":[{"href":"https:\/\/www.mtgsc.com.br\/en\/wp-json\/wp\/v2\/types\/page"}],"author":[{"embeddable":true,"href":"https:\/\/www.mtgsc.com.br\/en\/wp-json\/wp\/v2\/users\/4"}],"replies":[{"embeddable":true,"href":"https:\/\/www.mtgsc.com.br\/en\/wp-json\/wp\/v2\/comments?post=7275"}],"version-history":[{"count":2,"href":"https:\/\/www.mtgsc.com.br\/en\/wp-json\/wp\/v2\/pages\/7275\/revisions"}],"predecessor-version":[{"id":7277,"href":"https:\/\/www.mtgsc.com.br\/en\/wp-json\/wp\/v2\/pages\/7275\/revisions\/7277"}],"wp:featuredmedia":[{"embeddable":true,"href":"https:\/\/www.mtgsc.com.br\/en\/wp-json\/wp\/v2\/media\/7271"}],"wp:attachment":[{"href":"https:\/\/www.mtgsc.com.br\/en\/wp-json\/wp\/v2\/media?parent=7275"}],"curies":[{"name":"wp","href":"https:\/\/api.w.org\/{rel}","templated":true}]}}