{"id":8262,"date":"2024-01-07T17:05:55","date_gmt":"2024-01-07T20:05:55","guid":{"rendered":"https:\/\/www.mtgsc.com.br\/?page_id=8262"},"modified":"2026-02-26T12:01:25","modified_gmt":"2026-02-26T15:01:25","slug":"cfor","status":"publish","type":"page","link":"https:\/\/www.mtgsc.com.br\/en\/cfor\/","title":{"rendered":"CFOR &#8211; Curso de Forma\u00e7\u00e3o Tradicionalista"},"content":{"rendered":"<figure itemscope itemtype=\"https:\/\/schema.org\/ImageObject\">\n\t\t\t\t<img decoding=\"async\" src=\"https:\/\/www.mtgsc.com.br\/wp-content\/uploads\/2025\/10\/cfor-online.png\" alt=\"cfor-online\" height=\"436\" width=\"964\" title=\"cfor-online\" onerror=\"this.style.display='none'\" loading=\"lazy\" \/>\n\t<\/figure>\n\t<p><strong>Curso de Forma\u00e7\u00e3o Tradicionalista do MTG\/SC &#8211; M\u00f3dulo I &#8211; N\u00edvel B\u00e1sico<\/strong><\/p>\n\t<strong>INFORMA\u00c7\u00d5ES IMPORTANTES:<\/strong><br \/>\n1. As inscri\u00e7\u00f5es v\u00e3o at\u00e9 dia 10\/04\/26 (sexta-feira) e est\u00e3o abertas para associados de todas as RT&#8217;s;<br \/>\n2. O valor individual da inscri\u00e7\u00e3o \u00e9 de R$ 50,00;<br \/>\n\n\t\t\t<a href=\"https:\/\/forms.gle\/w1oT764Q3hiGqAaG9\"  target=\"_blank\" rel=\"noopener\">\n\t\t\t\t\t\tInscri\u00e7\u00f5es abertas\n\t\t\t\t\t<\/a>\n\tPara a Certifica\u00e7\u00e3o o participante ter\u00e1 que:<br \/>\n1. Preencher o formul\u00e1rio de inscri\u00e7\u00e3o com o nome completo, para constar no Certificado oficial;<br \/>\n2. Manter a c\u00e2mera aberta durante a totalidade das aulas do curso;<br \/>\n3. Cada participante ter\u00e1 um acesso \u00fanico, sendo proibido que mais de 1 participante assistam no mesmo dispositivo;<br \/>\n4. O formul\u00e1rio para o preenchimento com as palavras chaves ser\u00e1 disponibilizado ao final de cada palestra e ficar\u00e1 dispon\u00edvel por apenas 15 minutos.\n\t<ul>\n<li>Membros da Diretoria Executiva;<\/li>\n<li>Membros do Conselho Deliberativo;<\/li>\n<li>Coordenadores Regionais (Art\u00edsticos e Campeiros);<\/li>\n<li>Integrantes de Patronagem atual e futura de CTGs e Piquetes &#8211; especialmente Patr\u00f5es e cargos de lideran\u00e7a;<\/li>\n<li>Prendados dos CTGs, Regionais e do Estado;<\/li>\n<li>Ju\u00edzes e Narradores;<\/li>\n<li>Pe\u00f5es e Prendas filiados;<\/li>\n<\/ul>\n<h2>\n\t\t\tPROGRAMA\u00c7\u00c3O DO CFOR\t<\/h2>\n\t<p><strong>Dia 15\/04 &#8211; Quarta-feira:<\/strong><\/p>\n<ul>\n<li>19h15 &#8211; Abertura;<\/li>\n<li>19h30 &#8211; Palestra 1: Hist\u00f3ria e Administra\u00e7\u00e3o do MTG\/SC com Julia Graciela Surdi;<\/li>\n<li>20h45 &#8211; Palestra 2: Hist\u00f3ria do Rio Grande do Sul com reflexo na hist\u00f3ria de Santa Catarina com Rog\u00e9rio Bastos;<\/li>\n<li>22h &#8211; Respostas do formul\u00e1rio e encerramento;<\/li>\n<\/ul>\n\t<p><strong>Dia 16\/04 &#8211; Quinta-feira:<\/strong><\/p>\n<ul>\n<li>19h15 &#8211; Abertura;<\/li>\n<li>19h30 &#8211; Palestra 3: A lideran\u00e7a e seus l\u00edderes, com Liliane Papen;<\/li>\n<li>20h45 &#8211; \u00c9tica e Gest\u00e3o nos Centros de Tradi\u00e7\u00e3o Ga\u00facha com Rog\u00e9rio Bastos;<\/li>\n<li>22h &#8211; Respostas do formul\u00e1rio e encerramento;<\/li>\n<\/ul>\n<figure itemscope itemtype=\"https:\/\/schema.org\/ImageObject\">\n\t\t\t\t<img decoding=\"async\" src=\"https:\/\/www.mtgsc.com.br\/wp-content\/uploads\/2024\/06\/rogerio-bastos.jpg\" alt=\"Rogerio Bastos\" height=\"431\" width=\"650\" title=\"rogerio-bastos\" onerror=\"this.style.display='none'\" loading=\"lazy\" \/>\n\t<\/figure>\n<figure itemscope itemtype=\"https:\/\/schema.org\/ImageObject\">\n\t\t\t\t<img decoding=\"async\" src=\"https:\/\/www.mtgsc.com.br\/wp-content\/uploads\/2024\/06\/liliane-papen-e1718632206163.jpg\" alt=\"liliane-papen\" height=\"960\" width=\"896\" title=\"liliane-papen\" onerror=\"this.style.display='none'\" loading=\"lazy\" \/>\n\t<\/figure>\n<figure itemscope itemtype=\"https:\/\/schema.org\/ImageObject\">\n\t\t\t\t<img decoding=\"async\" src=\"https:\/\/www.mtgsc.com.br\/wp-content\/uploads\/2024\/05\/JULIA-GRACIELA-SURDI.jpeg\" alt=\"JULIA GRACIELA SURDI\" height=\"960\" width=\"951\" title=\"JULIA GRACIELA SURDI\" onerror=\"this.style.display='none'\" loading=\"lazy\" \/>\n\t<\/figure>\n\t<ul>\n<li>Ap\u00f3s a confirma\u00e7\u00e3o do pagamento, o participante ser\u00e1 adicionado \u00e0 um grupo no What&#8217;sApp, onde receber\u00e1 todas as informa\u00e7\u00f5es pertinentes ao CFOR, como datas, hor\u00e1rios, links para assistir as palestras e tamb\u00e9m os links para os formul\u00e1rios de resposta.<\/li>\n<li>Qualquer d\u00favida entre em contato com Jo\u00e3o Teles pelo fone: 049 9 9924 5557<\/li>\n<\/ul>","protected":false},"excerpt":{"rendered":"<p>Curso de Forma\u00e7\u00e3o Tradicionalista do MTG\/SC &#8211; M\u00f3dulo I &#8211; N\u00edvel B\u00e1sico INFORMA\u00c7\u00d5ES IMPORTANTES: 1. As inscri\u00e7\u00f5es v\u00e3o at\u00e9 dia 10\/04\/26 (sexta-feira) e est\u00e3o abertas&hellip;<\/p>","protected":false},"author":4,"featured_media":8271,"parent":0,"menu_order":0,"comment_status":"closed","ping_status":"closed","template":"","meta":{"footnotes":""},"class_list":["post-8262","page","type-page","status-publish","has-post-thumbnail","hentry"],"yoast_head":"<!-- This site is optimized with the Yoast SEO plugin v27.4 - https:\/\/yoast.com\/product\/yoast-seo-wordpress\/ -->\n<title>CFOR - Curso de Forma\u00e7\u00e3o Tradicionalista - MTG\/SC - Movimento Tradicionalista Ga\u00facho do Estado de Santa Catarina<\/title>\n<meta name=\"description\" content=\"Fa\u00e7a a inscri\u00e7\u00e3o para o CFOR ONLINE | 2026 - Curso de Forma\u00e7\u00e3o Tradicionalista do MTG\/SC. Confira a programa\u00e7\u00e3o completa e demais informa\u00e7\u00f5es.\" \/>\n<meta name=\"robots\" content=\"index, follow, max-snippet:-1, max-image-preview:large, max-video-preview:-1\" \/>\n<link rel=\"canonical\" href=\"https:\/\/www.mtgsc.com.br\/en\/cfor\/\" \/>\n<meta property=\"og:locale\" content=\"en_US\" \/>\n<meta property=\"og:type\" content=\"article\" \/>\n<meta property=\"og:title\" content=\"CFOR - Curso de Forma\u00e7\u00e3o Tradicionalista - MTG\/SC - Movimento Tradicionalista Ga\u00facho do Estado de Santa Catarina\" \/>\n<meta property=\"og:description\" content=\"Fa\u00e7a a inscri\u00e7\u00e3o para o CFOR ONLINE | 2026 - Curso de Forma\u00e7\u00e3o Tradicionalista do MTG\/SC. Confira a programa\u00e7\u00e3o completa e demais informa\u00e7\u00f5es.\" \/>\n<meta property=\"og:url\" content=\"https:\/\/www.mtgsc.com.br\/en\/cfor\/\" \/>\n<meta property=\"og:site_name\" content=\"MTG\/SC - Movimento Tradicionalista Ga\u00facho do Estado de Santa Catarina\" \/>\n<meta property=\"article:publisher\" content=\"https:\/\/www.facebook.com\/MTGSC\" \/>\n<meta property=\"article:modified_time\" content=\"2026-02-26T15:01:25+00:00\" \/>\n<meta property=\"og:image\" content=\"https:\/\/www.mtgsc.com.br\/wp-content\/uploads\/2024\/01\/cfor-2024-1.jpg\" \/>\n\t<meta property=\"og:image:width\" content=\"600\" \/>\n\t<meta property=\"og:image:height\" content=\"287\" \/>\n\t<meta property=\"og:image:type\" content=\"image\/jpeg\" \/>\n<meta name=\"twitter:card\" content=\"summary_large_image\" \/>\n<meta name=\"twitter:image\" content=\"https:\/\/www.mtgsc.com.br\/wp-content\/uploads\/2024\/01\/cfor-2024-1.jpg\" \/>\n<meta name=\"twitter:label1\" content=\"Est. reading time\" \/>\n\t<meta name=\"twitter:data1\" content=\"6 minutes\" \/>\n<script type=\"application\/ld+json\" class=\"yoast-schema-graph\">{\"@context\":\"https:\\\/\\\/schema.org\",\"@graph\":[{\"@type\":\"WebPage\",\"@id\":\"https:\\\/\\\/www.mtgsc.com.br\\\/cfor\\\/\",\"url\":\"https:\\\/\\\/www.mtgsc.com.br\\\/cfor\\\/\",\"name\":\"CFOR - Curso de Forma\u00e7\u00e3o Tradicionalista - MTG\\\/SC - Movimento Tradicionalista Ga\u00facho do Estado de Santa Catarina\",\"isPartOf\":{\"@id\":\"https:\\\/\\\/www.mtgsc.com.br\\\/#website\"},\"primaryImageOfPage\":{\"@id\":\"https:\\\/\\\/www.mtgsc.com.br\\\/cfor\\\/#primaryimage\"},\"image\":{\"@id\":\"https:\\\/\\\/www.mtgsc.com.br\\\/cfor\\\/#primaryimage\"},\"thumbnailUrl\":\"https:\\\/\\\/www.mtgsc.com.br\\\/wp-content\\\/uploads\\\/2024\\\/01\\\/cfor-2024-1.jpg\",\"datePublished\":\"2024-01-07T20:05:55+00:00\",\"dateModified\":\"2026-02-26T15:01:25+00:00\",\"description\":\"Fa\u00e7a a inscri\u00e7\u00e3o para o CFOR ONLINE | 2026 - Curso de Forma\u00e7\u00e3o Tradicionalista do MTG\\\/SC. Confira a programa\u00e7\u00e3o completa e demais informa\u00e7\u00f5es.\",\"breadcrumb\":{\"@id\":\"https:\\\/\\\/www.mtgsc.com.br\\\/cfor\\\/#breadcrumb\"},\"inLanguage\":\"en-US\",\"potentialAction\":[{\"@type\":\"ReadAction\",\"target\":[\"https:\\\/\\\/www.mtgsc.com.br\\\/cfor\\\/\"]}]},{\"@type\":\"ImageObject\",\"inLanguage\":\"en-US\",\"@id\":\"https:\\\/\\\/www.mtgsc.com.br\\\/cfor\\\/#primaryimage\",\"url\":\"https:\\\/\\\/www.mtgsc.com.br\\\/wp-content\\\/uploads\\\/2024\\\/01\\\/cfor-2024-1.jpg\",\"contentUrl\":\"https:\\\/\\\/www.mtgsc.com.br\\\/wp-content\\\/uploads\\\/2024\\\/01\\\/cfor-2024-1.jpg\",\"width\":600,\"height\":287},{\"@type\":\"BreadcrumbList\",\"@id\":\"https:\\\/\\\/www.mtgsc.com.br\\\/cfor\\\/#breadcrumb\",\"itemListElement\":[{\"@type\":\"ListItem\",\"position\":1,\"name\":\"In\u00edcio\",\"item\":\"https:\\\/\\\/www.mtgsc.com.br\\\/\"},{\"@type\":\"ListItem\",\"position\":2,\"name\":\"CFOR &#8211; Curso de Forma\u00e7\u00e3o Tradicionalista\"}]},{\"@type\":\"WebSite\",\"@id\":\"https:\\\/\\\/www.mtgsc.com.br\\\/#website\",\"url\":\"https:\\\/\\\/www.mtgsc.com.br\\\/\",\"name\":\"MTG\\\/SC 50 ANOS\",\"description\":\"Honrar a Hist\u00f3ria e Construir o Futuro\",\"publisher\":{\"@id\":\"https:\\\/\\\/www.mtgsc.com.br\\\/#organization\"},\"potentialAction\":[{\"@type\":\"SearchAction\",\"target\":{\"@type\":\"EntryPoint\",\"urlTemplate\":\"https:\\\/\\\/www.mtgsc.com.br\\\/?s={search_term_string}\"},\"query-input\":{\"@type\":\"PropertyValueSpecification\",\"valueRequired\":true,\"valueName\":\"search_term_string\"}}],\"inLanguage\":\"en-US\"},{\"@type\":\"Organization\",\"@id\":\"https:\\\/\\\/www.mtgsc.com.br\\\/#organization\",\"name\":\"MTG\\\/SC - Movimento Tradicionalista Ga\u00facho de Santa Catarina\",\"alternateName\":\"Movimento Tradicionalista Ga\u00facho de Santa Catarina\",\"url\":\"https:\\\/\\\/www.mtgsc.com.br\\\/\",\"logo\":{\"@type\":\"ImageObject\",\"inLanguage\":\"en-US\",\"@id\":\"https:\\\/\\\/www.mtgsc.com.br\\\/#\\\/schema\\\/logo\\\/image\\\/\",\"url\":\"https:\\\/\\\/www.mtgsc.com.br\\\/wp-content\\\/uploads\\\/2022\\\/03\\\/logo-2018-header-light.png\",\"contentUrl\":\"https:\\\/\\\/www.mtgsc.com.br\\\/wp-content\\\/uploads\\\/2022\\\/03\\\/logo-2018-header-light.png\",\"width\":169,\"height\":150,\"caption\":\"MTG\\\/SC - Movimento Tradicionalista Ga\u00facho de Santa Catarina\"},\"image\":{\"@id\":\"https:\\\/\\\/www.mtgsc.com.br\\\/#\\\/schema\\\/logo\\\/image\\\/\"},\"sameAs\":[\"https:\\\/\\\/www.facebook.com\\\/MTGSC\",\"https:\\\/\\\/www.instagram.com\\\/mtgsc\\\/\"]}]}<\/script>\n<!-- \/ Yoast SEO plugin. -->","yoast_head_json":{"title":"CFOR - Curso de Forma\u00e7\u00e3o Tradicionalista - MTG\/SC - Movimento Tradicionalista Ga\u00facho do Estado de Santa Catarina","description":"Fa\u00e7a a inscri\u00e7\u00e3o para o CFOR ONLINE | 2026 - Curso de Forma\u00e7\u00e3o Tradicionalista do MTG\/SC. Confira a programa\u00e7\u00e3o completa e demais informa\u00e7\u00f5es.","robots":{"index":"index","follow":"follow","max-snippet":"max-snippet:-1","max-image-preview":"max-image-preview:large","max-video-preview":"max-video-preview:-1"},"canonical":"https:\/\/www.mtgsc.com.br\/en\/cfor\/","og_locale":"en_US","og_type":"article","og_title":"CFOR - Curso de Forma\u00e7\u00e3o Tradicionalista - MTG\/SC - Movimento Tradicionalista Ga\u00facho do Estado de Santa Catarina","og_description":"Fa\u00e7a a inscri\u00e7\u00e3o para o CFOR ONLINE | 2026 - Curso de Forma\u00e7\u00e3o Tradicionalista do MTG\/SC. Confira a programa\u00e7\u00e3o completa e demais informa\u00e7\u00f5es.","og_url":"https:\/\/www.mtgsc.com.br\/en\/cfor\/","og_site_name":"MTG\/SC - Movimento Tradicionalista Ga\u00facho do Estado de Santa Catarina","article_publisher":"https:\/\/www.facebook.com\/MTGSC","article_modified_time":"2026-02-26T15:01:25+00:00","og_image":[{"width":600,"height":287,"url":"https:\/\/www.mtgsc.com.br\/wp-content\/uploads\/2024\/01\/cfor-2024-1.jpg","type":"image\/jpeg"}],"twitter_card":"summary_large_image","twitter_image":"https:\/\/www.mtgsc.com.br\/wp-content\/uploads\/2024\/01\/cfor-2024-1.jpg","twitter_misc":{"Est. reading time":"6 minutes"},"schema":{"@context":"https:\/\/schema.org","@graph":[{"@type":"WebPage","@id":"https:\/\/www.mtgsc.com.br\/cfor\/","url":"https:\/\/www.mtgsc.com.br\/cfor\/","name":"CFOR - Curso de Forma\u00e7\u00e3o Tradicionalista - MTG\/SC - Movimento Tradicionalista Ga\u00facho do Estado de Santa Catarina","isPartOf":{"@id":"https:\/\/www.mtgsc.com.br\/#website"},"primaryImageOfPage":{"@id":"https:\/\/www.mtgsc.com.br\/cfor\/#primaryimage"},"image":{"@id":"https:\/\/www.mtgsc.com.br\/cfor\/#primaryimage"},"thumbnailUrl":"https:\/\/www.mtgsc.com.br\/wp-content\/uploads\/2024\/01\/cfor-2024-1.jpg","datePublished":"2024-01-07T20:05:55+00:00","dateModified":"2026-02-26T15:01:25+00:00","description":"Fa\u00e7a a inscri\u00e7\u00e3o para o CFOR ONLINE | 2026 - Curso de Forma\u00e7\u00e3o Tradicionalista do MTG\/SC. Confira a programa\u00e7\u00e3o completa e demais informa\u00e7\u00f5es.","breadcrumb":{"@id":"https:\/\/www.mtgsc.com.br\/cfor\/#breadcrumb"},"inLanguage":"en-US","potentialAction":[{"@type":"ReadAction","target":["https:\/\/www.mtgsc.com.br\/cfor\/"]}]},{"@type":"ImageObject","inLanguage":"en-US","@id":"https:\/\/www.mtgsc.com.br\/cfor\/#primaryimage","url":"https:\/\/www.mtgsc.com.br\/wp-content\/uploads\/2024\/01\/cfor-2024-1.jpg","contentUrl":"https:\/\/www.mtgsc.com.br\/wp-content\/uploads\/2024\/01\/cfor-2024-1.jpg","width":600,"height":287},{"@type":"BreadcrumbList","@id":"https:\/\/www.mtgsc.com.br\/cfor\/#breadcrumb","itemListElement":[{"@type":"ListItem","position":1,"name":"In\u00edcio","item":"https:\/\/www.mtgsc.com.br\/"},{"@type":"ListItem","position":2,"name":"CFOR &#8211; Curso de Forma\u00e7\u00e3o Tradicionalista"}]},{"@type":"WebSite","@id":"https:\/\/www.mtgsc.com.br\/#website","url":"https:\/\/www.mtgsc.com.br\/","name":"MTG\/SC 50 ANOS","description":"Honrar a Hist\u00f3ria e Construir o Futuro","publisher":{"@id":"https:\/\/www.mtgsc.com.br\/#organization"},"potentialAction":[{"@type":"SearchAction","target":{"@type":"EntryPoint","urlTemplate":"https:\/\/www.mtgsc.com.br\/?s={search_term_string}"},"query-input":{"@type":"PropertyValueSpecification","valueRequired":true,"valueName":"search_term_string"}}],"inLanguage":"en-US"},{"@type":"Organization","@id":"https:\/\/www.mtgsc.com.br\/#organization","name":"MTG\/SC - Movimento Tradicionalista Ga\u00facho de Santa Catarina","alternateName":"Movimento Tradicionalista Ga\u00facho de Santa Catarina","url":"https:\/\/www.mtgsc.com.br\/","logo":{"@type":"ImageObject","inLanguage":"en-US","@id":"https:\/\/www.mtgsc.com.br\/#\/schema\/logo\/image\/","url":"https:\/\/www.mtgsc.com.br\/wp-content\/uploads\/2022\/03\/logo-2018-header-light.png","contentUrl":"https:\/\/www.mtgsc.com.br\/wp-content\/uploads\/2022\/03\/logo-2018-header-light.png","width":169,"height":150,"caption":"MTG\/SC - Movimento Tradicionalista Ga\u00facho de Santa Catarina"},"image":{"@id":"https:\/\/www.mtgsc.com.br\/#\/schema\/logo\/image\/"},"sameAs":["https:\/\/www.facebook.com\/MTGSC","https:\/\/www.instagram.com\/mtgsc\/"]}]}},"_links":{"self":[{"href":"https:\/\/www.mtgsc.com.br\/en\/wp-json\/wp\/v2\/pages\/8262","targetHints":{"allow":["GET"]}}],"collection":[{"href":"https:\/\/www.mtgsc.com.br\/en\/wp-json\/wp\/v2\/pages"}],"about":[{"href":"https:\/\/www.mtgsc.com.br\/en\/wp-json\/wp\/v2\/types\/page"}],"author":[{"embeddable":true,"href":"https:\/\/www.mtgsc.com.br\/en\/wp-json\/wp\/v2\/users\/4"}],"replies":[{"embeddable":true,"href":"https:\/\/www.mtgsc.com.br\/en\/wp-json\/wp\/v2\/comments?post=8262"}],"version-history":[{"count":11,"href":"https:\/\/www.mtgsc.com.br\/en\/wp-json\/wp\/v2\/pages\/8262\/revisions"}],"predecessor-version":[{"id":11485,"href":"https:\/\/www.mtgsc.com.br\/en\/wp-json\/wp\/v2\/pages\/8262\/revisions\/11485"}],"wp:featuredmedia":[{"embeddable":true,"href":"https:\/\/www.mtgsc.com.br\/en\/wp-json\/wp\/v2\/media\/8271"}],"wp:attachment":[{"href":"https:\/\/www.mtgsc.com.br\/en\/wp-json\/wp\/v2\/media?parent=8262"}],"curies":[{"name":"wp","href":"https:\/\/api.w.org\/{rel}","templated":true}]}}