{"id":8797,"date":"2024-03-13T00:56:35","date_gmt":"2024-03-13T03:56:35","guid":{"rendered":"https:\/\/www.mtgsc.com.br\/?page_id=8797"},"modified":"2026-04-16T11:46:27","modified_gmt":"2026-04-16T14:46:27","slug":"home-2024","status":"publish","type":"page","link":"https:\/\/www.mtgsc.com.br\/en\/","title":{"rendered":"Home 2024"},"content":{"rendered":"<img loading=\"lazy\" decoding=\"async\" src=\"https:\/\/www.mtgsc.com.br\/wp-content\/uploads\/2026\/04\/encontro-de-narradores-mtg-sc.png\" width=\"150\" height=\"86\"\/>\n    <!-- Main Title -->\n\t<!-- Separator -->\n<!-- subtitle section -->\n    <a href=\"https:\/\/www.mtgsc.com.br\/en\/encontro-de-narradorres-do-mtg-sc\/\" target=\"_self\">\n\t\t        CONFIRME AQUI\n\t\t\t\t    <\/a>\n\t\t\t\t\t\t\t                                <img loading=\"lazy\" decoding=\"async\" src=\"https:\/\/www.mtgsc.com.br\/wp-content\/uploads\/2026\/04\/banner-site-concurso-prendas-peoes.jpg\" width=\"150\" height=\"86\"\/>\n    <!-- Main Title -->\n\t<!-- Separator -->\n<!-- subtitle section -->\n    <a href=\"https:\/\/www.mtgsc.com.br\/en\/concurso-de-prendas-e-peoes-barriga-verde-2026\/\" target=\"_self\">\n\t\t        SAIBA MAIS\n\t\t\t\t    <\/a>\n\t\t\t\t\t\t\t                                <img loading=\"lazy\" decoding=\"async\" src=\"https:\/\/www.mtgsc.com.br\/wp-content\/uploads\/2026\/01\/banner-historia-futuro.jpg\" width=\"150\" height=\"86\"\/>\n\t\t\t\t\t\t\t                                <img loading=\"lazy\" decoding=\"async\" src=\"https:\/\/www.mtgsc.com.br\/wp-content\/uploads\/2025\/09\/estatuto-social-mtg-sc-2025.jpg\" width=\"150\" height=\"86\"\/>\n    <!-- Main Title -->\n\t<!-- Separator -->\n<!-- subtitle section -->\n    <a href=\"https:\/\/www.mtgsc.com.br\/en\/4a-alteracao-do-estatuto-social-do-mtg-sc\/\" target=\"_self\">\n\t\t        CONFIRA AQUI\n\t\t\t\t    <\/a>\n\t\t\t\t\t\t\t                                <img loading=\"lazy\" decoding=\"async\" src=\"https:\/\/www.mtgsc.com.br\/wp-content\/uploads\/2025\/06\/regulamento-campeiro-atualizado.jpg\" width=\"150\" height=\"86\"\/>\n    <!-- Main Title -->\n\t<!-- Separator -->\n<!-- subtitle section -->\n    <a href=\"https:\/\/www.mtgsc.com.br\/en\/regulamento-campeiro\/\" target=\"_self\">\n\t\t        CONFIRA AQUI\n\t\t\t\t    <\/a>\n\t\t\t\t\t\t\t                                <img loading=\"lazy\" decoding=\"async\" src=\"https:\/\/www.mtgsc.com.br\/wp-content\/uploads\/2024\/10\/mundo-do-laco-sistema-mtg-sc.jpg\" width=\"150\" height=\"86\"\/>\n    <!-- Main Title -->\n\t<!-- Separator -->\n<!-- subtitle section -->\n    <a href=\"https:\/\/www.mtgsc.com.br\/en\/mtg-sc-fecha-parceria-com-o-mundo-do-laco-para-melhoria-na-gestao-dos-rodeios\/\" target=\"_self\">\n\t\t        CONFIRA AQUI\n\t\t\t\t    <\/a>\n\t\t\t\t\t\t\t                                <img loading=\"lazy\" decoding=\"async\" src=\"https:\/\/www.mtgsc.com.br\/wp-content\/uploads\/2024\/03\/banner-carteirinha-digital.jpg\" width=\"150\" height=\"86\"\/>\n    <!-- Main Title -->\n\t<!-- Separator -->\n<!-- subtitle section -->\n    <a href=\"https:\/\/www.mtgsc.com.br\/en\/associados\/carteirinha-digital\/\" target=\"_self\">\n\t\t        CLIQUE AQUI\n\t\t\t\t    <\/a>\n\t\t\t\t            <!--bxslider-->\n\t\t\t        <!--njba-slider-body-->\n    <!--njba-slider-main-->","protected":false},"excerpt":{"rendered":"<p>CONFIRME AQUI SAIBA MAIS CONFIRA AQUI CONFIRA AQUI CONFIRA AQUI CLIQUE AQUI<\/p>","protected":false},"author":4,"featured_media":939,"parent":0,"menu_order":0,"comment_status":"closed","ping_status":"closed","template":"","meta":{"footnotes":""},"class_list":["post-8797","page","type-page","status-publish","has-post-thumbnail","hentry"],"yoast_head":"<!-- This site is optimized with the Yoast SEO plugin v27.4 - https:\/\/yoast.com\/product\/yoast-seo-wordpress\/ -->\n<title>Movimento Tradicionalista Ga\u00facho de SC - MTG\/SC<\/title>\n<meta name=\"description\" content=\"Orgulho de ser catarinense! Portal de informa\u00e7\u00f5es do Movimento Tradicionalista Ga\u00facho do Estado de Santa Catarina - MTG\/SC\" \/>\n<meta name=\"robots\" content=\"index, follow, max-snippet:-1, max-image-preview:large, max-video-preview:-1\" \/>\n<link rel=\"canonical\" href=\"https:\/\/www.mtgsc.com.br\/en\/\" \/>\n<meta property=\"og:locale\" content=\"en_US\" \/>\n<meta property=\"og:type\" content=\"article\" \/>\n<meta property=\"og:title\" content=\"Movimento Tradicionalista Ga\u00facho de SC - MTG\/SC\" \/>\n<meta property=\"og:description\" content=\"Orgulho de ser catarinense! Portal de informa\u00e7\u00f5es do Movimento Tradicionalista Ga\u00facho do Estado de Santa Catarina - MTG\/SC\" \/>\n<meta property=\"og:url\" content=\"https:\/\/www.mtgsc.com.br\/en\/\" \/>\n<meta property=\"og:site_name\" content=\"MTG\/SC - Movimento Tradicionalista Ga\u00facho do Estado de Santa Catarina\" \/>\n<meta property=\"article:publisher\" content=\"https:\/\/www.facebook.com\/MTGSC\" \/>\n<meta property=\"article:modified_time\" content=\"2026-04-16T14:46:27+00:00\" \/>\n<meta property=\"og:image\" content=\"https:\/\/www.mtgsc.com.br\/wp-content\/uploads\/2018\/08\/logo_posts.png\" \/>\n\t<meta property=\"og:image:width\" content=\"640\" \/>\n\t<meta property=\"og:image:height\" content=\"342\" \/>\n\t<meta property=\"og:image:type\" content=\"image\/png\" \/>\n<meta name=\"twitter:card\" content=\"summary_large_image\" \/>\n<meta name=\"twitter:image\" content=\"https:\/\/www.mtgsc.com.br\/wp-content\/uploads\/2018\/08\/logo_posts.png\" \/>\n<meta name=\"twitter:label1\" content=\"Est. reading time\" \/>\n\t<meta name=\"twitter:data1\" content=\"1 minute\" \/>\n<script type=\"application\/ld+json\" class=\"yoast-schema-graph\">{\"@context\":\"https:\\\/\\\/schema.org\",\"@graph\":[{\"@type\":\"WebPage\",\"@id\":\"https:\\\/\\\/www.mtgsc.com.br\\\/\",\"url\":\"https:\\\/\\\/www.mtgsc.com.br\\\/\",\"name\":\"Movimento Tradicionalista Ga\u00facho de SC - MTG\\\/SC\",\"isPartOf\":{\"@id\":\"https:\\\/\\\/www.mtgsc.com.br\\\/#website\"},\"primaryImageOfPage\":{\"@id\":\"https:\\\/\\\/www.mtgsc.com.br\\\/#primaryimage\"},\"image\":{\"@id\":\"https:\\\/\\\/www.mtgsc.com.br\\\/#primaryimage\"},\"thumbnailUrl\":\"https:\\\/\\\/www.mtgsc.com.br\\\/wp-content\\\/uploads\\\/2018\\\/07\\\/Logo_MTG_2018a.png\",\"datePublished\":\"2024-03-13T03:56:35+00:00\",\"dateModified\":\"2026-04-16T14:46:27+00:00\",\"description\":\"Orgulho de ser catarinense! Portal de informa\u00e7\u00f5es do Movimento Tradicionalista Ga\u00facho do Estado de Santa Catarina - MTG\\\/SC\",\"breadcrumb\":{\"@id\":\"https:\\\/\\\/www.mtgsc.com.br\\\/#breadcrumb\"},\"inLanguage\":\"en-US\",\"potentialAction\":[{\"@type\":\"ReadAction\",\"target\":[\"https:\\\/\\\/www.mtgsc.com.br\\\/\"]}]},{\"@type\":\"ImageObject\",\"inLanguage\":\"en-US\",\"@id\":\"https:\\\/\\\/www.mtgsc.com.br\\\/#primaryimage\",\"url\":\"https:\\\/\\\/www.mtgsc.com.br\\\/wp-content\\\/uploads\\\/2018\\\/07\\\/Logo_MTG_2018a.png\",\"contentUrl\":\"https:\\\/\\\/www.mtgsc.com.br\\\/wp-content\\\/uploads\\\/2018\\\/07\\\/Logo_MTG_2018a.png\",\"width\":419,\"height\":419},{\"@type\":\"BreadcrumbList\",\"@id\":\"https:\\\/\\\/www.mtgsc.com.br\\\/#breadcrumb\",\"itemListElement\":[{\"@type\":\"ListItem\",\"position\":1,\"name\":\"In\u00edcio\",\"item\":\"https:\\\/\\\/www.mtgsc.com.br\\\/\"},{\"@type\":\"ListItem\",\"position\":2,\"name\":\"Home 2024\"}]},{\"@type\":\"WebSite\",\"@id\":\"https:\\\/\\\/www.mtgsc.com.br\\\/#website\",\"url\":\"https:\\\/\\\/www.mtgsc.com.br\\\/\",\"name\":\"MTG\\\/SC 50 ANOS\",\"description\":\"Honrar a Hist\u00f3ria e Construir o Futuro\",\"publisher\":{\"@id\":\"https:\\\/\\\/www.mtgsc.com.br\\\/#organization\"},\"potentialAction\":[{\"@type\":\"SearchAction\",\"target\":{\"@type\":\"EntryPoint\",\"urlTemplate\":\"https:\\\/\\\/www.mtgsc.com.br\\\/?s={search_term_string}\"},\"query-input\":{\"@type\":\"PropertyValueSpecification\",\"valueRequired\":true,\"valueName\":\"search_term_string\"}}],\"inLanguage\":\"en-US\"},{\"@type\":\"Organization\",\"@id\":\"https:\\\/\\\/www.mtgsc.com.br\\\/#organization\",\"name\":\"MTG\\\/SC - Movimento Tradicionalista Ga\u00facho de Santa Catarina\",\"alternateName\":\"Movimento Tradicionalista Ga\u00facho de Santa Catarina\",\"url\":\"https:\\\/\\\/www.mtgsc.com.br\\\/\",\"logo\":{\"@type\":\"ImageObject\",\"inLanguage\":\"en-US\",\"@id\":\"https:\\\/\\\/www.mtgsc.com.br\\\/#\\\/schema\\\/logo\\\/image\\\/\",\"url\":\"https:\\\/\\\/www.mtgsc.com.br\\\/wp-content\\\/uploads\\\/2022\\\/03\\\/logo-2018-header-light.png\",\"contentUrl\":\"https:\\\/\\\/www.mtgsc.com.br\\\/wp-content\\\/uploads\\\/2022\\\/03\\\/logo-2018-header-light.png\",\"width\":169,\"height\":150,\"caption\":\"MTG\\\/SC - Movimento Tradicionalista Ga\u00facho de Santa Catarina\"},\"image\":{\"@id\":\"https:\\\/\\\/www.mtgsc.com.br\\\/#\\\/schema\\\/logo\\\/image\\\/\"},\"sameAs\":[\"https:\\\/\\\/www.facebook.com\\\/MTGSC\",\"https:\\\/\\\/www.instagram.com\\\/mtgsc\\\/\"]}]}<\/script>\n<!-- \/ Yoast SEO plugin. -->","yoast_head_json":{"title":"Movimento Tradicionalista Ga\u00facho de SC - MTG\/SC","description":"Orgulho de ser catarinense! Portal de informa\u00e7\u00f5es do Movimento Tradicionalista Ga\u00facho do Estado de Santa Catarina - MTG\/SC","robots":{"index":"index","follow":"follow","max-snippet":"max-snippet:-1","max-image-preview":"max-image-preview:large","max-video-preview":"max-video-preview:-1"},"canonical":"https:\/\/www.mtgsc.com.br\/en\/","og_locale":"en_US","og_type":"article","og_title":"Movimento Tradicionalista Ga\u00facho de SC - MTG\/SC","og_description":"Orgulho de ser catarinense! Portal de informa\u00e7\u00f5es do Movimento Tradicionalista Ga\u00facho do Estado de Santa Catarina - MTG\/SC","og_url":"https:\/\/www.mtgsc.com.br\/en\/","og_site_name":"MTG\/SC - Movimento Tradicionalista Ga\u00facho do Estado de Santa Catarina","article_publisher":"https:\/\/www.facebook.com\/MTGSC","article_modified_time":"2026-04-16T14:46:27+00:00","og_image":[{"width":640,"height":342,"url":"https:\/\/www.mtgsc.com.br\/wp-content\/uploads\/2018\/08\/logo_posts.png","type":"image\/png"}],"twitter_card":"summary_large_image","twitter_image":"https:\/\/www.mtgsc.com.br\/wp-content\/uploads\/2018\/08\/logo_posts.png","twitter_misc":{"Est. reading time":"1 minute"},"schema":{"@context":"https:\/\/schema.org","@graph":[{"@type":"WebPage","@id":"https:\/\/www.mtgsc.com.br\/","url":"https:\/\/www.mtgsc.com.br\/","name":"Movimento Tradicionalista Ga\u00facho de SC - MTG\/SC","isPartOf":{"@id":"https:\/\/www.mtgsc.com.br\/#website"},"primaryImageOfPage":{"@id":"https:\/\/www.mtgsc.com.br\/#primaryimage"},"image":{"@id":"https:\/\/www.mtgsc.com.br\/#primaryimage"},"thumbnailUrl":"https:\/\/www.mtgsc.com.br\/wp-content\/uploads\/2018\/07\/Logo_MTG_2018a.png","datePublished":"2024-03-13T03:56:35+00:00","dateModified":"2026-04-16T14:46:27+00:00","description":"Orgulho de ser catarinense! Portal de informa\u00e7\u00f5es do Movimento Tradicionalista Ga\u00facho do Estado de Santa Catarina - MTG\/SC","breadcrumb":{"@id":"https:\/\/www.mtgsc.com.br\/#breadcrumb"},"inLanguage":"en-US","potentialAction":[{"@type":"ReadAction","target":["https:\/\/www.mtgsc.com.br\/"]}]},{"@type":"ImageObject","inLanguage":"en-US","@id":"https:\/\/www.mtgsc.com.br\/#primaryimage","url":"https:\/\/www.mtgsc.com.br\/wp-content\/uploads\/2018\/07\/Logo_MTG_2018a.png","contentUrl":"https:\/\/www.mtgsc.com.br\/wp-content\/uploads\/2018\/07\/Logo_MTG_2018a.png","width":419,"height":419},{"@type":"BreadcrumbList","@id":"https:\/\/www.mtgsc.com.br\/#breadcrumb","itemListElement":[{"@type":"ListItem","position":1,"name":"In\u00edcio","item":"https:\/\/www.mtgsc.com.br\/"},{"@type":"ListItem","position":2,"name":"Home 2024"}]},{"@type":"WebSite","@id":"https:\/\/www.mtgsc.com.br\/#website","url":"https:\/\/www.mtgsc.com.br\/","name":"MTG\/SC 50 ANOS","description":"Honrar a Hist\u00f3ria e Construir o Futuro","publisher":{"@id":"https:\/\/www.mtgsc.com.br\/#organization"},"potentialAction":[{"@type":"SearchAction","target":{"@type":"EntryPoint","urlTemplate":"https:\/\/www.mtgsc.com.br\/?s={search_term_string}"},"query-input":{"@type":"PropertyValueSpecification","valueRequired":true,"valueName":"search_term_string"}}],"inLanguage":"en-US"},{"@type":"Organization","@id":"https:\/\/www.mtgsc.com.br\/#organization","name":"MTG\/SC - Movimento Tradicionalista Ga\u00facho de Santa Catarina","alternateName":"Movimento Tradicionalista Ga\u00facho de Santa Catarina","url":"https:\/\/www.mtgsc.com.br\/","logo":{"@type":"ImageObject","inLanguage":"en-US","@id":"https:\/\/www.mtgsc.com.br\/#\/schema\/logo\/image\/","url":"https:\/\/www.mtgsc.com.br\/wp-content\/uploads\/2022\/03\/logo-2018-header-light.png","contentUrl":"https:\/\/www.mtgsc.com.br\/wp-content\/uploads\/2022\/03\/logo-2018-header-light.png","width":169,"height":150,"caption":"MTG\/SC - Movimento Tradicionalista Ga\u00facho de Santa Catarina"},"image":{"@id":"https:\/\/www.mtgsc.com.br\/#\/schema\/logo\/image\/"},"sameAs":["https:\/\/www.facebook.com\/MTGSC","https:\/\/www.instagram.com\/mtgsc\/"]}]}},"_links":{"self":[{"href":"https:\/\/www.mtgsc.com.br\/en\/wp-json\/wp\/v2\/pages\/8797","targetHints":{"allow":["GET"]}}],"collection":[{"href":"https:\/\/www.mtgsc.com.br\/en\/wp-json\/wp\/v2\/pages"}],"about":[{"href":"https:\/\/www.mtgsc.com.br\/en\/wp-json\/wp\/v2\/types\/page"}],"author":[{"embeddable":true,"href":"https:\/\/www.mtgsc.com.br\/en\/wp-json\/wp\/v2\/users\/4"}],"replies":[{"embeddable":true,"href":"https:\/\/www.mtgsc.com.br\/en\/wp-json\/wp\/v2\/comments?post=8797"}],"version-history":[{"count":18,"href":"https:\/\/www.mtgsc.com.br\/en\/wp-json\/wp\/v2\/pages\/8797\/revisions"}],"predecessor-version":[{"id":11768,"href":"https:\/\/www.mtgsc.com.br\/en\/wp-json\/wp\/v2\/pages\/8797\/revisions\/11768"}],"wp:featuredmedia":[{"embeddable":true,"href":"https:\/\/www.mtgsc.com.br\/en\/wp-json\/wp\/v2\/media\/939"}],"wp:attachment":[{"href":"https:\/\/www.mtgsc.com.br\/en\/wp-json\/wp\/v2\/media?parent=8797"}],"curies":[{"name":"wp","href":"https:\/\/api.w.org\/{rel}","templated":true}]}}