{"id":8967,"date":"2024-03-19T15:34:55","date_gmt":"2024-03-19T18:34:55","guid":{"rendered":"https:\/\/www.mtgsc.com.br\/?page_id=8967"},"modified":"2024-03-20T14:08:16","modified_gmt":"2024-03-20T17:08:16","slug":"apostilas-mirim-de-estudo-educatche","status":"publish","type":"page","link":"https:\/\/www.mtgsc.com.br\/en\/concurso-de-prendas-e-peoes-barriga-verde\/apostilas-mirim-de-estudo-educatche\/","title":{"rendered":"Apostila de Estudos &#8211; Prendas e Pe\u00f5es &#8211; Mirim | Educatch\u00ea"},"content":{"rendered":"<img loading=\"lazy\" decoding=\"async\" src=\"https:\/\/www.mtgsc.com.br\/wp-content\/uploads\/2024\/03\/cabecalho-concurso-prendas-peoes.jpg\" alt=\"cabecalho-concurso-prendas-peoes\" itemprop=\"image\" height=\"167\" width=\"1200\" title=\"cabecalho-concurso-prendas-peoes\" onerror=\"this.style.display='none'\"  \/>\n\t<p><strong><em>Categorias:<\/em> Prenda Mirim e Xirua | Pe\u00e3o Mirim e Xir\u00fa<\/strong><\/p>\n\t<p><strong>Conte\u00fado:<\/strong><\/p>\n<ul>\n<li>GEOGRAFIA DO BRASIL;<\/li>\n<li>GEOGRAFIA DE SANTA CATARINA;<\/li>\n<li>HIST\u00d3RIA DO BRASIL;<\/li>\n<li>HISTORIA DO RIO GRANDE DO SUL;<\/li>\n<li>HIST\u00d3RIA DE SANTA CATARINA;<\/li>\n<li>FOLCLORE, TRADI\u00c7\u00c3O E TRADICIONALISMO;<\/li>\n<li>ATUALIDADES;<\/li>\n<\/ul>\n\t\t\t<a href=\"https:\/\/www.mtgsc.com.br\/wp-content\/uploads\/2024\/03\/Apostila-MTG-SC-2024-Mirim-1.pdf\" target=\"_blank\" rel=\"noopener\">\n\t\t\t\t\t\tBaixar a Apostila de Estudos &#8211; Projeto Educatch\u00ea (.pdf)\n\t\t\t\t\t<\/a>\n\tRealiza\u00e7\u00e3o: PROJETO EDUCATCH\u00ca<br \/>\nMOVIMENTO TRADICIONALISTA GA\u00daCHO DE SANTA CATARINA &#8211; MTG\/SC<br \/>\nProjeto Gr\u00e1fico: LUIGI DAL FORNO<br \/>\nRevis\u00e3o: DEPARTAMENTO CULTURAL DO MTG\/SC<br \/>\nAno da Publica\u00e7\u00e3o: 2024 &#8211; 1\u00aa Edi\u00e7\u00e3o<br \/>\nFone: 55-999789262 &#8211; EDUCATCH\u00ca\n\t        <div class=\"embedpress-document-embed ose-document ep-doc-d7fcf3f3b136871a304a78937b86779c\" style=\"width: 1000px; height: 1000px;; max-width:100%; display: block\">\n                                    <iframe title=\"Apostila MTG-SC &#8211; 2024 &#8211; Mirim\" allowfullscreen=\"true\" mozallowfullscreen=\"true\" webkitallowfullscreen=\"true\" style=\"width: 1000px; height: 1000px;; max-width:100%; display: inline-block\" data-emsrc=\"https:\/\/www.mtgsc.com.br\/wp-content\/uploads\/2024\/03\/Apostila-MTG-SC-2024-Mirim-1.pdf\" data-emid=\"embedpress-pdf-shortcode\" class=\"embedpress-embed-document-pdf embedpress-pdf-shortcode\" src=\"https:\/\/www.mtgsc.com.br\/wp-admin\/admin-ajax.php?action=get_viewer&#038;file=https%3A%2F%2Fwww.mtgsc.com.br%2Fwp-content%2Fuploads%2F2024%2F03%2FApostila-MTG-SC-2024-Mirim-1.pdf#key=dGhlbWVNb2RlPWRlZmF1bHQmdG9vbGJhcj10cnVlJmxhenlMb2FkPWZhbHNlJnBvc2l0aW9uPXRvcCZwcmVzZW50YXRpb249dHJ1ZSZkb3dubG9hZD10cnVlJmNvcHlfdGV4dD10cnVlJmFkZF90ZXh0PXRydWUmZHJhdz10cnVlJmRvY19yb3RhdGlvbj10cnVlJmFkZF9pbWFnZT10cnVlJmRvY19kZXRhaWxzPXRydWUmc2VsZWN0aW9uX3Rvb2w9MCZzY3JvbGxpbmc9LTEmc3ByZWFkcz0tMSZ6b29tX2luPXRydWUmem9vbV9vdXQ9dHJ1ZSZmaXRfdmlldz10cnVlJmJvb2ttYXJrPXRydWUmc291bmQ9dHJ1ZSZmbGlwYm9va190b29sYmFyX3Bvc2l0aW9uPWJvdHRvbSZwYWdlTnVtYmVyPTEmd2F0ZXJtYXJrX3RleHQ9JndhdGVybWFya19mb250X3NpemU9NDgmd2F0ZXJtYXJrX2NvbG9yPSUyMzAwMDAwMCZ3YXRlcm1hcmtfb3BhY2l0eT0xNSZ3YXRlcm1hcmtfc3R5bGU9Y2VudGVy\" frameborder=\"0\">\n                        <\/iframe>\n                            <\/div>","protected":false},"excerpt":{"rendered":"<p>Categorias: Prenda Mirim e Xirua | Pe\u00e3o Mirim e Xir\u00fa Conte\u00fado: GEOGRAFIA DO BRASIL; GEOGRAFIA DE SANTA CATARINA; HIST\u00d3RIA DO BRASIL; HISTORIA DO RIO GRANDE&hellip;<\/p>","protected":false},"author":4,"featured_media":0,"parent":4884,"menu_order":0,"comment_status":"closed","ping_status":"closed","template":"","meta":{"footnotes":""},"class_list":["post-8967","page","type-page","status-publish","hentry"],"yoast_head":"<!-- This site is optimized with the Yoast SEO plugin v27.4 - https:\/\/yoast.com\/product\/yoast-seo-wordpress\/ -->\n<title>Apostila de Estudos - Prendas e Pe\u00f5es - Mirim | Educatch\u00ea - MTG\/SC - Movimento Tradicionalista Ga\u00facho do Estado de Santa Catarina<\/title>\n<meta name=\"description\" content=\"Fa\u00e7a o download da Apostila de Estudos de Prendas e Pe\u00f5es do Educatch\u00ea. Categorias: Prenda Mirim e Xirua e Pe\u00e3o Mirim e Xir\u00fa\" \/>\n<meta name=\"robots\" content=\"index, follow, max-snippet:-1, max-image-preview:large, max-video-preview:-1\" \/>\n<link rel=\"canonical\" href=\"https:\/\/www.mtgsc.com.br\/en\/concurso-de-prendas-e-peoes-barriga-verde\/apostilas-mirim-de-estudo-educatche\/\" \/>\n<meta property=\"og:locale\" content=\"en_US\" \/>\n<meta property=\"og:type\" content=\"article\" \/>\n<meta property=\"og:title\" content=\"Apostila de Estudos - Prendas e Pe\u00f5es - Mirim | Educatch\u00ea - MTG\/SC - Movimento Tradicionalista Ga\u00facho do Estado de Santa Catarina\" \/>\n<meta property=\"og:description\" content=\"Fa\u00e7a o download da Apostila de Estudos de Prendas e Pe\u00f5es do Educatch\u00ea. Categorias: Prenda Mirim e Xirua e Pe\u00e3o Mirim e Xir\u00fa\" \/>\n<meta property=\"og:url\" content=\"https:\/\/www.mtgsc.com.br\/en\/concurso-de-prendas-e-peoes-barriga-verde\/apostilas-mirim-de-estudo-educatche\/\" \/>\n<meta property=\"og:site_name\" content=\"MTG\/SC - Movimento Tradicionalista Ga\u00facho do Estado de Santa Catarina\" \/>\n<meta property=\"article:publisher\" content=\"https:\/\/www.facebook.com\/MTGSC\" \/>\n<meta property=\"article:modified_time\" content=\"2024-03-20T17:08:16+00:00\" \/>\n<meta property=\"og:image\" content=\"https:\/\/www.mtgsc.com.br\/wp-content\/uploads\/2024\/03\/cabecalho-concurso-prendas-peoes.jpg\" \/>\n<meta name=\"twitter:card\" content=\"summary_large_image\" \/>\n<meta name=\"twitter:label1\" content=\"Est. reading time\" \/>\n\t<meta name=\"twitter:data1\" content=\"1 minute\" \/>\n<script type=\"application\/ld+json\" class=\"yoast-schema-graph\">{\"@context\":\"https:\\\/\\\/schema.org\",\"@graph\":[{\"@type\":\"WebPage\",\"@id\":\"https:\\\/\\\/www.mtgsc.com.br\\\/concurso-de-prendas-e-peoes-barriga-verde\\\/apostilas-mirim-de-estudo-educatche\\\/\",\"url\":\"https:\\\/\\\/www.mtgsc.com.br\\\/concurso-de-prendas-e-peoes-barriga-verde\\\/apostilas-mirim-de-estudo-educatche\\\/\",\"name\":\"Apostila de Estudos - Prendas e Pe\u00f5es - Mirim | Educatch\u00ea - MTG\\\/SC - Movimento Tradicionalista Ga\u00facho do Estado de Santa Catarina\",\"isPartOf\":{\"@id\":\"https:\\\/\\\/www.mtgsc.com.br\\\/#website\"},\"primaryImageOfPage\":{\"@id\":\"https:\\\/\\\/www.mtgsc.com.br\\\/concurso-de-prendas-e-peoes-barriga-verde\\\/apostilas-mirim-de-estudo-educatche\\\/#primaryimage\"},\"image\":{\"@id\":\"https:\\\/\\\/www.mtgsc.com.br\\\/concurso-de-prendas-e-peoes-barriga-verde\\\/apostilas-mirim-de-estudo-educatche\\\/#primaryimage\"},\"thumbnailUrl\":\"https:\\\/\\\/www.mtgsc.com.br\\\/wp-content\\\/uploads\\\/2024\\\/03\\\/cabecalho-concurso-prendas-peoes.jpg\",\"datePublished\":\"2024-03-19T18:34:55+00:00\",\"dateModified\":\"2024-03-20T17:08:16+00:00\",\"description\":\"Fa\u00e7a o download da Apostila de Estudos de Prendas e Pe\u00f5es do Educatch\u00ea. Categorias: Prenda Mirim e Xirua e Pe\u00e3o Mirim e Xir\u00fa\",\"breadcrumb\":{\"@id\":\"https:\\\/\\\/www.mtgsc.com.br\\\/concurso-de-prendas-e-peoes-barriga-verde\\\/apostilas-mirim-de-estudo-educatche\\\/#breadcrumb\"},\"inLanguage\":\"en-US\",\"potentialAction\":[{\"@type\":\"ReadAction\",\"target\":[\"https:\\\/\\\/www.mtgsc.com.br\\\/concurso-de-prendas-e-peoes-barriga-verde\\\/apostilas-mirim-de-estudo-educatche\\\/\"]}]},{\"@type\":\"ImageObject\",\"inLanguage\":\"en-US\",\"@id\":\"https:\\\/\\\/www.mtgsc.com.br\\\/concurso-de-prendas-e-peoes-barriga-verde\\\/apostilas-mirim-de-estudo-educatche\\\/#primaryimage\",\"url\":\"https:\\\/\\\/www.mtgsc.com.br\\\/wp-content\\\/uploads\\\/2024\\\/03\\\/cabecalho-concurso-prendas-peoes.jpg\",\"contentUrl\":\"https:\\\/\\\/www.mtgsc.com.br\\\/wp-content\\\/uploads\\\/2024\\\/03\\\/cabecalho-concurso-prendas-peoes.jpg\"},{\"@type\":\"BreadcrumbList\",\"@id\":\"https:\\\/\\\/www.mtgsc.com.br\\\/concurso-de-prendas-e-peoes-barriga-verde\\\/apostilas-mirim-de-estudo-educatche\\\/#breadcrumb\",\"itemListElement\":[{\"@type\":\"ListItem\",\"position\":1,\"name\":\"In\u00edcio\",\"item\":\"https:\\\/\\\/www.mtgsc.com.br\\\/\"},{\"@type\":\"ListItem\",\"position\":2,\"name\":\"Concurso Estadual de Prendas e Pe\u00f5es Barriga Verde\",\"item\":\"https:\\\/\\\/www.mtgsc.com.br\\\/concurso-de-prendas-e-peoes-barriga-verde\\\/\"},{\"@type\":\"ListItem\",\"position\":3,\"name\":\"Apostila de Estudos &#8211; Prendas e Pe\u00f5es &#8211; Mirim | Educatch\u00ea\"}]},{\"@type\":\"WebSite\",\"@id\":\"https:\\\/\\\/www.mtgsc.com.br\\\/#website\",\"url\":\"https:\\\/\\\/www.mtgsc.com.br\\\/\",\"name\":\"MTG\\\/SC 50 ANOS\",\"description\":\"Honrar a Hist\u00f3ria e Construir o Futuro\",\"publisher\":{\"@id\":\"https:\\\/\\\/www.mtgsc.com.br\\\/#organization\"},\"potentialAction\":[{\"@type\":\"SearchAction\",\"target\":{\"@type\":\"EntryPoint\",\"urlTemplate\":\"https:\\\/\\\/www.mtgsc.com.br\\\/?s={search_term_string}\"},\"query-input\":{\"@type\":\"PropertyValueSpecification\",\"valueRequired\":true,\"valueName\":\"search_term_string\"}}],\"inLanguage\":\"en-US\"},{\"@type\":\"Organization\",\"@id\":\"https:\\\/\\\/www.mtgsc.com.br\\\/#organization\",\"name\":\"MTG\\\/SC - Movimento Tradicionalista Ga\u00facho de Santa Catarina\",\"alternateName\":\"Movimento Tradicionalista Ga\u00facho de Santa Catarina\",\"url\":\"https:\\\/\\\/www.mtgsc.com.br\\\/\",\"logo\":{\"@type\":\"ImageObject\",\"inLanguage\":\"en-US\",\"@id\":\"https:\\\/\\\/www.mtgsc.com.br\\\/#\\\/schema\\\/logo\\\/image\\\/\",\"url\":\"https:\\\/\\\/www.mtgsc.com.br\\\/wp-content\\\/uploads\\\/2022\\\/03\\\/logo-2018-header-light.png\",\"contentUrl\":\"https:\\\/\\\/www.mtgsc.com.br\\\/wp-content\\\/uploads\\\/2022\\\/03\\\/logo-2018-header-light.png\",\"width\":169,\"height\":150,\"caption\":\"MTG\\\/SC - Movimento Tradicionalista Ga\u00facho de Santa Catarina\"},\"image\":{\"@id\":\"https:\\\/\\\/www.mtgsc.com.br\\\/#\\\/schema\\\/logo\\\/image\\\/\"},\"sameAs\":[\"https:\\\/\\\/www.facebook.com\\\/MTGSC\",\"https:\\\/\\\/www.instagram.com\\\/mtgsc\\\/\"]}]}<\/script>\n<!-- \/ Yoast SEO plugin. -->","yoast_head_json":{"title":"Apostila de Estudos - Prendas e Pe\u00f5es - Mirim | Educatch\u00ea - MTG\/SC - Movimento Tradicionalista Ga\u00facho do Estado de Santa Catarina","description":"Fa\u00e7a o download da Apostila de Estudos de Prendas e Pe\u00f5es do Educatch\u00ea. Categorias: Prenda Mirim e Xirua e Pe\u00e3o Mirim e Xir\u00fa","robots":{"index":"index","follow":"follow","max-snippet":"max-snippet:-1","max-image-preview":"max-image-preview:large","max-video-preview":"max-video-preview:-1"},"canonical":"https:\/\/www.mtgsc.com.br\/en\/concurso-de-prendas-e-peoes-barriga-verde\/apostilas-mirim-de-estudo-educatche\/","og_locale":"en_US","og_type":"article","og_title":"Apostila de Estudos - Prendas e Pe\u00f5es - Mirim | Educatch\u00ea - MTG\/SC - Movimento Tradicionalista Ga\u00facho do Estado de Santa Catarina","og_description":"Fa\u00e7a o download da Apostila de Estudos de Prendas e Pe\u00f5es do Educatch\u00ea. Categorias: Prenda Mirim e Xirua e Pe\u00e3o Mirim e Xir\u00fa","og_url":"https:\/\/www.mtgsc.com.br\/en\/concurso-de-prendas-e-peoes-barriga-verde\/apostilas-mirim-de-estudo-educatche\/","og_site_name":"MTG\/SC - Movimento Tradicionalista Ga\u00facho do Estado de Santa Catarina","article_publisher":"https:\/\/www.facebook.com\/MTGSC","article_modified_time":"2024-03-20T17:08:16+00:00","og_image":[{"url":"https:\/\/www.mtgsc.com.br\/wp-content\/uploads\/2024\/03\/cabecalho-concurso-prendas-peoes.jpg","type":"","width":"","height":""}],"twitter_card":"summary_large_image","twitter_misc":{"Est. reading time":"1 minute"},"schema":{"@context":"https:\/\/schema.org","@graph":[{"@type":"WebPage","@id":"https:\/\/www.mtgsc.com.br\/concurso-de-prendas-e-peoes-barriga-verde\/apostilas-mirim-de-estudo-educatche\/","url":"https:\/\/www.mtgsc.com.br\/concurso-de-prendas-e-peoes-barriga-verde\/apostilas-mirim-de-estudo-educatche\/","name":"Apostila de Estudos - Prendas e Pe\u00f5es - Mirim | Educatch\u00ea - MTG\/SC - Movimento Tradicionalista Ga\u00facho do Estado de Santa Catarina","isPartOf":{"@id":"https:\/\/www.mtgsc.com.br\/#website"},"primaryImageOfPage":{"@id":"https:\/\/www.mtgsc.com.br\/concurso-de-prendas-e-peoes-barriga-verde\/apostilas-mirim-de-estudo-educatche\/#primaryimage"},"image":{"@id":"https:\/\/www.mtgsc.com.br\/concurso-de-prendas-e-peoes-barriga-verde\/apostilas-mirim-de-estudo-educatche\/#primaryimage"},"thumbnailUrl":"https:\/\/www.mtgsc.com.br\/wp-content\/uploads\/2024\/03\/cabecalho-concurso-prendas-peoes.jpg","datePublished":"2024-03-19T18:34:55+00:00","dateModified":"2024-03-20T17:08:16+00:00","description":"Fa\u00e7a o download da Apostila de Estudos de Prendas e Pe\u00f5es do Educatch\u00ea. Categorias: Prenda Mirim e Xirua e Pe\u00e3o Mirim e Xir\u00fa","breadcrumb":{"@id":"https:\/\/www.mtgsc.com.br\/concurso-de-prendas-e-peoes-barriga-verde\/apostilas-mirim-de-estudo-educatche\/#breadcrumb"},"inLanguage":"en-US","potentialAction":[{"@type":"ReadAction","target":["https:\/\/www.mtgsc.com.br\/concurso-de-prendas-e-peoes-barriga-verde\/apostilas-mirim-de-estudo-educatche\/"]}]},{"@type":"ImageObject","inLanguage":"en-US","@id":"https:\/\/www.mtgsc.com.br\/concurso-de-prendas-e-peoes-barriga-verde\/apostilas-mirim-de-estudo-educatche\/#primaryimage","url":"https:\/\/www.mtgsc.com.br\/wp-content\/uploads\/2024\/03\/cabecalho-concurso-prendas-peoes.jpg","contentUrl":"https:\/\/www.mtgsc.com.br\/wp-content\/uploads\/2024\/03\/cabecalho-concurso-prendas-peoes.jpg"},{"@type":"BreadcrumbList","@id":"https:\/\/www.mtgsc.com.br\/concurso-de-prendas-e-peoes-barriga-verde\/apostilas-mirim-de-estudo-educatche\/#breadcrumb","itemListElement":[{"@type":"ListItem","position":1,"name":"In\u00edcio","item":"https:\/\/www.mtgsc.com.br\/"},{"@type":"ListItem","position":2,"name":"Concurso Estadual de Prendas e Pe\u00f5es Barriga Verde","item":"https:\/\/www.mtgsc.com.br\/concurso-de-prendas-e-peoes-barriga-verde\/"},{"@type":"ListItem","position":3,"name":"Apostila de Estudos &#8211; Prendas e Pe\u00f5es &#8211; Mirim | Educatch\u00ea"}]},{"@type":"WebSite","@id":"https:\/\/www.mtgsc.com.br\/#website","url":"https:\/\/www.mtgsc.com.br\/","name":"MTG\/SC 50 ANOS","description":"Honrar a Hist\u00f3ria e Construir o Futuro","publisher":{"@id":"https:\/\/www.mtgsc.com.br\/#organization"},"potentialAction":[{"@type":"SearchAction","target":{"@type":"EntryPoint","urlTemplate":"https:\/\/www.mtgsc.com.br\/?s={search_term_string}"},"query-input":{"@type":"PropertyValueSpecification","valueRequired":true,"valueName":"search_term_string"}}],"inLanguage":"en-US"},{"@type":"Organization","@id":"https:\/\/www.mtgsc.com.br\/#organization","name":"MTG\/SC - Movimento Tradicionalista Ga\u00facho de Santa Catarina","alternateName":"Movimento Tradicionalista Ga\u00facho de Santa Catarina","url":"https:\/\/www.mtgsc.com.br\/","logo":{"@type":"ImageObject","inLanguage":"en-US","@id":"https:\/\/www.mtgsc.com.br\/#\/schema\/logo\/image\/","url":"https:\/\/www.mtgsc.com.br\/wp-content\/uploads\/2022\/03\/logo-2018-header-light.png","contentUrl":"https:\/\/www.mtgsc.com.br\/wp-content\/uploads\/2022\/03\/logo-2018-header-light.png","width":169,"height":150,"caption":"MTG\/SC - Movimento Tradicionalista Ga\u00facho de Santa Catarina"},"image":{"@id":"https:\/\/www.mtgsc.com.br\/#\/schema\/logo\/image\/"},"sameAs":["https:\/\/www.facebook.com\/MTGSC","https:\/\/www.instagram.com\/mtgsc\/"]}]}},"_links":{"self":[{"href":"https:\/\/www.mtgsc.com.br\/en\/wp-json\/wp\/v2\/pages\/8967","targetHints":{"allow":["GET"]}}],"collection":[{"href":"https:\/\/www.mtgsc.com.br\/en\/wp-json\/wp\/v2\/pages"}],"about":[{"href":"https:\/\/www.mtgsc.com.br\/en\/wp-json\/wp\/v2\/types\/page"}],"author":[{"embeddable":true,"href":"https:\/\/www.mtgsc.com.br\/en\/wp-json\/wp\/v2\/users\/4"}],"replies":[{"embeddable":true,"href":"https:\/\/www.mtgsc.com.br\/en\/wp-json\/wp\/v2\/comments?post=8967"}],"version-history":[{"count":4,"href":"https:\/\/www.mtgsc.com.br\/en\/wp-json\/wp\/v2\/pages\/8967\/revisions"}],"predecessor-version":[{"id":8975,"href":"https:\/\/www.mtgsc.com.br\/en\/wp-json\/wp\/v2\/pages\/8967\/revisions\/8975"}],"up":[{"embeddable":true,"href":"https:\/\/www.mtgsc.com.br\/en\/wp-json\/wp\/v2\/pages\/4884"}],"wp:attachment":[{"href":"https:\/\/www.mtgsc.com.br\/en\/wp-json\/wp\/v2\/media?parent=8967"}],"curies":[{"name":"wp","href":"https:\/\/api.w.org\/{rel}","templated":true}]}}