{"id":9487,"date":"2024-07-07T21:02:18","date_gmt":"2024-07-08T00:02:18","guid":{"rendered":"https:\/\/www.mtgsc.com.br\/?page_id=9487"},"modified":"2024-09-20T11:20:38","modified_gmt":"2024-09-20T14:20:38","slug":"rodeio-estadual-de-campeoes","status":"publish","type":"page","link":"https:\/\/www.mtgsc.com.br\/en\/rodeio-estadual-de-campeoes\/","title":{"rendered":"XXI Rodeio Estadual de Campe\u00f5es"},"content":{"rendered":"<img loading=\"lazy\" decoding=\"async\" src=\"https:\/\/www.mtgsc.com.br\/wp-content\/uploads\/2024\/07\/logo-horizontal-rodeio-dos-campeoes-2024.png\" alt=\"logo-horizontal-rodeio-dos-campeoes-2024\" itemprop=\"image\" height=\"289\" width=\"900\" title=\"logo-horizontal-rodeio-dos-campeoes-2024\" onerror=\"this.style.display='none'\"  \/>\n<h2>\n\t\tPROGRAMA\u00c7\u00c3O COMPLETA DO XXI RODEIO ESTADUAL DE CAMPE\u00d5ES DO MTG\/SC\n\t<\/h2>\n<h2>\n\t\tPROGRAMA\u00c7\u00c3O 18\/09 &#8211; QUARTA\n\t<\/h2>\n\t<p><img decoding=\"async\" role=\"img\" draggable=\"false\" src=\"https:\/\/s.w.org\/images\/core\/emoji\/15.0.3\/svg\/1f559.svg\" alt=\"\ud83d\udd59\" \/> In\u00edcio \u00e0s 14h: <strong>La\u00e7o Munic\u00edpio de Jabor\u00e1<\/strong><\/p>\n<ul>\n<li>Individual (Todos jogam 10 armadas)\n<ul>\n<li>For\u00e7a A &#8211; 08, 09 e 10 armadas<\/li>\n<li>For\u00e7a B &#8211; 06 e 07 armadas<\/li>\n<li>For\u00e7a C &#8211; 04 e 05 armadas<\/li>\n<\/ul>\n<\/li>\n<li>Dupla Embutida\n<ul>\n<li>For\u00e7a A &#8211; de 15 armadas acima<\/li>\n<li>For\u00e7a B &#8211; de 11 a 14 armadas<\/li>\n<li>For\u00e7a C &#8211; de 08 a 10 armadas<\/li>\n<\/ul>\n<\/li>\n<\/ul>\n<p><strong>IMPORTANTE: Todas as for\u00e7as param em 03 ou menos.<\/strong><\/p>\n<b>\ud83d\udd56 <\/b>18h: Ora\u00e7\u00e3o da Ave-Maria<br \/>\n<img decoding=\"async\" role=\"img\" draggable=\"false\" src=\"https:\/\/s.w.org\/images\/core\/emoji\/15.0.3\/svg\/1f559.svg\" alt=\"\ud83d\udd59\" \/> 20h: Reuni\u00e3o com os coordenadores campeiros e comiss\u00e3o organizadora na secretaria do evento, localizada no Parque Municipal de Rodeios;\n<h2>\n\t\tPROGRAMA\u00c7\u00c3O 19\/09 &#8211; QUINTA\n\t<\/h2>\n\t<p><b><img decoding=\"async\" role=\"img\" draggable=\"false\" src=\"https:\/\/s.w.org\/images\/core\/emoji\/14.0.0\/svg\/1f557.svg\" alt=\"\ud83d\udd57\" \/> <\/b>In\u00edcio \u00e0s 08h:<b> As provas ser\u00e3o feitas conforme a sequ\u00eancia abaixo<\/b><\/p>\n<ol>\n<li><strong>Prova de R\u00e9deas Cron\u00f4metro:<\/strong> Classificat\u00f3ria e Final<\/li>\n<li><strong>Prova de R\u00e9deas Desafio:<\/strong> na Mesma Sequ\u00eancia de Modalidades &#8211; Classificat\u00f3ria e Final<br \/>\n(Pi\u00e1, Guri, Prenda Mirim, Prenda Juvenil, Prenda Adulta, Vaqueano, Veterano e Pe\u00e3o)<\/li>\n<li><strong>Prova do Chasque:<\/strong>\u00a0Classificat\u00f3ria e Final<\/li>\n<li><strong>La\u00e7o Irm\u00e3o:<\/strong> Classificat\u00f3ria e Final &#8211; 5 armadas<\/li>\n<li><strong>Dupla Xir\u00fa:<\/strong> Classificat\u00f3ria e Final &#8211; 5 armadas<\/li>\n<li><strong>La\u00e7o Patr\u00e3o de Piquete:<\/strong> Classificat\u00f3ria e Final &#8211; 5 armadas<\/li>\n<li><strong>La\u00e7o Diretoria:<\/strong> Classificat\u00f3ria e Final &#8211; 5 armadas<\/li>\n<li><strong>La\u00e7o Dupla Narrador:<\/strong> Classificat\u00f3ria e Final &#8211; 5 armadas<\/li>\n<\/ol>\n<p><b>\ud83d\udd56 <\/b>18h: Ora\u00e7\u00e3o da Ave-Maria<\/p>\n<h2>\n\t\tPROGRAMA\u00c7\u00c3O 20\/09 &#8211; SEXTA\n\t<\/h2>\n\t<p><b><img decoding=\"async\" role=\"img\" draggable=\"false\" src=\"https:\/\/s.w.org\/images\/core\/emoji\/14.0.0\/svg\/1f556.svg\" alt=\"\ud83d\udd56\" \/> <\/b>In\u00edcio \u00e0s 07h: <b>As provas ser\u00e3o feitas conforme a sequ\u00eancia abaixo<\/b><\/p>\n<ol>\n<li><strong>La\u00e7o Veterano:<\/strong> Classificat\u00f3ria e final &#8211; 5 armadas<\/li>\n<li><strong>La\u00e7o Vaqueano:<\/strong> Classificat\u00f3ria e final &#8211; 5 armadas<\/li>\n<li><strong>La\u00e7o Av\u00f4 e Neto:<\/strong> Classificat\u00f3ria e final &#8211; 5 armadas<\/li>\n<li><strong>La\u00e7o 3 Gera\u00e7\u00f5es:<\/strong> Classificat\u00f3ria e final &#8211; 5 armadas<\/li>\n<li><strong>La\u00e7o Sele\u00e7\u00f5es Pe\u00e3o Adulto:<\/strong> 03 voltas &#8211; 3 armadas<\/li>\n<li><strong>La\u00e7o Prenda Mirim:<\/strong> Classificat\u00f3ria e final &#8211; 5 armadas<\/li>\n<li><strong>La\u00e7o Prenda Juvenil:<\/strong> Classificat\u00f3ria e final &#8211; 5 armadas<\/li>\n<li><strong>La\u00e7o Pi\u00e1<\/strong>: Classificat\u00f3ria e final &#8211; 5 armadas<\/li>\n<\/ol>\n<p><b><img decoding=\"async\" role=\"img\" draggable=\"false\" src=\"https:\/\/s.w.org\/images\/core\/emoji\/15.0.3\/svg\/1f556.svg\" alt=\"\ud83d\udd56\" \/> <\/b>In\u00edcio \u00e0s 08h: <b>Abertura das provas de Vaca Parada<\/b><\/p>\n<ol>\n<li><strong>Bonequinha:<\/strong> Classificat\u00f3ria &#8211; 7 armadas<\/li>\n<li><strong>Menininha:<\/strong> Classificat\u00f3ria &#8211; 7 armadas<\/li>\n<li><strong>Final Bonequinha e Menininha\u00a0<\/strong><\/li>\n<li><strong>Prendinha:<\/strong> Classificat\u00f3ria e Final &#8211; 7 armadas<\/li>\n<\/ol>\n<b>\ud83d\udd51 14h: Abertura Oficial do XXI Rodeio Estadual de Campe\u00f5es do MTG\/SC<br \/>\n<img decoding=\"async\" role=\"img\" draggable=\"false\" src=\"https:\/\/s.w.org\/images\/core\/emoji\/15.0.3\/svg\/1f556.svg\" alt=\"\ud83d\udd56\" \/> <\/b>18h: Ora\u00e7\u00e3o da Ave-Maria\n<h2>\n\t\tPROGRAMA\u00c7\u00c3O 21\/09 &#8211; S\u00c1BADO\n\t<\/h2>\n\t<p><b><img decoding=\"async\" role=\"img\" draggable=\"false\" src=\"https:\/\/s.w.org\/images\/core\/emoji\/14.0.0\/svg\/1f556.svg\" alt=\"\ud83d\udd56\" \/> <\/b>In\u00edcio \u00e0s 07h: <b>As provas ser\u00e3o feitas conforme a sequ\u00eancia abaixo<\/b><\/p>\n<ol>\n<li>\n<strong>La\u00e7o Guri:<\/strong> Classificat\u00f3ria e final &#8211; 5 armadas\n<\/li>\n<li>\n<strong>La\u00e7o Pai e Filho:<\/strong> Classificat\u00f3ria e final &#8211; 5 armadas\n<\/li>\n<li>\n<strong>La\u00e7o Pai\/M\u00e3e e Filho\/Filha:<\/strong> Classificat\u00f3ria e final &#8211; 5 armadas\n<\/li>\n<li>\n<strong>La\u00e7o Sele\u00e7\u00f5es Pe\u00e3o Adulto:<\/strong> 4 voltas &#8211; 4 armadas\n<\/li>\n<li>\n<strong>La\u00e7o munic\u00edpio de Jabor\u00e1:<\/strong> 03 voltas em cada for\u00e7a (individual e duplas)\n<\/li>\n<li><strong>La\u00e7o Patr\u00e3o de CTG:<\/strong> Classificat\u00f3ria e final &#8211; 5 armadas<\/li>\n<\/ol>\n<p><b><img decoding=\"async\" role=\"img\" draggable=\"false\" src=\"https:\/\/s.w.org\/images\/core\/emoji\/15.0.3\/svg\/1f556.svg\" alt=\"\ud83d\udd56\" \/> <\/b>In\u00edcio \u00e0s 08h: <b>Abertura das provas de Vaca Parada<\/b><\/p>\n<ol>\n<li><strong>Piazinho:<\/strong> Classificat\u00f3ria &#8211; 7 armadas<\/li>\n<li><strong>Piazito:<\/strong> Classificat\u00f3ria &#8211; 7 armadas<\/li>\n<li><strong>Final Piazinho e Piazito<\/strong><\/li>\n<li><strong>Pi\u00e1:<\/strong> Classificat\u00f3ria e Final &#8211; 7 armadas<\/li>\n<\/ol>\n<p><b><img decoding=\"async\" role=\"img\" draggable=\"false\" src=\"https:\/\/s.w.org\/images\/core\/emoji\/15.0.3\/svg\/1f556.svg\" alt=\"\ud83d\udd56\" \/> <\/b>18h: Ora\u00e7\u00e3o da Ave-Maria<\/p>\n<h2>\n\t\tPROGRAMA\u00c7\u00c3O 22\/09 &#8211; DOMINGO\n\t<\/h2>\n\t<p><b><img decoding=\"async\" role=\"img\" draggable=\"false\" src=\"https:\/\/s.w.org\/images\/core\/emoji\/15.0.3\/svg\/1f556.svg\" alt=\"\ud83d\udd56\" \/> <\/b>In\u00edcio \u00e0s 07h: <b>As provas ser\u00e3o feitas conforme a sequ\u00eancia abaixo<\/b><\/p>\n<ol>\n<li><strong>La\u00e7o Prenda Adulta<\/strong>: Classificat\u00f3ria e final &#8211; 5 armadas<\/li>\n<li><strong>La\u00e7o Prenda Veterana:<\/strong> Classificat\u00f3ria e final &#8211; 5 armadas<\/li>\n<li><strong>La\u00e7o Prenda Vaqueana:<\/strong> Classificat\u00f3ria e final &#8211; 5 armadas<\/li>\n<li><strong>La\u00e7o Munic\u00edpio de Jabor\u00e1:<\/strong> Final &#8211; 5 armadas<\/li>\n<li><strong>La\u00e7o Sele\u00e7\u00f5es Pe\u00e3o Adulto:<\/strong> 03 voltas e Final &#8211; 3 armadas<\/li>\n<\/ol>\n<p><b>\ud83d\udd56 <\/b>18h: Ora\u00e7\u00e3o da Ave-Maria<\/p>\n\t\t\t\t<img loading=\"lazy\" decoding=\"async\" src=\"https:\/\/www.mtgsc.com.br\/wp-content\/uploads\/2022\/11\/bg-laco-1.jpg\" alt=\"bg-la\u00e7o\" itemprop=\"image\" height=\"768\" width=\"1366\" title=\"bg-la\u00e7o\" onerror=\"this.style.display='none'\"  \/>\n\t<ul>\n<li>A la\u00e7ada de Narrador, n\u00e3o vincula o mesmo \u00e0 participa\u00e7\u00e3o como Narrador no Rodeio Nacional, ou seja, a la\u00e7ada Narrador \u00e9 um reconhecimento aos Narradores pelo voluntariado em representar a sua Regi\u00e3o Tradicionalista no Rodeio Estadual.<\/li>\n<li>No La\u00e7o Xir\u00fa ir\u00e1 para o Rodeio Nacional, a dupla campe\u00e3.<\/li>\n<li>Nas modalidades Prendas Veterana e Vaqueana ir\u00e3o para o Rodeio Nacional as Primeiras e Segundas colocadas, respectivamente, no individual.<\/li>\n<li>As inscri\u00e7\u00f5es dever\u00e3o ser encaminhadas at\u00e9 \u00e0s 18h do dia 16\/agosto\/2024, para J\u00falia por meio do WhatsApp (49) 99908 5998, mediante preenchimento da planilha j\u00e1 disponibilizada no grupo dos Coordenadores Regionais.<\/li>\n<li>A documenta\u00e7\u00e3o para atualiza\u00e7\u00e3o e\/ou confec\u00e7\u00e3o de carteirinhas, dever\u00e1 ser protocolada at\u00e9 \u00e0s 18h do dia 16\/agosto\/2024 a Secretaria do MTG\/SC.<\/li>\n<li>As carteirinhas de: Patr\u00e3o de CTG, Patr\u00e3o de Piquete, Narrador e Juiz dever\u00e3o estar v\u00e1lidas.<\/li>\n<li>Os CTGs e\/ou Entidades Afins inscritas por suas Regi\u00f5es Tradicionalistas, estar\u00e3o aptos a participa\u00e7\u00e3o no Rodeio Estadual, mediante adimpl\u00eancia dos mesmos atendendo disposto no Estatuto Social e Regulamento Campeiro do MTG\/SC.<\/li>\n<li>Crit\u00e9rio para dupla para Rodeio Nacional &#8211; a Diretoria Campeira indicar\u00e1 os participantes por categoria.<\/li>\n<li>Os concorrentes poder\u00e3o participar em 3 modalidades na cancha.<\/li>\n<li>Orienta\u00e7\u00e3o para a Idade e n\u00famero de participantes de cada modalidade. <a href=\"https:\/\/www.mtgsc.com.br\/wp-content\/uploads\/2024\/07\/Orientacao-Idade-e-Participantes.pdf\" target=\"_blank\" rel=\"noopener\">Clique aqui.<\/a><\/li>\n<li><a href=\"https:\/\/www.mtgsc.com.br\/wp-content\/uploads\/2024\/07\/PONTUACAO-PARA-A-SOMATORIA-POR-PROVA.pdf\" target=\"_blank\" rel=\"noopener\">Confira aqui<\/a> a Tabela de Pontua\u00e7\u00e3o por Prova.<\/li>\n<\/ul>\n\tRua Lauro Rupp, 2500<br \/>\nJabor\u00e1 &#8211; SC<br \/>\nCEP: 89677-000\n\t\t\t<a href=\"https:\/\/maps.app.goo.gl\/dztyE5UcqDhgsKMs7\" target=\"_blank\" rel=\"noopener\">\n\t\t\t\t\t\t\tLink do Google Maps\n\t\t\t<\/a>\n\t<ul>\n<li>Presidente da Comiss\u00e3o &#8211; Alex Corr\u00eaa &#8211; (49) 99145 9023<\/li>\n<li>Diretor Geral &#8211; Jean Carlo Wiggers &#8211; (47) 99907-1302<\/li>\n<li>Diretor Campeiro &#8211; Dinarte Velho Junior &#8211; (47) 99164-4153<\/li>\n<li>Diretor Financeiro &#8211; Valter Hildebrando Melo &#8211; (49) 98808-4226<\/li>\n<li>Recursos e representa\u00e7\u00f5es &#8211; Nelson Schiestl Junior &#8211; (49) 99910-9436 e Isocley Bossi (47) 9 8835-1243<\/li>\n<li>Bem-Estar Animal &#8211; Odival Stelzner Junior &#8211; (47) 99644 6742 e Pablo Ramos &#8211; (47) 99997-1511<\/li>\n<li>Chasque, R\u00e9deas Cron\u00f4metro e Desafio &#8211; Elizeu Ferrari &#8211; (49) 99966-7918<\/li>\n<li>Ju\u00edzes &#8211; Fernando Luiz Kiefer &#8211; (47) 98881-2568<\/li>\n<li>Narradores &#8211; Ronaldo Jos\u00e9 dos Santos &#8211; (49) 99991-4214<\/li>\n<li>Entrega Premia\u00e7\u00e3o &#8211; Diovani Pagnocelli e Samanta Mezzomo &#8211; (49) 98825-1265<\/li>\n<li>Vaca Parada &#8211; Alexandre Senem &#8211; (49) 99948-7399<\/li>\n<li>Acampamento e apoio local &#8211; Michel Ant\u00f4nio Somensi &#8211; (49) 98870-7846 e Jos\u00e9 da Silva Matos (49) 99156-9107<\/li>\n<li>Secretaria e Inscri\u00e7\u00f5es &#8211; J\u00falia Graciela Surdi &#8211; (49) 99908 5998<\/li>\n<\/ul>\n\t\t\t\t<img loading=\"lazy\" decoding=\"async\" src=\"https:\/\/www.mtgsc.com.br\/wp-content\/uploads\/2024\/07\/logo-rodeio-dos-campeos-2024.png\" alt=\"logo-rodeio-dos-campeos-2024\" itemprop=\"image\" height=\"566\" width=\"570\" title=\"logo-rodeio-dos-campeos-2024\" onerror=\"this.style.display='none'\"  \/>\n\t\t\t\t<img loading=\"lazy\" decoding=\"async\" src=\"https:\/\/www.mtgsc.com.br\/wp-content\/uploads\/2023\/03\/logo-mtg-sc.png\" alt=\"logo-mtg-sc\" itemprop=\"image\" height=\"1024\" width=\"1024\" title=\"logo-mtg-sc\" onerror=\"this.style.display='none'\"  \/>\n\t\t\t\t<img loading=\"lazy\" decoding=\"async\" src=\"https:\/\/www.mtgsc.com.br\/wp-content\/uploads\/2022\/07\/15.png\" alt=\"Clique para baixar a logo.\" itemprop=\"image\" height=\"1630\" width=\"1854\" title=\"15\" onerror=\"this.style.display='none'\"  \/>\n\t\t\t\t<img loading=\"lazy\" decoding=\"async\" src=\"https:\/\/www.mtgsc.com.br\/wp-content\/uploads\/2024\/08\/salgadinhos-bampinho.jpg\" alt=\"salgadinhos-bampinho\" itemprop=\"image\" height=\"539\" width=\"524\" title=\"salgadinhos-bampinho\" onerror=\"this.style.display='none'\"  \/>\n\t\t\t\t<img loading=\"lazy\" decoding=\"async\" src=\"https:\/\/www.mtgsc.com.br\/wp-content\/uploads\/2024\/07\/jabora-prefeitura.png\" alt=\"jabora-prefeitura\" itemprop=\"image\" height=\"511\" width=\"545\" title=\"jabora-prefeitura\" onerror=\"this.style.display='none'\"  \/>","protected":false},"excerpt":{"rendered":"<p>PROGRAMA\u00c7\u00c3O COMPLETA DO XXI RODEIO ESTADUAL DE CAMPE\u00d5ES DO MTG\/SC PROGRAMA\u00c7\u00c3O 18\/09 &#8211; QUARTA In\u00edcio \u00e0s 14h: La\u00e7o Munic\u00edpio de Jabor\u00e1 Individual (Todos jogam 10&hellip;<\/p>","protected":false},"author":4,"featured_media":0,"parent":0,"menu_order":0,"comment_status":"closed","ping_status":"closed","template":"","meta":{"footnotes":""},"class_list":["post-9487","page","type-page","status-publish","hentry"],"yoast_head":"<!-- This site is optimized with the Yoast SEO plugin v27.4 - https:\/\/yoast.com\/product\/yoast-seo-wordpress\/ -->\n<title>XXI Rodeio Estadual de Campe\u00f5es - MTG\/SC - Movimento Tradicionalista Ga\u00facho do Estado de Santa Catarina<\/title>\n<meta name=\"description\" content=\"Vem a\u00ed o XXI Rodeio Estadual de Campe\u00f5es do MTG\/SC - De 18 a 22 de Setembro em Jabor\u00e1 - SC - Inscri\u00e7\u00f5es em breve!\" \/>\n<meta name=\"robots\" content=\"index, follow, max-snippet:-1, max-image-preview:large, max-video-preview:-1\" \/>\n<link rel=\"canonical\" href=\"https:\/\/www.mtgsc.com.br\/en\/rodeio-estadual-de-campeoes\/\" \/>\n<meta property=\"og:locale\" content=\"en_US\" \/>\n<meta property=\"og:type\" content=\"article\" \/>\n<meta property=\"og:title\" content=\"XXI Rodeio Estadual de Campe\u00f5es - MTG\/SC - Movimento Tradicionalista Ga\u00facho do Estado de Santa Catarina\" \/>\n<meta property=\"og:description\" content=\"Vem a\u00ed o XXI Rodeio Estadual de Campe\u00f5es do MTG\/SC - De 18 a 22 de Setembro em Jabor\u00e1 - SC - Inscri\u00e7\u00f5es em breve!\" \/>\n<meta property=\"og:url\" content=\"https:\/\/www.mtgsc.com.br\/en\/rodeio-estadual-de-campeoes\/\" \/>\n<meta property=\"og:site_name\" content=\"MTG\/SC - Movimento Tradicionalista Ga\u00facho do Estado de Santa Catarina\" \/>\n<meta property=\"article:publisher\" content=\"https:\/\/www.facebook.com\/MTGSC\" \/>\n<meta property=\"article:modified_time\" content=\"2024-09-20T14:20:38+00:00\" \/>\n<meta property=\"og:image\" content=\"https:\/\/www.mtgsc.com.br\/wp-content\/uploads\/2024\/07\/logo-horizontal-rodeio-dos-campeoes-2024.png\" \/>\n<meta name=\"twitter:card\" content=\"summary_large_image\" \/>\n<meta name=\"twitter:label1\" content=\"Est. reading time\" \/>\n\t<meta name=\"twitter:data1\" content=\"4 minutes\" \/>\n<script type=\"application\/ld+json\" class=\"yoast-schema-graph\">{\"@context\":\"https:\\\/\\\/schema.org\",\"@graph\":[{\"@type\":\"WebPage\",\"@id\":\"https:\\\/\\\/www.mtgsc.com.br\\\/rodeio-estadual-de-campeoes\\\/\",\"url\":\"https:\\\/\\\/www.mtgsc.com.br\\\/rodeio-estadual-de-campeoes\\\/\",\"name\":\"XXI Rodeio Estadual de Campe\u00f5es - MTG\\\/SC - Movimento Tradicionalista Ga\u00facho do Estado de Santa Catarina\",\"isPartOf\":{\"@id\":\"https:\\\/\\\/www.mtgsc.com.br\\\/#website\"},\"primaryImageOfPage\":{\"@id\":\"https:\\\/\\\/www.mtgsc.com.br\\\/rodeio-estadual-de-campeoes\\\/#primaryimage\"},\"image\":{\"@id\":\"https:\\\/\\\/www.mtgsc.com.br\\\/rodeio-estadual-de-campeoes\\\/#primaryimage\"},\"thumbnailUrl\":\"https:\\\/\\\/www.mtgsc.com.br\\\/wp-content\\\/uploads\\\/2024\\\/07\\\/logo-horizontal-rodeio-dos-campeoes-2024.png\",\"datePublished\":\"2024-07-08T00:02:18+00:00\",\"dateModified\":\"2024-09-20T14:20:38+00:00\",\"description\":\"Vem a\u00ed o XXI Rodeio Estadual de Campe\u00f5es do MTG\\\/SC - De 18 a 22 de Setembro em Jabor\u00e1 - SC - Inscri\u00e7\u00f5es em breve!\",\"breadcrumb\":{\"@id\":\"https:\\\/\\\/www.mtgsc.com.br\\\/rodeio-estadual-de-campeoes\\\/#breadcrumb\"},\"inLanguage\":\"en-US\",\"potentialAction\":[{\"@type\":\"ReadAction\",\"target\":[\"https:\\\/\\\/www.mtgsc.com.br\\\/rodeio-estadual-de-campeoes\\\/\"]}]},{\"@type\":\"ImageObject\",\"inLanguage\":\"en-US\",\"@id\":\"https:\\\/\\\/www.mtgsc.com.br\\\/rodeio-estadual-de-campeoes\\\/#primaryimage\",\"url\":\"https:\\\/\\\/www.mtgsc.com.br\\\/wp-content\\\/uploads\\\/2024\\\/07\\\/logo-horizontal-rodeio-dos-campeoes-2024.png\",\"contentUrl\":\"https:\\\/\\\/www.mtgsc.com.br\\\/wp-content\\\/uploads\\\/2024\\\/07\\\/logo-horizontal-rodeio-dos-campeoes-2024.png\"},{\"@type\":\"BreadcrumbList\",\"@id\":\"https:\\\/\\\/www.mtgsc.com.br\\\/rodeio-estadual-de-campeoes\\\/#breadcrumb\",\"itemListElement\":[{\"@type\":\"ListItem\",\"position\":1,\"name\":\"In\u00edcio\",\"item\":\"https:\\\/\\\/www.mtgsc.com.br\\\/\"},{\"@type\":\"ListItem\",\"position\":2,\"name\":\"XXI Rodeio Estadual de Campe\u00f5es\"}]},{\"@type\":\"WebSite\",\"@id\":\"https:\\\/\\\/www.mtgsc.com.br\\\/#website\",\"url\":\"https:\\\/\\\/www.mtgsc.com.br\\\/\",\"name\":\"MTG\\\/SC 50 ANOS\",\"description\":\"Honrar a Hist\u00f3ria e Construir o Futuro\",\"publisher\":{\"@id\":\"https:\\\/\\\/www.mtgsc.com.br\\\/#organization\"},\"potentialAction\":[{\"@type\":\"SearchAction\",\"target\":{\"@type\":\"EntryPoint\",\"urlTemplate\":\"https:\\\/\\\/www.mtgsc.com.br\\\/?s={search_term_string}\"},\"query-input\":{\"@type\":\"PropertyValueSpecification\",\"valueRequired\":true,\"valueName\":\"search_term_string\"}}],\"inLanguage\":\"en-US\"},{\"@type\":\"Organization\",\"@id\":\"https:\\\/\\\/www.mtgsc.com.br\\\/#organization\",\"name\":\"MTG\\\/SC - Movimento Tradicionalista Ga\u00facho de Santa Catarina\",\"alternateName\":\"Movimento Tradicionalista Ga\u00facho de Santa Catarina\",\"url\":\"https:\\\/\\\/www.mtgsc.com.br\\\/\",\"logo\":{\"@type\":\"ImageObject\",\"inLanguage\":\"en-US\",\"@id\":\"https:\\\/\\\/www.mtgsc.com.br\\\/#\\\/schema\\\/logo\\\/image\\\/\",\"url\":\"https:\\\/\\\/www.mtgsc.com.br\\\/wp-content\\\/uploads\\\/2022\\\/03\\\/logo-2018-header-light.png\",\"contentUrl\":\"https:\\\/\\\/www.mtgsc.com.br\\\/wp-content\\\/uploads\\\/2022\\\/03\\\/logo-2018-header-light.png\",\"width\":169,\"height\":150,\"caption\":\"MTG\\\/SC - Movimento Tradicionalista Ga\u00facho de Santa Catarina\"},\"image\":{\"@id\":\"https:\\\/\\\/www.mtgsc.com.br\\\/#\\\/schema\\\/logo\\\/image\\\/\"},\"sameAs\":[\"https:\\\/\\\/www.facebook.com\\\/MTGSC\",\"https:\\\/\\\/www.instagram.com\\\/mtgsc\\\/\"]}]}<\/script>\n<!-- \/ Yoast SEO plugin. -->","yoast_head_json":{"title":"XXI Rodeio Estadual de Campe\u00f5es - MTG\/SC - Movimento Tradicionalista Ga\u00facho do Estado de Santa Catarina","description":"Vem a\u00ed o XXI Rodeio Estadual de Campe\u00f5es do MTG\/SC - De 18 a 22 de Setembro em Jabor\u00e1 - SC - Inscri\u00e7\u00f5es em breve!","robots":{"index":"index","follow":"follow","max-snippet":"max-snippet:-1","max-image-preview":"max-image-preview:large","max-video-preview":"max-video-preview:-1"},"canonical":"https:\/\/www.mtgsc.com.br\/en\/rodeio-estadual-de-campeoes\/","og_locale":"en_US","og_type":"article","og_title":"XXI Rodeio Estadual de Campe\u00f5es - MTG\/SC - Movimento Tradicionalista Ga\u00facho do Estado de Santa Catarina","og_description":"Vem a\u00ed o XXI Rodeio Estadual de Campe\u00f5es do MTG\/SC - De 18 a 22 de Setembro em Jabor\u00e1 - SC - Inscri\u00e7\u00f5es em breve!","og_url":"https:\/\/www.mtgsc.com.br\/en\/rodeio-estadual-de-campeoes\/","og_site_name":"MTG\/SC - Movimento Tradicionalista Ga\u00facho do Estado de Santa Catarina","article_publisher":"https:\/\/www.facebook.com\/MTGSC","article_modified_time":"2024-09-20T14:20:38+00:00","og_image":[{"url":"https:\/\/www.mtgsc.com.br\/wp-content\/uploads\/2024\/07\/logo-horizontal-rodeio-dos-campeoes-2024.png","type":"","width":"","height":""}],"twitter_card":"summary_large_image","twitter_misc":{"Est. reading time":"4 minutes"},"schema":{"@context":"https:\/\/schema.org","@graph":[{"@type":"WebPage","@id":"https:\/\/www.mtgsc.com.br\/rodeio-estadual-de-campeoes\/","url":"https:\/\/www.mtgsc.com.br\/rodeio-estadual-de-campeoes\/","name":"XXI Rodeio Estadual de Campe\u00f5es - MTG\/SC - Movimento Tradicionalista Ga\u00facho do Estado de Santa Catarina","isPartOf":{"@id":"https:\/\/www.mtgsc.com.br\/#website"},"primaryImageOfPage":{"@id":"https:\/\/www.mtgsc.com.br\/rodeio-estadual-de-campeoes\/#primaryimage"},"image":{"@id":"https:\/\/www.mtgsc.com.br\/rodeio-estadual-de-campeoes\/#primaryimage"},"thumbnailUrl":"https:\/\/www.mtgsc.com.br\/wp-content\/uploads\/2024\/07\/logo-horizontal-rodeio-dos-campeoes-2024.png","datePublished":"2024-07-08T00:02:18+00:00","dateModified":"2024-09-20T14:20:38+00:00","description":"Vem a\u00ed o XXI Rodeio Estadual de Campe\u00f5es do MTG\/SC - De 18 a 22 de Setembro em Jabor\u00e1 - SC - Inscri\u00e7\u00f5es em breve!","breadcrumb":{"@id":"https:\/\/www.mtgsc.com.br\/rodeio-estadual-de-campeoes\/#breadcrumb"},"inLanguage":"en-US","potentialAction":[{"@type":"ReadAction","target":["https:\/\/www.mtgsc.com.br\/rodeio-estadual-de-campeoes\/"]}]},{"@type":"ImageObject","inLanguage":"en-US","@id":"https:\/\/www.mtgsc.com.br\/rodeio-estadual-de-campeoes\/#primaryimage","url":"https:\/\/www.mtgsc.com.br\/wp-content\/uploads\/2024\/07\/logo-horizontal-rodeio-dos-campeoes-2024.png","contentUrl":"https:\/\/www.mtgsc.com.br\/wp-content\/uploads\/2024\/07\/logo-horizontal-rodeio-dos-campeoes-2024.png"},{"@type":"BreadcrumbList","@id":"https:\/\/www.mtgsc.com.br\/rodeio-estadual-de-campeoes\/#breadcrumb","itemListElement":[{"@type":"ListItem","position":1,"name":"In\u00edcio","item":"https:\/\/www.mtgsc.com.br\/"},{"@type":"ListItem","position":2,"name":"XXI Rodeio Estadual de Campe\u00f5es"}]},{"@type":"WebSite","@id":"https:\/\/www.mtgsc.com.br\/#website","url":"https:\/\/www.mtgsc.com.br\/","name":"MTG\/SC 50 ANOS","description":"Honrar a Hist\u00f3ria e Construir o Futuro","publisher":{"@id":"https:\/\/www.mtgsc.com.br\/#organization"},"potentialAction":[{"@type":"SearchAction","target":{"@type":"EntryPoint","urlTemplate":"https:\/\/www.mtgsc.com.br\/?s={search_term_string}"},"query-input":{"@type":"PropertyValueSpecification","valueRequired":true,"valueName":"search_term_string"}}],"inLanguage":"en-US"},{"@type":"Organization","@id":"https:\/\/www.mtgsc.com.br\/#organization","name":"MTG\/SC - Movimento Tradicionalista Ga\u00facho de Santa Catarina","alternateName":"Movimento Tradicionalista Ga\u00facho de Santa Catarina","url":"https:\/\/www.mtgsc.com.br\/","logo":{"@type":"ImageObject","inLanguage":"en-US","@id":"https:\/\/www.mtgsc.com.br\/#\/schema\/logo\/image\/","url":"https:\/\/www.mtgsc.com.br\/wp-content\/uploads\/2022\/03\/logo-2018-header-light.png","contentUrl":"https:\/\/www.mtgsc.com.br\/wp-content\/uploads\/2022\/03\/logo-2018-header-light.png","width":169,"height":150,"caption":"MTG\/SC - Movimento Tradicionalista Ga\u00facho de Santa Catarina"},"image":{"@id":"https:\/\/www.mtgsc.com.br\/#\/schema\/logo\/image\/"},"sameAs":["https:\/\/www.facebook.com\/MTGSC","https:\/\/www.instagram.com\/mtgsc\/"]}]}},"_links":{"self":[{"href":"https:\/\/www.mtgsc.com.br\/en\/wp-json\/wp\/v2\/pages\/9487","targetHints":{"allow":["GET"]}}],"collection":[{"href":"https:\/\/www.mtgsc.com.br\/en\/wp-json\/wp\/v2\/pages"}],"about":[{"href":"https:\/\/www.mtgsc.com.br\/en\/wp-json\/wp\/v2\/types\/page"}],"author":[{"embeddable":true,"href":"https:\/\/www.mtgsc.com.br\/en\/wp-json\/wp\/v2\/users\/4"}],"replies":[{"embeddable":true,"href":"https:\/\/www.mtgsc.com.br\/en\/wp-json\/wp\/v2\/comments?post=9487"}],"version-history":[{"count":19,"href":"https:\/\/www.mtgsc.com.br\/en\/wp-json\/wp\/v2\/pages\/9487\/revisions"}],"predecessor-version":[{"id":9818,"href":"https:\/\/www.mtgsc.com.br\/en\/wp-json\/wp\/v2\/pages\/9487\/revisions\/9818"}],"wp:attachment":[{"href":"https:\/\/www.mtgsc.com.br\/en\/wp-json\/wp\/v2\/media?parent=9487"}],"curies":[{"name":"wp","href":"https:\/\/api.w.org\/{rel}","templated":true}]}}