{"id":9517,"date":"2024-07-09T09:43:27","date_gmt":"2024-07-09T12:43:27","guid":{"rendered":"https:\/\/www.mtgsc.com.br\/?page_id=9517"},"modified":"2024-07-09T18:02:41","modified_gmt":"2024-07-09T21:02:41","slug":"gestao-2024-2026","status":"publish","type":"page","link":"https:\/\/www.mtgsc.com.br\/en\/concurso-de-prendas-e-peoes-barriga-verde-2024\/gestao-2024-2026\/","title":{"rendered":"Prendas e Pe\u00f5es do MTG\/SC | Gest\u00e3o 2024\/2026"},"content":{"rendered":"<h2><strong>Conhe\u00e7a o Prendado e os Pe\u00f5es Barriga-Verde<br \/>\n<\/strong><em><strong>&#8211; Gest\u00e3o 2024\/2026 &#8211;<\/strong><\/em><\/h2>\n<p>Nos dias 17 e 18 de Maio de 2024, foi realizado o XXIII Concurso de Prendas e XVIII Concurso Estadual de Pe\u00f5es Barriga-Verde do MTG\/SC, realizado na Sede Social do MTG\/SC na cidade de Lages\/SC.<\/p>\n<p>O Concurso de Prendas e Pe\u00f5es do MTG\/SC serve para movimentar a busca pelo conhecimento e pr\u00e1ticas que evolvam a defesa e divulga\u00e7\u00e3o da Identidade Cultural Ga\u00facha. Como nos lembra sempre o amigos tradicionalista Cel\u00edvio Holz: <em>&#8220;\u00c9 preciso conhecer, para querer bem!&#8221;<\/em><\/p>\n<p>&nbsp;<\/p>\n<p>&nbsp;<\/p>\n<h2>\n\t\tPRENDAS MIRIM\n\t<\/h2>\n\t\t\t\t<img loading=\"lazy\" decoding=\"async\" src=\"https:\/\/www.mtgsc.com.br\/wp-content\/uploads\/2024\/07\/MARTINA-CATARINA-SORDI-DALLA-COSTA.png\" alt=\"MARTINA CATARINA SORDI DALLA COSTA\" itemprop=\"image\" height=\"956\" width=\"779\" title=\"MARTINA CATARINA SORDI DALLA COSTA\" onerror=\"this.style.display='none'\"  \/>\n\t1\u00aa Prenda Mirim<br \/>\nMartina Catarina Sordi Dalla Costa<br \/>\n\n\t\t\t\t<img loading=\"lazy\" decoding=\"async\" src=\"https:\/\/www.mtgsc.com.br\/wp-content\/uploads\/2024\/07\/LARISSA-DE-ALMEIDA-PESSI-DIAS.png\" alt=\"LARISSA DE ALMEIDA PESSI DIAS\" itemprop=\"image\" height=\"1005\" width=\"717\" title=\"LARISSA DE ALMEIDA PESSI DIAS\" onerror=\"this.style.display='none'\"  \/>\n\t2\u00aa Prenda Mirim<br \/>\nLarissa de Almeida Pessi Dias\n\t\t\t\t<img loading=\"lazy\" decoding=\"async\" src=\"https:\/\/www.mtgsc.com.br\/wp-content\/uploads\/2024\/07\/ISABELLA-BAGGIO-SIMSEN.png\" alt=\"ISABELLA BAGGIO SIMSEN\" itemprop=\"image\" height=\"653\" width=\"461\" title=\"ISABELLA BAGGIO SIMSEN\" onerror=\"this.style.display='none'\"  \/>\n\t3\u00aa Prenda Mirim<br \/>\nIsabella Baggio Simsen<br \/>\n\n<h2>\n\t\tPE\u00d5ES MIRIM\n\t<\/h2>\n\t\t\t\t<img loading=\"lazy\" decoding=\"async\" src=\"https:\/\/www.mtgsc.com.br\/wp-content\/uploads\/2024\/07\/ARTHUR-CASTILHOS-RAMOS-SENEM.png\" alt=\"ARTHUR CASTILHOS RAMOS SENEM\" itemprop=\"image\" height=\"1600\" width=\"1200\" title=\"ARTHUR CASTILHOS RAMOS SENEM\" onerror=\"this.style.display='none'\"  \/>\n\t1\u00aa Pe\u00e3o Barriga-Verde Mirim<br \/>\nArthur Castilhos Ramos Senem\n\t\t\t\t<img loading=\"lazy\" decoding=\"async\" src=\"https:\/\/www.mtgsc.com.br\/wp-content\/uploads\/2024\/07\/DAVI-LUIZ-DALPIAZ.png\" alt=\"DAVI LUIZ DALPIAZ\" itemprop=\"image\" height=\"1600\" width=\"1204\" title=\"DAVI LUIZ DALPIAZ\" onerror=\"this.style.display='none'\"  \/>\n\t2\u00b0 Pe\u00e3o Barriga-Verde Mirim<br \/>\nDavi Luiz Dalpiaz\n\t\t\t\t<img loading=\"lazy\" decoding=\"async\" src=\"https:\/\/www.mtgsc.com.br\/wp-content\/uploads\/2024\/07\/MIGUEL-LUIZ-DE-OLIVEIRA.png\" alt=\"MIGUEL LUIZ DE OLIVEIRA\" itemprop=\"image\" height=\"666\" width=\"596\" title=\"MIGUEL LUIZ DE OLIVEIRA\" onerror=\"this.style.display='none'\"  \/>\n\t3\u00aa Pe\u00e3o Barriga-Verde Mirim<br \/>\nMiguel Luiz de Oliveira<br \/>\n\n<h2>\n\t\tPRENDAS JUVENIL\n\t<\/h2>\n\t\t\t\t<img loading=\"lazy\" decoding=\"async\" src=\"https:\/\/www.mtgsc.com.br\/wp-content\/uploads\/2024\/07\/LUIZA-DE-OLIVEIRA.png\" alt=\"LUIZA DE OLIVEIRA\" itemprop=\"image\" height=\"500\" width=\"471\" title=\"LUIZA DE OLIVEIRA\" onerror=\"this.style.display='none'\"  \/>\n\t1\u00aa Prenda Juvenil<br \/>\nLuiza de Oliveira\n\t\t\t\t<img loading=\"lazy\" decoding=\"async\" src=\"https:\/\/www.mtgsc.com.br\/wp-content\/uploads\/2024\/07\/SOFIA-KUHN.png\" alt=\"SOFIA KUHN\" itemprop=\"image\" height=\"1600\" width=\"1200\" title=\"SOFIA KUHN\" onerror=\"this.style.display='none'\"  \/>\n\t2\u00aa Prenda Juvenil<br \/>\nSofia Kuhn\n\t\t\t\t<img loading=\"lazy\" decoding=\"async\" src=\"https:\/\/www.mtgsc.com.br\/wp-content\/uploads\/2024\/07\/LARISSA-SACARDO.png\" alt=\"LARISSA SACARDO\" itemprop=\"image\" height=\"1472\" width=\"828\" title=\"LARISSA SACARDO\" onerror=\"this.style.display='none'\"  \/>\n\t3\u00aa Prenda Juvenil<br \/>\nLarissa Sacardo\n<h2>\n\t\tPE\u00d5ES JUVENIL\n\t<\/h2>\n\t\t\t\t<img loading=\"lazy\" decoding=\"async\" src=\"https:\/\/www.mtgsc.com.br\/wp-content\/uploads\/2024\/07\/MARCO-ANTONIO-ECHER-SILVESTRE.png\" alt=\"MARCO ANTONIO ECHER SILVESTRE\" itemprop=\"image\" height=\"1016\" width=\"825\" title=\"MARCO ANTONIO ECHER SILVESTRE\" onerror=\"this.style.display='none'\"  \/>\n\t1\u00aa Pe\u00e3o Barriga-Verde Juvenil<br \/>\nMarco Antonio Echer Silvestre\n\t\t\t\t<img loading=\"lazy\" decoding=\"async\" src=\"https:\/\/www.mtgsc.com.br\/wp-content\/uploads\/2024\/07\/KAUAN-BOELL-CERBARO.png\" alt=\"KAUAN BOELL CERBARO\" itemprop=\"image\" height=\"1600\" width=\"1200\" title=\"KAUAN BOELL CERBARO\" onerror=\"this.style.display='none'\"  \/>\n\t2\u00b0 Pe\u00e3o Barriga-Verde Juvenil<br \/>\nKauan Boell Cerbaro<br \/>\n\n<h2>\n\t\tPRENDAS ADULTAS\n\t<\/h2>\n\t\t\t\t<img loading=\"lazy\" decoding=\"async\" src=\"https:\/\/www.mtgsc.com.br\/wp-content\/uploads\/2024\/07\/GABRIELI-LUIZA-JUSTEN.png\" alt=\"GABRIELI LUIZA JUSTEN\" itemprop=\"image\" height=\"1600\" width=\"1202\" title=\"GABRIELI LUIZA JUSTEN\" onerror=\"this.style.display='none'\"  \/>\n\t1\u00aa Prenda Adulta<br \/>\nGabrieli Luiza Justen\n\t\t\t\t<img loading=\"lazy\" decoding=\"async\" src=\"https:\/\/www.mtgsc.com.br\/wp-content\/uploads\/2024\/07\/YASMIM-SALINI-SAGAIS-e1720535267451.png\" alt=\"YASMIM SALINI SAGAIS\" itemprop=\"image\" height=\"633\" width=\"514\" title=\"YASMIM SALINI SAGAIS\" onerror=\"this.style.display='none'\"  \/>\n\t2\u00aa Prenda Adulta<br \/>\nYasmim Salini Sagais<br \/>\n\n\t\t\t\t<img loading=\"lazy\" decoding=\"async\" src=\"https:\/\/www.mtgsc.com.br\/wp-content\/uploads\/2024\/07\/FRANCIELI-PIZZI.png\" alt=\"FRANCIELI PIZZI\" itemprop=\"image\" height=\"1051\" width=\"755\" title=\"FRANCIELI PIZZI\" onerror=\"this.style.display='none'\"  \/>\n\t3\u00aa Prenda Adulta<br \/>\nFrancieli Pizzi<br \/>\n\n<h2>\n\t\tPE\u00d5ES ADULTOS\n\t<\/h2>\n\t\t\t\t<img loading=\"lazy\" decoding=\"async\" src=\"https:\/\/www.mtgsc.com.br\/wp-content\/uploads\/2024\/07\/WESLER-NERY-RODRIGUES.png\" alt=\"WESLER NERY RODRIGUES\" itemprop=\"image\" height=\"809\" width=\"541\" title=\"WESLER NERY RODRIGUES\" onerror=\"this.style.display='none'\"  \/>\n\t1\u00aa Pe\u00e3o Barriga-Verde Adulto<br \/>\nWesler Nery Rodrigues\n\t\t\t\t<img loading=\"lazy\" decoding=\"async\" src=\"https:\/\/www.mtgsc.com.br\/wp-content\/uploads\/2024\/07\/DANIEL-DE-OLIVEIRA-FREITAS.png\" alt=\"DANIEL DE OLIVEIRA FREITAS\" itemprop=\"image\" height=\"787\" width=\"692\" title=\"DANIEL DE OLIVEIRA FREITAS\" onerror=\"this.style.display='none'\"  \/>\n\t2\u00b0 Pe\u00e3o Barriga-Verde Adulto<br \/>\nDaniel de Oliveira Freitas<br \/>\n\n\t\t\t\t<img loading=\"lazy\" decoding=\"async\" src=\"https:\/\/www.mtgsc.com.br\/wp-content\/uploads\/2024\/07\/JOAO-VITOR-SALAMBAIA-DE-ALMEIDA.png\" alt=\"JO\u00c3O VITOR SALAMBAIA DE ALMEIDA\" itemprop=\"image\" height=\"1202\" width=\"838\" title=\"JO\u00c3O VITOR SALAMBAIA DE ALMEIDA\" onerror=\"this.style.display='none'\"  \/>\n\t3\u00aa Pe\u00e3o Barriga-Verde Adulto<br \/>\nJo\u00e3o V\u00edtor Salambaia de Almeida<br \/>\n\n<h2>\n\t\tPRENDAS VETERANAS\n\t<\/h2>\n\t\t\t\t<img loading=\"lazy\" decoding=\"async\" src=\"https:\/\/www.mtgsc.com.br\/wp-content\/uploads\/2024\/07\/VANESSA-VILLANOVA-KUHNEN-e1720535293564.png\" alt=\"VANESSA VILLANOVA KUHNEN\" itemprop=\"image\" height=\"1021\" width=\"806\" title=\"VANESSA VILLANOVA KUHNEN\" onerror=\"this.style.display='none'\"  \/>\n\t1\u00aa Prenda Veterana<br \/>\nVanessa Villanova Kuhnen\n\t\t\t\t<img loading=\"lazy\" decoding=\"async\" src=\"https:\/\/www.mtgsc.com.br\/wp-content\/uploads\/2024\/07\/JEANA-DANIELLY-MISKIEVICZ.png\" alt=\"JEANA DANIELLY MISKIEVICZ\" itemprop=\"image\" height=\"1113\" width=\"721\" title=\"JEANA DANIELLY MISKIEVICZ\" onerror=\"this.style.display='none'\"  \/>\n\t2\u00aa Prenda Veterana<br \/>\nJeana Sanielly Miskievicz<br \/>\n\n\t\t\t\t<img loading=\"lazy\" decoding=\"async\" src=\"https:\/\/www.mtgsc.com.br\/wp-content\/uploads\/2024\/07\/CRISTINA-ANTUNES-DE-OLIVEIRA.png\" alt=\"CRISTINA ANTUNES DE OLIVEIRA\" itemprop=\"image\" height=\"1592\" width=\"1318\" title=\"CRISTINA ANTUNES DE OLIVEIRA\" onerror=\"this.style.display='none'\"  \/>\n\t3\u00aa Prenda Veterana<br \/>\nCristina Antunes de Oliveira<br \/>\n\n<h2>\n\t\tPE\u00d5ES VETERANOS\n\t<\/h2>\n\t\t\t\t<img loading=\"lazy\" decoding=\"async\" src=\"https:\/\/www.mtgsc.com.br\/wp-content\/uploads\/2024\/07\/LUCAS-CUTINSKI-MARIA.png\" alt=\"LUCAS CUTINSKI MARIA\" itemprop=\"image\" height=\"659\" width=\"545\" title=\"LUCAS CUTINSKI MARIA\" onerror=\"this.style.display='none'\"  \/>\n\t1\u00aa Pe\u00e3o Barriga-Verde Veterano<br \/>\nLucas Cutinski Maria<br \/>\n\n\t\t\t\t<img loading=\"lazy\" decoding=\"async\" src=\"https:\/\/www.mtgsc.com.br\/wp-content\/uploads\/2024\/07\/JOSENIO-CERBARO.png\" alt=\"JOSENIO CERBARO\" itemprop=\"image\" height=\"1600\" width=\"1200\" title=\"JOSENIO CERBARO\" onerror=\"this.style.display='none'\"  \/>\n\t2\u00b0 Pe\u00e3o Barriga-Verde Veterano<br \/>\nJosenio Cerbaro<br \/>\n\n<h2>\n\t\tPRENDAS XIR\u00da\n\t<\/h2>\n\t\t\t\t<img loading=\"lazy\" decoding=\"async\" src=\"https:\/\/www.mtgsc.com.br\/wp-content\/uploads\/2024\/07\/GENI-RIBEIRO-VIANA.png\" alt=\"GENI RIBEIRO VIANA\" itemprop=\"image\" height=\"996\" width=\"643\" title=\"GENI RIBEIRO VIANA\" onerror=\"this.style.display='none'\"  \/>\n\t1\u00aa Prenda Xir\u00fa<br \/>\nGeni Ribeiro Viana<br \/>\n\n\t\t\t\t<img loading=\"lazy\" decoding=\"async\" src=\"https:\/\/www.mtgsc.com.br\/wp-content\/uploads\/2024\/07\/MARINES-ANDRES.png\" alt=\"MARINES ANDRES\" itemprop=\"image\" height=\"673\" width=\"563\" title=\"MARINES ANDRES\" onerror=\"this.style.display='none'\"  \/>\n\t2\u00aa Prenda Xir\u00fa<br \/>\nMarines Andres<br \/>","protected":false},"excerpt":{"rendered":"<p>Conhe\u00e7a o Prendado e os Pe\u00f5es Barriga-Verde &#8211; Gest\u00e3o 2024\/2026 &#8211; Nos dias 17 e 18 de Maio de 2024, foi realizado o XXIII Concurso&hellip;<\/p>","protected":false},"author":4,"featured_media":9313,"parent":8470,"menu_order":0,"comment_status":"closed","ping_status":"closed","template":"","meta":{"footnotes":""},"class_list":["post-9517","page","type-page","status-publish","has-post-thumbnail","hentry"],"yoast_head":"<!-- This site is optimized with the Yoast SEO plugin v27.4 - https:\/\/yoast.com\/product\/yoast-seo-wordpress\/ -->\n<title>Prendas e Pe\u00f5es do MTG\/SC | Gest\u00e3o 2024\/2026<\/title>\n<meta name=\"robots\" content=\"index, follow, max-snippet:-1, max-image-preview:large, max-video-preview:-1\" \/>\n<link rel=\"canonical\" href=\"https:\/\/www.mtgsc.com.br\/en\/concurso-de-prendas-e-peoes-barriga-verde-2024\/gestao-2024-2026\/\" \/>\n<meta property=\"og:locale\" content=\"en_US\" \/>\n<meta property=\"og:type\" content=\"article\" \/>\n<meta property=\"og:title\" content=\"Prendas e Pe\u00f5es do MTG\/SC | Gest\u00e3o 2024\/2026\" \/>\n<meta property=\"og:description\" content=\"Conhe\u00e7a o Prendado e os Pe\u00f5es Barriga-Verde &#8211; Gest\u00e3o 2024\/2026 &#8211; Nos dias 17 e 18 de Maio de 2024, foi realizado o XXIII Concurso&hellip;\" \/>\n<meta property=\"og:url\" content=\"https:\/\/www.mtgsc.com.br\/en\/concurso-de-prendas-e-peoes-barriga-verde-2024\/gestao-2024-2026\/\" \/>\n<meta property=\"og:site_name\" content=\"MTG\/SC - Movimento Tradicionalista Ga\u00facho do Estado de Santa Catarina\" \/>\n<meta property=\"article:publisher\" content=\"https:\/\/www.facebook.com\/MTGSC\" \/>\n<meta property=\"article:modified_time\" content=\"2024-07-09T21:02:41+00:00\" \/>\n<meta property=\"og:image\" content=\"https:\/\/www.mtgsc.com.br\/wp-content\/uploads\/2024\/05\/resultado-prendas-peoes.jpg\" \/>\n\t<meta property=\"og:image:width\" content=\"600\" \/>\n\t<meta property=\"og:image:height\" content=\"400\" \/>\n\t<meta property=\"og:image:type\" content=\"image\/jpeg\" \/>\n<meta name=\"twitter:card\" content=\"summary_large_image\" \/>\n<meta name=\"twitter:label1\" content=\"Est. reading time\" \/>\n\t<meta name=\"twitter:data1\" content=\"22 minutes\" \/>\n<script type=\"application\/ld+json\" class=\"yoast-schema-graph\">{\"@context\":\"https:\\\/\\\/schema.org\",\"@graph\":[{\"@type\":\"WebPage\",\"@id\":\"https:\\\/\\\/www.mtgsc.com.br\\\/concurso-de-prendas-e-peoes-barriga-verde-2024\\\/gestao-2024-2026\\\/\",\"url\":\"https:\\\/\\\/www.mtgsc.com.br\\\/concurso-de-prendas-e-peoes-barriga-verde-2024\\\/gestao-2024-2026\\\/\",\"name\":\"Prendas e Pe\u00f5es do MTG\\\/SC | Gest\u00e3o 2024\\\/2026\",\"isPartOf\":{\"@id\":\"https:\\\/\\\/www.mtgsc.com.br\\\/#website\"},\"primaryImageOfPage\":{\"@id\":\"https:\\\/\\\/www.mtgsc.com.br\\\/concurso-de-prendas-e-peoes-barriga-verde-2024\\\/gestao-2024-2026\\\/#primaryimage\"},\"image\":{\"@id\":\"https:\\\/\\\/www.mtgsc.com.br\\\/concurso-de-prendas-e-peoes-barriga-verde-2024\\\/gestao-2024-2026\\\/#primaryimage\"},\"thumbnailUrl\":\"https:\\\/\\\/www.mtgsc.com.br\\\/wp-content\\\/uploads\\\/2024\\\/05\\\/resultado-prendas-peoes.jpg\",\"datePublished\":\"2024-07-09T12:43:27+00:00\",\"dateModified\":\"2024-07-09T21:02:41+00:00\",\"breadcrumb\":{\"@id\":\"https:\\\/\\\/www.mtgsc.com.br\\\/concurso-de-prendas-e-peoes-barriga-verde-2024\\\/gestao-2024-2026\\\/#breadcrumb\"},\"inLanguage\":\"en-US\",\"potentialAction\":[{\"@type\":\"ReadAction\",\"target\":[\"https:\\\/\\\/www.mtgsc.com.br\\\/concurso-de-prendas-e-peoes-barriga-verde-2024\\\/gestao-2024-2026\\\/\"]}]},{\"@type\":\"ImageObject\",\"inLanguage\":\"en-US\",\"@id\":\"https:\\\/\\\/www.mtgsc.com.br\\\/concurso-de-prendas-e-peoes-barriga-verde-2024\\\/gestao-2024-2026\\\/#primaryimage\",\"url\":\"https:\\\/\\\/www.mtgsc.com.br\\\/wp-content\\\/uploads\\\/2024\\\/05\\\/resultado-prendas-peoes.jpg\",\"contentUrl\":\"https:\\\/\\\/www.mtgsc.com.br\\\/wp-content\\\/uploads\\\/2024\\\/05\\\/resultado-prendas-peoes.jpg\",\"width\":600,\"height\":400},{\"@type\":\"BreadcrumbList\",\"@id\":\"https:\\\/\\\/www.mtgsc.com.br\\\/concurso-de-prendas-e-peoes-barriga-verde-2024\\\/gestao-2024-2026\\\/#breadcrumb\",\"itemListElement\":[{\"@type\":\"ListItem\",\"position\":1,\"name\":\"In\u00edcio\",\"item\":\"https:\\\/\\\/www.mtgsc.com.br\\\/\"},{\"@type\":\"ListItem\",\"position\":2,\"name\":\"Concurso Estadual de Prendas e Pe\u00f5es Barriga Verde | 2024\",\"item\":\"https:\\\/\\\/www.mtgsc.com.br\\\/concurso-de-prendas-e-peoes-barriga-verde-2024\\\/\"},{\"@type\":\"ListItem\",\"position\":3,\"name\":\"Prendas e Pe\u00f5es do MTG\\\/SC | Gest\u00e3o 2024\\\/2026\"}]},{\"@type\":\"WebSite\",\"@id\":\"https:\\\/\\\/www.mtgsc.com.br\\\/#website\",\"url\":\"https:\\\/\\\/www.mtgsc.com.br\\\/\",\"name\":\"MTG\\\/SC 50 ANOS\",\"description\":\"Honrar a Hist\u00f3ria e Construir o Futuro\",\"publisher\":{\"@id\":\"https:\\\/\\\/www.mtgsc.com.br\\\/#organization\"},\"potentialAction\":[{\"@type\":\"SearchAction\",\"target\":{\"@type\":\"EntryPoint\",\"urlTemplate\":\"https:\\\/\\\/www.mtgsc.com.br\\\/?s={search_term_string}\"},\"query-input\":{\"@type\":\"PropertyValueSpecification\",\"valueRequired\":true,\"valueName\":\"search_term_string\"}}],\"inLanguage\":\"en-US\"},{\"@type\":\"Organization\",\"@id\":\"https:\\\/\\\/www.mtgsc.com.br\\\/#organization\",\"name\":\"MTG\\\/SC - Movimento Tradicionalista Ga\u00facho de Santa Catarina\",\"alternateName\":\"Movimento Tradicionalista Ga\u00facho de Santa Catarina\",\"url\":\"https:\\\/\\\/www.mtgsc.com.br\\\/\",\"logo\":{\"@type\":\"ImageObject\",\"inLanguage\":\"en-US\",\"@id\":\"https:\\\/\\\/www.mtgsc.com.br\\\/#\\\/schema\\\/logo\\\/image\\\/\",\"url\":\"https:\\\/\\\/www.mtgsc.com.br\\\/wp-content\\\/uploads\\\/2022\\\/03\\\/logo-2018-header-light.png\",\"contentUrl\":\"https:\\\/\\\/www.mtgsc.com.br\\\/wp-content\\\/uploads\\\/2022\\\/03\\\/logo-2018-header-light.png\",\"width\":169,\"height\":150,\"caption\":\"MTG\\\/SC - Movimento Tradicionalista Ga\u00facho de Santa Catarina\"},\"image\":{\"@id\":\"https:\\\/\\\/www.mtgsc.com.br\\\/#\\\/schema\\\/logo\\\/image\\\/\"},\"sameAs\":[\"https:\\\/\\\/www.facebook.com\\\/MTGSC\",\"https:\\\/\\\/www.instagram.com\\\/mtgsc\\\/\"]}]}<\/script>\n<!-- \/ Yoast SEO plugin. -->","yoast_head_json":{"title":"Prendas e Pe\u00f5es do MTG\/SC | Gest\u00e3o 2024\/2026","robots":{"index":"index","follow":"follow","max-snippet":"max-snippet:-1","max-image-preview":"max-image-preview:large","max-video-preview":"max-video-preview:-1"},"canonical":"https:\/\/www.mtgsc.com.br\/en\/concurso-de-prendas-e-peoes-barriga-verde-2024\/gestao-2024-2026\/","og_locale":"en_US","og_type":"article","og_title":"Prendas e Pe\u00f5es do MTG\/SC | Gest\u00e3o 2024\/2026","og_description":"Conhe\u00e7a o Prendado e os Pe\u00f5es Barriga-Verde &#8211; Gest\u00e3o 2024\/2026 &#8211; Nos dias 17 e 18 de Maio de 2024, foi realizado o XXIII Concurso&hellip;","og_url":"https:\/\/www.mtgsc.com.br\/en\/concurso-de-prendas-e-peoes-barriga-verde-2024\/gestao-2024-2026\/","og_site_name":"MTG\/SC - Movimento Tradicionalista Ga\u00facho do Estado de Santa Catarina","article_publisher":"https:\/\/www.facebook.com\/MTGSC","article_modified_time":"2024-07-09T21:02:41+00:00","og_image":[{"width":600,"height":400,"url":"https:\/\/www.mtgsc.com.br\/wp-content\/uploads\/2024\/05\/resultado-prendas-peoes.jpg","type":"image\/jpeg"}],"twitter_card":"summary_large_image","twitter_misc":{"Est. reading time":"22 minutes"},"schema":{"@context":"https:\/\/schema.org","@graph":[{"@type":"WebPage","@id":"https:\/\/www.mtgsc.com.br\/concurso-de-prendas-e-peoes-barriga-verde-2024\/gestao-2024-2026\/","url":"https:\/\/www.mtgsc.com.br\/concurso-de-prendas-e-peoes-barriga-verde-2024\/gestao-2024-2026\/","name":"Prendas e Pe\u00f5es do MTG\/SC | Gest\u00e3o 2024\/2026","isPartOf":{"@id":"https:\/\/www.mtgsc.com.br\/#website"},"primaryImageOfPage":{"@id":"https:\/\/www.mtgsc.com.br\/concurso-de-prendas-e-peoes-barriga-verde-2024\/gestao-2024-2026\/#primaryimage"},"image":{"@id":"https:\/\/www.mtgsc.com.br\/concurso-de-prendas-e-peoes-barriga-verde-2024\/gestao-2024-2026\/#primaryimage"},"thumbnailUrl":"https:\/\/www.mtgsc.com.br\/wp-content\/uploads\/2024\/05\/resultado-prendas-peoes.jpg","datePublished":"2024-07-09T12:43:27+00:00","dateModified":"2024-07-09T21:02:41+00:00","breadcrumb":{"@id":"https:\/\/www.mtgsc.com.br\/concurso-de-prendas-e-peoes-barriga-verde-2024\/gestao-2024-2026\/#breadcrumb"},"inLanguage":"en-US","potentialAction":[{"@type":"ReadAction","target":["https:\/\/www.mtgsc.com.br\/concurso-de-prendas-e-peoes-barriga-verde-2024\/gestao-2024-2026\/"]}]},{"@type":"ImageObject","inLanguage":"en-US","@id":"https:\/\/www.mtgsc.com.br\/concurso-de-prendas-e-peoes-barriga-verde-2024\/gestao-2024-2026\/#primaryimage","url":"https:\/\/www.mtgsc.com.br\/wp-content\/uploads\/2024\/05\/resultado-prendas-peoes.jpg","contentUrl":"https:\/\/www.mtgsc.com.br\/wp-content\/uploads\/2024\/05\/resultado-prendas-peoes.jpg","width":600,"height":400},{"@type":"BreadcrumbList","@id":"https:\/\/www.mtgsc.com.br\/concurso-de-prendas-e-peoes-barriga-verde-2024\/gestao-2024-2026\/#breadcrumb","itemListElement":[{"@type":"ListItem","position":1,"name":"In\u00edcio","item":"https:\/\/www.mtgsc.com.br\/"},{"@type":"ListItem","position":2,"name":"Concurso Estadual de Prendas e Pe\u00f5es Barriga Verde | 2024","item":"https:\/\/www.mtgsc.com.br\/concurso-de-prendas-e-peoes-barriga-verde-2024\/"},{"@type":"ListItem","position":3,"name":"Prendas e Pe\u00f5es do MTG\/SC | Gest\u00e3o 2024\/2026"}]},{"@type":"WebSite","@id":"https:\/\/www.mtgsc.com.br\/#website","url":"https:\/\/www.mtgsc.com.br\/","name":"MTG\/SC 50 ANOS","description":"Honrar a Hist\u00f3ria e Construir o Futuro","publisher":{"@id":"https:\/\/www.mtgsc.com.br\/#organization"},"potentialAction":[{"@type":"SearchAction","target":{"@type":"EntryPoint","urlTemplate":"https:\/\/www.mtgsc.com.br\/?s={search_term_string}"},"query-input":{"@type":"PropertyValueSpecification","valueRequired":true,"valueName":"search_term_string"}}],"inLanguage":"en-US"},{"@type":"Organization","@id":"https:\/\/www.mtgsc.com.br\/#organization","name":"MTG\/SC - Movimento Tradicionalista Ga\u00facho de Santa Catarina","alternateName":"Movimento Tradicionalista Ga\u00facho de Santa Catarina","url":"https:\/\/www.mtgsc.com.br\/","logo":{"@type":"ImageObject","inLanguage":"en-US","@id":"https:\/\/www.mtgsc.com.br\/#\/schema\/logo\/image\/","url":"https:\/\/www.mtgsc.com.br\/wp-content\/uploads\/2022\/03\/logo-2018-header-light.png","contentUrl":"https:\/\/www.mtgsc.com.br\/wp-content\/uploads\/2022\/03\/logo-2018-header-light.png","width":169,"height":150,"caption":"MTG\/SC - Movimento Tradicionalista Ga\u00facho de Santa Catarina"},"image":{"@id":"https:\/\/www.mtgsc.com.br\/#\/schema\/logo\/image\/"},"sameAs":["https:\/\/www.facebook.com\/MTGSC","https:\/\/www.instagram.com\/mtgsc\/"]}]}},"_links":{"self":[{"href":"https:\/\/www.mtgsc.com.br\/en\/wp-json\/wp\/v2\/pages\/9517","targetHints":{"allow":["GET"]}}],"collection":[{"href":"https:\/\/www.mtgsc.com.br\/en\/wp-json\/wp\/v2\/pages"}],"about":[{"href":"https:\/\/www.mtgsc.com.br\/en\/wp-json\/wp\/v2\/types\/page"}],"author":[{"embeddable":true,"href":"https:\/\/www.mtgsc.com.br\/en\/wp-json\/wp\/v2\/users\/4"}],"replies":[{"embeddable":true,"href":"https:\/\/www.mtgsc.com.br\/en\/wp-json\/wp\/v2\/comments?post=9517"}],"version-history":[{"count":10,"href":"https:\/\/www.mtgsc.com.br\/en\/wp-json\/wp\/v2\/pages\/9517\/revisions"}],"predecessor-version":[{"id":9552,"href":"https:\/\/www.mtgsc.com.br\/en\/wp-json\/wp\/v2\/pages\/9517\/revisions\/9552"}],"up":[{"embeddable":true,"href":"https:\/\/www.mtgsc.com.br\/en\/wp-json\/wp\/v2\/pages\/8470"}],"wp:featuredmedia":[{"embeddable":true,"href":"https:\/\/www.mtgsc.com.br\/en\/wp-json\/wp\/v2\/media\/9313"}],"wp:attachment":[{"href":"https:\/\/www.mtgsc.com.br\/en\/wp-json\/wp\/v2\/media?parent=9517"}],"curies":[{"name":"wp","href":"https:\/\/api.w.org\/{rel}","templated":true}]}}